{"id":46,"date":"2018-12-12T09:40:57","date_gmt":"2018-12-12T09:40:57","guid":{"rendered":"http:\/\/requestartikel.com\/?page_id=46"},"modified":"2024-05-08T07:13:42","modified_gmt":"2024-05-08T07:13:42","slug":"tr","status":"publish","type":"page","link":"https:\/\/requestartikel.com\/de\/","title":{"rendered":"Zuhause"},"content":{"rendered":"<p><\/p>\n<h2>DROGEN ONLINE: SPAREN SIE GELD BEI PRESCRIPTIONS<\/h2>\n<ul>\n<li>Hast du gesundheitliche Probleme?<\/li>\n<li>Sie ben\u00f6tigen professionelle Unterst\u00fctzung?<\/li>\n<li>M\u00f6chten Sie preiswerte Medikamente kaufen und Ihre Probleme l\u00f6sen?<\/li>\n<\/ul>\n<p>WILLKOMMEN AUF UNSERER WEBSEITE!<\/p>\n<p>Die rezeptfreie Online-Ressource Meds wird von praktizierenden \u00c4rzten, Krankenschwestern, Forschern, medizinischen Schriftstellern und wissenschaftlichen \u00dcbersetzern erstellt.<\/p>\n<p>Unser gro\u00dfes Team aus engagierten und mitf\u00fchlenden Menschen hilft Patienten zu helfen.<\/p>\n<p>Alle Beratungen werden kostenlos zur Verf\u00fcgung gestellt, um Ihnen zu helfen, die erforderlichen medizinischen Informationen zu finden und eine angemessene Behandlung zu erhalten.<\/p>\n<p>Zu den auf Meds rezeptfreien Themen geh\u00f6ren Gesundheitszust\u00e4nde, medizinische Verfahren und allt\u00e4gliche Gesundheits- und Wellnessprobleme.<\/p>\n<p>UND WICHTIGSTE!<\/p>\n<p>Sie haben die einmalige Gelegenheit, g\u00fcnstige Medikamente zu kaufen, denen Sie vertrauen k\u00f6nnen!<\/p>\n<p>Das ist nicht alles.<\/p>\n<ul>\n<li>Erfahren Sie mehr \u00fcber Ihre verschreibungspflichtigen und nicht verschreibungspflichtigen Medikamente.<\/li>\n<li>Stellen Sie deren Wirksamkeit und Sicherheit sicher.<\/li>\n<li>Lesen Sie die Dosierung, Nebenwirkungen und Vorsichtsma\u00dfnahmen.<\/li>\n<\/ul>\n<p>Bedenken Sie, dass Sie trotz erschwinglicher Medikamente alle Bedenken, Fragen und Entscheidungen zur medizinischen Versorgung mit Ihren medizinischen Beratern besprechen m\u00fcssen.<\/p>\n<p>In Zusammenarbeit mit Ihrem Arzt k\u00f6nnen Sie gemeinsam bestimmen, welche Arzneimittel am besten verwendet werden, und zwar unter Ber\u00fccksichtigung Ihres Alters, Ihres Gesundheitszustands und Ihrer Risikofaktoren.<\/p>\n<p>Wir tun unser Bestes, um unseren Besuchern zu zeigen, wie und wo sie die ben\u00f6tigten Medikamente zum niedrigsten Preis kaufen k\u00f6nnen.<\/p>\n<p>Wir bieten stolz einzigartige und beste Angebote an. Sie k\u00f6nnen sie in Ihrem eigenen Tempo anzeigen, ohne den Komfort Ihres Zuhauses zu verlassen oder Ihren Arbeitsplatz zu verlassen, und sie ganz einfach mit Ihren Lieben und Freunden \u00fcberall auf der Welt teilen.<\/p>\n<p>Verwenden Sie praktische Tools, um Geld bei Verschreibungen zu sparen.<\/p>\n<p>W\u00e4hlen Sie nur die besten und bew\u00e4hrten:<\/p>\n<ul>\n<li>Di\u00e4tpillen<\/li>\n<li>ADHS-Medikamente<\/li>\n<li>Schmerzpillen<\/li>\n<li>Anti-Angst-Medikamente<\/li>\n<li>Antidepressiva<\/li>\n<li>Schlaftabletten<\/li>\n<li>Muskelrelaxanzien<\/li>\n<\/ul>\n<p>Wenn Sie das B\u00fcro des Arztes verlassen, stehen Sie m\u00f6glicherweise vor einem ernsten Problem: den hohen Kosten f\u00fcr Medikamente.<\/p>\n<p>Die empfohlene Medizin ist m\u00f6glicherweise nicht immer die kosteng\u00fcnstigste Option. Leider waren wir alle dort.<\/p>\n<p>Noch mehr Probleme treten auf, wenn Ihnen eine Langzeitbehandlung empfohlen wird, Monate oder Jahre in Folge. Nicht jeder kann es sich leisten, regelm\u00e4\u00dfig teure Medikamente in einer nahegelegenen Apotheke zu kaufen.<\/p>\n<p>Hohe Preise f\u00fchren zu einem eingeschr\u00e4nkten Zugang zu Medikamenten, insbesondere f\u00fcr Menschen mit niedrigem Einkommen, da sie sich eine Behandlung einfach nicht leisten k\u00f6nnen.<\/p>\n<p>Aber da ist ein Ausweg!<\/p>\n<h2>Markenmedikamente online bestellen<\/h2>\n<p>In den USA und in anderen L\u00e4ndern der Welt durchgef\u00fchrte Umfragen haben enorme Kostenunterschiede bekannter Marken gezeigt. Wenn Sie in einem Land mit hohem Einkommen leben, ist der Preis f\u00fcr Markenarzneimittel h\u00f6chstwahrscheinlich sehr hoch.<\/p>\n<p>Daf\u00fcr gibt es verschiedene Gr\u00fcnde. Aber wir werden nicht Ihre Zeit verschwenden, um sie in diesem Artikel zu besprechen. Denken Sie daran, dass die Preise f\u00fcr Markenarzneimittel im Laufe der Zeit variieren k\u00f6nnen und je nach Vertriebsland variieren k\u00f6nnen.<\/p>\n<p>Sie haben die M\u00f6glichkeit, preiswerte Markenmedikamente online zu kaufen. Dies ist die richtige Entscheidung, auch wenn dies nicht immer zum Erreichen der maximal m\u00f6glichen Einsparungen beitr\u00e4gt.<\/p>\n<h2>Kaufen Sie billige Generika<\/h2>\n<p>Wir haben tolle Neuigkeiten f\u00fcr Sie!<\/p>\n<p>Sie k\u00f6nnen jetzt Geld sparen und die Kosten Ihrer Behandlung um ein Vielfaches senken.<\/p>\n<p>Beachten Sie die aktuellen Preise f\u00fcr Generika. Sie sind viel niedriger als die Preise von Markenversionen.<\/p>\n<p>Dar\u00fcber hinaus k\u00f6nnen Sie regelm\u00e4\u00dfig den Preisverfall bei Generika feststellen. Je l\u00e4nger sie auf dem Pharmamarkt verf\u00fcgbar sind, desto niedriger sind die Kosten. Dies ist auf den stetig wachsenden Wettbewerb zwischen Herstellern zur\u00fcckzuf\u00fchren.<\/p>\n<p>Im Gegensatz zur Marke fallen die Preise f\u00fcr Generika sehr schnell. Ihre Kosten betragen in der Regel weniger als die H\u00e4lfte des Preises von Markenarzneimitteln.<\/p>\n<p>Viele generische Versionen von verschreibungspflichtigen Medikamenten sind wirklich erschwinglich, insbesondere wenn Generika von mehreren Unternehmen hergestellt werden.<\/p>\n<p>Sie m\u00fcssen sich nicht um die Sicherheit von Generika k\u00fcmmern. Jeder von ihnen muss vor dem Verkauf genehmigt werden.<\/p>\n<p>Die US-amerikanische FDA, die European Medical Agency und andere staatliche Aufsichtsbeh\u00f6rden bewerten die Sicherheit von Generika anhand folgender Punkte:<\/p>\n<ul>\n<li>Nebenwirkungen<\/li>\n<li>Wie sie hergestellt werden<\/li>\n<li>Ergebnisse klinischer Studien<\/li>\n<\/ul>\n<p>Stellen Sie sicher, dass Generika nicht schlechter und nicht besser als Markenarzneimittel wirken, aber sie sind viel billiger. Sie haben das gleiche Wirksamkeits- und Sicherheitsprofil.<\/p>\n<p>Sie m\u00fcssen nicht auf billige Generika warten, die in Apotheken vor Ort erscheinen. Heute k\u00f6nnen Sie Generika zum besten Preis bestellen, und das kostet weder Zeit noch M\u00fche.<\/p>\n<p>Alle Ihre Entscheidungen und Handlungen wirken sich auf Ihre Gesundheit sowie Ihre aktuelle und zuk\u00fcnftige finanzielle Situation aus.<\/p>\n<p>Treffen Sie die richtige Entscheidung. Verpassen Sie nicht die Gelegenheit, heute viel Geld zu sparen!<\/p>","protected":false},"excerpt":{"rendered":"<p>DROGEN ONLINE: SPAREN SIE GELD BEI PRESCRIPTIONS Hast du gesundheitliche Probleme? Sie ben\u00f6tigen professionelle Unterst\u00fctzung? M\u00f6chten Sie preiswerte Medikamente kaufen und Ihre Probleme l\u00f6sen? WILLKOMMEN AUF UNSERER WEBSEITE! Die rezeptfreie Online-Ressource Meds wird von praktizierenden \u00c4rzten, Krankenschwestern, Forschern, medizinischen Schriftstellern und wissenschaftlichen \u00dcbersetzern erstellt. Unser gro\u00dfes Team aus engagierten und mitf\u00fchlenden Menschen hilft Patienten zu&#8230;<\/p>\n","protected":false},"author":1,"featured_media":0,"parent":0,"menu_order":0,"comment_status":"closed","ping_status":"closed","template":"","meta":{"footnotes":""},"class_list":["post-46","page","type-page","status-publish","hentry"],"yoast_head":"<!-- This site is optimized with the Yoast SEO plugin v27.3 - https:\/\/yoast.com\/product\/yoast-seo-wordpress\/ -->\n<title>Deutschland Online-Apotheke<\/title>\n<meta name=\"description\" content=\"Deutschland Online-Apotheke. 100 % garantiert niedrigste Preise. Riesige Auswahl an beliebten Pillen.\" \/>\n<meta name=\"robots\" content=\"index, follow, max-snippet:-1, max-image-preview:large, max-video-preview:-1\" \/>\n<link rel=\"canonical\" href=\"https:\/\/requestartikel.com\/\" \/>\n<meta property=\"og:locale\" content=\"de_DE\" \/>\n<meta property=\"og:type\" content=\"article\" \/>\n<meta property=\"og:title\" content=\"[:en]Save Money on Prescription Drugs | Guide for Patients [2018][:de]Deutschland Online-Apotheke[:sk]Slovenija spletna lekarna[:hr]Hrvatska online drogerija[:ro]Farmacie online din Romania[:pl]Polska drogeria internetowa[:hu]Magyarorsz\u00e1g online gy\u00f3gyszert\u00e1r[:es]Farmacia online Espa\u00f1a[:it]Farmacia online Italiana[:sv]Sverige online apotek[:fi]Suomen verkkoapteekki[:nl]Online drogisterij Nederland[:fr]Pharmacie en ligne France[:tr]T\u00fcrkiye online eczanesi[:pt]Farm\u00e1cia on-line de Portugal[:]\" \/>\n<meta property=\"og:description\" content=\"{:en}Sick and tired of spending thousands for your treatment? Who doesn\u2019t want to pay less for the same drugs? Get health information and health tips you can trust. Compare prices and find the best deals.{:de}Deutschland Online-Apotheke. 100 % garantiert niedrigste Preise. Riesige Auswahl an beliebten Pillen.{:sk}Slovenija spletna lekarna. 100 % zajam\u010deno najni\u017eje cene. Velika izbira priljubljenih tablet.{:hr}Hrvatska online drogerija. 100 % zajam\u010deno najni\u017ee cijene. Veliki izbor popularnih tableta.{:ro}Farmacie online din Romania. 100% garantate cele mai mici preturi. Selec\u021bie uria\u0219\u0103 de pastile populare.{:pl}Polska drogeria internetowa. 100% gwarancja najni\u017cszych cen. Ogromny wyb\u00f3r popularnych tabletek.{:hu}Magyarorsz\u00e1g online gy\u00f3gyszert\u00e1r. 100% garant\u00e1lt legalacsonyabb \u00e1rak. Hatalmas parge v\u00e1laszt\u00e9k n\u00e9pszer\u0171 tablett\u00e1k.{:es}Farmacia online Espa\u00f1a. Precios m\u00e1s bajos 100% garantizados. Gran selecci\u00f3n de pastillas populares.{:it}Farmacia online Italiana. Prezzi pi\u00f9 bassi garantiti al 100%. Vasta selezione di pillole popolari.{:sv}Sverige online apotek. 100 % garanterat l\u00e4gsta priser. Stort urval av popul\u00e4ra piller.{:fi}Suomen verkkoapteekki. 100 % taattu halvimmat hinnat. Valtava valikoima suosittuja pillereit\u00e4.{:nl}Online drogisterij Nederland. 100% gegarandeerd de laagste prijzen. Enorme selectie populaire pillen.{:fr}Pharmacie en ligne France. Prix les plus bas garantis \u00e0 100 %. \u00c9norme s\u00e9lection de pilules populaires.{:tr}T\u00fcrkiye online eczanesi. 100% garantili en d\u00fc\u015f\u00fck fiyatlar. \u00c7ok \u00e7e\u015fitli pop\u00fcler haplar.{:pt}Farm\u00e1cia on-line de Portugal. Pre\u00e7os mais baixos 100% garantidos. Enorme sele\u00e7\u00e3o de p\u00edlulas populares.{:}\" \/>\n<meta property=\"og:url\" content=\"https:\/\/requestartikel.com\/\" \/>\n<meta property=\"og:site_name\" content=\"Requestartikel.com\" \/>\n<meta property=\"article:modified_time\" content=\"2024-05-08T07:13:42+00:00\" \/>\n<meta name=\"twitter:card\" content=\"summary_large_image\" \/>\n<meta name=\"twitter:label1\" content=\"Gesch\u00e4tzte Lesezeit\" \/>\n\t<meta name=\"twitter:data1\" content=\"63\u00a0Minuten\" \/>\n<script type=\"application\/ld+json\" class=\"yoast-schema-graph\">{\"@context\":\"https:\\\/\\\/schema.org\",\"@graph\":[{\"@type\":\"WebPage\",\"@id\":\"https:\\\/\\\/requestartikel.com\\\/\",\"url\":\"https:\\\/\\\/requestartikel.com\\\/\",\"name\":\"[:en]Save Money on Prescription Drugs | Guide for Patients [2018][:de]Deutschland Online-Apotheke[:sk]Slovenija spletna lekarna[:hr]Hrvatska online drogerija[:ro]Farmacie online din Romania[:pl]Polska drogeria internetowa[:hu]Magyarorsz\u00e1g online gy\u00f3gyszert\u00e1r[:es]Farmacia online Espa\u00f1a[:it]Farmacia online Italiana[:sv]Sverige online apotek[:fi]Suomen verkkoapteekki[:nl]Online drogisterij Nederland[:fr]Pharmacie en ligne France[:tr]T\u00fcrkiye online eczanesi[:pt]Farm\u00e1cia on-line de Portugal[:]\",\"isPartOf\":{\"@id\":\"https:\\\/\\\/requestartikel.com\\\/#website\"},\"datePublished\":\"2018-12-12T09:40:57+00:00\",\"dateModified\":\"2024-05-08T07:13:42+00:00\",\"description\":\"{:en}Sick and tired of spending thousands for your treatment? Who doesn\u2019t want to pay less for the same drugs? Get health information and health tips you can trust. Compare prices and find the best deals.{:de}Deutschland Online-Apotheke. 100 % garantiert niedrigste Preise. Riesige Auswahl an beliebten Pillen.{:sk}Slovenija spletna lekarna. 100 % zajam\u010deno najni\u017eje cene. Velika izbira priljubljenih tablet.{:hr}Hrvatska online drogerija. 100 % zajam\u010deno najni\u017ee cijene. Veliki izbor popularnih tableta.{:ro}Farmacie online din Romania. 100% garantate cele mai mici preturi. Selec\u021bie uria\u0219\u0103 de pastile populare.{:pl}Polska drogeria internetowa. 100% gwarancja najni\u017cszych cen. Ogromny wyb\u00f3r popularnych tabletek.{:hu}Magyarorsz\u00e1g online gy\u00f3gyszert\u00e1r. 100% garant\u00e1lt legalacsonyabb \u00e1rak. Hatalmas parge v\u00e1laszt\u00e9k n\u00e9pszer\u0171 tablett\u00e1k.{:es}Farmacia online Espa\u00f1a. Precios m\u00e1s bajos 100% garantizados. Gran selecci\u00f3n de pastillas populares.{:it}Farmacia online Italiana. Prezzi pi\u00f9 bassi garantiti al 100%. Vasta selezione di pillole popolari.{:sv}Sverige online apotek. 100 % garanterat l\u00e4gsta priser. Stort urval av popul\u00e4ra piller.{:fi}Suomen verkkoapteekki. 100 % taattu halvimmat hinnat. Valtava valikoima suosittuja pillereit\u00e4.{:nl}Online drogisterij Nederland. 100% gegarandeerd de laagste prijzen. Enorme selectie populaire pillen.{:fr}Pharmacie en ligne France. Prix les plus bas garantis \u00e0 100 %. \u00c9norme s\u00e9lection de pilules populaires.{:tr}T\u00fcrkiye online eczanesi. 100% garantili en d\u00fc\u015f\u00fck fiyatlar. \u00c7ok \u00e7e\u015fitli pop\u00fcler haplar.{:pt}Farm\u00e1cia on-line de Portugal. Pre\u00e7os mais baixos 100% garantidos. Enorme sele\u00e7\u00e3o de p\u00edlulas populares.{:}\",\"breadcrumb\":{\"@id\":\"https:\\\/\\\/requestartikel.com\\\/#breadcrumb\"},\"inLanguage\":\"de\",\"potentialAction\":[{\"@type\":\"ReadAction\",\"target\":[\"https:\\\/\\\/requestartikel.com\\\/\"]}]},{\"@type\":\"BreadcrumbList\",\"@id\":\"https:\\\/\\\/requestartikel.com\\\/#breadcrumb\",\"itemListElement\":[{\"@type\":\"ListItem\",\"position\":1,\"name\":\"Home\",\"item\":\"https:\\\/\\\/requestartikel.com\\\/\"},{\"@type\":\"ListItem\",\"position\":2,\"name\":\"Home\"}]},{\"@type\":\"WebSite\",\"@id\":\"https:\\\/\\\/requestartikel.com\\\/#website\",\"url\":\"https:\\\/\\\/requestartikel.com\\\/\",\"name\":\"Requestartikel.com\",\"description\":\"\",\"potentialAction\":[{\"@type\":\"SearchAction\",\"target\":{\"@type\":\"EntryPoint\",\"urlTemplate\":\"https:\\\/\\\/requestartikel.com\\\/?s={search_term_string}\"},\"query-input\":{\"@type\":\"PropertyValueSpecification\",\"valueRequired\":true,\"valueName\":\"search_term_string\"}}],\"inLanguage\":\"de\"}]}<\/script>\n<!-- \/ Yoast SEO plugin. -->","yoast_head_json":{"title":"Deutschland Online-Apotheke","description":"Deutschland Online-Apotheke. 100 % garantiert niedrigste Preise. Riesige Auswahl an beliebten Pillen.","robots":{"index":"index","follow":"follow","max-snippet":"max-snippet:-1","max-image-preview":"max-image-preview:large","max-video-preview":"max-video-preview:-1"},"canonical":"https:\/\/requestartikel.com\/","og_locale":"de_DE","og_type":"article","og_title":"[:en]Save Money on Prescription Drugs | Guide for Patients [2018][:de]Deutschland Online-Apotheke[:sk]Slovenija spletna lekarna[:hr]Hrvatska online drogerija[:ro]Farmacie online din Romania[:pl]Polska drogeria internetowa[:hu]Magyarorsz\u00e1g online gy\u00f3gyszert\u00e1r[:es]Farmacia online Espa\u00f1a[:it]Farmacia online Italiana[:sv]Sverige online apotek[:fi]Suomen verkkoapteekki[:nl]Online drogisterij Nederland[:fr]Pharmacie en ligne France[:tr]T\u00fcrkiye online eczanesi[:pt]Farm\u00e1cia on-line de Portugal[:]","og_description":"{:en}Sick and tired of spending thousands for your treatment? Who doesn\u2019t want to pay less for the same drugs? Get health information and health tips you can trust. Compare prices and find the best deals.{:de}Deutschland Online-Apotheke. 100 % garantiert niedrigste Preise. Riesige Auswahl an beliebten Pillen.{:sk}Slovenija spletna lekarna. 100 % zajam\u010deno najni\u017eje cene. Velika izbira priljubljenih tablet.{:hr}Hrvatska online drogerija. 100 % zajam\u010deno najni\u017ee cijene. Veliki izbor popularnih tableta.{:ro}Farmacie online din Romania. 100% garantate cele mai mici preturi. Selec\u021bie uria\u0219\u0103 de pastile populare.{:pl}Polska drogeria internetowa. 100% gwarancja najni\u017cszych cen. Ogromny wyb\u00f3r popularnych tabletek.{:hu}Magyarorsz\u00e1g online gy\u00f3gyszert\u00e1r. 100% garant\u00e1lt legalacsonyabb \u00e1rak. Hatalmas parge v\u00e1laszt\u00e9k n\u00e9pszer\u0171 tablett\u00e1k.{:es}Farmacia online Espa\u00f1a. Precios m\u00e1s bajos 100% garantizados. Gran selecci\u00f3n de pastillas populares.{:it}Farmacia online Italiana. Prezzi pi\u00f9 bassi garantiti al 100%. Vasta selezione di pillole popolari.{:sv}Sverige online apotek. 100 % garanterat l\u00e4gsta priser. Stort urval av popul\u00e4ra piller.{:fi}Suomen verkkoapteekki. 100 % taattu halvimmat hinnat. Valtava valikoima suosittuja pillereit\u00e4.{:nl}Online drogisterij Nederland. 100% gegarandeerd de laagste prijzen. Enorme selectie populaire pillen.{:fr}Pharmacie en ligne France. Prix les plus bas garantis \u00e0 100 %. \u00c9norme s\u00e9lection de pilules populaires.{:tr}T\u00fcrkiye online eczanesi. 100% garantili en d\u00fc\u015f\u00fck fiyatlar. \u00c7ok \u00e7e\u015fitli pop\u00fcler haplar.{:pt}Farm\u00e1cia on-line de Portugal. Pre\u00e7os mais baixos 100% garantidos. Enorme sele\u00e7\u00e3o de p\u00edlulas populares.{:}","og_url":"https:\/\/requestartikel.com\/","og_site_name":"Requestartikel.com","article_modified_time":"2024-05-08T07:13:42+00:00","twitter_card":"summary_large_image","twitter_misc":{"Gesch\u00e4tzte Lesezeit":"63\u00a0Minuten"},"schema":{"@context":"https:\/\/schema.org","@graph":[{"@type":"WebPage","@id":"https:\/\/requestartikel.com\/","url":"https:\/\/requestartikel.com\/","name":"[:en]Save Money on Prescription Drugs | Guide for Patients [2018][:de]Deutschland Online-Apotheke[:sk]Slovenija spletna lekarna[:hr]Hrvatska online drogerija[:ro]Farmacie online din Romania[:pl]Polska drogeria internetowa[:hu]Magyarorsz\u00e1g online gy\u00f3gyszert\u00e1r[:es]Farmacia online Espa\u00f1a[:it]Farmacia online Italiana[:sv]Sverige online apotek[:fi]Suomen verkkoapteekki[:nl]Online drogisterij Nederland[:fr]Pharmacie en ligne France[:tr]T\u00fcrkiye online eczanesi[:pt]Farm\u00e1cia on-line de Portugal[:]","isPartOf":{"@id":"https:\/\/requestartikel.com\/#website"},"datePublished":"2018-12-12T09:40:57+00:00","dateModified":"2024-05-08T07:13:42+00:00","description":"{:en}Sick and tired of spending thousands for your treatment? Who doesn\u2019t want to pay less for the same drugs? Get health information and health tips you can trust. Compare prices and find the best deals.{:de}Deutschland Online-Apotheke. 100 % garantiert niedrigste Preise. Riesige Auswahl an beliebten Pillen.{:sk}Slovenija spletna lekarna. 100 % zajam\u010deno najni\u017eje cene. Velika izbira priljubljenih tablet.{:hr}Hrvatska online drogerija. 100 % zajam\u010deno najni\u017ee cijene. Veliki izbor popularnih tableta.{:ro}Farmacie online din Romania. 100% garantate cele mai mici preturi. Selec\u021bie uria\u0219\u0103 de pastile populare.{:pl}Polska drogeria internetowa. 100% gwarancja najni\u017cszych cen. Ogromny wyb\u00f3r popularnych tabletek.{:hu}Magyarorsz\u00e1g online gy\u00f3gyszert\u00e1r. 100% garant\u00e1lt legalacsonyabb \u00e1rak. Hatalmas parge v\u00e1laszt\u00e9k n\u00e9pszer\u0171 tablett\u00e1k.{:es}Farmacia online Espa\u00f1a. Precios m\u00e1s bajos 100% garantizados. Gran selecci\u00f3n de pastillas populares.{:it}Farmacia online Italiana. Prezzi pi\u00f9 bassi garantiti al 100%. Vasta selezione di pillole popolari.{:sv}Sverige online apotek. 100 % garanterat l\u00e4gsta priser. Stort urval av popul\u00e4ra piller.{:fi}Suomen verkkoapteekki. 100 % taattu halvimmat hinnat. Valtava valikoima suosittuja pillereit\u00e4.{:nl}Online drogisterij Nederland. 100% gegarandeerd de laagste prijzen. Enorme selectie populaire pillen.{:fr}Pharmacie en ligne France. Prix les plus bas garantis \u00e0 100 %. \u00c9norme s\u00e9lection de pilules populaires.{:tr}T\u00fcrkiye online eczanesi. 100% garantili en d\u00fc\u015f\u00fck fiyatlar. \u00c7ok \u00e7e\u015fitli pop\u00fcler haplar.{:pt}Farm\u00e1cia on-line de Portugal. Pre\u00e7os mais baixos 100% garantidos. Enorme sele\u00e7\u00e3o de p\u00edlulas populares.{:}","breadcrumb":{"@id":"https:\/\/requestartikel.com\/#breadcrumb"},"inLanguage":"de","potentialAction":[{"@type":"ReadAction","target":["https:\/\/requestartikel.com\/"]}]},{"@type":"BreadcrumbList","@id":"https:\/\/requestartikel.com\/#breadcrumb","itemListElement":[{"@type":"ListItem","position":1,"name":"Home","item":"https:\/\/requestartikel.com\/"},{"@type":"ListItem","position":2,"name":"Home"}]},{"@type":"WebSite","@id":"https:\/\/requestartikel.com\/#website","url":"https:\/\/requestartikel.com\/","name":"Requestartikel.com","description":"","potentialAction":[{"@type":"SearchAction","target":{"@type":"EntryPoint","urlTemplate":"https:\/\/requestartikel.com\/?s={search_term_string}"},"query-input":{"@type":"PropertyValueSpecification","valueRequired":true,"valueName":"search_term_string"}}],"inLanguage":"de"}]}},"_links":{"self":[{"href":"https:\/\/requestartikel.com\/de\/wp-json\/wp\/v2\/pages\/46","targetHints":{"allow":["GET"]}}],"collection":[{"href":"https:\/\/requestartikel.com\/de\/wp-json\/wp\/v2\/pages"}],"about":[{"href":"https:\/\/requestartikel.com\/de\/wp-json\/wp\/v2\/types\/page"}],"author":[{"embeddable":true,"href":"https:\/\/requestartikel.com\/de\/wp-json\/wp\/v2\/users\/1"}],"replies":[{"embeddable":true,"href":"https:\/\/requestartikel.com\/de\/wp-json\/wp\/v2\/comments?post=46"}],"version-history":[{"count":0,"href":"https:\/\/requestartikel.com\/de\/wp-json\/wp\/v2\/pages\/46\/revisions"}],"wp:attachment":[{"href":"https:\/\/requestartikel.com\/de\/wp-json\/wp\/v2\/media?parent=46"}],"curies":[{"name":"wp","href":"https:\/\/api.w.org\/{rel}","templated":true}]}}