{"id":46,"date":"2018-12-12T09:40:57","date_gmt":"2018-12-12T09:40:57","guid":{"rendered":"http:\/\/requestartikel.com\/?page_id=46"},"modified":"2024-05-08T07:13:42","modified_gmt":"2024-05-08T07:13:42","slug":"tr","status":"publish","type":"page","link":"https:\/\/requestartikel.com\/es\/","title":{"rendered":"Casa"},"content":{"rendered":"<p><\/p>\n<h2>LAS DROGAS EN LINEA: AHORRA DINERO EN LAS RECETAS<\/h2>\n<ul>\n<li>\u00bfTienes problemas de salud?<\/li>\n<li>\u00bfNecesita asistencia profesional?<\/li>\n<li>\u00bfQuieres comprar medicamentos baratos y resolver tus problemas?<\/li>\n<\/ul>\n<p>\u00a1BIENVENIDO A NUESTRO SITIO WEB!<\/p>\n<p>Los medicamentos en el mostrador de recursos en l\u00ednea son creados por m\u00e9dicos practicantes, enfermeras, investigadores, escritores m\u00e9dicos y traductores cient\u00edficos.<\/p>\n<p>Nuestro gran equipo de personas dedicadas y compasivas prospera para ayudar a los pacientes.<\/p>\n<p>Toda la asesor\u00eda se proporciona de forma gratuita para ayudarlo a encontrar la informaci\u00f3n m\u00e9dica necesaria y obtener un tratamiento adecuado.<\/p>\n<p>Los temas cubiertos en Meds de venta libre incluyen afecciones de salud, procedimientos m\u00e9dicos y problemas de salud y bienestar cotidianos.<\/p>\n<p>Y LO MAS IMPORTANTE!<\/p>\n<p>\u00a1Usted tiene una oportunidad \u00fanica de comprar medicamentos econ\u00f3micos en los que puede confiar!<\/p>\n<p>Eso no es todo.<\/p>\n<ul>\n<li>Aprenda sobre sus medicamentos recetados y sin receta.<\/li>\n<li>Aseg\u00farese de su eficacia y seguridad.<\/li>\n<li>Lea acerca de la dosis, los efectos secundarios y las precauciones.<\/li>\n<\/ul>\n<p>A pesar del hecho de que tiene acceso a medicamentos asequibles, tenga en cuenta que todas las inquietudes, preguntas y decisiones relacionadas con la atenci\u00f3n m\u00e9dica deben discutirse con sus asesores m\u00e9dicos.<\/p>\n<p>En asociaci\u00f3n con su m\u00e9dico, puede determinar juntos qu\u00e9 medicamentos son los mejores para usar, teniendo en cuenta su edad, condici\u00f3n de salud y factores de riesgo.<\/p>\n<p>Hacemos todo lo posible para ayudar a nuestros visitantes a aprender c\u00f3mo y d\u00f3nde pueden comprar los medicamentos requeridos al precio m\u00e1s bajo.<\/p>\n<p>Estamos orgullosos de ofrecer ofertas \u00fanicas y mejores. Puede verlos a su propio ritmo, sin salir de la comodidad de su hogar o sin salir de su lugar de trabajo, y compartirlos f\u00e1cilmente con sus seres queridos y amigos en cualquier parte del mundo.<\/p>\n<p>Utilice herramientas \u00fatiles para ahorrar dinero en las recetas.<\/p>\n<p>Elige solo lo mejor y probado en el tiempo:<\/p>\n<ul>\n<li>P\u00edldoras de dieta<\/li>\n<li>Medicamentos para el TDAH<\/li>\n<li>Pastillas para aliviar el dolor<\/li>\n<li>Medicamentos contra la ansiedad<\/li>\n<li>Antidepresivos<\/li>\n<li>Pastillas para dormir<\/li>\n<li>Relajantes musculares<\/li>\n<\/ul>\n<p>Cuando salga del consultorio del m\u00e9dico, puede enfrentar un problema grave: el alto costo de los medicamentos.<\/p>\n<p>La medicina recomendada puede no ser siempre la opci\u00f3n de menor costo. Desafortunadamente, todos hemos estado all\u00ed.<\/p>\n<p>A\u00fan m\u00e1s problemas surgen cuando se le recomienda un tratamiento a largo plazo, meses o a\u00f1os seguidos. No todas las personas pueden comprar regularmente medicamentos caros en una farmacia cercana.<\/p>\n<p>Los precios altos dan como resultado un acceso reducido a los medicamentos, especialmente para las personas con bajos ingresos, ya que simplemente no pueden pagar el tratamiento.<\/p>\n<p>\u00a1PERO HAY UNA SALIDA!<\/p>\n<h2>Ordenar medicamentos de marca en l\u00ednea<\/h2>\n<p>Las encuestas realizadas en los EE. UU. Y otros pa\u00edses del mundo han mostrado enormes diferencias en los costos de marcas conocidas. Si vive en un pa\u00eds con altos niveles de ingresos, lo m\u00e1s probable es que el precio de los medicamentos de marca sea muy alto.<\/p>\n<p>Hay una serie de razones por las que esto sucede. Pero no perderemos su tiempo para discutirlos en este art\u00edculo. Solo recuerde que los precios de los medicamentos de marca pueden cambiar con el tiempo y variar seg\u00fan el pa\u00eds de distribuci\u00f3n.<\/p>\n<p>Tiene la oportunidad de comprar medicamentos de marca a bajo costo en l\u00ednea. Esta es la decisi\u00f3n correcta, aunque no siempre ayuda a lograr el m\u00e1ximo ahorro posible.<\/p>\n<h2>Comprar medicamentos gen\u00e9ricos baratos<\/h2>\n<p>Tenemos una gran noticia para ti!<\/p>\n<p>Puede ahorrar dinero en este momento y reducir el costo de su tratamiento varias veces.<\/p>\n<p>Preste atenci\u00f3n a los precios actuales de los medicamentos gen\u00e9ricos. Son mucho m\u00e1s bajos que los precios de las versiones de marca.<\/p>\n<p>Adem\u00e1s, puede observar regularmente la ca\u00edda de los precios de los medicamentos gen\u00e9ricos. Cuanto m\u00e1s tiempo est\u00e9n disponibles en el mercado farmac\u00e9utico, menor ser\u00e1 el costo. Esto se debe al constante crecimiento de la competencia entre fabricantes.<\/p>\n<p>A diferencia de la marca, los precios de los gen\u00e9ricos caen muy r\u00e1pidamente. Su costo suele ser menos de la mitad del precio de los medicamentos de marca.<\/p>\n<p>Muchas versiones gen\u00e9ricas de medicamentos recetados son realmente asequibles, especialmente cuando los medicamentos gen\u00e9ricos son producidos por varias compa\u00f1\u00edas.<\/p>\n<p>No tiene que preocuparse por la seguridad de los gen\u00e9ricos. Cada uno de ellos debe ser aprobado antes de salir a la venta.<\/p>\n<p>La FDA de los EE. UU., La Agencia M\u00e9dica Europea y otras agencias reguladoras gubernamentales eval\u00faan la seguridad de los medicamentos gen\u00e9ricos observando:<\/p>\n<ul>\n<li>Efectos secundarios<\/li>\n<li>C\u00f3mo se fabrican<\/li>\n<li>Resultados de ensayos cl\u00ednicos<\/li>\n<\/ul>\n<p>Aseg\u00farese de que los medicamentos gen\u00e9ricos no sean peores ni mejores que los medicamentos de marca, pero son mucho m\u00e1s baratos. Tienen el mismo perfil de eficacia y seguridad.<\/p>\n<p>No tiene que esperar a que aparezcan gen\u00e9ricos baratos en las farmacias locales. Hoy, puede ordenar los gen\u00e9ricos al mejor precio y no le costar\u00e1 mucho tiempo ni esfuerzo.<\/p>\n<p>Todas sus decisiones y acciones afectan su salud, as\u00ed como su situaci\u00f3n financiera actual y futura.<\/p>\n<p>Toma la decisi\u00f3n correcta. \u00a1No pierdas la oportunidad de ahorrar mucho dinero hoy!<\/p>","protected":false},"excerpt":{"rendered":"<p>LAS DROGAS EN LINEA: AHORRA DINERO EN LAS RECETAS \u00bfTienes problemas de salud? \u00bfNecesita asistencia profesional? \u00bfQuieres comprar medicamentos baratos y resolver tus problemas? \u00a1BIENVENIDO A NUESTRO SITIO WEB! Los medicamentos en el mostrador de recursos en l\u00ednea son creados por m\u00e9dicos practicantes, enfermeras, investigadores, escritores m\u00e9dicos y traductores cient\u00edficos. Nuestro gran equipo de personas&#8230;<\/p>\n","protected":false},"author":1,"featured_media":0,"parent":0,"menu_order":0,"comment_status":"closed","ping_status":"closed","template":"","meta":{"footnotes":""},"class_list":["post-46","page","type-page","status-publish","hentry"],"yoast_head":"<!-- This site is optimized with the Yoast SEO plugin v27.3 - https:\/\/yoast.com\/product\/yoast-seo-wordpress\/ -->\n<title>Farmacia online Espa\u00f1a<\/title>\n<meta name=\"description\" content=\"Farmacia online Espa\u00f1a. Precios m\u00e1s bajos 100% garantizados. Gran selecci\u00f3n de pastillas populares.\" \/>\n<meta name=\"robots\" content=\"index, follow, max-snippet:-1, max-image-preview:large, max-video-preview:-1\" \/>\n<link rel=\"canonical\" href=\"https:\/\/requestartikel.com\/\" \/>\n<meta property=\"og:locale\" content=\"es_ES\" \/>\n<meta property=\"og:type\" content=\"article\" \/>\n<meta property=\"og:title\" content=\"[:en]Save Money on Prescription Drugs | Guide for Patients [2018][:de]Deutschland Online-Apotheke[:sk]Slovenija spletna lekarna[:hr]Hrvatska online drogerija[:ro]Farmacie online din Romania[:pl]Polska drogeria internetowa[:hu]Magyarorsz\u00e1g online gy\u00f3gyszert\u00e1r[:es]Farmacia online Espa\u00f1a[:it]Farmacia online Italiana[:sv]Sverige online apotek[:fi]Suomen verkkoapteekki[:nl]Online drogisterij Nederland[:fr]Pharmacie en ligne France[:tr]T\u00fcrkiye online eczanesi[:pt]Farm\u00e1cia on-line de Portugal[:]\" \/>\n<meta property=\"og:description\" content=\"{:en}Sick and tired of spending thousands for your treatment? Who doesn\u2019t want to pay less for the same drugs? Get health information and health tips you can trust. Compare prices and find the best deals.{:de}Deutschland Online-Apotheke. 100 % garantiert niedrigste Preise. Riesige Auswahl an beliebten Pillen.{:sk}Slovenija spletna lekarna. 100 % zajam\u010deno najni\u017eje cene. Velika izbira priljubljenih tablet.{:hr}Hrvatska online drogerija. 100 % zajam\u010deno najni\u017ee cijene. Veliki izbor popularnih tableta.{:ro}Farmacie online din Romania. 100% garantate cele mai mici preturi. Selec\u021bie uria\u0219\u0103 de pastile populare.{:pl}Polska drogeria internetowa. 100% gwarancja najni\u017cszych cen. Ogromny wyb\u00f3r popularnych tabletek.{:hu}Magyarorsz\u00e1g online gy\u00f3gyszert\u00e1r. 100% garant\u00e1lt legalacsonyabb \u00e1rak. Hatalmas parge v\u00e1laszt\u00e9k n\u00e9pszer\u0171 tablett\u00e1k.{:es}Farmacia online Espa\u00f1a. Precios m\u00e1s bajos 100% garantizados. Gran selecci\u00f3n de pastillas populares.{:it}Farmacia online Italiana. Prezzi pi\u00f9 bassi garantiti al 100%. Vasta selezione di pillole popolari.{:sv}Sverige online apotek. 100 % garanterat l\u00e4gsta priser. Stort urval av popul\u00e4ra piller.{:fi}Suomen verkkoapteekki. 100 % taattu halvimmat hinnat. Valtava valikoima suosittuja pillereit\u00e4.{:nl}Online drogisterij Nederland. 100% gegarandeerd de laagste prijzen. Enorme selectie populaire pillen.{:fr}Pharmacie en ligne France. Prix les plus bas garantis \u00e0 100 %. \u00c9norme s\u00e9lection de pilules populaires.{:tr}T\u00fcrkiye online eczanesi. 100% garantili en d\u00fc\u015f\u00fck fiyatlar. \u00c7ok \u00e7e\u015fitli pop\u00fcler haplar.{:pt}Farm\u00e1cia on-line de Portugal. Pre\u00e7os mais baixos 100% garantidos. Enorme sele\u00e7\u00e3o de p\u00edlulas populares.{:}\" \/>\n<meta property=\"og:url\" content=\"https:\/\/requestartikel.com\/\" \/>\n<meta property=\"og:site_name\" content=\"Requestartikel.com\" \/>\n<meta property=\"article:modified_time\" content=\"2024-05-08T07:13:42+00:00\" \/>\n<meta name=\"twitter:card\" content=\"summary_large_image\" \/>\n<meta name=\"twitter:label1\" content=\"Tiempo de lectura\" \/>\n\t<meta name=\"twitter:data1\" content=\"63 minutos\" \/>\n<script type=\"application\/ld+json\" class=\"yoast-schema-graph\">{\"@context\":\"https:\\\/\\\/schema.org\",\"@graph\":[{\"@type\":\"WebPage\",\"@id\":\"https:\\\/\\\/requestartikel.com\\\/\",\"url\":\"https:\\\/\\\/requestartikel.com\\\/\",\"name\":\"[:en]Save Money on Prescription Drugs | Guide for Patients [2018][:de]Deutschland Online-Apotheke[:sk]Slovenija spletna lekarna[:hr]Hrvatska online drogerija[:ro]Farmacie online din Romania[:pl]Polska drogeria internetowa[:hu]Magyarorsz\u00e1g online gy\u00f3gyszert\u00e1r[:es]Farmacia online Espa\u00f1a[:it]Farmacia online Italiana[:sv]Sverige online apotek[:fi]Suomen verkkoapteekki[:nl]Online drogisterij Nederland[:fr]Pharmacie en ligne France[:tr]T\u00fcrkiye online eczanesi[:pt]Farm\u00e1cia on-line de Portugal[:]\",\"isPartOf\":{\"@id\":\"https:\\\/\\\/requestartikel.com\\\/#website\"},\"datePublished\":\"2018-12-12T09:40:57+00:00\",\"dateModified\":\"2024-05-08T07:13:42+00:00\",\"description\":\"{:en}Sick and tired of spending thousands for your treatment? Who doesn\u2019t want to pay less for the same drugs? Get health information and health tips you can trust. Compare prices and find the best deals.{:de}Deutschland Online-Apotheke. 100 % garantiert niedrigste Preise. Riesige Auswahl an beliebten Pillen.{:sk}Slovenija spletna lekarna. 100 % zajam\u010deno najni\u017eje cene. Velika izbira priljubljenih tablet.{:hr}Hrvatska online drogerija. 100 % zajam\u010deno najni\u017ee cijene. Veliki izbor popularnih tableta.{:ro}Farmacie online din Romania. 100% garantate cele mai mici preturi. Selec\u021bie uria\u0219\u0103 de pastile populare.{:pl}Polska drogeria internetowa. 100% gwarancja najni\u017cszych cen. Ogromny wyb\u00f3r popularnych tabletek.{:hu}Magyarorsz\u00e1g online gy\u00f3gyszert\u00e1r. 100% garant\u00e1lt legalacsonyabb \u00e1rak. Hatalmas parge v\u00e1laszt\u00e9k n\u00e9pszer\u0171 tablett\u00e1k.{:es}Farmacia online Espa\u00f1a. Precios m\u00e1s bajos 100% garantizados. Gran selecci\u00f3n de pastillas populares.{:it}Farmacia online Italiana. Prezzi pi\u00f9 bassi garantiti al 100%. Vasta selezione di pillole popolari.{:sv}Sverige online apotek. 100 % garanterat l\u00e4gsta priser. Stort urval av popul\u00e4ra piller.{:fi}Suomen verkkoapteekki. 100 % taattu halvimmat hinnat. Valtava valikoima suosittuja pillereit\u00e4.{:nl}Online drogisterij Nederland. 100% gegarandeerd de laagste prijzen. Enorme selectie populaire pillen.{:fr}Pharmacie en ligne France. Prix les plus bas garantis \u00e0 100 %. \u00c9norme s\u00e9lection de pilules populaires.{:tr}T\u00fcrkiye online eczanesi. 100% garantili en d\u00fc\u015f\u00fck fiyatlar. \u00c7ok \u00e7e\u015fitli pop\u00fcler haplar.{:pt}Farm\u00e1cia on-line de Portugal. Pre\u00e7os mais baixos 100% garantidos. Enorme sele\u00e7\u00e3o de p\u00edlulas populares.{:}\",\"breadcrumb\":{\"@id\":\"https:\\\/\\\/requestartikel.com\\\/#breadcrumb\"},\"inLanguage\":\"es\",\"potentialAction\":[{\"@type\":\"ReadAction\",\"target\":[\"https:\\\/\\\/requestartikel.com\\\/\"]}]},{\"@type\":\"BreadcrumbList\",\"@id\":\"https:\\\/\\\/requestartikel.com\\\/#breadcrumb\",\"itemListElement\":[{\"@type\":\"ListItem\",\"position\":1,\"name\":\"Home\",\"item\":\"https:\\\/\\\/requestartikel.com\\\/\"},{\"@type\":\"ListItem\",\"position\":2,\"name\":\"Home\"}]},{\"@type\":\"WebSite\",\"@id\":\"https:\\\/\\\/requestartikel.com\\\/#website\",\"url\":\"https:\\\/\\\/requestartikel.com\\\/\",\"name\":\"Requestartikel.com\",\"description\":\"\",\"potentialAction\":[{\"@type\":\"SearchAction\",\"target\":{\"@type\":\"EntryPoint\",\"urlTemplate\":\"https:\\\/\\\/requestartikel.com\\\/?s={search_term_string}\"},\"query-input\":{\"@type\":\"PropertyValueSpecification\",\"valueRequired\":true,\"valueName\":\"search_term_string\"}}],\"inLanguage\":\"es\"}]}<\/script>\n<!-- \/ Yoast SEO plugin. -->","yoast_head_json":{"title":"Farmacia online Espa\u00f1a","description":"Farmacia online Espa\u00f1a. Precios m\u00e1s bajos 100% garantizados. Gran selecci\u00f3n de pastillas populares.","robots":{"index":"index","follow":"follow","max-snippet":"max-snippet:-1","max-image-preview":"max-image-preview:large","max-video-preview":"max-video-preview:-1"},"canonical":"https:\/\/requestartikel.com\/","og_locale":"es_ES","og_type":"article","og_title":"[:en]Save Money on Prescription Drugs | Guide for Patients [2018][:de]Deutschland Online-Apotheke[:sk]Slovenija spletna lekarna[:hr]Hrvatska online drogerija[:ro]Farmacie online din Romania[:pl]Polska drogeria internetowa[:hu]Magyarorsz\u00e1g online gy\u00f3gyszert\u00e1r[:es]Farmacia online Espa\u00f1a[:it]Farmacia online Italiana[:sv]Sverige online apotek[:fi]Suomen verkkoapteekki[:nl]Online drogisterij Nederland[:fr]Pharmacie en ligne France[:tr]T\u00fcrkiye online eczanesi[:pt]Farm\u00e1cia on-line de Portugal[:]","og_description":"{:en}Sick and tired of spending thousands for your treatment? Who doesn\u2019t want to pay less for the same drugs? Get health information and health tips you can trust. Compare prices and find the best deals.{:de}Deutschland Online-Apotheke. 100 % garantiert niedrigste Preise. Riesige Auswahl an beliebten Pillen.{:sk}Slovenija spletna lekarna. 100 % zajam\u010deno najni\u017eje cene. Velika izbira priljubljenih tablet.{:hr}Hrvatska online drogerija. 100 % zajam\u010deno najni\u017ee cijene. Veliki izbor popularnih tableta.{:ro}Farmacie online din Romania. 100% garantate cele mai mici preturi. Selec\u021bie uria\u0219\u0103 de pastile populare.{:pl}Polska drogeria internetowa. 100% gwarancja najni\u017cszych cen. Ogromny wyb\u00f3r popularnych tabletek.{:hu}Magyarorsz\u00e1g online gy\u00f3gyszert\u00e1r. 100% garant\u00e1lt legalacsonyabb \u00e1rak. Hatalmas parge v\u00e1laszt\u00e9k n\u00e9pszer\u0171 tablett\u00e1k.{:es}Farmacia online Espa\u00f1a. Precios m\u00e1s bajos 100% garantizados. Gran selecci\u00f3n de pastillas populares.{:it}Farmacia online Italiana. Prezzi pi\u00f9 bassi garantiti al 100%. Vasta selezione di pillole popolari.{:sv}Sverige online apotek. 100 % garanterat l\u00e4gsta priser. Stort urval av popul\u00e4ra piller.{:fi}Suomen verkkoapteekki. 100 % taattu halvimmat hinnat. Valtava valikoima suosittuja pillereit\u00e4.{:nl}Online drogisterij Nederland. 100% gegarandeerd de laagste prijzen. Enorme selectie populaire pillen.{:fr}Pharmacie en ligne France. Prix les plus bas garantis \u00e0 100 %. \u00c9norme s\u00e9lection de pilules populaires.{:tr}T\u00fcrkiye online eczanesi. 100% garantili en d\u00fc\u015f\u00fck fiyatlar. \u00c7ok \u00e7e\u015fitli pop\u00fcler haplar.{:pt}Farm\u00e1cia on-line de Portugal. Pre\u00e7os mais baixos 100% garantidos. Enorme sele\u00e7\u00e3o de p\u00edlulas populares.{:}","og_url":"https:\/\/requestartikel.com\/","og_site_name":"Requestartikel.com","article_modified_time":"2024-05-08T07:13:42+00:00","twitter_card":"summary_large_image","twitter_misc":{"Tiempo de lectura":"63 minutos"},"schema":{"@context":"https:\/\/schema.org","@graph":[{"@type":"WebPage","@id":"https:\/\/requestartikel.com\/","url":"https:\/\/requestartikel.com\/","name":"[:en]Save Money on Prescription Drugs | Guide for Patients [2018][:de]Deutschland Online-Apotheke[:sk]Slovenija spletna lekarna[:hr]Hrvatska online drogerija[:ro]Farmacie online din Romania[:pl]Polska drogeria internetowa[:hu]Magyarorsz\u00e1g online gy\u00f3gyszert\u00e1r[:es]Farmacia online Espa\u00f1a[:it]Farmacia online Italiana[:sv]Sverige online apotek[:fi]Suomen verkkoapteekki[:nl]Online drogisterij Nederland[:fr]Pharmacie en ligne France[:tr]T\u00fcrkiye online eczanesi[:pt]Farm\u00e1cia on-line de Portugal[:]","isPartOf":{"@id":"https:\/\/requestartikel.com\/#website"},"datePublished":"2018-12-12T09:40:57+00:00","dateModified":"2024-05-08T07:13:42+00:00","description":"{:en}Sick and tired of spending thousands for your treatment? Who doesn\u2019t want to pay less for the same drugs? Get health information and health tips you can trust. Compare prices and find the best deals.{:de}Deutschland Online-Apotheke. 100 % garantiert niedrigste Preise. Riesige Auswahl an beliebten Pillen.{:sk}Slovenija spletna lekarna. 100 % zajam\u010deno najni\u017eje cene. Velika izbira priljubljenih tablet.{:hr}Hrvatska online drogerija. 100 % zajam\u010deno najni\u017ee cijene. Veliki izbor popularnih tableta.{:ro}Farmacie online din Romania. 100% garantate cele mai mici preturi. Selec\u021bie uria\u0219\u0103 de pastile populare.{:pl}Polska drogeria internetowa. 100% gwarancja najni\u017cszych cen. Ogromny wyb\u00f3r popularnych tabletek.{:hu}Magyarorsz\u00e1g online gy\u00f3gyszert\u00e1r. 100% garant\u00e1lt legalacsonyabb \u00e1rak. Hatalmas parge v\u00e1laszt\u00e9k n\u00e9pszer\u0171 tablett\u00e1k.{:es}Farmacia online Espa\u00f1a. Precios m\u00e1s bajos 100% garantizados. Gran selecci\u00f3n de pastillas populares.{:it}Farmacia online Italiana. Prezzi pi\u00f9 bassi garantiti al 100%. Vasta selezione di pillole popolari.{:sv}Sverige online apotek. 100 % garanterat l\u00e4gsta priser. Stort urval av popul\u00e4ra piller.{:fi}Suomen verkkoapteekki. 100 % taattu halvimmat hinnat. Valtava valikoima suosittuja pillereit\u00e4.{:nl}Online drogisterij Nederland. 100% gegarandeerd de laagste prijzen. Enorme selectie populaire pillen.{:fr}Pharmacie en ligne France. Prix les plus bas garantis \u00e0 100 %. \u00c9norme s\u00e9lection de pilules populaires.{:tr}T\u00fcrkiye online eczanesi. 100% garantili en d\u00fc\u015f\u00fck fiyatlar. \u00c7ok \u00e7e\u015fitli pop\u00fcler haplar.{:pt}Farm\u00e1cia on-line de Portugal. Pre\u00e7os mais baixos 100% garantidos. Enorme sele\u00e7\u00e3o de p\u00edlulas populares.{:}","breadcrumb":{"@id":"https:\/\/requestartikel.com\/#breadcrumb"},"inLanguage":"es","potentialAction":[{"@type":"ReadAction","target":["https:\/\/requestartikel.com\/"]}]},{"@type":"BreadcrumbList","@id":"https:\/\/requestartikel.com\/#breadcrumb","itemListElement":[{"@type":"ListItem","position":1,"name":"Home","item":"https:\/\/requestartikel.com\/"},{"@type":"ListItem","position":2,"name":"Home"}]},{"@type":"WebSite","@id":"https:\/\/requestartikel.com\/#website","url":"https:\/\/requestartikel.com\/","name":"Requestartikel.com","description":"","potentialAction":[{"@type":"SearchAction","target":{"@type":"EntryPoint","urlTemplate":"https:\/\/requestartikel.com\/?s={search_term_string}"},"query-input":{"@type":"PropertyValueSpecification","valueRequired":true,"valueName":"search_term_string"}}],"inLanguage":"es"}]}},"_links":{"self":[{"href":"https:\/\/requestartikel.com\/es\/wp-json\/wp\/v2\/pages\/46","targetHints":{"allow":["GET"]}}],"collection":[{"href":"https:\/\/requestartikel.com\/es\/wp-json\/wp\/v2\/pages"}],"about":[{"href":"https:\/\/requestartikel.com\/es\/wp-json\/wp\/v2\/types\/page"}],"author":[{"embeddable":true,"href":"https:\/\/requestartikel.com\/es\/wp-json\/wp\/v2\/users\/1"}],"replies":[{"embeddable":true,"href":"https:\/\/requestartikel.com\/es\/wp-json\/wp\/v2\/comments?post=46"}],"version-history":[{"count":0,"href":"https:\/\/requestartikel.com\/es\/wp-json\/wp\/v2\/pages\/46\/revisions"}],"wp:attachment":[{"href":"https:\/\/requestartikel.com\/es\/wp-json\/wp\/v2\/media?parent=46"}],"curies":[{"name":"wp","href":"https:\/\/api.w.org\/{rel}","templated":true}]}}