{"id":46,"date":"2018-12-12T09:40:57","date_gmt":"2018-12-12T09:40:57","guid":{"rendered":"http:\/\/requestartikel.com\/?page_id=46"},"modified":"2024-05-08T07:13:42","modified_gmt":"2024-05-08T07:13:42","slug":"tr","status":"publish","type":"page","link":"https:\/\/requestartikel.com\/hr\/","title":{"rendered":"Dom"},"content":{"rendered":"<p><\/p>\n<h2>DROGA ONLINE: U\u0160TEDI NOVAC NA PREDRACIJAMA<\/h2>\n<ul>\n<li>Imate li zdravstvenih problema?<\/li>\n<li>Trebate li stru\u010dnu pomo\u0107?<\/li>\n<li>\u017delite li kupiti jeftine lijekove i rije\u0161iti svoje probleme?<\/li>\n<\/ul>\n<p>DOBRODO\u0160LI NA NA\u0160U WEB STRANICU!<\/p>\n<p>Meds over the counter mre\u017eni resurs stvara prakti\u010dna lije\u010dnika, medicinske sestre, istra\u017eiva\u010di, medicinski pisci i znanstveni prevoditelji.<\/p>\n<p>Na\u0161 veliki tim posve\u0107enih i suosje\u0107ajnih ljudi uspijeva pomo\u0107i pacijentima.<\/p>\n<p>Sva savjetovanja pru\u017eaju se besplatno kako bi vam pomogli u pronala\u017eenju potrebnih medicinskih informacija i pravilnom lije\u010denju.<\/p>\n<p>Teme, koje su obuhva\u0107ene Medsom na \u0161alteru, uklju\u010duju zdravstvene uvjete, medicinske postupke i svakodnevne zdravstvene i wellness probleme.<\/p>\n<p>I NAJVA\u017dNIJA!<\/p>\n<p>Imate jedinstvenu priliku za kupnju jeftinih lijekova za koje mo\u017eete vjerovati!<\/p>\n<p>To nije sve.<\/p>\n<ul>\n<li>Saznajte vi\u0161e o va\u0161im lijekovima na recept i bez recepta.<\/li>\n<li>Pobrinite se za njihovu u\u010dinkovitost i sigurnost.<\/li>\n<li>Pro\u010ditajte o doziranju, nuspojavama i mjerama opreza.<\/li>\n<\/ul>\n<p>Unato\u010d tome \u0161to imate pristup pristupa\u010dnim lijekovima, imajte na umu da se svi zdravstveni problemi, pitanja i odluke trebaju raspravljati sa svojim lije\u010dni\u010dkim savjetnicima.<\/p>\n<p>U partnerstvu sa svojim lije\u010dnikom mo\u017eete odrediti koje lijekove najbolje mo\u017eete koristiti, s obzirom na va\u0161u dob, zdravstveno stanje i \u010dimbenike rizika.<\/p>\n<p>Nastojimo da na\u0161i posjetitelji nau\u010de kako i gdje mogu kupiti potrebne lijekove po najni\u017eoj cijeni.<\/p>\n<p>S ponosom nudimo jedinstvene i najbolje ponude. Mo\u017eete ih pregledati vlastitim tempom, bez napu\u0161tanja udobnosti svog doma ili bez napu\u0161tanja radnog mjesta, te ih jednostavno podijeliti s voljenima i prijateljima bilo gdje u svijetu.<\/p>\n<p>Koristite prakti\u010dne alate za u\u0161tedu novca na recepte.<\/p>\n<p>Odaberite samo najbolje i vrijeme testirano:<\/p>\n<ul>\n<li>Dijeta pilule<\/li>\n<li>ADHD meds<\/li>\n<li>Bolesti za bolove<\/li>\n<li>Anksiozni lijekovi<\/li>\n<li>antidepresivi<\/li>\n<li>Tablete za spavanje<\/li>\n<li>Mi\u0161i\u0107ni relaksanti<\/li>\n<\/ul>\n<p>Kad napustite lije\u010dni\u010dki ured, mo\u017eete se suo\u010diti s ozbiljnim problemom: visokom cijenom lijekova.<\/p>\n<p>Preporu\u010dena medicina mo\u017eda nije uvijek najmanja opcija. Na\u017ealost, svi smo bili tamo.<\/p>\n<p>\u010cak i vi\u0161e problema nastaju kada se preporu\u010dujete dugoro\u010dno lije\u010denje, mjeseci ili godine zaredom. Nijedna osoba ne mo\u017ee priu\u0161titi da redovito kupuje skupe lijekove u bilo kojoj obli\u017enjoj ljekarni.<\/p>\n<p>Visoke cijene dovode do smanjenog pristupa lijekovima, osobito kod osoba s niskim primanjima jer jednostavno ne mogu priu\u0161titi lije\u010denje.<\/p>\n<p>Ali postoji izlaz!<\/p>\n<h2>Naru\u010dite lijekove s markom na mre\u017ei<\/h2>\n<p>Ankete provedene u SAD-u i drugim zemljama svijeta pokazale su ogromne tro\u0161kovne razlike poznatih robnih marki. Ako \u017eivite u zemlji s visokim dohodovnim razinama, najvjerojatnije \u0107e cijena lijekova s \u200b\u200bmarkom biti vrlo visoka.<\/p>\n<p>Postoji nekoliko razloga za\u0161to se to dogodi. Ali ne\u0107emo gubiti vrijeme da ih raspravimo u ovom \u010dlanku. Ne zaboravite da cijene lijekova s \u200b\u200brobnom markom mogu vremenom promijeniti i varirati, ovisno o zemlji distribucije.<\/p>\n<p>Imate priliku kupiti on-line lijekove s niskom cijenom. To je prava odluka, iako to uvijek ne poma\u017ee u postizanju maksimalnih u\u0161teda.<\/p>\n<h2>Kupite jeftine generi\u010dke lijekove<\/h2>\n<p>Imamo neke sjajne vijesti za vas!<\/p>\n<p>Sada mo\u017eete u\u0161tedjeti novac i smanjiti tro\u0161kove lije\u010denja nekoliko puta.<\/p>\n<p>Obratite pozornost na trenutne cijene generi\u010dkih lijekova. Oni su znatno ni\u017ei od cijena markiranih verzija.<\/p>\n<p>\u0160tovi\u0161e, redovito mo\u017eete primijetiti pad cijena generi\u010dkih lijekova. \u0160to su du\u017ee dostupni na farmaceutskom tr\u017ei\u0161tu, ni\u017ei su tro\u0161kovi. To je zbog stalnog rasta konkurencije me\u0111u proizvo\u0111a\u010dima.<\/p>\n<p>Za razliku od robne marke, cijene generi\u010dkih lijekova pada vrlo brzo. Njihov je tro\u0161ak obi\u010dno manji od polovine cijene lijekova s \u200b\u200brobnom markom.<\/p>\n<p>Mnoge generi\u010dke verzije lijekova na recept su doista pristupa\u010dne, pogotovo kada generi\u010dke proizvode proizvode vi\u0161e tvrtki.<\/p>\n<p>Ne morate brinuti o sigurnosti generika. Svaki od njih mora biti odobren prije odlaska na prodaju.<\/p>\n<p>Ameri\u010dka FDA, Europska medicinska agencija i druge vladine regulatorne agencije procjenjuju sigurnost generi\u010dkih lijekova gledaju\u0107i:<\/p>\n<ul>\n<li>Nuspojave<\/li>\n<li>Kako su proizvedeni<\/li>\n<li>Rezultati klini\u010dkih ispitivanja<\/li>\n<\/ul>\n<p>Budite sigurni da generici ne rade ni gore niti bolje od lijekova s \u200b\u200bmarkom, ali oni su mnogo jeftiniji. Imaju isti u\u010dinak i sigurnosni profil.<\/p>\n<p>Ne morate \u010dekati da se besplatni generici pojavljuju u lokalnim ljekarnama. Danas mo\u017eete naru\u010diti generi\u010dke lijekove po najboljoj cijeni i ne\u0107e vam trebati puno vremena i truda.<\/p>\n<p>Sve va\u0161e odluke i radnje utje\u010du na va\u0161e zdravlje, kao i na trenutnu i budu\u0107u financijsku situaciju.<\/p>\n<p>U\u010dinite pravu odluku. Nemojte propustiti priliku da u\u0161tedite mnogo novca danas!<\/p>","protected":false},"excerpt":{"rendered":"<p>DROGA ONLINE: U\u0160TEDI NOVAC NA PREDRACIJAMA Imate li zdravstvenih problema? Trebate li stru\u010dnu pomo\u0107? \u017delite li kupiti jeftine lijekove i rije\u0161iti svoje probleme? DOBRODO\u0160LI NA NA\u0160U WEB STRANICU! Meds over the counter mre\u017eni resurs stvara prakti\u010dna lije\u010dnika, medicinske sestre, istra\u017eiva\u010di, medicinski pisci i znanstveni prevoditelji. Na\u0161 veliki tim posve\u0107enih i suosje\u0107ajnih ljudi uspijeva pomo\u0107i pacijentima&#8230;.<\/p>\n","protected":false},"author":1,"featured_media":0,"parent":0,"menu_order":0,"comment_status":"closed","ping_status":"closed","template":"","meta":{"footnotes":""},"class_list":["post-46","page","type-page","status-publish","hentry"],"yoast_head":"<!-- This site is optimized with the Yoast SEO plugin v27.3 - https:\/\/yoast.com\/product\/yoast-seo-wordpress\/ -->\n<title>Hrvatska online drogerija<\/title>\n<meta name=\"description\" content=\"Hrvatska online drogerija. 100 % zajam\u010deno najni\u017ee cijene. Veliki izbor popularnih tableta.\" \/>\n<meta name=\"robots\" content=\"index, follow, max-snippet:-1, max-image-preview:large, max-video-preview:-1\" \/>\n<link rel=\"canonical\" href=\"https:\/\/requestartikel.com\/\" \/>\n<meta property=\"og:locale\" content=\"hr_HR\" \/>\n<meta property=\"og:type\" content=\"article\" \/>\n<meta property=\"og:title\" content=\"[:en]Save Money on Prescription Drugs | Guide for Patients [2018][:de]Deutschland Online-Apotheke[:sk]Slovenija spletna lekarna[:hr]Hrvatska online drogerija[:ro]Farmacie online din Romania[:pl]Polska drogeria internetowa[:hu]Magyarorsz\u00e1g online gy\u00f3gyszert\u00e1r[:es]Farmacia online Espa\u00f1a[:it]Farmacia online Italiana[:sv]Sverige online apotek[:fi]Suomen verkkoapteekki[:nl]Online drogisterij Nederland[:fr]Pharmacie en ligne France[:tr]T\u00fcrkiye online eczanesi[:pt]Farm\u00e1cia on-line de Portugal[:]\" \/>\n<meta property=\"og:description\" content=\"{:en}Sick and tired of spending thousands for your treatment? Who doesn\u2019t want to pay less for the same drugs? Get health information and health tips you can trust. Compare prices and find the best deals.{:de}Deutschland Online-Apotheke. 100 % garantiert niedrigste Preise. Riesige Auswahl an beliebten Pillen.{:sk}Slovenija spletna lekarna. 100 % zajam\u010deno najni\u017eje cene. Velika izbira priljubljenih tablet.{:hr}Hrvatska online drogerija. 100 % zajam\u010deno najni\u017ee cijene. Veliki izbor popularnih tableta.{:ro}Farmacie online din Romania. 100% garantate cele mai mici preturi. Selec\u021bie uria\u0219\u0103 de pastile populare.{:pl}Polska drogeria internetowa. 100% gwarancja najni\u017cszych cen. Ogromny wyb\u00f3r popularnych tabletek.{:hu}Magyarorsz\u00e1g online gy\u00f3gyszert\u00e1r. 100% garant\u00e1lt legalacsonyabb \u00e1rak. Hatalmas parge v\u00e1laszt\u00e9k n\u00e9pszer\u0171 tablett\u00e1k.{:es}Farmacia online Espa\u00f1a. Precios m\u00e1s bajos 100% garantizados. Gran selecci\u00f3n de pastillas populares.{:it}Farmacia online Italiana. Prezzi pi\u00f9 bassi garantiti al 100%. Vasta selezione di pillole popolari.{:sv}Sverige online apotek. 100 % garanterat l\u00e4gsta priser. Stort urval av popul\u00e4ra piller.{:fi}Suomen verkkoapteekki. 100 % taattu halvimmat hinnat. Valtava valikoima suosittuja pillereit\u00e4.{:nl}Online drogisterij Nederland. 100% gegarandeerd de laagste prijzen. Enorme selectie populaire pillen.{:fr}Pharmacie en ligne France. Prix les plus bas garantis \u00e0 100 %. \u00c9norme s\u00e9lection de pilules populaires.{:tr}T\u00fcrkiye online eczanesi. 100% garantili en d\u00fc\u015f\u00fck fiyatlar. \u00c7ok \u00e7e\u015fitli pop\u00fcler haplar.{:pt}Farm\u00e1cia on-line de Portugal. Pre\u00e7os mais baixos 100% garantidos. Enorme sele\u00e7\u00e3o de p\u00edlulas populares.{:}\" \/>\n<meta property=\"og:url\" content=\"https:\/\/requestartikel.com\/\" \/>\n<meta property=\"og:site_name\" content=\"Requestartikel.com\" \/>\n<meta property=\"article:modified_time\" content=\"2024-05-08T07:13:42+00:00\" \/>\n<meta name=\"twitter:card\" content=\"summary_large_image\" \/>\n<meta name=\"twitter:label1\" content=\"Procijenjeno vrijeme \u010ditanja\" \/>\n\t<meta name=\"twitter:data1\" content=\"63 minute\" \/>\n<script type=\"application\/ld+json\" class=\"yoast-schema-graph\">{\"@context\":\"https:\\\/\\\/schema.org\",\"@graph\":[{\"@type\":\"WebPage\",\"@id\":\"https:\\\/\\\/requestartikel.com\\\/\",\"url\":\"https:\\\/\\\/requestartikel.com\\\/\",\"name\":\"[:en]Save Money on Prescription Drugs | Guide for Patients [2018][:de]Deutschland Online-Apotheke[:sk]Slovenija spletna lekarna[:hr]Hrvatska online drogerija[:ro]Farmacie online din Romania[:pl]Polska drogeria internetowa[:hu]Magyarorsz\u00e1g online gy\u00f3gyszert\u00e1r[:es]Farmacia online Espa\u00f1a[:it]Farmacia online Italiana[:sv]Sverige online apotek[:fi]Suomen verkkoapteekki[:nl]Online drogisterij Nederland[:fr]Pharmacie en ligne France[:tr]T\u00fcrkiye online eczanesi[:pt]Farm\u00e1cia on-line de Portugal[:]\",\"isPartOf\":{\"@id\":\"https:\\\/\\\/requestartikel.com\\\/#website\"},\"datePublished\":\"2018-12-12T09:40:57+00:00\",\"dateModified\":\"2024-05-08T07:13:42+00:00\",\"description\":\"{:en}Sick and tired of spending thousands for your treatment? Who doesn\u2019t want to pay less for the same drugs? Get health information and health tips you can trust. Compare prices and find the best deals.{:de}Deutschland Online-Apotheke. 100 % garantiert niedrigste Preise. Riesige Auswahl an beliebten Pillen.{:sk}Slovenija spletna lekarna. 100 % zajam\u010deno najni\u017eje cene. Velika izbira priljubljenih tablet.{:hr}Hrvatska online drogerija. 100 % zajam\u010deno najni\u017ee cijene. Veliki izbor popularnih tableta.{:ro}Farmacie online din Romania. 100% garantate cele mai mici preturi. Selec\u021bie uria\u0219\u0103 de pastile populare.{:pl}Polska drogeria internetowa. 100% gwarancja najni\u017cszych cen. Ogromny wyb\u00f3r popularnych tabletek.{:hu}Magyarorsz\u00e1g online gy\u00f3gyszert\u00e1r. 100% garant\u00e1lt legalacsonyabb \u00e1rak. Hatalmas parge v\u00e1laszt\u00e9k n\u00e9pszer\u0171 tablett\u00e1k.{:es}Farmacia online Espa\u00f1a. Precios m\u00e1s bajos 100% garantizados. Gran selecci\u00f3n de pastillas populares.{:it}Farmacia online Italiana. Prezzi pi\u00f9 bassi garantiti al 100%. Vasta selezione di pillole popolari.{:sv}Sverige online apotek. 100 % garanterat l\u00e4gsta priser. Stort urval av popul\u00e4ra piller.{:fi}Suomen verkkoapteekki. 100 % taattu halvimmat hinnat. Valtava valikoima suosittuja pillereit\u00e4.{:nl}Online drogisterij Nederland. 100% gegarandeerd de laagste prijzen. Enorme selectie populaire pillen.{:fr}Pharmacie en ligne France. Prix les plus bas garantis \u00e0 100 %. \u00c9norme s\u00e9lection de pilules populaires.{:tr}T\u00fcrkiye online eczanesi. 100% garantili en d\u00fc\u015f\u00fck fiyatlar. \u00c7ok \u00e7e\u015fitli pop\u00fcler haplar.{:pt}Farm\u00e1cia on-line de Portugal. Pre\u00e7os mais baixos 100% garantidos. Enorme sele\u00e7\u00e3o de p\u00edlulas populares.{:}\",\"breadcrumb\":{\"@id\":\"https:\\\/\\\/requestartikel.com\\\/#breadcrumb\"},\"inLanguage\":\"hr\",\"potentialAction\":[{\"@type\":\"ReadAction\",\"target\":[\"https:\\\/\\\/requestartikel.com\\\/\"]}]},{\"@type\":\"BreadcrumbList\",\"@id\":\"https:\\\/\\\/requestartikel.com\\\/#breadcrumb\",\"itemListElement\":[{\"@type\":\"ListItem\",\"position\":1,\"name\":\"Home\",\"item\":\"https:\\\/\\\/requestartikel.com\\\/\"},{\"@type\":\"ListItem\",\"position\":2,\"name\":\"Home\"}]},{\"@type\":\"WebSite\",\"@id\":\"https:\\\/\\\/requestartikel.com\\\/#website\",\"url\":\"https:\\\/\\\/requestartikel.com\\\/\",\"name\":\"Requestartikel.com\",\"description\":\"\",\"potentialAction\":[{\"@type\":\"SearchAction\",\"target\":{\"@type\":\"EntryPoint\",\"urlTemplate\":\"https:\\\/\\\/requestartikel.com\\\/?s={search_term_string}\"},\"query-input\":{\"@type\":\"PropertyValueSpecification\",\"valueRequired\":true,\"valueName\":\"search_term_string\"}}],\"inLanguage\":\"hr\"}]}<\/script>\n<!-- \/ Yoast SEO plugin. -->","yoast_head_json":{"title":"Hrvatska online drogerija","description":"Hrvatska online drogerija. 100 % zajam\u010deno najni\u017ee cijene. Veliki izbor popularnih tableta.","robots":{"index":"index","follow":"follow","max-snippet":"max-snippet:-1","max-image-preview":"max-image-preview:large","max-video-preview":"max-video-preview:-1"},"canonical":"https:\/\/requestartikel.com\/","og_locale":"hr_HR","og_type":"article","og_title":"[:en]Save Money on Prescription Drugs | Guide for Patients [2018][:de]Deutschland Online-Apotheke[:sk]Slovenija spletna lekarna[:hr]Hrvatska online drogerija[:ro]Farmacie online din Romania[:pl]Polska drogeria internetowa[:hu]Magyarorsz\u00e1g online gy\u00f3gyszert\u00e1r[:es]Farmacia online Espa\u00f1a[:it]Farmacia online Italiana[:sv]Sverige online apotek[:fi]Suomen verkkoapteekki[:nl]Online drogisterij Nederland[:fr]Pharmacie en ligne France[:tr]T\u00fcrkiye online eczanesi[:pt]Farm\u00e1cia on-line de Portugal[:]","og_description":"{:en}Sick and tired of spending thousands for your treatment? Who doesn\u2019t want to pay less for the same drugs? Get health information and health tips you can trust. Compare prices and find the best deals.{:de}Deutschland Online-Apotheke. 100 % garantiert niedrigste Preise. Riesige Auswahl an beliebten Pillen.{:sk}Slovenija spletna lekarna. 100 % zajam\u010deno najni\u017eje cene. Velika izbira priljubljenih tablet.{:hr}Hrvatska online drogerija. 100 % zajam\u010deno najni\u017ee cijene. Veliki izbor popularnih tableta.{:ro}Farmacie online din Romania. 100% garantate cele mai mici preturi. Selec\u021bie uria\u0219\u0103 de pastile populare.{:pl}Polska drogeria internetowa. 100% gwarancja najni\u017cszych cen. Ogromny wyb\u00f3r popularnych tabletek.{:hu}Magyarorsz\u00e1g online gy\u00f3gyszert\u00e1r. 100% garant\u00e1lt legalacsonyabb \u00e1rak. Hatalmas parge v\u00e1laszt\u00e9k n\u00e9pszer\u0171 tablett\u00e1k.{:es}Farmacia online Espa\u00f1a. Precios m\u00e1s bajos 100% garantizados. Gran selecci\u00f3n de pastillas populares.{:it}Farmacia online Italiana. Prezzi pi\u00f9 bassi garantiti al 100%. Vasta selezione di pillole popolari.{:sv}Sverige online apotek. 100 % garanterat l\u00e4gsta priser. Stort urval av popul\u00e4ra piller.{:fi}Suomen verkkoapteekki. 100 % taattu halvimmat hinnat. Valtava valikoima suosittuja pillereit\u00e4.{:nl}Online drogisterij Nederland. 100% gegarandeerd de laagste prijzen. Enorme selectie populaire pillen.{:fr}Pharmacie en ligne France. Prix les plus bas garantis \u00e0 100 %. \u00c9norme s\u00e9lection de pilules populaires.{:tr}T\u00fcrkiye online eczanesi. 100% garantili en d\u00fc\u015f\u00fck fiyatlar. \u00c7ok \u00e7e\u015fitli pop\u00fcler haplar.{:pt}Farm\u00e1cia on-line de Portugal. Pre\u00e7os mais baixos 100% garantidos. Enorme sele\u00e7\u00e3o de p\u00edlulas populares.{:}","og_url":"https:\/\/requestartikel.com\/","og_site_name":"Requestartikel.com","article_modified_time":"2024-05-08T07:13:42+00:00","twitter_card":"summary_large_image","twitter_misc":{"Procijenjeno vrijeme \u010ditanja":"63 minute"},"schema":{"@context":"https:\/\/schema.org","@graph":[{"@type":"WebPage","@id":"https:\/\/requestartikel.com\/","url":"https:\/\/requestartikel.com\/","name":"[:en]Save Money on Prescription Drugs | Guide for Patients [2018][:de]Deutschland Online-Apotheke[:sk]Slovenija spletna lekarna[:hr]Hrvatska online drogerija[:ro]Farmacie online din Romania[:pl]Polska drogeria internetowa[:hu]Magyarorsz\u00e1g online gy\u00f3gyszert\u00e1r[:es]Farmacia online Espa\u00f1a[:it]Farmacia online Italiana[:sv]Sverige online apotek[:fi]Suomen verkkoapteekki[:nl]Online drogisterij Nederland[:fr]Pharmacie en ligne France[:tr]T\u00fcrkiye online eczanesi[:pt]Farm\u00e1cia on-line de Portugal[:]","isPartOf":{"@id":"https:\/\/requestartikel.com\/#website"},"datePublished":"2018-12-12T09:40:57+00:00","dateModified":"2024-05-08T07:13:42+00:00","description":"{:en}Sick and tired of spending thousands for your treatment? Who doesn\u2019t want to pay less for the same drugs? Get health information and health tips you can trust. Compare prices and find the best deals.{:de}Deutschland Online-Apotheke. 100 % garantiert niedrigste Preise. Riesige Auswahl an beliebten Pillen.{:sk}Slovenija spletna lekarna. 100 % zajam\u010deno najni\u017eje cene. Velika izbira priljubljenih tablet.{:hr}Hrvatska online drogerija. 100 % zajam\u010deno najni\u017ee cijene. Veliki izbor popularnih tableta.{:ro}Farmacie online din Romania. 100% garantate cele mai mici preturi. Selec\u021bie uria\u0219\u0103 de pastile populare.{:pl}Polska drogeria internetowa. 100% gwarancja najni\u017cszych cen. Ogromny wyb\u00f3r popularnych tabletek.{:hu}Magyarorsz\u00e1g online gy\u00f3gyszert\u00e1r. 100% garant\u00e1lt legalacsonyabb \u00e1rak. Hatalmas parge v\u00e1laszt\u00e9k n\u00e9pszer\u0171 tablett\u00e1k.{:es}Farmacia online Espa\u00f1a. Precios m\u00e1s bajos 100% garantizados. Gran selecci\u00f3n de pastillas populares.{:it}Farmacia online Italiana. Prezzi pi\u00f9 bassi garantiti al 100%. Vasta selezione di pillole popolari.{:sv}Sverige online apotek. 100 % garanterat l\u00e4gsta priser. Stort urval av popul\u00e4ra piller.{:fi}Suomen verkkoapteekki. 100 % taattu halvimmat hinnat. Valtava valikoima suosittuja pillereit\u00e4.{:nl}Online drogisterij Nederland. 100% gegarandeerd de laagste prijzen. Enorme selectie populaire pillen.{:fr}Pharmacie en ligne France. Prix les plus bas garantis \u00e0 100 %. \u00c9norme s\u00e9lection de pilules populaires.{:tr}T\u00fcrkiye online eczanesi. 100% garantili en d\u00fc\u015f\u00fck fiyatlar. \u00c7ok \u00e7e\u015fitli pop\u00fcler haplar.{:pt}Farm\u00e1cia on-line de Portugal. Pre\u00e7os mais baixos 100% garantidos. Enorme sele\u00e7\u00e3o de p\u00edlulas populares.{:}","breadcrumb":{"@id":"https:\/\/requestartikel.com\/#breadcrumb"},"inLanguage":"hr","potentialAction":[{"@type":"ReadAction","target":["https:\/\/requestartikel.com\/"]}]},{"@type":"BreadcrumbList","@id":"https:\/\/requestartikel.com\/#breadcrumb","itemListElement":[{"@type":"ListItem","position":1,"name":"Home","item":"https:\/\/requestartikel.com\/"},{"@type":"ListItem","position":2,"name":"Home"}]},{"@type":"WebSite","@id":"https:\/\/requestartikel.com\/#website","url":"https:\/\/requestartikel.com\/","name":"Requestartikel.com","description":"","potentialAction":[{"@type":"SearchAction","target":{"@type":"EntryPoint","urlTemplate":"https:\/\/requestartikel.com\/?s={search_term_string}"},"query-input":{"@type":"PropertyValueSpecification","valueRequired":true,"valueName":"search_term_string"}}],"inLanguage":"hr"}]}},"_links":{"self":[{"href":"https:\/\/requestartikel.com\/hr\/wp-json\/wp\/v2\/pages\/46","targetHints":{"allow":["GET"]}}],"collection":[{"href":"https:\/\/requestartikel.com\/hr\/wp-json\/wp\/v2\/pages"}],"about":[{"href":"https:\/\/requestartikel.com\/hr\/wp-json\/wp\/v2\/types\/page"}],"author":[{"embeddable":true,"href":"https:\/\/requestartikel.com\/hr\/wp-json\/wp\/v2\/users\/1"}],"replies":[{"embeddable":true,"href":"https:\/\/requestartikel.com\/hr\/wp-json\/wp\/v2\/comments?post=46"}],"version-history":[{"count":0,"href":"https:\/\/requestartikel.com\/hr\/wp-json\/wp\/v2\/pages\/46\/revisions"}],"wp:attachment":[{"href":"https:\/\/requestartikel.com\/hr\/wp-json\/wp\/v2\/media?parent=46"}],"curies":[{"name":"wp","href":"https:\/\/api.w.org\/{rel}","templated":true}]}}