{"id":46,"date":"2018-12-12T09:40:57","date_gmt":"2018-12-12T09:40:57","guid":{"rendered":"http:\/\/requestartikel.com\/?page_id=46"},"modified":"2024-05-08T07:13:42","modified_gmt":"2024-05-08T07:13:42","slug":"tr","status":"publish","type":"page","link":"https:\/\/requestartikel.com\/fi\/","title":{"rendered":"Koti"},"content":{"rendered":"<p><\/p>\n<h2>L\u00c4\u00c4KKEET ONLINE: s\u00e4\u00e4st\u00e4 rahaa ehdoista<\/h2>\n<ul>\n<li>Onko sinulla terveysongelmia?<\/li>\n<li>Tarvitsetko ammattimaista apua?<\/li>\n<li>Haluatko ostaa edullisia huumeita ja ratkaista ongelmasi?<\/li>\n<\/ul>\n<p>TERVETULOA WEB-sivujemme!<\/p>\n<p>Meds over the counter -verkkosivustosta luo harjoittavat l\u00e4\u00e4k\u00e4rit, sairaanhoitajat, tutkijat, l\u00e4\u00e4ketieteelliset kirjoittajat ja tieteelliset k\u00e4\u00e4nt\u00e4j\u00e4t.<\/p>\n<p>Suuri joukko omistautuneita ja my\u00f6t\u00e4tuntoisia ihmisi\u00e4 onnistuu auttamaan potilaita.<\/p>\n<p>Kaikki neuvonta on maksutonta, jotta l\u00f6ydett\u00e4isiin tarvittavat l\u00e4\u00e4ketieteelliset tiedot ja saat asianmukaisen hoidon.<\/p>\n<p>Aiheet, jotka on peitetty Medsin tiskill\u00e4, sis\u00e4lt\u00e4v\u00e4t terveydentilaa, l\u00e4\u00e4ketieteellisi\u00e4 toimenpiteit\u00e4 sek\u00e4 jokap\u00e4iv\u00e4isi\u00e4 terveys- ja hyvinvointikysymyksi\u00e4.<\/p>\n<p>JA T\u00c4RKE\u00c4\u00c4!<\/p>\n<p>Sinulla on ainutlaatuinen mahdollisuus ostaa edullisia huumeita, joihin luotat!<\/p>\n<p>Ei siin\u00e4 kaikki.<\/p>\n<ul>\n<li>Lue reseptil\u00e4\u00e4kkeist\u00e4si ja reseptil\u00e4\u00e4kkeist\u00e4si.<\/li>\n<li>Varmista niiden tehokkuus ja turvallisuus.<\/li>\n<li>Lue annostuksesta, haittavaikutuksista ja varotoimenpiteist\u00e4.<\/li>\n<\/ul>\n<p>Huolimatta siit\u00e4, ett\u00e4 sinulla on kohtuuhintaisia \u200b\u200bl\u00e4\u00e4kkeit\u00e4, pid\u00e4 mieless\u00e4, ett\u00e4 kaikki terveydenhuollon ongelmat, kysymykset ja p\u00e4\u00e4t\u00f6kset tulee keskustella l\u00e4\u00e4k\u00e4risi neuvonantajan kanssa.<\/p>\n<p>Yhteisty\u00f6ss\u00e4 l\u00e4\u00e4k\u00e4risi kanssa voit m\u00e4\u00e4ritt\u00e4\u00e4 yhdess\u00e4, mitk\u00e4 l\u00e4\u00e4kkeet ovat parhaiten k\u00e4yt\u00f6ss\u00e4 ottaen huomioon ik\u00e4si, terveydentilasi ja riskitekij\u00e4t.<\/p>\n<p>Teemme parhaamme auttaaksemme k\u00e4vij\u00f6it\u00e4 oppimaan, miten ja miss\u00e4 he voivat ostaa vaaditut huumeet halvimmalla hinnalla.<\/p>\n<p>Tarjoamme ylpe\u00e4n\u00e4 ainutlaatuisia ja parhaita tarjouksia. Voit tarkastella niit\u00e4 omalla vauhdillasi j\u00e4tt\u00e4m\u00e4ll\u00e4 kotiisi mukavaksi tai poistumatta ty\u00f6paikastasi ja jakamalla ne helposti rakkaiden ja yst\u00e4vien kanssa kaikkialla maailmassa.<\/p>\n<p>K\u00e4yt\u00e4 k\u00e4tevi\u00e4 ty\u00f6kaluja s\u00e4\u00e4st\u00e4m\u00e4\u00e4n reseptej\u00e4.<\/p>\n<p>Valitse vain paras ja aika testattu:<\/p>\n<ul>\n<li>Ruokavalio pillerit<\/li>\n<li>ADHD-l\u00e4\u00e4kkeet<\/li>\n<li>Kivunlievitykseen tarkoitetut pillerit<\/li>\n<li>Ahdistuneisuusl\u00e4\u00e4kkeet<\/li>\n<li>masennusl\u00e4\u00e4kkeet<\/li>\n<li>Unil\u00e4\u00e4kkeet<\/li>\n<li>Lihasrelaksantit<\/li>\n<\/ul>\n<p>Kun l\u00e4hdet l\u00e4\u00e4k\u00e4risi toimistosta, saatat joutua kohtaamaan vakava ongelma: huumeiden korkeat kustannukset.<\/p>\n<p>Suositeltu l\u00e4\u00e4ketiede ei aina ole edullisin vaihtoehto. Valitettavasti olemme kaikki olleet siell\u00e4.<\/p>\n<p>Viel\u00e4 enemm\u00e4n ongelmia ilmenee, kun suositellaan pitk\u00e4aikaista hoitoa, kuukautta tai vuotta per\u00e4kk\u00e4in. Kaikilla ihmisill\u00e4 ei ole varaa ostaa s\u00e4\u00e4nn\u00f6llisesti kalliita l\u00e4\u00e4kkeit\u00e4 miss\u00e4\u00e4n l\u00e4heisess\u00e4 apteekissa.<\/p>\n<p>Korkea hintataso v\u00e4hent\u00e4\u00e4 l\u00e4\u00e4kkeiden saatavuutta etenkin pienituloisille, koska heill\u00e4 ei yksinkertaisesti ole varaa hoitoon.<\/p>\n<p>Mutta siell\u00e4 on mahdollisuus!<\/p>\n<h2>Tilaa merkkituotteita verkossa<\/h2>\n<p>Yhdysvalloissa ja muissa maailman maissa tehdyt tutkimukset ovat osoittaneet huomattavia kustannuseroja tunnetuista tuotemerkeist\u00e4. Jos asut korkeassa tulotasossa, todenn\u00e4k\u00f6isesti merkkituotteiden hinta on eritt\u00e4in korkea.<\/p>\n<p>On monia syit\u00e4, miksi n\u00e4in tapahtuu. Mutta emme tuhlaa aikaa keskustelemaan heist\u00e4 t\u00e4ss\u00e4 artikkelissa. Muista vain, ett\u00e4 br\u00e4ndil\u00e4\u00e4kkeiden hinnat voivat muuttua ajan my\u00f6t\u00e4 ja vaihtelevat jakelum\u00e4\u00e4r\u00e4n mukaan.<\/p>\n<p>Sinulla on mahdollisuus ostaa edullisia tuotenime\u00e4 l\u00e4\u00e4kkeit\u00e4 verkossa. T\u00e4m\u00e4 on oikea p\u00e4\u00e4t\u00f6s, vaikka se ei aina auttaisi saavuttamaan mahdollisimman suuria s\u00e4\u00e4st\u00f6j\u00e4.<\/p>\n<h2>Osta halpoja geneerisi\u00e4 l\u00e4\u00e4kkeit\u00e4<\/h2>\n<p>Meill\u00e4 on hienoja uutisia sinulle!<\/p>\n<p>Voit s\u00e4\u00e4st\u00e4\u00e4 rahaa juuri nyt ja v\u00e4hent\u00e4\u00e4 hoidon kustannuksia useita kertoja.<\/p>\n<p>Kiinnitt\u00e4k\u00e4\u00e4 huomionne geneeristen l\u00e4\u00e4kkeiden nykyisiin hintoihin. Ne ovat paljon alhaisempia kuin merkkituotteiden versioiden hinnat.<\/p>\n<p>Lis\u00e4ksi voit s\u00e4\u00e4nn\u00f6llisesti huomata yleisten l\u00e4\u00e4kkeiden hintojen laskun. Mit\u00e4 kauemmin ne ovat saatavilla l\u00e4\u00e4kemarkkinoilla, sit\u00e4 pienemm\u00e4t kustannukset. T\u00e4m\u00e4 johtuu valmistajien v\u00e4lisen kilpailun jatkuvasta kasvusta.<\/p>\n<p>Toisin kuin br\u00e4ndi, geneeristen l\u00e4\u00e4kkeiden hinnat laskevat hyvin nopeasti. Niiden kustannukset ovat tavallisesti alle puolet br\u00e4ndin huumeiden hinnasta.<\/p>\n<p>Monet reseptil\u00e4\u00e4kkeiden geneeriset versiot ovat todella kohtuuhintaisia, varsinkin kun useat yritykset tuottavat geneerisi\u00e4 valmisteita.<\/p>\n<p>Sinun ei tarvitse huolehtia geneeristen l\u00e4\u00e4kkeiden turvallisuudesta. Jokainen niist\u00e4 on hyv\u00e4ksytt\u00e4v\u00e4 ennen myynti\u00e4.<\/p>\n<p>Yhdysvaltain FDA, Euroopan l\u00e4\u00e4kevirasto ja muut hallintoviranomaiset arvioivat geneeristen l\u00e4\u00e4kkeiden turvallisuutta tarkastelemalla:<\/p>\n<ul>\n<li>Sivuvaikutukset<\/li>\n<li>Miten he valmistetaan<\/li>\n<li>Kliinisten tutkimusten tulokset<\/li>\n<\/ul>\n<p>Varmista, ett\u00e4 geneeriset l\u00e4\u00e4kkeet eiv\u00e4t toimi pahimmillaan ja paremmiksi kuin merkkituotteet, mutta ne ovat paljon halvempia. Heill\u00e4 on sama tehokkuus- ja turvallisuusprofiili.<\/p>\n<p>Sinun ei tarvitse odottaa halpoja geneerisi\u00e4 l\u00e4\u00e4kkeit\u00e4 esiintym\u00e4\u00e4n paikallisissa apteekeissa. T\u00e4n\u00e4\u00e4n voit tilata geneerisi\u00e4 l\u00e4\u00e4kkeit\u00e4 parhaalla hinnalla, eik\u00e4 se vie paljon aikaa tai vaivaa.<\/p>\n<p>Kaikki p\u00e4\u00e4t\u00f6kset ja toimet vaikuttavat terveyteesi sek\u00e4 nykyiseen ja tulevaan taloudelliseen tilanteeseen.<\/p>\n<p>Tee oikea p\u00e4\u00e4t\u00f6s. \u00c4l\u00e4 menet\u00e4 tilaisuutta s\u00e4\u00e4st\u00e4\u00e4 paljon rahaa t\u00e4n\u00e4\u00e4n!<\/p>","protected":false},"excerpt":{"rendered":"<p>L\u00c4\u00c4KKEET ONLINE: s\u00e4\u00e4st\u00e4 rahaa ehdoista Onko sinulla terveysongelmia? Tarvitsetko ammattimaista apua? Haluatko ostaa edullisia huumeita ja ratkaista ongelmasi? TERVETULOA WEB-sivujemme! Meds over the counter -verkkosivustosta luo harjoittavat l\u00e4\u00e4k\u00e4rit, sairaanhoitajat, tutkijat, l\u00e4\u00e4ketieteelliset kirjoittajat ja tieteelliset k\u00e4\u00e4nt\u00e4j\u00e4t. Suuri joukko omistautuneita ja my\u00f6t\u00e4tuntoisia ihmisi\u00e4 onnistuu auttamaan potilaita. Kaikki neuvonta on maksutonta, jotta l\u00f6ydett\u00e4isiin tarvittavat l\u00e4\u00e4ketieteelliset tiedot ja saat&#8230;<\/p>\n","protected":false},"author":1,"featured_media":0,"parent":0,"menu_order":0,"comment_status":"closed","ping_status":"closed","template":"","meta":{"footnotes":""},"class_list":["post-46","page","type-page","status-publish","hentry"],"yoast_head":"<!-- This site is optimized with the Yoast SEO plugin v27.4 - https:\/\/yoast.com\/product\/yoast-seo-wordpress\/ -->\n<title>Suomen verkkoapteekki<\/title>\n<meta name=\"description\" content=\"Suomen verkkoapteekki. 100 % taattu halvimmat hinnat. Valtava valikoima suosittuja pillereit\u00e4.\" \/>\n<meta name=\"robots\" content=\"index, follow, max-snippet:-1, max-image-preview:large, max-video-preview:-1\" \/>\n<link rel=\"canonical\" href=\"https:\/\/requestartikel.com\/\" \/>\n<meta property=\"og:locale\" content=\"fi_FI\" \/>\n<meta property=\"og:type\" content=\"article\" \/>\n<meta property=\"og:title\" content=\"[:en]Save Money on Prescription Drugs | Guide for Patients [2018][:de]Deutschland Online-Apotheke[:sk]Slovenija spletna lekarna[:hr]Hrvatska online drogerija[:ro]Farmacie online din Romania[:pl]Polska drogeria internetowa[:hu]Magyarorsz\u00e1g online gy\u00f3gyszert\u00e1r[:es]Farmacia online Espa\u00f1a[:it]Farmacia online Italiana[:sv]Sverige online apotek[:fi]Suomen verkkoapteekki[:nl]Online drogisterij Nederland[:fr]Pharmacie en ligne France[:tr]T\u00fcrkiye online eczanesi[:pt]Farm\u00e1cia on-line de Portugal[:]\" \/>\n<meta property=\"og:description\" content=\"{:en}Sick and tired of spending thousands for your treatment? Who doesn\u2019t want to pay less for the same drugs? Get health information and health tips you can trust. Compare prices and find the best deals.{:de}Deutschland Online-Apotheke. 100 % garantiert niedrigste Preise. Riesige Auswahl an beliebten Pillen.{:sk}Slovenija spletna lekarna. 100 % zajam\u010deno najni\u017eje cene. Velika izbira priljubljenih tablet.{:hr}Hrvatska online drogerija. 100 % zajam\u010deno najni\u017ee cijene. Veliki izbor popularnih tableta.{:ro}Farmacie online din Romania. 100% garantate cele mai mici preturi. Selec\u021bie uria\u0219\u0103 de pastile populare.{:pl}Polska drogeria internetowa. 100% gwarancja najni\u017cszych cen. Ogromny wyb\u00f3r popularnych tabletek.{:hu}Magyarorsz\u00e1g online gy\u00f3gyszert\u00e1r. 100% garant\u00e1lt legalacsonyabb \u00e1rak. Hatalmas parge v\u00e1laszt\u00e9k n\u00e9pszer\u0171 tablett\u00e1k.{:es}Farmacia online Espa\u00f1a. Precios m\u00e1s bajos 100% garantizados. Gran selecci\u00f3n de pastillas populares.{:it}Farmacia online Italiana. Prezzi pi\u00f9 bassi garantiti al 100%. Vasta selezione di pillole popolari.{:sv}Sverige online apotek. 100 % garanterat l\u00e4gsta priser. Stort urval av popul\u00e4ra piller.{:fi}Suomen verkkoapteekki. 100 % taattu halvimmat hinnat. Valtava valikoima suosittuja pillereit\u00e4.{:nl}Online drogisterij Nederland. 100% gegarandeerd de laagste prijzen. Enorme selectie populaire pillen.{:fr}Pharmacie en ligne France. Prix les plus bas garantis \u00e0 100 %. \u00c9norme s\u00e9lection de pilules populaires.{:tr}T\u00fcrkiye online eczanesi. 100% garantili en d\u00fc\u015f\u00fck fiyatlar. \u00c7ok \u00e7e\u015fitli pop\u00fcler haplar.{:pt}Farm\u00e1cia on-line de Portugal. Pre\u00e7os mais baixos 100% garantidos. Enorme sele\u00e7\u00e3o de p\u00edlulas populares.{:}\" \/>\n<meta property=\"og:url\" content=\"https:\/\/requestartikel.com\/\" \/>\n<meta property=\"og:site_name\" content=\"Requestartikel.com\" \/>\n<meta property=\"article:modified_time\" content=\"2024-05-08T07:13:42+00:00\" \/>\n<meta name=\"twitter:card\" content=\"summary_large_image\" \/>\n<meta name=\"twitter:label1\" content=\"Arvioitu lukuaika\" \/>\n\t<meta name=\"twitter:data1\" content=\"63 minuuttia\" \/>\n<script type=\"application\/ld+json\" class=\"yoast-schema-graph\">{\"@context\":\"https:\\\/\\\/schema.org\",\"@graph\":[{\"@type\":\"WebPage\",\"@id\":\"https:\\\/\\\/requestartikel.com\\\/\",\"url\":\"https:\\\/\\\/requestartikel.com\\\/\",\"name\":\"[:en]Save Money on Prescription Drugs | Guide for Patients [2018][:de]Deutschland Online-Apotheke[:sk]Slovenija spletna lekarna[:hr]Hrvatska online drogerija[:ro]Farmacie online din Romania[:pl]Polska drogeria internetowa[:hu]Magyarorsz\u00e1g online gy\u00f3gyszert\u00e1r[:es]Farmacia online Espa\u00f1a[:it]Farmacia online Italiana[:sv]Sverige online apotek[:fi]Suomen verkkoapteekki[:nl]Online drogisterij Nederland[:fr]Pharmacie en ligne France[:tr]T\u00fcrkiye online eczanesi[:pt]Farm\u00e1cia on-line de Portugal[:]\",\"isPartOf\":{\"@id\":\"https:\\\/\\\/requestartikel.com\\\/#website\"},\"datePublished\":\"2018-12-12T09:40:57+00:00\",\"dateModified\":\"2024-05-08T07:13:42+00:00\",\"description\":\"{:en}Sick and tired of spending thousands for your treatment? Who doesn\u2019t want to pay less for the same drugs? Get health information and health tips you can trust. Compare prices and find the best deals.{:de}Deutschland Online-Apotheke. 100 % garantiert niedrigste Preise. Riesige Auswahl an beliebten Pillen.{:sk}Slovenija spletna lekarna. 100 % zajam\u010deno najni\u017eje cene. Velika izbira priljubljenih tablet.{:hr}Hrvatska online drogerija. 100 % zajam\u010deno najni\u017ee cijene. Veliki izbor popularnih tableta.{:ro}Farmacie online din Romania. 100% garantate cele mai mici preturi. Selec\u021bie uria\u0219\u0103 de pastile populare.{:pl}Polska drogeria internetowa. 100% gwarancja najni\u017cszych cen. Ogromny wyb\u00f3r popularnych tabletek.{:hu}Magyarorsz\u00e1g online gy\u00f3gyszert\u00e1r. 100% garant\u00e1lt legalacsonyabb \u00e1rak. Hatalmas parge v\u00e1laszt\u00e9k n\u00e9pszer\u0171 tablett\u00e1k.{:es}Farmacia online Espa\u00f1a. Precios m\u00e1s bajos 100% garantizados. Gran selecci\u00f3n de pastillas populares.{:it}Farmacia online Italiana. Prezzi pi\u00f9 bassi garantiti al 100%. Vasta selezione di pillole popolari.{:sv}Sverige online apotek. 100 % garanterat l\u00e4gsta priser. Stort urval av popul\u00e4ra piller.{:fi}Suomen verkkoapteekki. 100 % taattu halvimmat hinnat. Valtava valikoima suosittuja pillereit\u00e4.{:nl}Online drogisterij Nederland. 100% gegarandeerd de laagste prijzen. Enorme selectie populaire pillen.{:fr}Pharmacie en ligne France. Prix les plus bas garantis \u00e0 100 %. \u00c9norme s\u00e9lection de pilules populaires.{:tr}T\u00fcrkiye online eczanesi. 100% garantili en d\u00fc\u015f\u00fck fiyatlar. \u00c7ok \u00e7e\u015fitli pop\u00fcler haplar.{:pt}Farm\u00e1cia on-line de Portugal. Pre\u00e7os mais baixos 100% garantidos. Enorme sele\u00e7\u00e3o de p\u00edlulas populares.{:}\",\"breadcrumb\":{\"@id\":\"https:\\\/\\\/requestartikel.com\\\/#breadcrumb\"},\"inLanguage\":\"fi\",\"potentialAction\":[{\"@type\":\"ReadAction\",\"target\":[\"https:\\\/\\\/requestartikel.com\\\/\"]}]},{\"@type\":\"BreadcrumbList\",\"@id\":\"https:\\\/\\\/requestartikel.com\\\/#breadcrumb\",\"itemListElement\":[{\"@type\":\"ListItem\",\"position\":1,\"name\":\"Home\",\"item\":\"https:\\\/\\\/requestartikel.com\\\/\"},{\"@type\":\"ListItem\",\"position\":2,\"name\":\"Home\"}]},{\"@type\":\"WebSite\",\"@id\":\"https:\\\/\\\/requestartikel.com\\\/#website\",\"url\":\"https:\\\/\\\/requestartikel.com\\\/\",\"name\":\"Requestartikel.com\",\"description\":\"\",\"potentialAction\":[{\"@type\":\"SearchAction\",\"target\":{\"@type\":\"EntryPoint\",\"urlTemplate\":\"https:\\\/\\\/requestartikel.com\\\/?s={search_term_string}\"},\"query-input\":{\"@type\":\"PropertyValueSpecification\",\"valueRequired\":true,\"valueName\":\"search_term_string\"}}],\"inLanguage\":\"fi\"}]}<\/script>\n<!-- \/ Yoast SEO plugin. -->","yoast_head_json":{"title":"Suomen verkkoapteekki","description":"Suomen verkkoapteekki. 100 % taattu halvimmat hinnat. Valtava valikoima suosittuja pillereit\u00e4.","robots":{"index":"index","follow":"follow","max-snippet":"max-snippet:-1","max-image-preview":"max-image-preview:large","max-video-preview":"max-video-preview:-1"},"canonical":"https:\/\/requestartikel.com\/","og_locale":"fi_FI","og_type":"article","og_title":"[:en]Save Money on Prescription Drugs | Guide for Patients [2018][:de]Deutschland Online-Apotheke[:sk]Slovenija spletna lekarna[:hr]Hrvatska online drogerija[:ro]Farmacie online din Romania[:pl]Polska drogeria internetowa[:hu]Magyarorsz\u00e1g online gy\u00f3gyszert\u00e1r[:es]Farmacia online Espa\u00f1a[:it]Farmacia online Italiana[:sv]Sverige online apotek[:fi]Suomen verkkoapteekki[:nl]Online drogisterij Nederland[:fr]Pharmacie en ligne France[:tr]T\u00fcrkiye online eczanesi[:pt]Farm\u00e1cia on-line de Portugal[:]","og_description":"{:en}Sick and tired of spending thousands for your treatment? Who doesn\u2019t want to pay less for the same drugs? Get health information and health tips you can trust. Compare prices and find the best deals.{:de}Deutschland Online-Apotheke. 100 % garantiert niedrigste Preise. Riesige Auswahl an beliebten Pillen.{:sk}Slovenija spletna lekarna. 100 % zajam\u010deno najni\u017eje cene. Velika izbira priljubljenih tablet.{:hr}Hrvatska online drogerija. 100 % zajam\u010deno najni\u017ee cijene. Veliki izbor popularnih tableta.{:ro}Farmacie online din Romania. 100% garantate cele mai mici preturi. Selec\u021bie uria\u0219\u0103 de pastile populare.{:pl}Polska drogeria internetowa. 100% gwarancja najni\u017cszych cen. Ogromny wyb\u00f3r popularnych tabletek.{:hu}Magyarorsz\u00e1g online gy\u00f3gyszert\u00e1r. 100% garant\u00e1lt legalacsonyabb \u00e1rak. Hatalmas parge v\u00e1laszt\u00e9k n\u00e9pszer\u0171 tablett\u00e1k.{:es}Farmacia online Espa\u00f1a. Precios m\u00e1s bajos 100% garantizados. Gran selecci\u00f3n de pastillas populares.{:it}Farmacia online Italiana. Prezzi pi\u00f9 bassi garantiti al 100%. Vasta selezione di pillole popolari.{:sv}Sverige online apotek. 100 % garanterat l\u00e4gsta priser. Stort urval av popul\u00e4ra piller.{:fi}Suomen verkkoapteekki. 100 % taattu halvimmat hinnat. Valtava valikoima suosittuja pillereit\u00e4.{:nl}Online drogisterij Nederland. 100% gegarandeerd de laagste prijzen. Enorme selectie populaire pillen.{:fr}Pharmacie en ligne France. Prix les plus bas garantis \u00e0 100 %. \u00c9norme s\u00e9lection de pilules populaires.{:tr}T\u00fcrkiye online eczanesi. 100% garantili en d\u00fc\u015f\u00fck fiyatlar. \u00c7ok \u00e7e\u015fitli pop\u00fcler haplar.{:pt}Farm\u00e1cia on-line de Portugal. Pre\u00e7os mais baixos 100% garantidos. Enorme sele\u00e7\u00e3o de p\u00edlulas populares.{:}","og_url":"https:\/\/requestartikel.com\/","og_site_name":"Requestartikel.com","article_modified_time":"2024-05-08T07:13:42+00:00","twitter_card":"summary_large_image","twitter_misc":{"Arvioitu lukuaika":"63 minuuttia"},"schema":{"@context":"https:\/\/schema.org","@graph":[{"@type":"WebPage","@id":"https:\/\/requestartikel.com\/","url":"https:\/\/requestartikel.com\/","name":"[:en]Save Money on Prescription Drugs | Guide for Patients [2018][:de]Deutschland Online-Apotheke[:sk]Slovenija spletna lekarna[:hr]Hrvatska online drogerija[:ro]Farmacie online din Romania[:pl]Polska drogeria internetowa[:hu]Magyarorsz\u00e1g online gy\u00f3gyszert\u00e1r[:es]Farmacia online Espa\u00f1a[:it]Farmacia online Italiana[:sv]Sverige online apotek[:fi]Suomen verkkoapteekki[:nl]Online drogisterij Nederland[:fr]Pharmacie en ligne France[:tr]T\u00fcrkiye online eczanesi[:pt]Farm\u00e1cia on-line de Portugal[:]","isPartOf":{"@id":"https:\/\/requestartikel.com\/#website"},"datePublished":"2018-12-12T09:40:57+00:00","dateModified":"2024-05-08T07:13:42+00:00","description":"{:en}Sick and tired of spending thousands for your treatment? Who doesn\u2019t want to pay less for the same drugs? Get health information and health tips you can trust. Compare prices and find the best deals.{:de}Deutschland Online-Apotheke. 100 % garantiert niedrigste Preise. Riesige Auswahl an beliebten Pillen.{:sk}Slovenija spletna lekarna. 100 % zajam\u010deno najni\u017eje cene. Velika izbira priljubljenih tablet.{:hr}Hrvatska online drogerija. 100 % zajam\u010deno najni\u017ee cijene. Veliki izbor popularnih tableta.{:ro}Farmacie online din Romania. 100% garantate cele mai mici preturi. Selec\u021bie uria\u0219\u0103 de pastile populare.{:pl}Polska drogeria internetowa. 100% gwarancja najni\u017cszych cen. Ogromny wyb\u00f3r popularnych tabletek.{:hu}Magyarorsz\u00e1g online gy\u00f3gyszert\u00e1r. 100% garant\u00e1lt legalacsonyabb \u00e1rak. Hatalmas parge v\u00e1laszt\u00e9k n\u00e9pszer\u0171 tablett\u00e1k.{:es}Farmacia online Espa\u00f1a. Precios m\u00e1s bajos 100% garantizados. Gran selecci\u00f3n de pastillas populares.{:it}Farmacia online Italiana. Prezzi pi\u00f9 bassi garantiti al 100%. Vasta selezione di pillole popolari.{:sv}Sverige online apotek. 100 % garanterat l\u00e4gsta priser. Stort urval av popul\u00e4ra piller.{:fi}Suomen verkkoapteekki. 100 % taattu halvimmat hinnat. Valtava valikoima suosittuja pillereit\u00e4.{:nl}Online drogisterij Nederland. 100% gegarandeerd de laagste prijzen. Enorme selectie populaire pillen.{:fr}Pharmacie en ligne France. Prix les plus bas garantis \u00e0 100 %. \u00c9norme s\u00e9lection de pilules populaires.{:tr}T\u00fcrkiye online eczanesi. 100% garantili en d\u00fc\u015f\u00fck fiyatlar. \u00c7ok \u00e7e\u015fitli pop\u00fcler haplar.{:pt}Farm\u00e1cia on-line de Portugal. Pre\u00e7os mais baixos 100% garantidos. Enorme sele\u00e7\u00e3o de p\u00edlulas populares.{:}","breadcrumb":{"@id":"https:\/\/requestartikel.com\/#breadcrumb"},"inLanguage":"fi","potentialAction":[{"@type":"ReadAction","target":["https:\/\/requestartikel.com\/"]}]},{"@type":"BreadcrumbList","@id":"https:\/\/requestartikel.com\/#breadcrumb","itemListElement":[{"@type":"ListItem","position":1,"name":"Home","item":"https:\/\/requestartikel.com\/"},{"@type":"ListItem","position":2,"name":"Home"}]},{"@type":"WebSite","@id":"https:\/\/requestartikel.com\/#website","url":"https:\/\/requestartikel.com\/","name":"Requestartikel.com","description":"","potentialAction":[{"@type":"SearchAction","target":{"@type":"EntryPoint","urlTemplate":"https:\/\/requestartikel.com\/?s={search_term_string}"},"query-input":{"@type":"PropertyValueSpecification","valueRequired":true,"valueName":"search_term_string"}}],"inLanguage":"fi"}]}},"_links":{"self":[{"href":"https:\/\/requestartikel.com\/fi\/wp-json\/wp\/v2\/pages\/46","targetHints":{"allow":["GET"]}}],"collection":[{"href":"https:\/\/requestartikel.com\/fi\/wp-json\/wp\/v2\/pages"}],"about":[{"href":"https:\/\/requestartikel.com\/fi\/wp-json\/wp\/v2\/types\/page"}],"author":[{"embeddable":true,"href":"https:\/\/requestartikel.com\/fi\/wp-json\/wp\/v2\/users\/1"}],"replies":[{"embeddable":true,"href":"https:\/\/requestartikel.com\/fi\/wp-json\/wp\/v2\/comments?post=46"}],"version-history":[{"count":0,"href":"https:\/\/requestartikel.com\/fi\/wp-json\/wp\/v2\/pages\/46\/revisions"}],"wp:attachment":[{"href":"https:\/\/requestartikel.com\/fi\/wp-json\/wp\/v2\/media?parent=46"}],"curies":[{"name":"wp","href":"https:\/\/api.w.org\/{rel}","templated":true}]}}