{"id":46,"date":"2018-12-12T09:40:57","date_gmt":"2018-12-12T09:40:57","guid":{"rendered":"http:\/\/requestartikel.com\/?page_id=46"},"modified":"2024-05-08T07:13:42","modified_gmt":"2024-05-08T07:13:42","slug":"tr","status":"publish","type":"page","link":"https:\/\/requestartikel.com\/fr\/","title":{"rendered":"Accueil"},"content":{"rendered":"<p><\/p>\n<h2>DROGUES EN LIGNE: \u00c9CONOMISER DE L&rsquo;ARGENT SUR DES PRESCRIPTIONS<\/h2>\n<ul>\n<li>Avez-vous des probl\u00e8mes de sant\u00e9?<\/li>\n<li>Vous avez besoin d&rsquo;une assistance professionnelle?<\/li>\n<li>Voulez-vous acheter des m\u00e9dicaments peu co\u00fbteux et r\u00e9soudre vos probl\u00e8mes?<\/li>\n<\/ul>\n<p>BIENVENUE SUR NOTRE SITE!<\/p>\n<p>La ressource en ligne Meds over the counter est cr\u00e9\u00e9e par des m\u00e9decins praticiens, des infirmi\u00e8res, des chercheurs, des r\u00e9dacteurs m\u00e9dicaux et des traducteurs scientifiques.<\/p>\n<p>Notre grande \u00e9quipe de personnes d\u00e9vou\u00e9es et compatissantes s&rsquo;efforce d&rsquo;aider les patients.<\/p>\n<p>Tous les conseils sont fournis gratuitement pour vous aider \u00e0 trouver les informations m\u00e9dicales n\u00e9cessaires et \u00e0 vous faire soigner.<\/p>\n<p>Les sujets abord\u00e9s dans Meds over the counter comprennent les probl\u00e8mes de sant\u00e9, les proc\u00e9dures m\u00e9dicales et les probl\u00e8mes de sant\u00e9 et de bien-\u00eatre au quotidien.<\/p>\n<p>ET LE PLUS IMPORTANT!<\/p>\n<p>Vous avez une occasion unique d&rsquo;acheter des m\u00e9dicaments peu co\u00fbteux en lesquels vous pouvez avoir confiance!<\/p>\n<p>Ce n&rsquo;est pas tout.<\/p>\n<ul>\n<li>En savoir plus sur vos m\u00e9dicaments sur ordonnance et sans ordonnance.<\/li>\n<li>Assurez-vous de leur efficacit\u00e9 et de leur s\u00e9curit\u00e9.<\/li>\n<li>Lisez \u00e0 propos de la posologie, des effets secondaires et des pr\u00e9cautions.<\/li>\n<\/ul>\n<p>Malgr\u00e9 le fait que vous ayez acc\u00e8s \u00e0 des m\u00e9dicaments abordables, gardez \u00e0 l\u2019esprit que toutes les pr\u00e9occupations, questions et d\u00e9cisions relatives aux soins de sant\u00e9 doivent faire l\u2019objet d\u2019une discussion avec vos conseillers m\u00e9dicaux.<\/p>\n<p>En partenariat avec votre m\u00e9decin, vous pouvez d\u00e9terminer ensemble les meilleurs m\u00e9dicaments \u00e0 utiliser, en fonction de votre \u00e2ge, de votre \u00e9tat de sant\u00e9 et de vos facteurs de risque.<\/p>\n<p>Nous faisons de notre mieux pour aider nos visiteurs \u00e0 savoir comment et o\u00f9 acheter les m\u00e9dicaments n\u00e9cessaires au prix le plus bas.<\/p>\n<p>Nous sommes fiers d&rsquo;offrir des offres uniques et meilleures. Vous pouvez les visualiser \u00e0 votre rythme, sans quitter le confort de votre maison ou votre lieu de travail, et les partager facilement avec vos proches et vos amis partout dans le monde.<\/p>\n<p>Utilisez des outils pratiques pour \u00e9conomiser de l&rsquo;argent sur les ordonnances.<\/p>\n<p>Choisissez seulement le meilleur et qui a fait ses preuves:<\/p>\n<ul>\n<li>Pilules amaigrissantes<\/li>\n<li>TDAH m\u00e9dicaments<\/li>\n<li>Pilules anti-douleur<\/li>\n<li>M\u00e9dicaments anti-anxi\u00e9t\u00e9<\/li>\n<li>Antid\u00e9presseurs<\/li>\n<li>Somnif\u00e8res<\/li>\n<li>Myorelaxants<\/li>\n<\/ul>\n<p>Lorsque vous quittez le cabinet du m\u00e9decin, vous pouvez \u00eatre confront\u00e9 \u00e0 un probl\u00e8me grave: le co\u00fbt \u00e9lev\u00e9 des m\u00e9dicaments.<\/p>\n<p>Les m\u00e9dicaments recommand\u00e9s peuvent ne pas toujours \u00eatre l&rsquo;option la moins ch\u00e8re. Malheureusement, nous sommes tous pass\u00e9s par l\u00e0.<\/p>\n<p>Encore plus de probl\u00e8mes se posent quand on vous recommande un traitement \u00e0 long terme, des mois ou des ann\u00e9es d&rsquo;affil\u00e9e. Toutes les personnes ne peuvent pas se permettre d&rsquo;acheter r\u00e9guli\u00e8rement des m\u00e9dicaments co\u00fbteux dans les pharmacies les plus proches.<\/p>\n<p>Les prix \u00e9lev\u00e9s entra\u00eenent un acc\u00e8s r\u00e9duit aux m\u00e9dicaments, en particulier pour les personnes \u00e0 faible revenu, car elles ne peuvent tout simplement pas se payer un traitement.<\/p>\n<p>MAIS IL Y A UNE SORTIE!<\/p>\n<h2>Commandez des m\u00e9dicaments de marque en ligne<\/h2>\n<p>Des enqu\u00eates men\u00e9es aux \u00c9tats-Unis et dans d&rsquo;autres pays du monde ont mis en \u00e9vidence d&rsquo;\u00e9normes diff\u00e9rences de co\u00fbts entre les marques bien connues. Si vous vivez dans un pays o\u00f9 les revenus sont \u00e9lev\u00e9s, le prix des m\u00e9dicaments de marque sera tr\u00e8s probablement tr\u00e8s \u00e9lev\u00e9.<\/p>\n<p>Cela se produit pour plusieurs raisons. Mais nous ne perdrons pas votre temps \u00e0 en discuter dans cet article. Rappelez-vous simplement que les prix des m\u00e9dicaments de marque peuvent changer au fil du temps et varier en fonction du pays de distribution.<\/p>\n<p>Vous avez la possibilit\u00e9 d&rsquo;acheter en ligne des m\u00e9dicaments de marque \u00e0 faible co\u00fbt. C&rsquo;est la bonne d\u00e9cision, m\u00eame si cela ne permet pas toujours de r\u00e9aliser le maximum d&rsquo;\u00e9conomies.<\/p>\n<h2>Acheter des m\u00e9dicaments g\u00e9n\u00e9riques bon march\u00e9<\/h2>\n<p>Nous avons de bonnes nouvelles pour vous!<\/p>\n<p>Vous pouvez \u00e9conomiser de l&rsquo;argent tout de suite et r\u00e9duire plusieurs fois le co\u00fbt de votre traitement.<\/p>\n<p>Faites attention aux prix actuels des m\u00e9dicaments g\u00e9n\u00e9riques. Ils sont beaucoup plus bas que les prix des versions de marque.<\/p>\n<p>De plus, vous pouvez constater r\u00e9guli\u00e8rement la chute des prix des m\u00e9dicaments g\u00e9n\u00e9riques. Plus ils sont disponibles sur le march\u00e9 pharmaceutique, plus les co\u00fbts sont bas. Cela est d\u00fb \u00e0 la croissance constante de la concurrence entre les fabricants.<\/p>\n<p>Contrairement \u00e0 la marque, les prix des g\u00e9n\u00e9riques baissent tr\u00e8s rapidement. Leur co\u00fbt est g\u00e9n\u00e9ralement inf\u00e9rieur \u00e0 la moiti\u00e9 du prix des m\u00e9dicaments d&rsquo;origine.<\/p>\n<p>De nombreuses versions g\u00e9n\u00e9riques des m\u00e9dicaments sur ordonnance sont vraiment abordables, en particulier lorsque les g\u00e9n\u00e9riques sont produits par plusieurs soci\u00e9t\u00e9s.<\/p>\n<p>Vous n&rsquo;avez pas \u00e0 vous soucier de la s\u00e9curit\u00e9 des g\u00e9n\u00e9riques. Chacun d&rsquo;entre eux doit \u00eatre approuv\u00e9 avant d&rsquo;\u00eatre mis en vente.<\/p>\n<p>La FDA des \u00c9tats-Unis, l&rsquo;Agence m\u00e9dicale europ\u00e9enne et d&rsquo;autres organismes de r\u00e9glementation gouvernementaux \u00e9valuent la s\u00e9curit\u00e9 des m\u00e9dicaments g\u00e9n\u00e9riques en examinant:<\/p>\n<ul>\n<li>Effets secondaires<\/li>\n<li>Comment ils sont fabriqu\u00e9s<\/li>\n<li>R\u00e9sultats d&rsquo;essais cliniques<\/li>\n<\/ul>\n<p>Assurez-vous que les m\u00e9dicaments g\u00e9n\u00e9riques ne fonctionnent pas mieux ni mieux que les m\u00e9dicaments de marque, mais ils sont beaucoup moins chers. Ils ont le m\u00eame profil d&rsquo;efficacit\u00e9 et de s\u00e9curit\u00e9.<\/p>\n<p>Vous n&rsquo;avez pas \u00e0 attendre que des g\u00e9n\u00e9riques bon march\u00e9 apparaissent dans les pharmacies locales. Aujourd\u2019hui, vous pouvez commander des g\u00e9n\u00e9riques au meilleur prix sans perdre beaucoup de temps et d\u2019efforts.<\/p>\n<p>Toutes vos d\u00e9cisions et actions affectent votre sant\u00e9, ainsi que votre situation financi\u00e8re actuelle et future.<\/p>\n<p>Prendre la bonne d\u00e9cision. Ne manquez pas l&rsquo;occasion d&rsquo;\u00e9conomiser beaucoup d&rsquo;argent aujourd&rsquo;hui!<\/p>","protected":false},"excerpt":{"rendered":"<p>DROGUES EN LIGNE: \u00c9CONOMISER DE L&rsquo;ARGENT SUR DES PRESCRIPTIONS Avez-vous des probl\u00e8mes de sant\u00e9? Vous avez besoin d&rsquo;une assistance professionnelle? Voulez-vous acheter des m\u00e9dicaments peu co\u00fbteux et r\u00e9soudre vos probl\u00e8mes? BIENVENUE SUR NOTRE SITE! La ressource en ligne Meds over the counter est cr\u00e9\u00e9e par des m\u00e9decins praticiens, des infirmi\u00e8res, des chercheurs, des r\u00e9dacteurs m\u00e9dicaux&#8230;<\/p>\n","protected":false},"author":1,"featured_media":0,"parent":0,"menu_order":0,"comment_status":"closed","ping_status":"closed","template":"","meta":{"footnotes":""},"class_list":["post-46","page","type-page","status-publish","hentry"],"yoast_head":"<!-- This site is optimized with the Yoast SEO plugin v27.3 - https:\/\/yoast.com\/product\/yoast-seo-wordpress\/ -->\n<title>Pharmacie en ligne France<\/title>\n<meta name=\"description\" content=\"Pharmacie en ligne France. Prix les plus bas garantis \u00e0 100 %. \u00c9norme s\u00e9lection de pilules populaires.\" \/>\n<meta name=\"robots\" content=\"index, follow, max-snippet:-1, max-image-preview:large, max-video-preview:-1\" \/>\n<link rel=\"canonical\" href=\"https:\/\/requestartikel.com\/\" \/>\n<meta property=\"og:locale\" content=\"fr_FR\" \/>\n<meta property=\"og:type\" content=\"article\" \/>\n<meta property=\"og:title\" content=\"[:en]Save Money on Prescription Drugs | Guide for Patients [2018][:de]Deutschland Online-Apotheke[:sk]Slovenija spletna lekarna[:hr]Hrvatska online drogerija[:ro]Farmacie online din Romania[:pl]Polska drogeria internetowa[:hu]Magyarorsz\u00e1g online gy\u00f3gyszert\u00e1r[:es]Farmacia online Espa\u00f1a[:it]Farmacia online Italiana[:sv]Sverige online apotek[:fi]Suomen verkkoapteekki[:nl]Online drogisterij Nederland[:fr]Pharmacie en ligne France[:tr]T\u00fcrkiye online eczanesi[:pt]Farm\u00e1cia on-line de Portugal[:]\" \/>\n<meta property=\"og:description\" content=\"{:en}Sick and tired of spending thousands for your treatment? Who doesn\u2019t want to pay less for the same drugs? Get health information and health tips you can trust. Compare prices and find the best deals.{:de}Deutschland Online-Apotheke. 100 % garantiert niedrigste Preise. Riesige Auswahl an beliebten Pillen.{:sk}Slovenija spletna lekarna. 100 % zajam\u010deno najni\u017eje cene. Velika izbira priljubljenih tablet.{:hr}Hrvatska online drogerija. 100 % zajam\u010deno najni\u017ee cijene. Veliki izbor popularnih tableta.{:ro}Farmacie online din Romania. 100% garantate cele mai mici preturi. Selec\u021bie uria\u0219\u0103 de pastile populare.{:pl}Polska drogeria internetowa. 100% gwarancja najni\u017cszych cen. Ogromny wyb\u00f3r popularnych tabletek.{:hu}Magyarorsz\u00e1g online gy\u00f3gyszert\u00e1r. 100% garant\u00e1lt legalacsonyabb \u00e1rak. Hatalmas parge v\u00e1laszt\u00e9k n\u00e9pszer\u0171 tablett\u00e1k.{:es}Farmacia online Espa\u00f1a. Precios m\u00e1s bajos 100% garantizados. Gran selecci\u00f3n de pastillas populares.{:it}Farmacia online Italiana. Prezzi pi\u00f9 bassi garantiti al 100%. Vasta selezione di pillole popolari.{:sv}Sverige online apotek. 100 % garanterat l\u00e4gsta priser. Stort urval av popul\u00e4ra piller.{:fi}Suomen verkkoapteekki. 100 % taattu halvimmat hinnat. Valtava valikoima suosittuja pillereit\u00e4.{:nl}Online drogisterij Nederland. 100% gegarandeerd de laagste prijzen. Enorme selectie populaire pillen.{:fr}Pharmacie en ligne France. Prix les plus bas garantis \u00e0 100 %. \u00c9norme s\u00e9lection de pilules populaires.{:tr}T\u00fcrkiye online eczanesi. 100% garantili en d\u00fc\u015f\u00fck fiyatlar. \u00c7ok \u00e7e\u015fitli pop\u00fcler haplar.{:pt}Farm\u00e1cia on-line de Portugal. Pre\u00e7os mais baixos 100% garantidos. Enorme sele\u00e7\u00e3o de p\u00edlulas populares.{:}\" \/>\n<meta property=\"og:url\" content=\"https:\/\/requestartikel.com\/\" \/>\n<meta property=\"og:site_name\" content=\"Requestartikel.com\" \/>\n<meta property=\"article:modified_time\" content=\"2024-05-08T07:13:42+00:00\" \/>\n<meta name=\"twitter:card\" content=\"summary_large_image\" \/>\n<meta name=\"twitter:label1\" content=\"Dur\u00e9e de lecture estim\u00e9e\" \/>\n\t<meta name=\"twitter:data1\" content=\"63 minutes\" \/>\n<script type=\"application\/ld+json\" class=\"yoast-schema-graph\">{\"@context\":\"https:\\\/\\\/schema.org\",\"@graph\":[{\"@type\":\"WebPage\",\"@id\":\"https:\\\/\\\/requestartikel.com\\\/\",\"url\":\"https:\\\/\\\/requestartikel.com\\\/\",\"name\":\"[:en]Save Money on Prescription Drugs | Guide for Patients [2018][:de]Deutschland Online-Apotheke[:sk]Slovenija spletna lekarna[:hr]Hrvatska online drogerija[:ro]Farmacie online din Romania[:pl]Polska drogeria internetowa[:hu]Magyarorsz\u00e1g online gy\u00f3gyszert\u00e1r[:es]Farmacia online Espa\u00f1a[:it]Farmacia online Italiana[:sv]Sverige online apotek[:fi]Suomen verkkoapteekki[:nl]Online drogisterij Nederland[:fr]Pharmacie en ligne France[:tr]T\u00fcrkiye online eczanesi[:pt]Farm\u00e1cia on-line de Portugal[:]\",\"isPartOf\":{\"@id\":\"https:\\\/\\\/requestartikel.com\\\/#website\"},\"datePublished\":\"2018-12-12T09:40:57+00:00\",\"dateModified\":\"2024-05-08T07:13:42+00:00\",\"description\":\"{:en}Sick and tired of spending thousands for your treatment? Who doesn\u2019t want to pay less for the same drugs? Get health information and health tips you can trust. Compare prices and find the best deals.{:de}Deutschland Online-Apotheke. 100 % garantiert niedrigste Preise. Riesige Auswahl an beliebten Pillen.{:sk}Slovenija spletna lekarna. 100 % zajam\u010deno najni\u017eje cene. Velika izbira priljubljenih tablet.{:hr}Hrvatska online drogerija. 100 % zajam\u010deno najni\u017ee cijene. Veliki izbor popularnih tableta.{:ro}Farmacie online din Romania. 100% garantate cele mai mici preturi. Selec\u021bie uria\u0219\u0103 de pastile populare.{:pl}Polska drogeria internetowa. 100% gwarancja najni\u017cszych cen. Ogromny wyb\u00f3r popularnych tabletek.{:hu}Magyarorsz\u00e1g online gy\u00f3gyszert\u00e1r. 100% garant\u00e1lt legalacsonyabb \u00e1rak. Hatalmas parge v\u00e1laszt\u00e9k n\u00e9pszer\u0171 tablett\u00e1k.{:es}Farmacia online Espa\u00f1a. Precios m\u00e1s bajos 100% garantizados. Gran selecci\u00f3n de pastillas populares.{:it}Farmacia online Italiana. Prezzi pi\u00f9 bassi garantiti al 100%. Vasta selezione di pillole popolari.{:sv}Sverige online apotek. 100 % garanterat l\u00e4gsta priser. Stort urval av popul\u00e4ra piller.{:fi}Suomen verkkoapteekki. 100 % taattu halvimmat hinnat. Valtava valikoima suosittuja pillereit\u00e4.{:nl}Online drogisterij Nederland. 100% gegarandeerd de laagste prijzen. Enorme selectie populaire pillen.{:fr}Pharmacie en ligne France. Prix les plus bas garantis \u00e0 100 %. \u00c9norme s\u00e9lection de pilules populaires.{:tr}T\u00fcrkiye online eczanesi. 100% garantili en d\u00fc\u015f\u00fck fiyatlar. \u00c7ok \u00e7e\u015fitli pop\u00fcler haplar.{:pt}Farm\u00e1cia on-line de Portugal. Pre\u00e7os mais baixos 100% garantidos. Enorme sele\u00e7\u00e3o de p\u00edlulas populares.{:}\",\"breadcrumb\":{\"@id\":\"https:\\\/\\\/requestartikel.com\\\/#breadcrumb\"},\"inLanguage\":\"fr-FR\",\"potentialAction\":[{\"@type\":\"ReadAction\",\"target\":[\"https:\\\/\\\/requestartikel.com\\\/\"]}]},{\"@type\":\"BreadcrumbList\",\"@id\":\"https:\\\/\\\/requestartikel.com\\\/#breadcrumb\",\"itemListElement\":[{\"@type\":\"ListItem\",\"position\":1,\"name\":\"Home\",\"item\":\"https:\\\/\\\/requestartikel.com\\\/\"},{\"@type\":\"ListItem\",\"position\":2,\"name\":\"Home\"}]},{\"@type\":\"WebSite\",\"@id\":\"https:\\\/\\\/requestartikel.com\\\/#website\",\"url\":\"https:\\\/\\\/requestartikel.com\\\/\",\"name\":\"Requestartikel.com\",\"description\":\"\",\"potentialAction\":[{\"@type\":\"SearchAction\",\"target\":{\"@type\":\"EntryPoint\",\"urlTemplate\":\"https:\\\/\\\/requestartikel.com\\\/?s={search_term_string}\"},\"query-input\":{\"@type\":\"PropertyValueSpecification\",\"valueRequired\":true,\"valueName\":\"search_term_string\"}}],\"inLanguage\":\"fr-FR\"}]}<\/script>\n<!-- \/ Yoast SEO plugin. -->","yoast_head_json":{"title":"Pharmacie en ligne France","description":"Pharmacie en ligne France. Prix les plus bas garantis \u00e0 100 %. \u00c9norme s\u00e9lection de pilules populaires.","robots":{"index":"index","follow":"follow","max-snippet":"max-snippet:-1","max-image-preview":"max-image-preview:large","max-video-preview":"max-video-preview:-1"},"canonical":"https:\/\/requestartikel.com\/","og_locale":"fr_FR","og_type":"article","og_title":"[:en]Save Money on Prescription Drugs | Guide for Patients [2018][:de]Deutschland Online-Apotheke[:sk]Slovenija spletna lekarna[:hr]Hrvatska online drogerija[:ro]Farmacie online din Romania[:pl]Polska drogeria internetowa[:hu]Magyarorsz\u00e1g online gy\u00f3gyszert\u00e1r[:es]Farmacia online Espa\u00f1a[:it]Farmacia online Italiana[:sv]Sverige online apotek[:fi]Suomen verkkoapteekki[:nl]Online drogisterij Nederland[:fr]Pharmacie en ligne France[:tr]T\u00fcrkiye online eczanesi[:pt]Farm\u00e1cia on-line de Portugal[:]","og_description":"{:en}Sick and tired of spending thousands for your treatment? Who doesn\u2019t want to pay less for the same drugs? Get health information and health tips you can trust. Compare prices and find the best deals.{:de}Deutschland Online-Apotheke. 100 % garantiert niedrigste Preise. Riesige Auswahl an beliebten Pillen.{:sk}Slovenija spletna lekarna. 100 % zajam\u010deno najni\u017eje cene. Velika izbira priljubljenih tablet.{:hr}Hrvatska online drogerija. 100 % zajam\u010deno najni\u017ee cijene. Veliki izbor popularnih tableta.{:ro}Farmacie online din Romania. 100% garantate cele mai mici preturi. Selec\u021bie uria\u0219\u0103 de pastile populare.{:pl}Polska drogeria internetowa. 100% gwarancja najni\u017cszych cen. Ogromny wyb\u00f3r popularnych tabletek.{:hu}Magyarorsz\u00e1g online gy\u00f3gyszert\u00e1r. 100% garant\u00e1lt legalacsonyabb \u00e1rak. Hatalmas parge v\u00e1laszt\u00e9k n\u00e9pszer\u0171 tablett\u00e1k.{:es}Farmacia online Espa\u00f1a. Precios m\u00e1s bajos 100% garantizados. Gran selecci\u00f3n de pastillas populares.{:it}Farmacia online Italiana. Prezzi pi\u00f9 bassi garantiti al 100%. Vasta selezione di pillole popolari.{:sv}Sverige online apotek. 100 % garanterat l\u00e4gsta priser. Stort urval av popul\u00e4ra piller.{:fi}Suomen verkkoapteekki. 100 % taattu halvimmat hinnat. Valtava valikoima suosittuja pillereit\u00e4.{:nl}Online drogisterij Nederland. 100% gegarandeerd de laagste prijzen. Enorme selectie populaire pillen.{:fr}Pharmacie en ligne France. Prix les plus bas garantis \u00e0 100 %. \u00c9norme s\u00e9lection de pilules populaires.{:tr}T\u00fcrkiye online eczanesi. 100% garantili en d\u00fc\u015f\u00fck fiyatlar. \u00c7ok \u00e7e\u015fitli pop\u00fcler haplar.{:pt}Farm\u00e1cia on-line de Portugal. Pre\u00e7os mais baixos 100% garantidos. Enorme sele\u00e7\u00e3o de p\u00edlulas populares.{:}","og_url":"https:\/\/requestartikel.com\/","og_site_name":"Requestartikel.com","article_modified_time":"2024-05-08T07:13:42+00:00","twitter_card":"summary_large_image","twitter_misc":{"Dur\u00e9e de lecture estim\u00e9e":"63 minutes"},"schema":{"@context":"https:\/\/schema.org","@graph":[{"@type":"WebPage","@id":"https:\/\/requestartikel.com\/","url":"https:\/\/requestartikel.com\/","name":"[:en]Save Money on Prescription Drugs | Guide for Patients [2018][:de]Deutschland Online-Apotheke[:sk]Slovenija spletna lekarna[:hr]Hrvatska online drogerija[:ro]Farmacie online din Romania[:pl]Polska drogeria internetowa[:hu]Magyarorsz\u00e1g online gy\u00f3gyszert\u00e1r[:es]Farmacia online Espa\u00f1a[:it]Farmacia online Italiana[:sv]Sverige online apotek[:fi]Suomen verkkoapteekki[:nl]Online drogisterij Nederland[:fr]Pharmacie en ligne France[:tr]T\u00fcrkiye online eczanesi[:pt]Farm\u00e1cia on-line de Portugal[:]","isPartOf":{"@id":"https:\/\/requestartikel.com\/#website"},"datePublished":"2018-12-12T09:40:57+00:00","dateModified":"2024-05-08T07:13:42+00:00","description":"{:en}Sick and tired of spending thousands for your treatment? Who doesn\u2019t want to pay less for the same drugs? Get health information and health tips you can trust. Compare prices and find the best deals.{:de}Deutschland Online-Apotheke. 100 % garantiert niedrigste Preise. Riesige Auswahl an beliebten Pillen.{:sk}Slovenija spletna lekarna. 100 % zajam\u010deno najni\u017eje cene. Velika izbira priljubljenih tablet.{:hr}Hrvatska online drogerija. 100 % zajam\u010deno najni\u017ee cijene. Veliki izbor popularnih tableta.{:ro}Farmacie online din Romania. 100% garantate cele mai mici preturi. Selec\u021bie uria\u0219\u0103 de pastile populare.{:pl}Polska drogeria internetowa. 100% gwarancja najni\u017cszych cen. Ogromny wyb\u00f3r popularnych tabletek.{:hu}Magyarorsz\u00e1g online gy\u00f3gyszert\u00e1r. 100% garant\u00e1lt legalacsonyabb \u00e1rak. Hatalmas parge v\u00e1laszt\u00e9k n\u00e9pszer\u0171 tablett\u00e1k.{:es}Farmacia online Espa\u00f1a. Precios m\u00e1s bajos 100% garantizados. Gran selecci\u00f3n de pastillas populares.{:it}Farmacia online Italiana. Prezzi pi\u00f9 bassi garantiti al 100%. Vasta selezione di pillole popolari.{:sv}Sverige online apotek. 100 % garanterat l\u00e4gsta priser. Stort urval av popul\u00e4ra piller.{:fi}Suomen verkkoapteekki. 100 % taattu halvimmat hinnat. Valtava valikoima suosittuja pillereit\u00e4.{:nl}Online drogisterij Nederland. 100% gegarandeerd de laagste prijzen. Enorme selectie populaire pillen.{:fr}Pharmacie en ligne France. Prix les plus bas garantis \u00e0 100 %. \u00c9norme s\u00e9lection de pilules populaires.{:tr}T\u00fcrkiye online eczanesi. 100% garantili en d\u00fc\u015f\u00fck fiyatlar. \u00c7ok \u00e7e\u015fitli pop\u00fcler haplar.{:pt}Farm\u00e1cia on-line de Portugal. Pre\u00e7os mais baixos 100% garantidos. Enorme sele\u00e7\u00e3o de p\u00edlulas populares.{:}","breadcrumb":{"@id":"https:\/\/requestartikel.com\/#breadcrumb"},"inLanguage":"fr-FR","potentialAction":[{"@type":"ReadAction","target":["https:\/\/requestartikel.com\/"]}]},{"@type":"BreadcrumbList","@id":"https:\/\/requestartikel.com\/#breadcrumb","itemListElement":[{"@type":"ListItem","position":1,"name":"Home","item":"https:\/\/requestartikel.com\/"},{"@type":"ListItem","position":2,"name":"Home"}]},{"@type":"WebSite","@id":"https:\/\/requestartikel.com\/#website","url":"https:\/\/requestartikel.com\/","name":"Requestartikel.com","description":"","potentialAction":[{"@type":"SearchAction","target":{"@type":"EntryPoint","urlTemplate":"https:\/\/requestartikel.com\/?s={search_term_string}"},"query-input":{"@type":"PropertyValueSpecification","valueRequired":true,"valueName":"search_term_string"}}],"inLanguage":"fr-FR"}]}},"_links":{"self":[{"href":"https:\/\/requestartikel.com\/fr\/wp-json\/wp\/v2\/pages\/46","targetHints":{"allow":["GET"]}}],"collection":[{"href":"https:\/\/requestartikel.com\/fr\/wp-json\/wp\/v2\/pages"}],"about":[{"href":"https:\/\/requestartikel.com\/fr\/wp-json\/wp\/v2\/types\/page"}],"author":[{"embeddable":true,"href":"https:\/\/requestartikel.com\/fr\/wp-json\/wp\/v2\/users\/1"}],"replies":[{"embeddable":true,"href":"https:\/\/requestartikel.com\/fr\/wp-json\/wp\/v2\/comments?post=46"}],"version-history":[{"count":0,"href":"https:\/\/requestartikel.com\/fr\/wp-json\/wp\/v2\/pages\/46\/revisions"}],"wp:attachment":[{"href":"https:\/\/requestartikel.com\/fr\/wp-json\/wp\/v2\/media?parent=46"}],"curies":[{"name":"wp","href":"https:\/\/api.w.org\/{rel}","templated":true}]}}