{"id":46,"date":"2018-12-12T09:40:57","date_gmt":"2018-12-12T09:40:57","guid":{"rendered":"http:\/\/requestartikel.com\/?page_id=46"},"modified":"2024-05-08T07:13:42","modified_gmt":"2024-05-08T07:13:42","slug":"tr","status":"publish","type":"page","link":"https:\/\/requestartikel.com\/hu\/","title":{"rendered":"Itthon"},"content":{"rendered":"<p><\/p>\n<h2>GY\u00d3GYSZERK\u00d6NYV ONLINE: A P\u00c9NZ EL\u0150REJESZT\u00c9S\u00c9T<\/h2>\n<ul>\n<li>Van eg\u00e9szs\u00e9g\u00fcgyi probl\u00e9m\u00e1ja?<\/li>\n<li>Sz\u00fcks\u00e9ge van szakmai seg\u00edts\u00e9gre?<\/li>\n<li>Szeretne olcs\u00f3 gy\u00f3gyszereket v\u00e1s\u00e1rolni \u00e9s megoldani a probl\u00e9m\u00e1it?<\/li>\n<\/ul>\n<p>\u00dcDV\u00d6Z\u00d6LJ\u00dcK WEBOLDALUNKON!<\/p>\n<p>Az orvosok, az \u00e1pol\u00f3k, a kutat\u00f3k, az orvosi \u00edr\u00f3k \u00e9s a tudom\u00e1nyos ford\u00edt\u00f3k \u00e1ltal l\u00e9trehozott Meds over the counter online er\u0151forr\u00e1sokat hozza l\u00e9tre.<\/p>\n<p>Nagyszer\u0171 csapatunk szentelt \u00e9s k\u00f6ny\u00f6r\u00fcletes emberekkel seg\u00edti a betegeket.<\/p>\n<p>Minden tan\u00e1csad\u00e1s ingyenes, hogy seg\u00edtsen megtal\u00e1lni a sz\u00fcks\u00e9ges orvosi inform\u00e1ci\u00f3kat \u00e9s megfelel\u0151 kezel\u00e9st.<\/p>\n<p>A Meds pulton kereszt\u00fcl lefedett t\u00e9m\u00e1k k\u00f6z\u00e9 tartoznak az eg\u00e9szs\u00e9g\u00fcgyi felt\u00e9telek, az orvosi elj\u00e1r\u00e1sok \u00e9s a mindennapi eg\u00e9szs\u00e9g\u00fcgyi \u00e9s wellness k\u00e9rd\u00e9sek.<\/p>\n<p>\u00c9S LEGFONTOSABB!<\/p>\n<p>Egyed\u00fcl\u00e1ll\u00f3 lehet\u0151s\u00e9ged van olcs\u00f3 gy\u00f3gyszerek v\u00e1s\u00e1rl\u00e1s\u00e1ra, amelyekben megb\u00edzhat!<\/p>\n<p>Ez nem minden.<\/p>\n<ul>\n<li>Ismerje meg a v\u00e9nyk\u00f6teles \u00e9s nem v\u00e9nyk\u00f6teles gy\u00f3gyszereket.<\/li>\n<li>Biztos\u00edtsa hat\u00e9konys\u00e1g\u00e1t \u00e9s biztons\u00e1g\u00e1t.<\/li>\n<li>Olvassa el a d\u00f3zist, a mell\u00e9khat\u00e1sokat \u00e9s az \u00f3vint\u00e9zked\u00e9seket.<\/li>\n<\/ul>\n<p>Annak ellen\u00e9re, hogy hozz\u00e1f\u00e9rhet a megfizethet\u0151 gy\u00f3gyszerekhez, ne feledje, hogy minden eg\u00e9szs\u00e9g\u00fcgyi probl\u00e9m\u00e1t, k\u00e9rd\u00e9st \u00e9s d\u00f6nt\u00e9st meg kell vitatni orvos\u00e1val.<\/p>\n<p>Az orvos\u00e1val egy\u00fcttm\u0171k\u00f6dve meg\u00e1llap\u00edthatja, mely gy\u00f3gyszerek k\u00f6z\u00fcl melyik a legjobban haszn\u00e1lhat\u00f3, figyelembe v\u00e9ve \u00e9letkor\u00e1t, eg\u00e9szs\u00e9gi \u00e1llapot\u00e1t \u00e9s kock\u00e1zati t\u00e9nyez\u0151it.<\/p>\n<p>Mindent megtesz\u00fcnk annak \u00e9rdek\u00e9ben, hogy seg\u00edts\u00fcnk a l\u00e1togat\u00f3knak megtudni, hogyan \u00e9s hol v\u00e1s\u00e1rolhatj\u00e1k meg a sz\u00fcks\u00e9ges gy\u00f3gyszereket a legalacsonyabb \u00e1ron.<\/p>\n<p>B\u00fcszk\u00e9n k\u00edn\u00e1lunk egyedi \u00e9s legjobb aj\u00e1nlatokat. Megtekintheti \u0151ket saj\u00e1t temp\u00f3j\u00e1ban, an\u00e9lk\u00fcl, hogy otthona k\u00e9nyelm\u00e9t elhagyn\u00e1, vagy an\u00e9lk\u00fcl, hogy elhagyn\u00e1 munkahely\u00e9t, \u00e9s k\u00f6nnyen megoszthatja \u0151ket szeretteivel \u00e9s bar\u00e1taival b\u00e1rhol a vil\u00e1gon.<\/p>\n<p>Haszn\u00e1ljon praktikus eszk\u00f6z\u00f6ket, hogy p\u00e9nzt takar\u00edtson meg az el\u0151\u00edr\u00e1sokra.<\/p>\n<p>Csak a legjobb \u00e9s id\u0151z\u00edtett tesztek k\u00f6z\u00fcl v\u00e1laszthat:<\/p>\n<ul>\n<li>\u00c9trend-kieg\u00e9sz\u00edt\u0151 tablett\u00e1k<\/li>\n<li>ADHD meds<\/li>\n<li>F\u00e1jdalomcsillap\u00edt\u00f3 tablett\u00e1k<\/li>\n<li>Anat\u00f3miaellenes szerek<\/li>\n<li>antidepressz\u00e1nsok<\/li>\n<li>Altat\u00f3<\/li>\n<li>Izomlaz\u00edt\u00f3k<\/li>\n<\/ul>\n<p>Amikor elhagyja az orvosi rendel\u0151t, komoly probl\u00e9m\u00e1val szembes\u00fclhet: a k\u00e1b\u00edt\u00f3szerek magas k\u00f6lts\u00e9ge.<\/p>\n<p>Az aj\u00e1nlott gy\u00f3gyszer nem mindig a legalacsonyabb k\u00f6lts\u00e9g opci\u00f3. Sajnos mindannyian ott voltunk.<\/p>\n<p>M\u00e9g t\u00f6bb probl\u00e9ma mer\u00fcl fel, ha hossz\u00fa t\u00e1v\u00fa kezel\u00e9st, h\u00f3napot vagy \u00e9veket egym\u00e1s ut\u00e1n aj\u00e1nlunk. Nem minden ember engedheti meg mag\u00e1nak, hogy rendszeresen v\u00e1s\u00e1roljon dr\u00e1ga gy\u00f3gyszereket a k\u00f6zeli gy\u00f3gyszert\u00e1rban.<\/p>\n<p>A magas \u00e1rak cs\u00f6kkentik a gy\u00f3gyszerekhez val\u00f3 hozz\u00e1f\u00e9r\u00e9st, k\u00fcl\u00f6n\u00f6sen az alacsony j\u00f6vedelm\u0171ek sz\u00e1m\u00e1ra, mivel egyszer\u0171en nem engedhetik meg maguknak a kezel\u00e9st.<\/p>\n<p>De van egy \u00fat!<\/p>\n<h2>Rendeljen m\u00e1rk\u00e1s k\u00e1b\u00edt\u00f3szereket online<\/h2>\n<p>Az Egyes\u00fclt \u00c1llamokban \u00e9s a vil\u00e1g m\u00e1s orsz\u00e1gaiban v\u00e9gzett felm\u00e9r\u00e9sek j\u00f3l ismert m\u00e1rk\u00e1k \u00e1rk\u00fcl\u00f6nbs\u00e9geit mutatj\u00e1k. Ha magas j\u00f6vedelm\u0171 orsz\u00e1gban \u00e9lsz, val\u00f3sz\u00edn\u0171leg a m\u00e1rk\u00e1s k\u00e1b\u00edt\u00f3szerek \u00e1ra nagyon magas lesz.<\/p>\n<p>Sz\u00e1mos oka van ennek okair\u00f3l. De nem fogjuk pazarolni az idej\u00e9t, hogy megvitassuk \u0151ket ebben a cikkben. Ne felejts\u00fck el, hogy a m\u00e1rk\u00e1s k\u00e1b\u00edt\u00f3szerek \u00e1rai id\u0151vel v\u00e1ltozhatnak, \u00e9s a forgalmaz\u00e1s orsz\u00e1g\u00e1t\u00f3l f\u00fcgg\u0151en v\u00e1ltoznak.<\/p>\n<p>Lehet\u0151s\u00e9ge van alacsony k\u00f6lts\u00e9g\u0171 m\u00e1rkanev\u0171 gy\u00f3gyszerek online v\u00e1s\u00e1rl\u00e1s\u00e1ra. Ez a helyes d\u00f6nt\u00e9s, b\u00e1r nem mindig seg\u00edt a lehet\u0151 legnagyobb megtakar\u00edt\u00e1s el\u00e9r\u00e9s\u00e9ben.<\/p>\n<h2>V\u00e1s\u00e1roljon olcs\u00f3 generikus gy\u00f3gyszereket<\/h2>\n<p>Van n\u00e9h\u00e1ny remek h\u00edre sz\u00e1modra!<\/p>\n<p>Most p\u00e9nzt takar\u00edthat meg, \u00e9s t\u00f6bbsz\u00f6r\u00f6sre cs\u00f6kkentheti a kezel\u00e9s k\u00f6lts\u00e9geit.<\/p>\n<p>Figyelje a generikus gy\u00f3gyszerek jelenlegi \u00e1rait. Sokkal alacsonyabbak a m\u00e1rkanev\u0171 v\u00e1ltozatok \u00e1rain\u00e1l.<\/p>\n<p>Ezen t\u00falmen\u0151en rendszeresen \u00e9szlelheti az \u00e1ltal\u00e1nos gy\u00f3gyszerek \u00e1r\u00e1nak cs\u00f6kken\u00e9s\u00e9t. Min\u00e9l hosszabb ideig el\u00e9rhet\u0151ek a gy\u00f3gyszerpiacon, ann\u00e1l alacsonyabb a k\u00f6lts\u00e9g. Ez a gy\u00e1rt\u00f3k k\u00f6z\u00f6tti verseny folyamatos n\u00f6veked\u00e9s\u00e9nek k\u00f6sz\u00f6nhet\u0151.<\/p>\n<p>A m\u00e1rkan\u00e9vvel ellent\u00e9tben a generikumok \u00e1rai nagyon gyorsan esnek. K\u00f6lts\u00e9g\u00fck \u00e1ltal\u00e1ban kevesebb, mint a m\u00e1rkan\u00e9v gy\u00f3gyszerek \u00e1r\u00e1nak fele.<\/p>\n<p>A v\u00e9nyk\u00f6teles gy\u00f3gyszerek sz\u00e1mos generikus verzi\u00f3ja val\u00f3ban megfizethet\u0151, k\u00fcl\u00f6n\u00f6sen akkor, ha a generikus gy\u00f3gyszereket t\u00f6bb v\u00e1llalat gy\u00e1rtja.<\/p>\n<p>Nem kell agg\u00f3dnia a generikumok biztons\u00e1ga miatt. Mindegyiket j\u00f3v\u00e1 kell hagyni az elad\u00e1s el\u0151tt.<\/p>\n<p>Az USA FDA, az Eur\u00f3pai Orvosi \u00dcgyn\u00f6ks\u00e9g \u00e9s m\u00e1s korm\u00e1nyzati szab\u00e1lyoz\u00f3 hat\u00f3s\u00e1gok \u00e9rt\u00e9kelik a generikus gy\u00f3gyszerek biztons\u00e1g\u00e1t az\u00e1ltal, hogy megvizsg\u00e1lj\u00e1k:<\/p>\n<ul>\n<li>Mell\u00e9khat\u00e1sok<\/li>\n<li>Hogy k\u00e9sz\u00fclnek<\/li>\n<li>A klinikai vizsg\u00e1latok eredm\u00e9nyei<\/li>\n<\/ul>\n<p>Gy\u0151z\u0151dj\u00f6n meg r\u00f3la, hogy a generikumok nem rosszabbak \u00e9s nem jobbak, mint a m\u00e1rk\u00e1s k\u00e1b\u00edt\u00f3szerek, de sokkal olcs\u00f3bbak. Ugyanolyan hat\u00e9konys\u00e1gi \u00e9s biztons\u00e1gi profiljuk van.<\/p>\n<p>Nem kell megv\u00e1rnia, hogy az olcs\u00f3 generikumok megjelenjenek a helyi gy\u00f3gyszert\u00e1rakban. Napjainkban a generikusokat a legjobb \u00e1ron rendelheti meg, \u00e9s nem sok id\u0151t vagy er\u0151fesz\u00edt\u00e9st ig\u00e9nyel.<\/p>\n<p>Minden d\u00f6nt\u00e9se \u00e9s int\u00e9zked\u00e9se befoly\u00e1solja az \u00d6n eg\u00e9szs\u00e9g\u00e9t, valamint a jelenlegi \u00e9s j\u00f6v\u0151beli p\u00e9nz\u00fcgyi helyzet\u00e9t.<\/p>\n<p>Hat\u00e1rozza meg a helyes d\u00f6nt\u00e9st. Ne hagyja ki a lehet\u0151s\u00e9get, hogy ma sok p\u00e9nzt takar\u00edtson meg!<\/p>","protected":false},"excerpt":{"rendered":"<p>GY\u00d3GYSZERK\u00d6NYV ONLINE: A P\u00c9NZ EL\u0150REJESZT\u00c9S\u00c9T Van eg\u00e9szs\u00e9g\u00fcgyi probl\u00e9m\u00e1ja? Sz\u00fcks\u00e9ge van szakmai seg\u00edts\u00e9gre? Szeretne olcs\u00f3 gy\u00f3gyszereket v\u00e1s\u00e1rolni \u00e9s megoldani a probl\u00e9m\u00e1it? \u00dcDV\u00d6Z\u00d6LJ\u00dcK WEBOLDALUNKON! Az orvosok, az \u00e1pol\u00f3k, a kutat\u00f3k, az orvosi \u00edr\u00f3k \u00e9s a tudom\u00e1nyos ford\u00edt\u00f3k \u00e1ltal l\u00e9trehozott Meds over the counter online er\u0151forr\u00e1sokat hozza l\u00e9tre. Nagyszer\u0171 csapatunk szentelt \u00e9s k\u00f6ny\u00f6r\u00fcletes emberekkel seg\u00edti a betegeket. Minden&#8230;<\/p>\n","protected":false},"author":1,"featured_media":0,"parent":0,"menu_order":0,"comment_status":"closed","ping_status":"closed","template":"","meta":{"footnotes":""},"class_list":["post-46","page","type-page","status-publish","hentry"],"yoast_head":"<!-- This site is optimized with the Yoast SEO plugin v27.3 - https:\/\/yoast.com\/product\/yoast-seo-wordpress\/ -->\n<title>Magyarorsz\u00e1g online gy\u00f3gyszert\u00e1r<\/title>\n<meta name=\"description\" content=\"Magyarorsz\u00e1g online gy\u00f3gyszert\u00e1r. 100% garant\u00e1lt legalacsonyabb \u00e1rak. Hatalmas parge v\u00e1laszt\u00e9k n\u00e9pszer\u0171 tablett\u00e1k.\" \/>\n<meta name=\"robots\" content=\"index, follow, max-snippet:-1, max-image-preview:large, max-video-preview:-1\" \/>\n<link rel=\"canonical\" href=\"https:\/\/requestartikel.com\/\" \/>\n<meta property=\"og:locale\" content=\"hu_HU\" \/>\n<meta property=\"og:type\" content=\"article\" \/>\n<meta property=\"og:title\" content=\"[:en]Save Money on Prescription Drugs | Guide for Patients [2018][:de]Deutschland Online-Apotheke[:sk]Slovenija spletna lekarna[:hr]Hrvatska online drogerija[:ro]Farmacie online din Romania[:pl]Polska drogeria internetowa[:hu]Magyarorsz\u00e1g online gy\u00f3gyszert\u00e1r[:es]Farmacia online Espa\u00f1a[:it]Farmacia online Italiana[:sv]Sverige online apotek[:fi]Suomen verkkoapteekki[:nl]Online drogisterij Nederland[:fr]Pharmacie en ligne France[:tr]T\u00fcrkiye online eczanesi[:pt]Farm\u00e1cia on-line de Portugal[:]\" \/>\n<meta property=\"og:description\" content=\"{:en}Sick and tired of spending thousands for your treatment? Who doesn\u2019t want to pay less for the same drugs? Get health information and health tips you can trust. Compare prices and find the best deals.{:de}Deutschland Online-Apotheke. 100 % garantiert niedrigste Preise. Riesige Auswahl an beliebten Pillen.{:sk}Slovenija spletna lekarna. 100 % zajam\u010deno najni\u017eje cene. Velika izbira priljubljenih tablet.{:hr}Hrvatska online drogerija. 100 % zajam\u010deno najni\u017ee cijene. Veliki izbor popularnih tableta.{:ro}Farmacie online din Romania. 100% garantate cele mai mici preturi. Selec\u021bie uria\u0219\u0103 de pastile populare.{:pl}Polska drogeria internetowa. 100% gwarancja najni\u017cszych cen. Ogromny wyb\u00f3r popularnych tabletek.{:hu}Magyarorsz\u00e1g online gy\u00f3gyszert\u00e1r. 100% garant\u00e1lt legalacsonyabb \u00e1rak. Hatalmas parge v\u00e1laszt\u00e9k n\u00e9pszer\u0171 tablett\u00e1k.{:es}Farmacia online Espa\u00f1a. Precios m\u00e1s bajos 100% garantizados. Gran selecci\u00f3n de pastillas populares.{:it}Farmacia online Italiana. Prezzi pi\u00f9 bassi garantiti al 100%. Vasta selezione di pillole popolari.{:sv}Sverige online apotek. 100 % garanterat l\u00e4gsta priser. Stort urval av popul\u00e4ra piller.{:fi}Suomen verkkoapteekki. 100 % taattu halvimmat hinnat. Valtava valikoima suosittuja pillereit\u00e4.{:nl}Online drogisterij Nederland. 100% gegarandeerd de laagste prijzen. Enorme selectie populaire pillen.{:fr}Pharmacie en ligne France. Prix les plus bas garantis \u00e0 100 %. \u00c9norme s\u00e9lection de pilules populaires.{:tr}T\u00fcrkiye online eczanesi. 100% garantili en d\u00fc\u015f\u00fck fiyatlar. \u00c7ok \u00e7e\u015fitli pop\u00fcler haplar.{:pt}Farm\u00e1cia on-line de Portugal. Pre\u00e7os mais baixos 100% garantidos. Enorme sele\u00e7\u00e3o de p\u00edlulas populares.{:}\" \/>\n<meta property=\"og:url\" content=\"https:\/\/requestartikel.com\/\" \/>\n<meta property=\"og:site_name\" content=\"Requestartikel.com\" \/>\n<meta property=\"article:modified_time\" content=\"2024-05-08T07:13:42+00:00\" \/>\n<meta name=\"twitter:card\" content=\"summary_large_image\" \/>\n<meta name=\"twitter:label1\" content=\"Becs\u00fclt olvas\u00e1si id\u0151\" \/>\n\t<meta name=\"twitter:data1\" content=\"63 perc\" \/>\n<script type=\"application\/ld+json\" class=\"yoast-schema-graph\">{\"@context\":\"https:\\\/\\\/schema.org\",\"@graph\":[{\"@type\":\"WebPage\",\"@id\":\"https:\\\/\\\/requestartikel.com\\\/\",\"url\":\"https:\\\/\\\/requestartikel.com\\\/\",\"name\":\"[:en]Save Money on Prescription Drugs | Guide for Patients [2018][:de]Deutschland Online-Apotheke[:sk]Slovenija spletna lekarna[:hr]Hrvatska online drogerija[:ro]Farmacie online din Romania[:pl]Polska drogeria internetowa[:hu]Magyarorsz\u00e1g online gy\u00f3gyszert\u00e1r[:es]Farmacia online Espa\u00f1a[:it]Farmacia online Italiana[:sv]Sverige online apotek[:fi]Suomen verkkoapteekki[:nl]Online drogisterij Nederland[:fr]Pharmacie en ligne France[:tr]T\u00fcrkiye online eczanesi[:pt]Farm\u00e1cia on-line de Portugal[:]\",\"isPartOf\":{\"@id\":\"https:\\\/\\\/requestartikel.com\\\/#website\"},\"datePublished\":\"2018-12-12T09:40:57+00:00\",\"dateModified\":\"2024-05-08T07:13:42+00:00\",\"description\":\"{:en}Sick and tired of spending thousands for your treatment? Who doesn\u2019t want to pay less for the same drugs? Get health information and health tips you can trust. Compare prices and find the best deals.{:de}Deutschland Online-Apotheke. 100 % garantiert niedrigste Preise. Riesige Auswahl an beliebten Pillen.{:sk}Slovenija spletna lekarna. 100 % zajam\u010deno najni\u017eje cene. Velika izbira priljubljenih tablet.{:hr}Hrvatska online drogerija. 100 % zajam\u010deno najni\u017ee cijene. Veliki izbor popularnih tableta.{:ro}Farmacie online din Romania. 100% garantate cele mai mici preturi. Selec\u021bie uria\u0219\u0103 de pastile populare.{:pl}Polska drogeria internetowa. 100% gwarancja najni\u017cszych cen. Ogromny wyb\u00f3r popularnych tabletek.{:hu}Magyarorsz\u00e1g online gy\u00f3gyszert\u00e1r. 100% garant\u00e1lt legalacsonyabb \u00e1rak. Hatalmas parge v\u00e1laszt\u00e9k n\u00e9pszer\u0171 tablett\u00e1k.{:es}Farmacia online Espa\u00f1a. Precios m\u00e1s bajos 100% garantizados. Gran selecci\u00f3n de pastillas populares.{:it}Farmacia online Italiana. Prezzi pi\u00f9 bassi garantiti al 100%. Vasta selezione di pillole popolari.{:sv}Sverige online apotek. 100 % garanterat l\u00e4gsta priser. Stort urval av popul\u00e4ra piller.{:fi}Suomen verkkoapteekki. 100 % taattu halvimmat hinnat. Valtava valikoima suosittuja pillereit\u00e4.{:nl}Online drogisterij Nederland. 100% gegarandeerd de laagste prijzen. Enorme selectie populaire pillen.{:fr}Pharmacie en ligne France. Prix les plus bas garantis \u00e0 100 %. \u00c9norme s\u00e9lection de pilules populaires.{:tr}T\u00fcrkiye online eczanesi. 100% garantili en d\u00fc\u015f\u00fck fiyatlar. \u00c7ok \u00e7e\u015fitli pop\u00fcler haplar.{:pt}Farm\u00e1cia on-line de Portugal. Pre\u00e7os mais baixos 100% garantidos. Enorme sele\u00e7\u00e3o de p\u00edlulas populares.{:}\",\"breadcrumb\":{\"@id\":\"https:\\\/\\\/requestartikel.com\\\/#breadcrumb\"},\"inLanguage\":\"hu\",\"potentialAction\":[{\"@type\":\"ReadAction\",\"target\":[\"https:\\\/\\\/requestartikel.com\\\/\"]}]},{\"@type\":\"BreadcrumbList\",\"@id\":\"https:\\\/\\\/requestartikel.com\\\/#breadcrumb\",\"itemListElement\":[{\"@type\":\"ListItem\",\"position\":1,\"name\":\"Home\",\"item\":\"https:\\\/\\\/requestartikel.com\\\/\"},{\"@type\":\"ListItem\",\"position\":2,\"name\":\"Home\"}]},{\"@type\":\"WebSite\",\"@id\":\"https:\\\/\\\/requestartikel.com\\\/#website\",\"url\":\"https:\\\/\\\/requestartikel.com\\\/\",\"name\":\"Requestartikel.com\",\"description\":\"\",\"potentialAction\":[{\"@type\":\"SearchAction\",\"target\":{\"@type\":\"EntryPoint\",\"urlTemplate\":\"https:\\\/\\\/requestartikel.com\\\/?s={search_term_string}\"},\"query-input\":{\"@type\":\"PropertyValueSpecification\",\"valueRequired\":true,\"valueName\":\"search_term_string\"}}],\"inLanguage\":\"hu\"}]}<\/script>\n<!-- \/ Yoast SEO plugin. -->","yoast_head_json":{"title":"Magyarorsz\u00e1g online gy\u00f3gyszert\u00e1r","description":"Magyarorsz\u00e1g online gy\u00f3gyszert\u00e1r. 100% garant\u00e1lt legalacsonyabb \u00e1rak. Hatalmas parge v\u00e1laszt\u00e9k n\u00e9pszer\u0171 tablett\u00e1k.","robots":{"index":"index","follow":"follow","max-snippet":"max-snippet:-1","max-image-preview":"max-image-preview:large","max-video-preview":"max-video-preview:-1"},"canonical":"https:\/\/requestartikel.com\/","og_locale":"hu_HU","og_type":"article","og_title":"[:en]Save Money on Prescription Drugs | Guide for Patients [2018][:de]Deutschland Online-Apotheke[:sk]Slovenija spletna lekarna[:hr]Hrvatska online drogerija[:ro]Farmacie online din Romania[:pl]Polska drogeria internetowa[:hu]Magyarorsz\u00e1g online gy\u00f3gyszert\u00e1r[:es]Farmacia online Espa\u00f1a[:it]Farmacia online Italiana[:sv]Sverige online apotek[:fi]Suomen verkkoapteekki[:nl]Online drogisterij Nederland[:fr]Pharmacie en ligne France[:tr]T\u00fcrkiye online eczanesi[:pt]Farm\u00e1cia on-line de Portugal[:]","og_description":"{:en}Sick and tired of spending thousands for your treatment? Who doesn\u2019t want to pay less for the same drugs? Get health information and health tips you can trust. Compare prices and find the best deals.{:de}Deutschland Online-Apotheke. 100 % garantiert niedrigste Preise. Riesige Auswahl an beliebten Pillen.{:sk}Slovenija spletna lekarna. 100 % zajam\u010deno najni\u017eje cene. Velika izbira priljubljenih tablet.{:hr}Hrvatska online drogerija. 100 % zajam\u010deno najni\u017ee cijene. Veliki izbor popularnih tableta.{:ro}Farmacie online din Romania. 100% garantate cele mai mici preturi. Selec\u021bie uria\u0219\u0103 de pastile populare.{:pl}Polska drogeria internetowa. 100% gwarancja najni\u017cszych cen. Ogromny wyb\u00f3r popularnych tabletek.{:hu}Magyarorsz\u00e1g online gy\u00f3gyszert\u00e1r. 100% garant\u00e1lt legalacsonyabb \u00e1rak. Hatalmas parge v\u00e1laszt\u00e9k n\u00e9pszer\u0171 tablett\u00e1k.{:es}Farmacia online Espa\u00f1a. Precios m\u00e1s bajos 100% garantizados. Gran selecci\u00f3n de pastillas populares.{:it}Farmacia online Italiana. Prezzi pi\u00f9 bassi garantiti al 100%. Vasta selezione di pillole popolari.{:sv}Sverige online apotek. 100 % garanterat l\u00e4gsta priser. Stort urval av popul\u00e4ra piller.{:fi}Suomen verkkoapteekki. 100 % taattu halvimmat hinnat. Valtava valikoima suosittuja pillereit\u00e4.{:nl}Online drogisterij Nederland. 100% gegarandeerd de laagste prijzen. Enorme selectie populaire pillen.{:fr}Pharmacie en ligne France. Prix les plus bas garantis \u00e0 100 %. \u00c9norme s\u00e9lection de pilules populaires.{:tr}T\u00fcrkiye online eczanesi. 100% garantili en d\u00fc\u015f\u00fck fiyatlar. \u00c7ok \u00e7e\u015fitli pop\u00fcler haplar.{:pt}Farm\u00e1cia on-line de Portugal. Pre\u00e7os mais baixos 100% garantidos. Enorme sele\u00e7\u00e3o de p\u00edlulas populares.{:}","og_url":"https:\/\/requestartikel.com\/","og_site_name":"Requestartikel.com","article_modified_time":"2024-05-08T07:13:42+00:00","twitter_card":"summary_large_image","twitter_misc":{"Becs\u00fclt olvas\u00e1si id\u0151":"63 perc"},"schema":{"@context":"https:\/\/schema.org","@graph":[{"@type":"WebPage","@id":"https:\/\/requestartikel.com\/","url":"https:\/\/requestartikel.com\/","name":"[:en]Save Money on Prescription Drugs | Guide for Patients [2018][:de]Deutschland Online-Apotheke[:sk]Slovenija spletna lekarna[:hr]Hrvatska online drogerija[:ro]Farmacie online din Romania[:pl]Polska drogeria internetowa[:hu]Magyarorsz\u00e1g online gy\u00f3gyszert\u00e1r[:es]Farmacia online Espa\u00f1a[:it]Farmacia online Italiana[:sv]Sverige online apotek[:fi]Suomen verkkoapteekki[:nl]Online drogisterij Nederland[:fr]Pharmacie en ligne France[:tr]T\u00fcrkiye online eczanesi[:pt]Farm\u00e1cia on-line de Portugal[:]","isPartOf":{"@id":"https:\/\/requestartikel.com\/#website"},"datePublished":"2018-12-12T09:40:57+00:00","dateModified":"2024-05-08T07:13:42+00:00","description":"{:en}Sick and tired of spending thousands for your treatment? Who doesn\u2019t want to pay less for the same drugs? Get health information and health tips you can trust. Compare prices and find the best deals.{:de}Deutschland Online-Apotheke. 100 % garantiert niedrigste Preise. Riesige Auswahl an beliebten Pillen.{:sk}Slovenija spletna lekarna. 100 % zajam\u010deno najni\u017eje cene. Velika izbira priljubljenih tablet.{:hr}Hrvatska online drogerija. 100 % zajam\u010deno najni\u017ee cijene. Veliki izbor popularnih tableta.{:ro}Farmacie online din Romania. 100% garantate cele mai mici preturi. Selec\u021bie uria\u0219\u0103 de pastile populare.{:pl}Polska drogeria internetowa. 100% gwarancja najni\u017cszych cen. Ogromny wyb\u00f3r popularnych tabletek.{:hu}Magyarorsz\u00e1g online gy\u00f3gyszert\u00e1r. 100% garant\u00e1lt legalacsonyabb \u00e1rak. Hatalmas parge v\u00e1laszt\u00e9k n\u00e9pszer\u0171 tablett\u00e1k.{:es}Farmacia online Espa\u00f1a. Precios m\u00e1s bajos 100% garantizados. Gran selecci\u00f3n de pastillas populares.{:it}Farmacia online Italiana. Prezzi pi\u00f9 bassi garantiti al 100%. Vasta selezione di pillole popolari.{:sv}Sverige online apotek. 100 % garanterat l\u00e4gsta priser. Stort urval av popul\u00e4ra piller.{:fi}Suomen verkkoapteekki. 100 % taattu halvimmat hinnat. Valtava valikoima suosittuja pillereit\u00e4.{:nl}Online drogisterij Nederland. 100% gegarandeerd de laagste prijzen. Enorme selectie populaire pillen.{:fr}Pharmacie en ligne France. Prix les plus bas garantis \u00e0 100 %. \u00c9norme s\u00e9lection de pilules populaires.{:tr}T\u00fcrkiye online eczanesi. 100% garantili en d\u00fc\u015f\u00fck fiyatlar. \u00c7ok \u00e7e\u015fitli pop\u00fcler haplar.{:pt}Farm\u00e1cia on-line de Portugal. Pre\u00e7os mais baixos 100% garantidos. Enorme sele\u00e7\u00e3o de p\u00edlulas populares.{:}","breadcrumb":{"@id":"https:\/\/requestartikel.com\/#breadcrumb"},"inLanguage":"hu","potentialAction":[{"@type":"ReadAction","target":["https:\/\/requestartikel.com\/"]}]},{"@type":"BreadcrumbList","@id":"https:\/\/requestartikel.com\/#breadcrumb","itemListElement":[{"@type":"ListItem","position":1,"name":"Home","item":"https:\/\/requestartikel.com\/"},{"@type":"ListItem","position":2,"name":"Home"}]},{"@type":"WebSite","@id":"https:\/\/requestartikel.com\/#website","url":"https:\/\/requestartikel.com\/","name":"Requestartikel.com","description":"","potentialAction":[{"@type":"SearchAction","target":{"@type":"EntryPoint","urlTemplate":"https:\/\/requestartikel.com\/?s={search_term_string}"},"query-input":{"@type":"PropertyValueSpecification","valueRequired":true,"valueName":"search_term_string"}}],"inLanguage":"hu"}]}},"_links":{"self":[{"href":"https:\/\/requestartikel.com\/hu\/wp-json\/wp\/v2\/pages\/46","targetHints":{"allow":["GET"]}}],"collection":[{"href":"https:\/\/requestartikel.com\/hu\/wp-json\/wp\/v2\/pages"}],"about":[{"href":"https:\/\/requestartikel.com\/hu\/wp-json\/wp\/v2\/types\/page"}],"author":[{"embeddable":true,"href":"https:\/\/requestartikel.com\/hu\/wp-json\/wp\/v2\/users\/1"}],"replies":[{"embeddable":true,"href":"https:\/\/requestartikel.com\/hu\/wp-json\/wp\/v2\/comments?post=46"}],"version-history":[{"count":0,"href":"https:\/\/requestartikel.com\/hu\/wp-json\/wp\/v2\/pages\/46\/revisions"}],"wp:attachment":[{"href":"https:\/\/requestartikel.com\/hu\/wp-json\/wp\/v2\/media?parent=46"}],"curies":[{"name":"wp","href":"https:\/\/api.w.org\/{rel}","templated":true}]}}