{"id":46,"date":"2018-12-12T09:40:57","date_gmt":"2018-12-12T09:40:57","guid":{"rendered":"http:\/\/requestartikel.com\/?page_id=46"},"modified":"2024-05-08T07:13:42","modified_gmt":"2024-05-08T07:13:42","slug":"tr","status":"publish","type":"page","link":"https:\/\/requestartikel.com\/it\/","title":{"rendered":"Casa"},"content":{"rendered":"<p><\/p>\n<h2>FARMACI ONLINE: RISPARMI SOLDI SULLE PRESCRIZIONI<\/h2>\n<ul>\n<li>Hai problemi di salute?<\/li>\n<li>Hai bisogno di assistenza professionale?<\/li>\n<li>Vuoi acquistare farmaci poco costosi e risolvere i tuoi problemi?<\/li>\n<\/ul>\n<p>BENVENUTI SUL NOSTRO SITO WEB!<\/p>\n<p>Meds over the counter risorsa online viene creata praticando medici, infermieri, ricercatori, scrittori medici e traduttori scientifici.<\/p>\n<p>La nostra grande squadra di persone devote e compassionevoli prospera per aiutare i pazienti.<\/p>\n<p>Tutte le consulenze sono fornite gratuitamente per aiutarti a trovare le informazioni mediche necessarie e ottenere un trattamento adeguato.<\/p>\n<p>Gli argomenti, trattati sui farmaci da banco, comprendono le condizioni di salute, le procedure mediche e i problemi quotidiani relativi alla salute e al benessere.<\/p>\n<p>E PI\u00d9 IMPORTANTE!<\/p>\n<p>Hai un&#8217;opportunit\u00e0 unica di acquistare farmaci poco costosi di cui ti puoi fidare!<\/p>\n<p>Non \u00e8 tutto.<\/p>\n<ul>\n<li>Ulteriori informazioni sulla tua prescrizione e sui farmaci non soggetti a prescrizione.<\/li>\n<li>Accertarsi della loro efficacia e sicurezza.<\/li>\n<li>Leggi su dosaggio, effetti collaterali e precauzioni.<\/li>\n<\/ul>\n<p>Nonostante tu abbia accesso a medicinali a prezzi accessibili, tieni presente che tutti i problemi di salute, le domande e le decisioni devono essere discussi con i tuoi consulenti medici.<\/p>\n<p>In collaborazione con il medico, \u00e8 possibile determinare insieme quali farmaci sono i migliori da utilizzare, considerando la tua et\u00e0, le condizioni di salute e i fattori di rischio.<\/p>\n<p>Facciamo del nostro meglio per aiutare i nostri visitatori a imparare come e dove possono acquistare i farmaci richiesti al prezzo pi\u00f9 basso.<\/p>\n<p>Offriamo con orgoglio offerte uniche e migliori. Puoi visualizzarli al tuo ritmo, senza lasciare la comodit\u00e0 della tua casa o senza lasciare il tuo posto di lavoro, e condividerli facilmente con i tuoi cari e amici ovunque nel mondo.<\/p>\n<p>Utilizzare strumenti pratici per risparmiare denaro sulle prescrizioni.<\/p>\n<p>Scegli solo il meglio e testato nel tempo:<\/p>\n<ul>\n<li>Pillole dietetiche<\/li>\n<li>Meds ADHD<\/li>\n<li>Pillole antidolorifiche<\/li>\n<li>Farmaci anti-ansia<\/li>\n<li>antidepressivi<\/li>\n<li>Sonniferi<\/li>\n<li>Rilassanti muscolari<\/li>\n<\/ul>\n<p>Quando esci dallo studio del medico, potresti affrontare un problema serio: l&#8217;alto costo dei farmaci.<\/p>\n<p>La medicina raccomandata potrebbe non essere sempre l&#8217;opzione pi\u00f9 economica. Sfortunatamente, siamo stati tutti l\u00ec.<\/p>\n<p>Ancora pi\u00f9 problemi sorgono quando ti viene raccomandato un trattamento a lungo termine, mesi o anni consecutivi. Non tutti possono permettersi di acquistare regolarmente costosi farmaci in qualsiasi farmacia vicina.<\/p>\n<p>I prezzi elevati comportano un accesso ridotto ai farmaci, in particolare per le persone a basso reddito, poich\u00e9 semplicemente non possono permettersi un trattamento.<\/p>\n<p>MA C&#8217;\u00c8 UN VIAGGIO!<\/p>\n<h2>Ordina farmaci di marca online<\/h2>\n<p>Sondaggi condotti negli Stati Uniti e in altri paesi del mondo hanno mostrato enormi differenze di costo tra marchi noti. Se vivi in \u200b\u200bun paese con alti livelli di reddito, molto probabilmente il prezzo dei farmaci di marca sar\u00e0 molto alto.<\/p>\n<p>Ci sono una serie di motivi per cui questo accade. Ma non sprecheremo il tuo tempo per discuterne in questo articolo. Basta ricordare che i prezzi dei farmaci di marca possono cambiare nel tempo e variare a seconda del paese di distribuzione.<\/p>\n<p>Hai la possibilit\u00e0 di acquistare farmaci di marca a basso costo online. Questa \u00e8 la decisione giusta, anche se non sempre aiuta a ottenere il massimo risparmio possibile.<\/p>\n<h2>Acquista farmaci generici a basso costo<\/h2>\n<p>Abbiamo delle ottime notizie per te!<\/p>\n<p>\u00c8 possibile risparmiare denaro in questo momento e ridurre il costo del trattamento di pi\u00f9 volte.<\/p>\n<p>Presta attenzione ai prezzi attuali dei farmaci generici. Sono molto inferiori ai prezzi delle versioni di marca.<\/p>\n<p>Inoltre, \u00e8 possibile notare regolarmente la caduta dei prezzi per farmaci generici. Pi\u00f9 a lungo sono disponibili sul mercato farmaceutico, pi\u00f9 basso \u00e8 il costo. Ci\u00f2 \u00e8 dovuto alla costante crescita della concorrenza tra i produttori.<\/p>\n<p>A differenza della marca, i prezzi per i farmaci generici cadono molto rapidamente. Il loro costo \u00e8 in genere inferiore alla met\u00e0 del prezzo dei farmaci di marca.<\/p>\n<p>Molte versioni generiche di farmaci da prescrizione sono veramente convenienti, specialmente quando i farmaci generici sono prodotti da diverse aziende.<\/p>\n<p>Non devi preoccuparti della sicurezza dei farmaci generici. Ognuno di essi deve essere approvato prima di essere messo in vendita.<\/p>\n<p>La FDA statunitense, l&#8217;Agenzia medica europea e altre agenzie di regolamentazione governative valutano la sicurezza dei farmaci generici osservando:<\/p>\n<ul>\n<li>Effetti collaterali<\/li>\n<li>Come sono fatti<\/li>\n<li>Risultati di studi clinici<\/li>\n<\/ul>\n<p>Assicurati che i farmaci generici non funzionino n\u00e9 peggiori n\u00e9 migliori dei farmaci di marca, ma sono molto pi\u00f9 economici. Hanno lo stesso profilo di efficacia e sicurezza.<\/p>\n<p>Non devi aspettare che generici economici compaiano nelle farmacie locali. Oggi puoi ordinare farmaci generici al miglior prezzo, e non ci vorr\u00e0 molto del tuo tempo o sforzo.<\/p>\n<p>Tutte le tue decisioni e azioni influenzano la tua salute, cos\u00ec come la situazione finanziaria attuale e futura.<\/p>\n<p>Prendere la decisione giusta Non perdere l&#8217;opportunit\u00e0 di risparmiare un sacco di soldi oggi!<\/p>","protected":false},"excerpt":{"rendered":"<p>FARMACI ONLINE: RISPARMI SOLDI SULLE PRESCRIZIONI Hai problemi di salute? Hai bisogno di assistenza professionale? Vuoi acquistare farmaci poco costosi e risolvere i tuoi problemi? BENVENUTI SUL NOSTRO SITO WEB! Meds over the counter risorsa online viene creata praticando medici, infermieri, ricercatori, scrittori medici e traduttori scientifici. La nostra grande squadra di persone devote e&#8230;<\/p>\n","protected":false},"author":1,"featured_media":0,"parent":0,"menu_order":0,"comment_status":"closed","ping_status":"closed","template":"","meta":{"footnotes":""},"class_list":["post-46","page","type-page","status-publish","hentry"],"yoast_head":"<!-- This site is optimized with the Yoast SEO plugin v27.4 - https:\/\/yoast.com\/product\/yoast-seo-wordpress\/ -->\n<title>Farmacia online Italiana<\/title>\n<meta name=\"description\" content=\"Farmacia online Italiana. Prezzi pi\u00f9 bassi garantiti al 100%. Vasta selezione di pillole popolari.\" \/>\n<meta name=\"robots\" content=\"index, follow, max-snippet:-1, max-image-preview:large, max-video-preview:-1\" \/>\n<link rel=\"canonical\" href=\"https:\/\/requestartikel.com\/\" \/>\n<meta property=\"og:locale\" content=\"it_IT\" \/>\n<meta property=\"og:type\" content=\"article\" \/>\n<meta property=\"og:title\" content=\"[:en]Save Money on Prescription Drugs | Guide for Patients [2018][:de]Deutschland Online-Apotheke[:sk]Slovenija spletna lekarna[:hr]Hrvatska online drogerija[:ro]Farmacie online din Romania[:pl]Polska drogeria internetowa[:hu]Magyarorsz\u00e1g online gy\u00f3gyszert\u00e1r[:es]Farmacia online Espa\u00f1a[:it]Farmacia online Italiana[:sv]Sverige online apotek[:fi]Suomen verkkoapteekki[:nl]Online drogisterij Nederland[:fr]Pharmacie en ligne France[:tr]T\u00fcrkiye online eczanesi[:pt]Farm\u00e1cia on-line de Portugal[:]\" \/>\n<meta property=\"og:description\" content=\"{:en}Sick and tired of spending thousands for your treatment? Who doesn\u2019t want to pay less for the same drugs? Get health information and health tips you can trust. Compare prices and find the best deals.{:de}Deutschland Online-Apotheke. 100 % garantiert niedrigste Preise. Riesige Auswahl an beliebten Pillen.{:sk}Slovenija spletna lekarna. 100 % zajam\u010deno najni\u017eje cene. Velika izbira priljubljenih tablet.{:hr}Hrvatska online drogerija. 100 % zajam\u010deno najni\u017ee cijene. Veliki izbor popularnih tableta.{:ro}Farmacie online din Romania. 100% garantate cele mai mici preturi. Selec\u021bie uria\u0219\u0103 de pastile populare.{:pl}Polska drogeria internetowa. 100% gwarancja najni\u017cszych cen. Ogromny wyb\u00f3r popularnych tabletek.{:hu}Magyarorsz\u00e1g online gy\u00f3gyszert\u00e1r. 100% garant\u00e1lt legalacsonyabb \u00e1rak. Hatalmas parge v\u00e1laszt\u00e9k n\u00e9pszer\u0171 tablett\u00e1k.{:es}Farmacia online Espa\u00f1a. Precios m\u00e1s bajos 100% garantizados. Gran selecci\u00f3n de pastillas populares.{:it}Farmacia online Italiana. Prezzi pi\u00f9 bassi garantiti al 100%. Vasta selezione di pillole popolari.{:sv}Sverige online apotek. 100 % garanterat l\u00e4gsta priser. Stort urval av popul\u00e4ra piller.{:fi}Suomen verkkoapteekki. 100 % taattu halvimmat hinnat. Valtava valikoima suosittuja pillereit\u00e4.{:nl}Online drogisterij Nederland. 100% gegarandeerd de laagste prijzen. Enorme selectie populaire pillen.{:fr}Pharmacie en ligne France. Prix les plus bas garantis \u00e0 100 %. \u00c9norme s\u00e9lection de pilules populaires.{:tr}T\u00fcrkiye online eczanesi. 100% garantili en d\u00fc\u015f\u00fck fiyatlar. \u00c7ok \u00e7e\u015fitli pop\u00fcler haplar.{:pt}Farm\u00e1cia on-line de Portugal. Pre\u00e7os mais baixos 100% garantidos. Enorme sele\u00e7\u00e3o de p\u00edlulas populares.{:}\" \/>\n<meta property=\"og:url\" content=\"https:\/\/requestartikel.com\/\" \/>\n<meta property=\"og:site_name\" content=\"Requestartikel.com\" \/>\n<meta property=\"article:modified_time\" content=\"2024-05-08T07:13:42+00:00\" \/>\n<meta name=\"twitter:card\" content=\"summary_large_image\" \/>\n<meta name=\"twitter:label1\" content=\"Tempo di lettura stimato\" \/>\n\t<meta name=\"twitter:data1\" content=\"63 minuti\" \/>\n<script type=\"application\/ld+json\" class=\"yoast-schema-graph\">{\"@context\":\"https:\\\/\\\/schema.org\",\"@graph\":[{\"@type\":\"WebPage\",\"@id\":\"https:\\\/\\\/requestartikel.com\\\/\",\"url\":\"https:\\\/\\\/requestartikel.com\\\/\",\"name\":\"[:en]Save Money on Prescription Drugs | Guide for Patients [2018][:de]Deutschland Online-Apotheke[:sk]Slovenija spletna lekarna[:hr]Hrvatska online drogerija[:ro]Farmacie online din Romania[:pl]Polska drogeria internetowa[:hu]Magyarorsz\u00e1g online gy\u00f3gyszert\u00e1r[:es]Farmacia online Espa\u00f1a[:it]Farmacia online Italiana[:sv]Sverige online apotek[:fi]Suomen verkkoapteekki[:nl]Online drogisterij Nederland[:fr]Pharmacie en ligne France[:tr]T\u00fcrkiye online eczanesi[:pt]Farm\u00e1cia on-line de Portugal[:]\",\"isPartOf\":{\"@id\":\"https:\\\/\\\/requestartikel.com\\\/#website\"},\"datePublished\":\"2018-12-12T09:40:57+00:00\",\"dateModified\":\"2024-05-08T07:13:42+00:00\",\"description\":\"{:en}Sick and tired of spending thousands for your treatment? Who doesn\u2019t want to pay less for the same drugs? Get health information and health tips you can trust. Compare prices and find the best deals.{:de}Deutschland Online-Apotheke. 100 % garantiert niedrigste Preise. Riesige Auswahl an beliebten Pillen.{:sk}Slovenija spletna lekarna. 100 % zajam\u010deno najni\u017eje cene. Velika izbira priljubljenih tablet.{:hr}Hrvatska online drogerija. 100 % zajam\u010deno najni\u017ee cijene. Veliki izbor popularnih tableta.{:ro}Farmacie online din Romania. 100% garantate cele mai mici preturi. Selec\u021bie uria\u0219\u0103 de pastile populare.{:pl}Polska drogeria internetowa. 100% gwarancja najni\u017cszych cen. Ogromny wyb\u00f3r popularnych tabletek.{:hu}Magyarorsz\u00e1g online gy\u00f3gyszert\u00e1r. 100% garant\u00e1lt legalacsonyabb \u00e1rak. Hatalmas parge v\u00e1laszt\u00e9k n\u00e9pszer\u0171 tablett\u00e1k.{:es}Farmacia online Espa\u00f1a. Precios m\u00e1s bajos 100% garantizados. Gran selecci\u00f3n de pastillas populares.{:it}Farmacia online Italiana. Prezzi pi\u00f9 bassi garantiti al 100%. Vasta selezione di pillole popolari.{:sv}Sverige online apotek. 100 % garanterat l\u00e4gsta priser. Stort urval av popul\u00e4ra piller.{:fi}Suomen verkkoapteekki. 100 % taattu halvimmat hinnat. Valtava valikoima suosittuja pillereit\u00e4.{:nl}Online drogisterij Nederland. 100% gegarandeerd de laagste prijzen. Enorme selectie populaire pillen.{:fr}Pharmacie en ligne France. Prix les plus bas garantis \u00e0 100 %. \u00c9norme s\u00e9lection de pilules populaires.{:tr}T\u00fcrkiye online eczanesi. 100% garantili en d\u00fc\u015f\u00fck fiyatlar. \u00c7ok \u00e7e\u015fitli pop\u00fcler haplar.{:pt}Farm\u00e1cia on-line de Portugal. Pre\u00e7os mais baixos 100% garantidos. Enorme sele\u00e7\u00e3o de p\u00edlulas populares.{:}\",\"breadcrumb\":{\"@id\":\"https:\\\/\\\/requestartikel.com\\\/#breadcrumb\"},\"inLanguage\":\"it-IT\",\"potentialAction\":[{\"@type\":\"ReadAction\",\"target\":[\"https:\\\/\\\/requestartikel.com\\\/\"]}]},{\"@type\":\"BreadcrumbList\",\"@id\":\"https:\\\/\\\/requestartikel.com\\\/#breadcrumb\",\"itemListElement\":[{\"@type\":\"ListItem\",\"position\":1,\"name\":\"Home\",\"item\":\"https:\\\/\\\/requestartikel.com\\\/\"},{\"@type\":\"ListItem\",\"position\":2,\"name\":\"Home\"}]},{\"@type\":\"WebSite\",\"@id\":\"https:\\\/\\\/requestartikel.com\\\/#website\",\"url\":\"https:\\\/\\\/requestartikel.com\\\/\",\"name\":\"Requestartikel.com\",\"description\":\"\",\"potentialAction\":[{\"@type\":\"SearchAction\",\"target\":{\"@type\":\"EntryPoint\",\"urlTemplate\":\"https:\\\/\\\/requestartikel.com\\\/?s={search_term_string}\"},\"query-input\":{\"@type\":\"PropertyValueSpecification\",\"valueRequired\":true,\"valueName\":\"search_term_string\"}}],\"inLanguage\":\"it-IT\"}]}<\/script>\n<!-- \/ Yoast SEO plugin. -->","yoast_head_json":{"title":"Farmacia online Italiana","description":"Farmacia online Italiana. Prezzi pi\u00f9 bassi garantiti al 100%. Vasta selezione di pillole popolari.","robots":{"index":"index","follow":"follow","max-snippet":"max-snippet:-1","max-image-preview":"max-image-preview:large","max-video-preview":"max-video-preview:-1"},"canonical":"https:\/\/requestartikel.com\/","og_locale":"it_IT","og_type":"article","og_title":"[:en]Save Money on Prescription Drugs | Guide for Patients [2018][:de]Deutschland Online-Apotheke[:sk]Slovenija spletna lekarna[:hr]Hrvatska online drogerija[:ro]Farmacie online din Romania[:pl]Polska drogeria internetowa[:hu]Magyarorsz\u00e1g online gy\u00f3gyszert\u00e1r[:es]Farmacia online Espa\u00f1a[:it]Farmacia online Italiana[:sv]Sverige online apotek[:fi]Suomen verkkoapteekki[:nl]Online drogisterij Nederland[:fr]Pharmacie en ligne France[:tr]T\u00fcrkiye online eczanesi[:pt]Farm\u00e1cia on-line de Portugal[:]","og_description":"{:en}Sick and tired of spending thousands for your treatment? Who doesn\u2019t want to pay less for the same drugs? Get health information and health tips you can trust. Compare prices and find the best deals.{:de}Deutschland Online-Apotheke. 100 % garantiert niedrigste Preise. Riesige Auswahl an beliebten Pillen.{:sk}Slovenija spletna lekarna. 100 % zajam\u010deno najni\u017eje cene. Velika izbira priljubljenih tablet.{:hr}Hrvatska online drogerija. 100 % zajam\u010deno najni\u017ee cijene. Veliki izbor popularnih tableta.{:ro}Farmacie online din Romania. 100% garantate cele mai mici preturi. Selec\u021bie uria\u0219\u0103 de pastile populare.{:pl}Polska drogeria internetowa. 100% gwarancja najni\u017cszych cen. Ogromny wyb\u00f3r popularnych tabletek.{:hu}Magyarorsz\u00e1g online gy\u00f3gyszert\u00e1r. 100% garant\u00e1lt legalacsonyabb \u00e1rak. Hatalmas parge v\u00e1laszt\u00e9k n\u00e9pszer\u0171 tablett\u00e1k.{:es}Farmacia online Espa\u00f1a. Precios m\u00e1s bajos 100% garantizados. Gran selecci\u00f3n de pastillas populares.{:it}Farmacia online Italiana. Prezzi pi\u00f9 bassi garantiti al 100%. Vasta selezione di pillole popolari.{:sv}Sverige online apotek. 100 % garanterat l\u00e4gsta priser. Stort urval av popul\u00e4ra piller.{:fi}Suomen verkkoapteekki. 100 % taattu halvimmat hinnat. Valtava valikoima suosittuja pillereit\u00e4.{:nl}Online drogisterij Nederland. 100% gegarandeerd de laagste prijzen. Enorme selectie populaire pillen.{:fr}Pharmacie en ligne France. Prix les plus bas garantis \u00e0 100 %. \u00c9norme s\u00e9lection de pilules populaires.{:tr}T\u00fcrkiye online eczanesi. 100% garantili en d\u00fc\u015f\u00fck fiyatlar. \u00c7ok \u00e7e\u015fitli pop\u00fcler haplar.{:pt}Farm\u00e1cia on-line de Portugal. Pre\u00e7os mais baixos 100% garantidos. Enorme sele\u00e7\u00e3o de p\u00edlulas populares.{:}","og_url":"https:\/\/requestartikel.com\/","og_site_name":"Requestartikel.com","article_modified_time":"2024-05-08T07:13:42+00:00","twitter_card":"summary_large_image","twitter_misc":{"Tempo di lettura stimato":"63 minuti"},"schema":{"@context":"https:\/\/schema.org","@graph":[{"@type":"WebPage","@id":"https:\/\/requestartikel.com\/","url":"https:\/\/requestartikel.com\/","name":"[:en]Save Money on Prescription Drugs | Guide for Patients [2018][:de]Deutschland Online-Apotheke[:sk]Slovenija spletna lekarna[:hr]Hrvatska online drogerija[:ro]Farmacie online din Romania[:pl]Polska drogeria internetowa[:hu]Magyarorsz\u00e1g online gy\u00f3gyszert\u00e1r[:es]Farmacia online Espa\u00f1a[:it]Farmacia online Italiana[:sv]Sverige online apotek[:fi]Suomen verkkoapteekki[:nl]Online drogisterij Nederland[:fr]Pharmacie en ligne France[:tr]T\u00fcrkiye online eczanesi[:pt]Farm\u00e1cia on-line de Portugal[:]","isPartOf":{"@id":"https:\/\/requestartikel.com\/#website"},"datePublished":"2018-12-12T09:40:57+00:00","dateModified":"2024-05-08T07:13:42+00:00","description":"{:en}Sick and tired of spending thousands for your treatment? Who doesn\u2019t want to pay less for the same drugs? Get health information and health tips you can trust. Compare prices and find the best deals.{:de}Deutschland Online-Apotheke. 100 % garantiert niedrigste Preise. Riesige Auswahl an beliebten Pillen.{:sk}Slovenija spletna lekarna. 100 % zajam\u010deno najni\u017eje cene. Velika izbira priljubljenih tablet.{:hr}Hrvatska online drogerija. 100 % zajam\u010deno najni\u017ee cijene. Veliki izbor popularnih tableta.{:ro}Farmacie online din Romania. 100% garantate cele mai mici preturi. Selec\u021bie uria\u0219\u0103 de pastile populare.{:pl}Polska drogeria internetowa. 100% gwarancja najni\u017cszych cen. Ogromny wyb\u00f3r popularnych tabletek.{:hu}Magyarorsz\u00e1g online gy\u00f3gyszert\u00e1r. 100% garant\u00e1lt legalacsonyabb \u00e1rak. Hatalmas parge v\u00e1laszt\u00e9k n\u00e9pszer\u0171 tablett\u00e1k.{:es}Farmacia online Espa\u00f1a. Precios m\u00e1s bajos 100% garantizados. Gran selecci\u00f3n de pastillas populares.{:it}Farmacia online Italiana. Prezzi pi\u00f9 bassi garantiti al 100%. Vasta selezione di pillole popolari.{:sv}Sverige online apotek. 100 % garanterat l\u00e4gsta priser. Stort urval av popul\u00e4ra piller.{:fi}Suomen verkkoapteekki. 100 % taattu halvimmat hinnat. Valtava valikoima suosittuja pillereit\u00e4.{:nl}Online drogisterij Nederland. 100% gegarandeerd de laagste prijzen. Enorme selectie populaire pillen.{:fr}Pharmacie en ligne France. Prix les plus bas garantis \u00e0 100 %. \u00c9norme s\u00e9lection de pilules populaires.{:tr}T\u00fcrkiye online eczanesi. 100% garantili en d\u00fc\u015f\u00fck fiyatlar. \u00c7ok \u00e7e\u015fitli pop\u00fcler haplar.{:pt}Farm\u00e1cia on-line de Portugal. Pre\u00e7os mais baixos 100% garantidos. Enorme sele\u00e7\u00e3o de p\u00edlulas populares.{:}","breadcrumb":{"@id":"https:\/\/requestartikel.com\/#breadcrumb"},"inLanguage":"it-IT","potentialAction":[{"@type":"ReadAction","target":["https:\/\/requestartikel.com\/"]}]},{"@type":"BreadcrumbList","@id":"https:\/\/requestartikel.com\/#breadcrumb","itemListElement":[{"@type":"ListItem","position":1,"name":"Home","item":"https:\/\/requestartikel.com\/"},{"@type":"ListItem","position":2,"name":"Home"}]},{"@type":"WebSite","@id":"https:\/\/requestartikel.com\/#website","url":"https:\/\/requestartikel.com\/","name":"Requestartikel.com","description":"","potentialAction":[{"@type":"SearchAction","target":{"@type":"EntryPoint","urlTemplate":"https:\/\/requestartikel.com\/?s={search_term_string}"},"query-input":{"@type":"PropertyValueSpecification","valueRequired":true,"valueName":"search_term_string"}}],"inLanguage":"it-IT"}]}},"_links":{"self":[{"href":"https:\/\/requestartikel.com\/it\/wp-json\/wp\/v2\/pages\/46","targetHints":{"allow":["GET"]}}],"collection":[{"href":"https:\/\/requestartikel.com\/it\/wp-json\/wp\/v2\/pages"}],"about":[{"href":"https:\/\/requestartikel.com\/it\/wp-json\/wp\/v2\/types\/page"}],"author":[{"embeddable":true,"href":"https:\/\/requestartikel.com\/it\/wp-json\/wp\/v2\/users\/1"}],"replies":[{"embeddable":true,"href":"https:\/\/requestartikel.com\/it\/wp-json\/wp\/v2\/comments?post=46"}],"version-history":[{"count":0,"href":"https:\/\/requestartikel.com\/it\/wp-json\/wp\/v2\/pages\/46\/revisions"}],"wp:attachment":[{"href":"https:\/\/requestartikel.com\/it\/wp-json\/wp\/v2\/media?parent=46"}],"curies":[{"name":"wp","href":"https:\/\/api.w.org\/{rel}","templated":true}]}}