{"id":46,"date":"2018-12-12T09:40:57","date_gmt":"2018-12-12T09:40:57","guid":{"rendered":"http:\/\/requestartikel.com\/?page_id=46"},"modified":"2024-05-08T07:13:42","modified_gmt":"2024-05-08T07:13:42","slug":"tr","status":"publish","type":"page","link":"https:\/\/requestartikel.com\/nl\/","title":{"rendered":"Huis"},"content":{"rendered":"<p><\/p>\n<h2>DRUGS ONLINE: BESPAAR GELD OP VOORSCHRIFTEN<\/h2>\n<ul>\n<li>Heb je gezondheidsproblemen?<\/li>\n<li>Heb je professionele hulp nodig?<\/li>\n<li>Wilt u goedkope medicijnen kopen en uw problemen oplossen?<\/li>\n<\/ul>\n<p>WELKOM OP ONZE WEBSITE!<\/p>\n<p>Meds over-the-counter online hulpmiddel wordt gecre\u00eberd door praktiserende artsen, verpleegkundigen, onderzoekers, medische schrijvers en wetenschappelijke vertalers.<\/p>\n<p>Ons grote team van toegewijde en medelevende mensen gedijt om pati\u00ebnten te helpen.<\/p>\n<p>Alle counseling wordt gratis aangeboden om u te helpen de nodige medische informatie te vinden en een goede behandeling te krijgen.<\/p>\n<p>Onderwerpen, die zonder recept over Meds worden afgedekt, omvatten gezondheidsproblemen, medische procedures en dagelijkse gezondheids- en welzijnskwesties.<\/p>\n<p>EN HET BELANGRIJKSTE!<\/p>\n<p>Je hebt een unieke kans om goedkope medicijnen te kopen die je kunt vertrouwen!<\/p>\n<p>Dat is niet alles.<\/p>\n<ul>\n<li>Meer informatie over uw geneesmiddelen op recept en zonder recept.<\/li>\n<li>Zorg voor zekerheid en effectiviteit.<\/li>\n<li>Lees over dosering, bijwerkingen en voorzorgsmaatregelen.<\/li>\n<\/ul>\n<p>Ondanks het feit dat u toegang heeft tot betaalbare medicijnen, moet u er rekening mee houden dat alle zorgen, vragen en beslissingen over de gezondheidszorg moeten worden besproken met uw medische adviseurs.<\/p>\n<p>In samenwerking met uw arts kunt u samen bepalen welke geneesmiddelen het beste zijn om te gebruiken, rekening houdend met uw leeftijd, gezondheidstoestand en risicofactoren.<\/p>\n<p>We doen ons best om onze bezoekers te helpen te leren hoe en waar ze de vereiste medicijnen tegen de laagste prijs kunnen kopen.<\/p>\n<p>We bieden met trots unieke en beste deals. Je kunt ze in je eigen tempo bekijken, zonder het comfort van je huis te verlaten of zonder je werkplek te verlaten, en ze eenvoudig delen met geliefden en vrienden overal ter wereld.<\/p>\n<p>Gebruik handige hulpmiddelen om geld te besparen op recepten.<\/p>\n<p>Kies alleen de beste en geteste tijd:<\/p>\n<ul>\n<li>Dieetpillen<\/li>\n<li>ADHD medicijnen<\/li>\n<li>Pijnstillers<\/li>\n<li>Anti-angst medicijnen<\/li>\n<li>antidepressiva<\/li>\n<li>Slaappillen<\/li>\n<li>Spierverslappers<\/li>\n<\/ul>\n<p>Wanneer u de spreekkamer verlaat, kunt u een ernstig probleem krijgen: de hoge kosten van de medicijnen.<\/p>\n<p>Aanbevolen medicatie is misschien niet altijd de goedkoopste optie. Helaas zijn we er allemaal geweest.<\/p>\n<p>Nog meer problemen doen zich voor als u een langdurige behandeling, maanden of jaren op rij, wordt aanbevolen. Niet iedereen kan het zich veroorloven regelmatig dure medicijnen te kopen bij een apotheek in de buurt.<\/p>\n<p>Hoge prijzen leiden tot een verminderde toegang tot medicijnen, vooral voor mensen met een laag inkomen, omdat ze zich gewoonweg geen behandeling kunnen veroorloven.<\/p>\n<p>MAAR ER IS EEN MANIER UIT!<\/p>\n<h2>Online merkgeneesmiddelen bestellen<\/h2>\n<p>Enqu\u00eates uitgevoerd in de VS en andere landen van de wereld hebben enorme kostenverschillen van bekende merken laten zien. Als u in een land woont met een hoog inkomensniveau, zal de prijs van merkgeneesmiddelen hoogstwaarschijnlijk zeer hoog zijn.<\/p>\n<p>Er zijn een aantal redenen waarom dit gebeurt. Maar we zullen uw tijd niet verspillen om ze in dit artikel te bespreken. Bedenk dat de prijzen voor merkgeneesmiddelen in de loop van de tijd kunnen vari\u00ebren en vari\u00ebren, afhankelijk van het land van distributie.<\/p>\n<p>U hebt de mogelijkheid om goedkope medicijnen met merknaam online te kopen. Dit is de juiste beslissing, hoewel het niet altijd helpt om de maximaal mogelijke besparingen te behalen.<\/p>\n<h2>Koop goedkope generieke geneesmiddelen<\/h2>\n<p>We hebben goed nieuws voor je!<\/p>\n<p>U kunt nu geld besparen en de kosten van uw behandeling een aantal keren verlagen.<\/p>\n<p>Besteed aandacht aan de huidige prijzen van generieke geneesmiddelen. Ze zijn veel lager dan de prijzen van merkversies.<\/p>\n<p>Bovendien kunt u regelmatig de daling van de prijzen voor generieke medicijnen opmerken. Hoe langer ze beschikbaar zijn op de farmaceutische markt, hoe lager de kosten. Dit komt door de constante groei van de concurrentie tussen fabrikanten.<\/p>\n<p>In tegenstelling tot het merk, dalen de prijzen voor generieke geneesmiddelen zeer snel. Hun kosten zijn meestal minder dan de helft van de prijs van merkgeneesmiddelen.<\/p>\n<p>Veel generieke versies van receptmedicijnen zijn echt betaalbaar, vooral wanneer generieke geneesmiddelen door verschillende bedrijven worden geproduceerd.<\/p>\n<p>U hoeft zich geen zorgen te maken over de veiligheid van generieke geneesmiddelen. Elk van hen moet worden goedgekeurd voordat het in de uitverkoop gaat.<\/p>\n<p>De Amerikaanse FDA, het European Medical Agency en andere overheidsinstanties beoordelen de veiligheid van generieke geneesmiddelen door te kijken naar:<\/p>\n<ul>\n<li>Bijwerkingen<\/li>\n<li>Hoe ze zijn vervaardigd<\/li>\n<li>Resultaten van klinische studies<\/li>\n<\/ul>\n<p>Zorg ervoor dat generieke geneesmiddelen niet slechter en niet beter werken dan merkgeneesmiddelen, maar ze zijn veel goedkoper. Ze hebben hetzelfde werkzaamheid- en veiligheidsprofiel.<\/p>\n<p>U hoeft niet te wachten totdat goedkope generieke geneesmiddelen in lokale apotheken verschijnen. Vandaag kunt u generieke producten tegen de beste prijs bestellen, en het kost u niet veel tijd of moeite.<\/p>\n<p>Al uw beslissingen en acties be\u00efnvloeden uw gezondheid, evenals uw huidige en toekomstige financi\u00eble situatie.<\/p>\n<p>Maak de juiste beslissing. Mis niet de kans om vandaag veel geld te besparen!<\/p>","protected":false},"excerpt":{"rendered":"<p>DRUGS ONLINE: BESPAAR GELD OP VOORSCHRIFTEN Heb je gezondheidsproblemen? Heb je professionele hulp nodig? Wilt u goedkope medicijnen kopen en uw problemen oplossen? WELKOM OP ONZE WEBSITE! Meds over-the-counter online hulpmiddel wordt gecre\u00eberd door praktiserende artsen, verpleegkundigen, onderzoekers, medische schrijvers en wetenschappelijke vertalers. Ons grote team van toegewijde en medelevende mensen gedijt om pati\u00ebnten te&#8230;<\/p>\n","protected":false},"author":1,"featured_media":0,"parent":0,"menu_order":0,"comment_status":"closed","ping_status":"closed","template":"","meta":{"footnotes":""},"class_list":["post-46","page","type-page","status-publish","hentry"],"yoast_head":"<!-- This site is optimized with the Yoast SEO plugin v27.1.1 - https:\/\/yoast.com\/product\/yoast-seo-wordpress\/ -->\n<title>Online drogisterij Nederland<\/title>\n<meta name=\"description\" content=\"Online drogisterij Nederland. 100% gegarandeerd de laagste prijzen. Enorme selectie populaire pillen.\" \/>\n<meta name=\"robots\" content=\"index, follow, max-snippet:-1, max-image-preview:large, max-video-preview:-1\" \/>\n<link rel=\"canonical\" href=\"https:\/\/requestartikel.com\/\" \/>\n<meta property=\"og:locale\" content=\"nl_NL\" \/>\n<meta property=\"og:type\" content=\"article\" \/>\n<meta property=\"og:title\" content=\"[:en]Save Money on Prescription Drugs | Guide for Patients [2018][:de]Deutschland Online-Apotheke[:sk]Slovenija spletna lekarna[:hr]Hrvatska online drogerija[:ro]Farmacie online din Romania[:pl]Polska drogeria internetowa[:hu]Magyarorsz\u00e1g online gy\u00f3gyszert\u00e1r[:es]Farmacia online Espa\u00f1a[:it]Farmacia online Italiana[:sv]Sverige online apotek[:fi]Suomen verkkoapteekki[:nl]Online drogisterij Nederland[:fr]Pharmacie en ligne France[:tr]T\u00fcrkiye online eczanesi[:pt]Farm\u00e1cia on-line de Portugal[:]\" \/>\n<meta property=\"og:description\" content=\"{:en}Sick and tired of spending thousands for your treatment? Who doesn\u2019t want to pay less for the same drugs? Get health information and health tips you can trust. Compare prices and find the best deals.{:de}Deutschland Online-Apotheke. 100 % garantiert niedrigste Preise. Riesige Auswahl an beliebten Pillen.{:sk}Slovenija spletna lekarna. 100 % zajam\u010deno najni\u017eje cene. Velika izbira priljubljenih tablet.{:hr}Hrvatska online drogerija. 100 % zajam\u010deno najni\u017ee cijene. Veliki izbor popularnih tableta.{:ro}Farmacie online din Romania. 100% garantate cele mai mici preturi. Selec\u021bie uria\u0219\u0103 de pastile populare.{:pl}Polska drogeria internetowa. 100% gwarancja najni\u017cszych cen. Ogromny wyb\u00f3r popularnych tabletek.{:hu}Magyarorsz\u00e1g online gy\u00f3gyszert\u00e1r. 100% garant\u00e1lt legalacsonyabb \u00e1rak. Hatalmas parge v\u00e1laszt\u00e9k n\u00e9pszer\u0171 tablett\u00e1k.{:es}Farmacia online Espa\u00f1a. Precios m\u00e1s bajos 100% garantizados. Gran selecci\u00f3n de pastillas populares.{:it}Farmacia online Italiana. Prezzi pi\u00f9 bassi garantiti al 100%. Vasta selezione di pillole popolari.{:sv}Sverige online apotek. 100 % garanterat l\u00e4gsta priser. Stort urval av popul\u00e4ra piller.{:fi}Suomen verkkoapteekki. 100 % taattu halvimmat hinnat. Valtava valikoima suosittuja pillereit\u00e4.{:nl}Online drogisterij Nederland. 100% gegarandeerd de laagste prijzen. Enorme selectie populaire pillen.{:fr}Pharmacie en ligne France. Prix les plus bas garantis \u00e0 100 %. \u00c9norme s\u00e9lection de pilules populaires.{:tr}T\u00fcrkiye online eczanesi. 100% garantili en d\u00fc\u015f\u00fck fiyatlar. \u00c7ok \u00e7e\u015fitli pop\u00fcler haplar.{:pt}Farm\u00e1cia on-line de Portugal. Pre\u00e7os mais baixos 100% garantidos. Enorme sele\u00e7\u00e3o de p\u00edlulas populares.{:}\" \/>\n<meta property=\"og:url\" content=\"https:\/\/requestartikel.com\/\" \/>\n<meta property=\"og:site_name\" content=\"Requestartikel.com\" \/>\n<meta property=\"article:modified_time\" content=\"2024-05-08T07:13:42+00:00\" \/>\n<meta name=\"twitter:card\" content=\"summary_large_image\" \/>\n<meta name=\"twitter:label1\" content=\"Geschatte leestijd\" \/>\n\t<meta name=\"twitter:data1\" content=\"63 minuten\" \/>\n<script type=\"application\/ld+json\" class=\"yoast-schema-graph\">{\"@context\":\"https:\/\/schema.org\",\"@graph\":[{\"@type\":\"WebPage\",\"@id\":\"https:\/\/requestartikel.com\/\",\"url\":\"https:\/\/requestartikel.com\/\",\"name\":\"[:en]Save Money on Prescription Drugs | Guide for Patients [2018][:de]Deutschland Online-Apotheke[:sk]Slovenija spletna lekarna[:hr]Hrvatska online drogerija[:ro]Farmacie online din Romania[:pl]Polska drogeria internetowa[:hu]Magyarorsz\u00e1g online gy\u00f3gyszert\u00e1r[:es]Farmacia online Espa\u00f1a[:it]Farmacia online Italiana[:sv]Sverige online apotek[:fi]Suomen verkkoapteekki[:nl]Online drogisterij Nederland[:fr]Pharmacie en ligne France[:tr]T\u00fcrkiye online eczanesi[:pt]Farm\u00e1cia on-line de Portugal[:]\",\"isPartOf\":{\"@id\":\"https:\/\/requestartikel.com\/#website\"},\"datePublished\":\"2018-12-12T09:40:57+00:00\",\"dateModified\":\"2024-05-08T07:13:42+00:00\",\"description\":\"{:en}Sick and tired of spending thousands for your treatment? Who doesn\u2019t want to pay less for the same drugs? Get health information and health tips you can trust. Compare prices and find the best deals.{:de}Deutschland Online-Apotheke. 100 % garantiert niedrigste Preise. Riesige Auswahl an beliebten Pillen.{:sk}Slovenija spletna lekarna. 100 % zajam\u010deno najni\u017eje cene. Velika izbira priljubljenih tablet.{:hr}Hrvatska online drogerija. 100 % zajam\u010deno najni\u017ee cijene. Veliki izbor popularnih tableta.{:ro}Farmacie online din Romania. 100% garantate cele mai mici preturi. Selec\u021bie uria\u0219\u0103 de pastile populare.{:pl}Polska drogeria internetowa. 100% gwarancja najni\u017cszych cen. Ogromny wyb\u00f3r popularnych tabletek.{:hu}Magyarorsz\u00e1g online gy\u00f3gyszert\u00e1r. 100% garant\u00e1lt legalacsonyabb \u00e1rak. Hatalmas parge v\u00e1laszt\u00e9k n\u00e9pszer\u0171 tablett\u00e1k.{:es}Farmacia online Espa\u00f1a. Precios m\u00e1s bajos 100% garantizados. Gran selecci\u00f3n de pastillas populares.{:it}Farmacia online Italiana. Prezzi pi\u00f9 bassi garantiti al 100%. Vasta selezione di pillole popolari.{:sv}Sverige online apotek. 100 % garanterat l\u00e4gsta priser. Stort urval av popul\u00e4ra piller.{:fi}Suomen verkkoapteekki. 100 % taattu halvimmat hinnat. Valtava valikoima suosittuja pillereit\u00e4.{:nl}Online drogisterij Nederland. 100% gegarandeerd de laagste prijzen. Enorme selectie populaire pillen.{:fr}Pharmacie en ligne France. Prix les plus bas garantis \u00e0 100 %. \u00c9norme s\u00e9lection de pilules populaires.{:tr}T\u00fcrkiye online eczanesi. 100% garantili en d\u00fc\u015f\u00fck fiyatlar. \u00c7ok \u00e7e\u015fitli pop\u00fcler haplar.{:pt}Farm\u00e1cia on-line de Portugal. Pre\u00e7os mais baixos 100% garantidos. Enorme sele\u00e7\u00e3o de p\u00edlulas populares.{:}\",\"breadcrumb\":{\"@id\":\"https:\/\/requestartikel.com\/#breadcrumb\"},\"inLanguage\":\"nl-NL\",\"potentialAction\":[{\"@type\":\"ReadAction\",\"target\":[\"https:\/\/requestartikel.com\/\"]}]},{\"@type\":\"BreadcrumbList\",\"@id\":\"https:\/\/requestartikel.com\/#breadcrumb\",\"itemListElement\":[{\"@type\":\"ListItem\",\"position\":1,\"name\":\"Home\",\"item\":\"https:\/\/requestartikel.com\/\"},{\"@type\":\"ListItem\",\"position\":2,\"name\":\"Home\"}]},{\"@type\":\"WebSite\",\"@id\":\"https:\/\/requestartikel.com\/#website\",\"url\":\"https:\/\/requestartikel.com\/\",\"name\":\"Requestartikel.com\",\"description\":\"\",\"potentialAction\":[{\"@type\":\"SearchAction\",\"target\":{\"@type\":\"EntryPoint\",\"urlTemplate\":\"https:\/\/requestartikel.com\/?s={search_term_string}\"},\"query-input\":{\"@type\":\"PropertyValueSpecification\",\"valueRequired\":true,\"valueName\":\"search_term_string\"}}],\"inLanguage\":\"nl-NL\"}]}<\/script>\n<!-- \/ Yoast SEO plugin. -->","yoast_head_json":{"title":"Online drogisterij Nederland","description":"Online drogisterij Nederland. 100% gegarandeerd de laagste prijzen. Enorme selectie populaire pillen.","robots":{"index":"index","follow":"follow","max-snippet":"max-snippet:-1","max-image-preview":"max-image-preview:large","max-video-preview":"max-video-preview:-1"},"canonical":"https:\/\/requestartikel.com\/","og_locale":"nl_NL","og_type":"article","og_title":"[:en]Save Money on Prescription Drugs | Guide for Patients [2018][:de]Deutschland Online-Apotheke[:sk]Slovenija spletna lekarna[:hr]Hrvatska online drogerija[:ro]Farmacie online din Romania[:pl]Polska drogeria internetowa[:hu]Magyarorsz\u00e1g online gy\u00f3gyszert\u00e1r[:es]Farmacia online Espa\u00f1a[:it]Farmacia online Italiana[:sv]Sverige online apotek[:fi]Suomen verkkoapteekki[:nl]Online drogisterij Nederland[:fr]Pharmacie en ligne France[:tr]T\u00fcrkiye online eczanesi[:pt]Farm\u00e1cia on-line de Portugal[:]","og_description":"{:en}Sick and tired of spending thousands for your treatment? Who doesn\u2019t want to pay less for the same drugs? Get health information and health tips you can trust. Compare prices and find the best deals.{:de}Deutschland Online-Apotheke. 100 % garantiert niedrigste Preise. Riesige Auswahl an beliebten Pillen.{:sk}Slovenija spletna lekarna. 100 % zajam\u010deno najni\u017eje cene. Velika izbira priljubljenih tablet.{:hr}Hrvatska online drogerija. 100 % zajam\u010deno najni\u017ee cijene. Veliki izbor popularnih tableta.{:ro}Farmacie online din Romania. 100% garantate cele mai mici preturi. Selec\u021bie uria\u0219\u0103 de pastile populare.{:pl}Polska drogeria internetowa. 100% gwarancja najni\u017cszych cen. Ogromny wyb\u00f3r popularnych tabletek.{:hu}Magyarorsz\u00e1g online gy\u00f3gyszert\u00e1r. 100% garant\u00e1lt legalacsonyabb \u00e1rak. Hatalmas parge v\u00e1laszt\u00e9k n\u00e9pszer\u0171 tablett\u00e1k.{:es}Farmacia online Espa\u00f1a. Precios m\u00e1s bajos 100% garantizados. Gran selecci\u00f3n de pastillas populares.{:it}Farmacia online Italiana. Prezzi pi\u00f9 bassi garantiti al 100%. Vasta selezione di pillole popolari.{:sv}Sverige online apotek. 100 % garanterat l\u00e4gsta priser. Stort urval av popul\u00e4ra piller.{:fi}Suomen verkkoapteekki. 100 % taattu halvimmat hinnat. Valtava valikoima suosittuja pillereit\u00e4.{:nl}Online drogisterij Nederland. 100% gegarandeerd de laagste prijzen. Enorme selectie populaire pillen.{:fr}Pharmacie en ligne France. Prix les plus bas garantis \u00e0 100 %. \u00c9norme s\u00e9lection de pilules populaires.{:tr}T\u00fcrkiye online eczanesi. 100% garantili en d\u00fc\u015f\u00fck fiyatlar. \u00c7ok \u00e7e\u015fitli pop\u00fcler haplar.{:pt}Farm\u00e1cia on-line de Portugal. Pre\u00e7os mais baixos 100% garantidos. Enorme sele\u00e7\u00e3o de p\u00edlulas populares.{:}","og_url":"https:\/\/requestartikel.com\/","og_site_name":"Requestartikel.com","article_modified_time":"2024-05-08T07:13:42+00:00","twitter_card":"summary_large_image","twitter_misc":{"Geschatte leestijd":"63 minuten"},"schema":{"@context":"https:\/\/schema.org","@graph":[{"@type":"WebPage","@id":"https:\/\/requestartikel.com\/","url":"https:\/\/requestartikel.com\/","name":"[:en]Save Money on Prescription Drugs | Guide for Patients [2018][:de]Deutschland Online-Apotheke[:sk]Slovenija spletna lekarna[:hr]Hrvatska online drogerija[:ro]Farmacie online din Romania[:pl]Polska drogeria internetowa[:hu]Magyarorsz\u00e1g online gy\u00f3gyszert\u00e1r[:es]Farmacia online Espa\u00f1a[:it]Farmacia online Italiana[:sv]Sverige online apotek[:fi]Suomen verkkoapteekki[:nl]Online drogisterij Nederland[:fr]Pharmacie en ligne France[:tr]T\u00fcrkiye online eczanesi[:pt]Farm\u00e1cia on-line de Portugal[:]","isPartOf":{"@id":"https:\/\/requestartikel.com\/#website"},"datePublished":"2018-12-12T09:40:57+00:00","dateModified":"2024-05-08T07:13:42+00:00","description":"{:en}Sick and tired of spending thousands for your treatment? Who doesn\u2019t want to pay less for the same drugs? Get health information and health tips you can trust. Compare prices and find the best deals.{:de}Deutschland Online-Apotheke. 100 % garantiert niedrigste Preise. Riesige Auswahl an beliebten Pillen.{:sk}Slovenija spletna lekarna. 100 % zajam\u010deno najni\u017eje cene. Velika izbira priljubljenih tablet.{:hr}Hrvatska online drogerija. 100 % zajam\u010deno najni\u017ee cijene. Veliki izbor popularnih tableta.{:ro}Farmacie online din Romania. 100% garantate cele mai mici preturi. Selec\u021bie uria\u0219\u0103 de pastile populare.{:pl}Polska drogeria internetowa. 100% gwarancja najni\u017cszych cen. Ogromny wyb\u00f3r popularnych tabletek.{:hu}Magyarorsz\u00e1g online gy\u00f3gyszert\u00e1r. 100% garant\u00e1lt legalacsonyabb \u00e1rak. Hatalmas parge v\u00e1laszt\u00e9k n\u00e9pszer\u0171 tablett\u00e1k.{:es}Farmacia online Espa\u00f1a. Precios m\u00e1s bajos 100% garantizados. Gran selecci\u00f3n de pastillas populares.{:it}Farmacia online Italiana. Prezzi pi\u00f9 bassi garantiti al 100%. Vasta selezione di pillole popolari.{:sv}Sverige online apotek. 100 % garanterat l\u00e4gsta priser. Stort urval av popul\u00e4ra piller.{:fi}Suomen verkkoapteekki. 100 % taattu halvimmat hinnat. Valtava valikoima suosittuja pillereit\u00e4.{:nl}Online drogisterij Nederland. 100% gegarandeerd de laagste prijzen. Enorme selectie populaire pillen.{:fr}Pharmacie en ligne France. Prix les plus bas garantis \u00e0 100 %. \u00c9norme s\u00e9lection de pilules populaires.{:tr}T\u00fcrkiye online eczanesi. 100% garantili en d\u00fc\u015f\u00fck fiyatlar. \u00c7ok \u00e7e\u015fitli pop\u00fcler haplar.{:pt}Farm\u00e1cia on-line de Portugal. Pre\u00e7os mais baixos 100% garantidos. Enorme sele\u00e7\u00e3o de p\u00edlulas populares.{:}","breadcrumb":{"@id":"https:\/\/requestartikel.com\/#breadcrumb"},"inLanguage":"nl-NL","potentialAction":[{"@type":"ReadAction","target":["https:\/\/requestartikel.com\/"]}]},{"@type":"BreadcrumbList","@id":"https:\/\/requestartikel.com\/#breadcrumb","itemListElement":[{"@type":"ListItem","position":1,"name":"Home","item":"https:\/\/requestartikel.com\/"},{"@type":"ListItem","position":2,"name":"Home"}]},{"@type":"WebSite","@id":"https:\/\/requestartikel.com\/#website","url":"https:\/\/requestartikel.com\/","name":"Requestartikel.com","description":"","potentialAction":[{"@type":"SearchAction","target":{"@type":"EntryPoint","urlTemplate":"https:\/\/requestartikel.com\/?s={search_term_string}"},"query-input":{"@type":"PropertyValueSpecification","valueRequired":true,"valueName":"search_term_string"}}],"inLanguage":"nl-NL"}]}},"_links":{"self":[{"href":"https:\/\/requestartikel.com\/nl\/wp-json\/wp\/v2\/pages\/46","targetHints":{"allow":["GET"]}}],"collection":[{"href":"https:\/\/requestartikel.com\/nl\/wp-json\/wp\/v2\/pages"}],"about":[{"href":"https:\/\/requestartikel.com\/nl\/wp-json\/wp\/v2\/types\/page"}],"author":[{"embeddable":true,"href":"https:\/\/requestartikel.com\/nl\/wp-json\/wp\/v2\/users\/1"}],"replies":[{"embeddable":true,"href":"https:\/\/requestartikel.com\/nl\/wp-json\/wp\/v2\/comments?post=46"}],"version-history":[{"count":0,"href":"https:\/\/requestartikel.com\/nl\/wp-json\/wp\/v2\/pages\/46\/revisions"}],"wp:attachment":[{"href":"https:\/\/requestartikel.com\/nl\/wp-json\/wp\/v2\/media?parent=46"}],"curies":[{"name":"wp","href":"https:\/\/api.w.org\/{rel}","templated":true}]}}