{"id":46,"date":"2018-12-12T09:40:57","date_gmt":"2018-12-12T09:40:57","guid":{"rendered":"http:\/\/requestartikel.com\/?page_id=46"},"modified":"2024-05-08T07:13:42","modified_gmt":"2024-05-08T07:13:42","slug":"tr","status":"publish","type":"page","link":"https:\/\/requestartikel.com\/pl\/","title":{"rendered":"Dom"},"content":{"rendered":"<p><\/p>\n<h2>LEKI ONLINE: OSZCZ\u0118DZAJ PIENI\u0104DZE NA RECEPTURACH<\/h2>\n<ul>\n<li>Czy masz problemy zdrowotne?<\/li>\n<li>Potrzebujesz profesjonalnej pomocy?<\/li>\n<li>Czy chcesz kupi\u0107 niedrogie leki i rozwi\u0105za\u0107 swoje problemy?<\/li>\n<\/ul>\n<p>WITAMY NA NASZEJ STRONIE INTERNETOWEJ!<\/p>\n<p>Zasoby internetowe Meds over the counter s\u0105 tworzone przez praktykuj\u0105cych lekarzy, piel\u0119gniarki, badaczy, pisarzy medycznych i t\u0142umaczy naukowych.<\/p>\n<p>Nasz wielki zesp\u00f3\u0142 oddanych i wsp\u00f3\u0142czuj\u0105cych ludzi rozwija si\u0119, by pomaga\u0107 pacjentom.<\/p>\n<p>Wszelkie porady s\u0105 udzielane bezp\u0142atnie, aby pom\u00f3c Ci znale\u017a\u0107 niezb\u0119dne informacje medyczne i uzyska\u0107 odpowiednie leczenie.<\/p>\n<p>Tematy poruszane na temat Meds bez recepty obejmuj\u0105 warunki zdrowotne, procedury medyczne oraz codzienne problemy zdrowotne i zdrowotne.<\/p>\n<p>I NAJWA\u017bNIEJSZE!<\/p>\n<p>Masz niepowtarzaln\u0105 okazj\u0119 kupi\u0107 niedrogie leki, kt\u00f3rym mo\u017cesz zaufa\u0107!<\/p>\n<p>To nie wszystko.<\/p>\n<ul>\n<li>Dowiedz si\u0119 o swoich przepisywanych na recept\u0119 lekach bez recepty.<\/li>\n<li>Upewnij si\u0119, \u017ce s\u0105 skuteczne i bezpieczne.<\/li>\n<li>Przeczytaj o dawkowaniu, dzia\u0142aniach niepo\u017c\u0105danych i \u015brodkach ostro\u017cno\u015bci.<\/li>\n<\/ul>\n<p>Pomimo faktu, \u017ce masz dost\u0119p do niedrogich lek\u00f3w, pami\u0119taj, \u017ce wszystkie kwestie zwi\u0105zane z opiek\u0105 zdrowotn\u0105, pytania i decyzje powinny by\u0107 om\u00f3wione z twoimi doradcami medycznymi.<\/p>\n<p>We wsp\u00f3\u0142pracy z lekarzem mo\u017cesz wsp\u00f3lnie okre\u015bli\u0107, kt\u00f3re leki najlepiej stosowa\u0107, bior\u0105c pod uwag\u0119 tw\u00f3j wiek, stan zdrowia i czynniki ryzyka.<\/p>\n<p>Dok\u0142adamy wszelkich stara\u0144, aby pom\u00f3c odwiedzaj\u0105cym dowiedzie\u0107 si\u0119, jak i gdzie mo\u017cna kupi\u0107 wymagane leki w najni\u017cszej cenie.<\/p>\n<p>Z dum\u0105 oferujemy unikalne i najlepsze oferty. Mo\u017cesz je przegl\u0105da\u0107 w swoim w\u0142asnym tempie, bez wychodzenia z domu i bez opuszczania miejsca pracy, i \u0142atwo udost\u0119pnia\u0107 je bliskim i znajomym w dowolnym miejscu na \u015bwiecie.<\/p>\n<p>U\u017cyj przydatnych narz\u0119dzi, aby zaoszcz\u0119dzi\u0107 pieni\u0105dze na receptach.<\/p>\n<p>Wybierz tylko najlepsze i sprawdzone:<\/p>\n<ul>\n<li>Pigu\u0142ki dietetyczne<\/li>\n<li>Leki ADHD<\/li>\n<li>Tabletki przeciwb\u00f3lowe<\/li>\n<li>Leki przeciwl\u0119kowe<\/li>\n<li>Leki przeciwdepresyjne<\/li>\n<li>Tabletki nasenne<\/li>\n<li>Leki zwiotczaj\u0105ce mi\u0119\u015bnie<\/li>\n<\/ul>\n<p>Po opuszczeniu gabinetu lekarskiego mo\u017ce pojawi\u0107 si\u0119 powa\u017cny problem: wysoki koszt lek\u00f3w.<\/p>\n<p>Zalecane lekarstwo nie zawsze jest najta\u0144szym rozwi\u0105zaniem. Niestety wszyscy ju\u017c tam byli\u015bmy.<\/p>\n<p>Jeszcze wi\u0119cej problem\u00f3w powstaje, gdy zalecane jest leczenie d\u0142ugotrwa\u0142e, miesi\u0105ce lub lata z rz\u0119du. Nie ka\u017cda osoba mo\u017ce sobie pozwoli\u0107 na regularne kupowanie drogich lek\u00f3w w pobliskiej aptece.<\/p>\n<p>Wysokie ceny powoduj\u0105 ograniczony dost\u0119p do lek\u00f3w, zw\u0142aszcza dla os\u00f3b o niskich dochodach, poniewa\u017c po prostu nie sta\u0107 ich na leczenie.<\/p>\n<p>ALE JEST WYR\u00d3\u017bNIENIE!<\/p>\n<h2>Zam\u00f3w markowe leki online<\/h2>\n<p>Ankiety przeprowadzone w USA i innych krajach \u015bwiata wykaza\u0142y ogromne r\u00f3\u017cnice kosztowe znanych marek. Je\u015bli mieszkasz w kraju o wysokim poziomie dochod\u00f3w, najprawdopodobniej cena markowych lek\u00f3w b\u0119dzie bardzo wysoka.<\/p>\n<p>Istnieje wiele powod\u00f3w, dla kt\u00f3rych tak si\u0119 dzieje. Ale nie b\u0119dziemy marnowa\u0107 twojego czasu na omawianie ich w tym artykule. Pami\u0119taj tylko, \u017ce ceny markowych lek\u00f3w mog\u0105 si\u0119 zmienia\u0107 w zale\u017cno\u015bci od kraju dystrybucji.<\/p>\n<p>Masz mo\u017cliwo\u015b\u0107 zakupu taniego markowego leku online. Jest to w\u0142a\u015bciwa decyzja, nawet je\u015bli nie zawsze pomaga osi\u0105gn\u0105\u0107 maksymalne mo\u017cliwe oszcz\u0119dno\u015bci.<\/p>\n<h2>Kup tanie leki generyczne<\/h2>\n<p>Mamy dla Ciebie \u015bwietne wiadomo\u015bci!<\/p>\n<p>Mo\u017cesz teraz zaoszcz\u0119dzi\u0107 pieni\u0105dze i kilkakrotnie zmniejszy\u0107 koszty leczenia.<\/p>\n<p>Zwr\u00f3\u0107 uwag\u0119 na aktualne ceny lek\u00f3w generycznych. S\u0105 znacznie ni\u017csze ni\u017c ceny wersji markowych.<\/p>\n<p>Co wi\u0119cej, mo\u017cna regularnie zauwa\u017cy\u0107 spadek cen lek\u00f3w generycznych. Im d\u0142u\u017cej s\u0105 one dost\u0119pne na rynku farmaceutycznym, tym ni\u017cszy koszt. Wynika to z ci\u0105g\u0142ego wzrostu konkurencji mi\u0119dzy producentami.<\/p>\n<p>W przeciwie\u0144stwie do marki, ceny lek\u00f3w generycznych spadaj\u0105 bardzo szybko. Ich koszt to zwykle mniej ni\u017c po\u0142owa ceny lek\u00f3w markowych.<\/p>\n<p>Wiele standardowych wersji lek\u00f3w na recept\u0119 jest naprawd\u0119 niedrogich, zw\u0142aszcza gdy generyczne produkty s\u0105 produkowane przez kilka firm.<\/p>\n<p>Nie musisz si\u0119 martwi\u0107 bezpiecze\u0144stwem lek\u00f3w generycznych. Ka\u017cdy z nich musi zosta\u0107 zatwierdzony przed wej\u015bciem do sprzeda\u017cy.<\/p>\n<p>Ameryka\u0144ska agencja FDA, Europejska Agencja Lekarska i inne agencje rz\u0105dowe oceniaj\u0105 bezpiecze\u0144stwo lek\u00f3w generycznych, analizuj\u0105c:<\/p>\n<ul>\n<li>Skutki uboczne<\/li>\n<li>Jak s\u0105 wytwarzane<\/li>\n<li>Wyniki bada\u0144 klinicznych<\/li>\n<\/ul>\n<p>Upewnij si\u0119, \u017ce leki generyczne nie dzia\u0142aj\u0105 gorzej i nie lepiej ni\u017c markowe leki, ale s\u0105 znacznie ta\u0144sze. Maj\u0105 tak\u0105 sam\u0105 skuteczno\u015b\u0107 i profil bezpiecze\u0144stwa.<\/p>\n<p>Nie trzeba czeka\u0107 na pojawienie si\u0119 tanich lek\u00f3w generycznych w lokalnych aptekach. Dzisiaj mo\u017cesz zam\u00f3wi\u0107 leki generyczne w najlepszej cenie i nie zajmie to du\u017co czasu ani wysi\u0142ku.<\/p>\n<p>Wszystkie twoje decyzje i dzia\u0142ania wp\u0142ywaj\u0105 na Twoje zdrowie, a tak\u017ce bie\u017c\u0105c\u0105 i przysz\u0142\u0105 sytuacj\u0119 finansow\u0105.<\/p>\n<p>Podejmij w\u0142a\u015bciw\u0105 decyzj\u0119. Nie przegap okazji, aby zaoszcz\u0119dzi\u0107 mn\u00f3stwo pieni\u0119dzy ju\u017c dzi\u015b!<\/p>","protected":false},"excerpt":{"rendered":"<p>LEKI ONLINE: OSZCZ\u0118DZAJ PIENI\u0104DZE NA RECEPTURACH Czy masz problemy zdrowotne? Potrzebujesz profesjonalnej pomocy? Czy chcesz kupi\u0107 niedrogie leki i rozwi\u0105za\u0107 swoje problemy? WITAMY NA NASZEJ STRONIE INTERNETOWEJ! Zasoby internetowe Meds over the counter s\u0105 tworzone przez praktykuj\u0105cych lekarzy, piel\u0119gniarki, badaczy, pisarzy medycznych i t\u0142umaczy naukowych. Nasz wielki zesp\u00f3\u0142 oddanych i wsp\u00f3\u0142czuj\u0105cych ludzi rozwija si\u0119, by&#8230;<\/p>\n","protected":false},"author":1,"featured_media":0,"parent":0,"menu_order":0,"comment_status":"closed","ping_status":"closed","template":"","meta":{"footnotes":""},"class_list":["post-46","page","type-page","status-publish","hentry"],"yoast_head":"<!-- This site is optimized with the Yoast SEO plugin v27.4 - https:\/\/yoast.com\/product\/yoast-seo-wordpress\/ -->\n<title>Polska drogeria internetowa<\/title>\n<meta name=\"description\" content=\"Polska drogeria internetowa. 100% gwarancja najni\u017cszych cen. Ogromny wyb\u00f3r popularnych tabletek.\" \/>\n<meta name=\"robots\" content=\"index, follow, max-snippet:-1, max-image-preview:large, max-video-preview:-1\" \/>\n<link rel=\"canonical\" href=\"https:\/\/requestartikel.com\/\" \/>\n<meta property=\"og:locale\" content=\"pl_PL\" \/>\n<meta property=\"og:type\" content=\"article\" \/>\n<meta property=\"og:title\" content=\"[:en]Save Money on Prescription Drugs | Guide for Patients [2018][:de]Deutschland Online-Apotheke[:sk]Slovenija spletna lekarna[:hr]Hrvatska online drogerija[:ro]Farmacie online din Romania[:pl]Polska drogeria internetowa[:hu]Magyarorsz\u00e1g online gy\u00f3gyszert\u00e1r[:es]Farmacia online Espa\u00f1a[:it]Farmacia online Italiana[:sv]Sverige online apotek[:fi]Suomen verkkoapteekki[:nl]Online drogisterij Nederland[:fr]Pharmacie en ligne France[:tr]T\u00fcrkiye online eczanesi[:pt]Farm\u00e1cia on-line de Portugal[:]\" \/>\n<meta property=\"og:description\" content=\"{:en}Sick and tired of spending thousands for your treatment? Who doesn\u2019t want to pay less for the same drugs? Get health information and health tips you can trust. Compare prices and find the best deals.{:de}Deutschland Online-Apotheke. 100 % garantiert niedrigste Preise. Riesige Auswahl an beliebten Pillen.{:sk}Slovenija spletna lekarna. 100 % zajam\u010deno najni\u017eje cene. Velika izbira priljubljenih tablet.{:hr}Hrvatska online drogerija. 100 % zajam\u010deno najni\u017ee cijene. Veliki izbor popularnih tableta.{:ro}Farmacie online din Romania. 100% garantate cele mai mici preturi. Selec\u021bie uria\u0219\u0103 de pastile populare.{:pl}Polska drogeria internetowa. 100% gwarancja najni\u017cszych cen. Ogromny wyb\u00f3r popularnych tabletek.{:hu}Magyarorsz\u00e1g online gy\u00f3gyszert\u00e1r. 100% garant\u00e1lt legalacsonyabb \u00e1rak. Hatalmas parge v\u00e1laszt\u00e9k n\u00e9pszer\u0171 tablett\u00e1k.{:es}Farmacia online Espa\u00f1a. Precios m\u00e1s bajos 100% garantizados. Gran selecci\u00f3n de pastillas populares.{:it}Farmacia online Italiana. Prezzi pi\u00f9 bassi garantiti al 100%. Vasta selezione di pillole popolari.{:sv}Sverige online apotek. 100 % garanterat l\u00e4gsta priser. Stort urval av popul\u00e4ra piller.{:fi}Suomen verkkoapteekki. 100 % taattu halvimmat hinnat. Valtava valikoima suosittuja pillereit\u00e4.{:nl}Online drogisterij Nederland. 100% gegarandeerd de laagste prijzen. Enorme selectie populaire pillen.{:fr}Pharmacie en ligne France. Prix les plus bas garantis \u00e0 100 %. \u00c9norme s\u00e9lection de pilules populaires.{:tr}T\u00fcrkiye online eczanesi. 100% garantili en d\u00fc\u015f\u00fck fiyatlar. \u00c7ok \u00e7e\u015fitli pop\u00fcler haplar.{:pt}Farm\u00e1cia on-line de Portugal. Pre\u00e7os mais baixos 100% garantidos. Enorme sele\u00e7\u00e3o de p\u00edlulas populares.{:}\" \/>\n<meta property=\"og:url\" content=\"https:\/\/requestartikel.com\/\" \/>\n<meta property=\"og:site_name\" content=\"Requestartikel.com\" \/>\n<meta property=\"article:modified_time\" content=\"2024-05-08T07:13:42+00:00\" \/>\n<meta name=\"twitter:card\" content=\"summary_large_image\" \/>\n<meta name=\"twitter:label1\" content=\"Szacowany czas czytania\" \/>\n\t<meta name=\"twitter:data1\" content=\"63 minuty\" \/>\n<script type=\"application\/ld+json\" class=\"yoast-schema-graph\">{\"@context\":\"https:\\\/\\\/schema.org\",\"@graph\":[{\"@type\":\"WebPage\",\"@id\":\"https:\\\/\\\/requestartikel.com\\\/\",\"url\":\"https:\\\/\\\/requestartikel.com\\\/\",\"name\":\"[:en]Save Money on Prescription Drugs | Guide for Patients [2018][:de]Deutschland Online-Apotheke[:sk]Slovenija spletna lekarna[:hr]Hrvatska online drogerija[:ro]Farmacie online din Romania[:pl]Polska drogeria internetowa[:hu]Magyarorsz\u00e1g online gy\u00f3gyszert\u00e1r[:es]Farmacia online Espa\u00f1a[:it]Farmacia online Italiana[:sv]Sverige online apotek[:fi]Suomen verkkoapteekki[:nl]Online drogisterij Nederland[:fr]Pharmacie en ligne France[:tr]T\u00fcrkiye online eczanesi[:pt]Farm\u00e1cia on-line de Portugal[:]\",\"isPartOf\":{\"@id\":\"https:\\\/\\\/requestartikel.com\\\/#website\"},\"datePublished\":\"2018-12-12T09:40:57+00:00\",\"dateModified\":\"2024-05-08T07:13:42+00:00\",\"description\":\"{:en}Sick and tired of spending thousands for your treatment? Who doesn\u2019t want to pay less for the same drugs? Get health information and health tips you can trust. Compare prices and find the best deals.{:de}Deutschland Online-Apotheke. 100 % garantiert niedrigste Preise. Riesige Auswahl an beliebten Pillen.{:sk}Slovenija spletna lekarna. 100 % zajam\u010deno najni\u017eje cene. Velika izbira priljubljenih tablet.{:hr}Hrvatska online drogerija. 100 % zajam\u010deno najni\u017ee cijene. Veliki izbor popularnih tableta.{:ro}Farmacie online din Romania. 100% garantate cele mai mici preturi. Selec\u021bie uria\u0219\u0103 de pastile populare.{:pl}Polska drogeria internetowa. 100% gwarancja najni\u017cszych cen. Ogromny wyb\u00f3r popularnych tabletek.{:hu}Magyarorsz\u00e1g online gy\u00f3gyszert\u00e1r. 100% garant\u00e1lt legalacsonyabb \u00e1rak. Hatalmas parge v\u00e1laszt\u00e9k n\u00e9pszer\u0171 tablett\u00e1k.{:es}Farmacia online Espa\u00f1a. Precios m\u00e1s bajos 100% garantizados. Gran selecci\u00f3n de pastillas populares.{:it}Farmacia online Italiana. Prezzi pi\u00f9 bassi garantiti al 100%. Vasta selezione di pillole popolari.{:sv}Sverige online apotek. 100 % garanterat l\u00e4gsta priser. Stort urval av popul\u00e4ra piller.{:fi}Suomen verkkoapteekki. 100 % taattu halvimmat hinnat. Valtava valikoima suosittuja pillereit\u00e4.{:nl}Online drogisterij Nederland. 100% gegarandeerd de laagste prijzen. Enorme selectie populaire pillen.{:fr}Pharmacie en ligne France. Prix les plus bas garantis \u00e0 100 %. \u00c9norme s\u00e9lection de pilules populaires.{:tr}T\u00fcrkiye online eczanesi. 100% garantili en d\u00fc\u015f\u00fck fiyatlar. \u00c7ok \u00e7e\u015fitli pop\u00fcler haplar.{:pt}Farm\u00e1cia on-line de Portugal. Pre\u00e7os mais baixos 100% garantidos. Enorme sele\u00e7\u00e3o de p\u00edlulas populares.{:}\",\"breadcrumb\":{\"@id\":\"https:\\\/\\\/requestartikel.com\\\/#breadcrumb\"},\"inLanguage\":\"pl-PL\",\"potentialAction\":[{\"@type\":\"ReadAction\",\"target\":[\"https:\\\/\\\/requestartikel.com\\\/\"]}]},{\"@type\":\"BreadcrumbList\",\"@id\":\"https:\\\/\\\/requestartikel.com\\\/#breadcrumb\",\"itemListElement\":[{\"@type\":\"ListItem\",\"position\":1,\"name\":\"Home\",\"item\":\"https:\\\/\\\/requestartikel.com\\\/\"},{\"@type\":\"ListItem\",\"position\":2,\"name\":\"Home\"}]},{\"@type\":\"WebSite\",\"@id\":\"https:\\\/\\\/requestartikel.com\\\/#website\",\"url\":\"https:\\\/\\\/requestartikel.com\\\/\",\"name\":\"Requestartikel.com\",\"description\":\"\",\"potentialAction\":[{\"@type\":\"SearchAction\",\"target\":{\"@type\":\"EntryPoint\",\"urlTemplate\":\"https:\\\/\\\/requestartikel.com\\\/?s={search_term_string}\"},\"query-input\":{\"@type\":\"PropertyValueSpecification\",\"valueRequired\":true,\"valueName\":\"search_term_string\"}}],\"inLanguage\":\"pl-PL\"}]}<\/script>\n<!-- \/ Yoast SEO plugin. -->","yoast_head_json":{"title":"Polska drogeria internetowa","description":"Polska drogeria internetowa. 100% gwarancja najni\u017cszych cen. Ogromny wyb\u00f3r popularnych tabletek.","robots":{"index":"index","follow":"follow","max-snippet":"max-snippet:-1","max-image-preview":"max-image-preview:large","max-video-preview":"max-video-preview:-1"},"canonical":"https:\/\/requestartikel.com\/","og_locale":"pl_PL","og_type":"article","og_title":"[:en]Save Money on Prescription Drugs | Guide for Patients [2018][:de]Deutschland Online-Apotheke[:sk]Slovenija spletna lekarna[:hr]Hrvatska online drogerija[:ro]Farmacie online din Romania[:pl]Polska drogeria internetowa[:hu]Magyarorsz\u00e1g online gy\u00f3gyszert\u00e1r[:es]Farmacia online Espa\u00f1a[:it]Farmacia online Italiana[:sv]Sverige online apotek[:fi]Suomen verkkoapteekki[:nl]Online drogisterij Nederland[:fr]Pharmacie en ligne France[:tr]T\u00fcrkiye online eczanesi[:pt]Farm\u00e1cia on-line de Portugal[:]","og_description":"{:en}Sick and tired of spending thousands for your treatment? Who doesn\u2019t want to pay less for the same drugs? Get health information and health tips you can trust. Compare prices and find the best deals.{:de}Deutschland Online-Apotheke. 100 % garantiert niedrigste Preise. Riesige Auswahl an beliebten Pillen.{:sk}Slovenija spletna lekarna. 100 % zajam\u010deno najni\u017eje cene. Velika izbira priljubljenih tablet.{:hr}Hrvatska online drogerija. 100 % zajam\u010deno najni\u017ee cijene. Veliki izbor popularnih tableta.{:ro}Farmacie online din Romania. 100% garantate cele mai mici preturi. Selec\u021bie uria\u0219\u0103 de pastile populare.{:pl}Polska drogeria internetowa. 100% gwarancja najni\u017cszych cen. Ogromny wyb\u00f3r popularnych tabletek.{:hu}Magyarorsz\u00e1g online gy\u00f3gyszert\u00e1r. 100% garant\u00e1lt legalacsonyabb \u00e1rak. Hatalmas parge v\u00e1laszt\u00e9k n\u00e9pszer\u0171 tablett\u00e1k.{:es}Farmacia online Espa\u00f1a. Precios m\u00e1s bajos 100% garantizados. Gran selecci\u00f3n de pastillas populares.{:it}Farmacia online Italiana. Prezzi pi\u00f9 bassi garantiti al 100%. Vasta selezione di pillole popolari.{:sv}Sverige online apotek. 100 % garanterat l\u00e4gsta priser. Stort urval av popul\u00e4ra piller.{:fi}Suomen verkkoapteekki. 100 % taattu halvimmat hinnat. Valtava valikoima suosittuja pillereit\u00e4.{:nl}Online drogisterij Nederland. 100% gegarandeerd de laagste prijzen. Enorme selectie populaire pillen.{:fr}Pharmacie en ligne France. Prix les plus bas garantis \u00e0 100 %. \u00c9norme s\u00e9lection de pilules populaires.{:tr}T\u00fcrkiye online eczanesi. 100% garantili en d\u00fc\u015f\u00fck fiyatlar. \u00c7ok \u00e7e\u015fitli pop\u00fcler haplar.{:pt}Farm\u00e1cia on-line de Portugal. Pre\u00e7os mais baixos 100% garantidos. Enorme sele\u00e7\u00e3o de p\u00edlulas populares.{:}","og_url":"https:\/\/requestartikel.com\/","og_site_name":"Requestartikel.com","article_modified_time":"2024-05-08T07:13:42+00:00","twitter_card":"summary_large_image","twitter_misc":{"Szacowany czas czytania":"63 minuty"},"schema":{"@context":"https:\/\/schema.org","@graph":[{"@type":"WebPage","@id":"https:\/\/requestartikel.com\/","url":"https:\/\/requestartikel.com\/","name":"[:en]Save Money on Prescription Drugs | Guide for Patients [2018][:de]Deutschland Online-Apotheke[:sk]Slovenija spletna lekarna[:hr]Hrvatska online drogerija[:ro]Farmacie online din Romania[:pl]Polska drogeria internetowa[:hu]Magyarorsz\u00e1g online gy\u00f3gyszert\u00e1r[:es]Farmacia online Espa\u00f1a[:it]Farmacia online Italiana[:sv]Sverige online apotek[:fi]Suomen verkkoapteekki[:nl]Online drogisterij Nederland[:fr]Pharmacie en ligne France[:tr]T\u00fcrkiye online eczanesi[:pt]Farm\u00e1cia on-line de Portugal[:]","isPartOf":{"@id":"https:\/\/requestartikel.com\/#website"},"datePublished":"2018-12-12T09:40:57+00:00","dateModified":"2024-05-08T07:13:42+00:00","description":"{:en}Sick and tired of spending thousands for your treatment? Who doesn\u2019t want to pay less for the same drugs? Get health information and health tips you can trust. Compare prices and find the best deals.{:de}Deutschland Online-Apotheke. 100 % garantiert niedrigste Preise. Riesige Auswahl an beliebten Pillen.{:sk}Slovenija spletna lekarna. 100 % zajam\u010deno najni\u017eje cene. Velika izbira priljubljenih tablet.{:hr}Hrvatska online drogerija. 100 % zajam\u010deno najni\u017ee cijene. Veliki izbor popularnih tableta.{:ro}Farmacie online din Romania. 100% garantate cele mai mici preturi. Selec\u021bie uria\u0219\u0103 de pastile populare.{:pl}Polska drogeria internetowa. 100% gwarancja najni\u017cszych cen. Ogromny wyb\u00f3r popularnych tabletek.{:hu}Magyarorsz\u00e1g online gy\u00f3gyszert\u00e1r. 100% garant\u00e1lt legalacsonyabb \u00e1rak. Hatalmas parge v\u00e1laszt\u00e9k n\u00e9pszer\u0171 tablett\u00e1k.{:es}Farmacia online Espa\u00f1a. Precios m\u00e1s bajos 100% garantizados. Gran selecci\u00f3n de pastillas populares.{:it}Farmacia online Italiana. Prezzi pi\u00f9 bassi garantiti al 100%. Vasta selezione di pillole popolari.{:sv}Sverige online apotek. 100 % garanterat l\u00e4gsta priser. Stort urval av popul\u00e4ra piller.{:fi}Suomen verkkoapteekki. 100 % taattu halvimmat hinnat. Valtava valikoima suosittuja pillereit\u00e4.{:nl}Online drogisterij Nederland. 100% gegarandeerd de laagste prijzen. Enorme selectie populaire pillen.{:fr}Pharmacie en ligne France. Prix les plus bas garantis \u00e0 100 %. \u00c9norme s\u00e9lection de pilules populaires.{:tr}T\u00fcrkiye online eczanesi. 100% garantili en d\u00fc\u015f\u00fck fiyatlar. \u00c7ok \u00e7e\u015fitli pop\u00fcler haplar.{:pt}Farm\u00e1cia on-line de Portugal. Pre\u00e7os mais baixos 100% garantidos. Enorme sele\u00e7\u00e3o de p\u00edlulas populares.{:}","breadcrumb":{"@id":"https:\/\/requestartikel.com\/#breadcrumb"},"inLanguage":"pl-PL","potentialAction":[{"@type":"ReadAction","target":["https:\/\/requestartikel.com\/"]}]},{"@type":"BreadcrumbList","@id":"https:\/\/requestartikel.com\/#breadcrumb","itemListElement":[{"@type":"ListItem","position":1,"name":"Home","item":"https:\/\/requestartikel.com\/"},{"@type":"ListItem","position":2,"name":"Home"}]},{"@type":"WebSite","@id":"https:\/\/requestartikel.com\/#website","url":"https:\/\/requestartikel.com\/","name":"Requestartikel.com","description":"","potentialAction":[{"@type":"SearchAction","target":{"@type":"EntryPoint","urlTemplate":"https:\/\/requestartikel.com\/?s={search_term_string}"},"query-input":{"@type":"PropertyValueSpecification","valueRequired":true,"valueName":"search_term_string"}}],"inLanguage":"pl-PL"}]}},"_links":{"self":[{"href":"https:\/\/requestartikel.com\/pl\/wp-json\/wp\/v2\/pages\/46","targetHints":{"allow":["GET"]}}],"collection":[{"href":"https:\/\/requestartikel.com\/pl\/wp-json\/wp\/v2\/pages"}],"about":[{"href":"https:\/\/requestartikel.com\/pl\/wp-json\/wp\/v2\/types\/page"}],"author":[{"embeddable":true,"href":"https:\/\/requestartikel.com\/pl\/wp-json\/wp\/v2\/users\/1"}],"replies":[{"embeddable":true,"href":"https:\/\/requestartikel.com\/pl\/wp-json\/wp\/v2\/comments?post=46"}],"version-history":[{"count":0,"href":"https:\/\/requestartikel.com\/pl\/wp-json\/wp\/v2\/pages\/46\/revisions"}],"wp:attachment":[{"href":"https:\/\/requestartikel.com\/pl\/wp-json\/wp\/v2\/media?parent=46"}],"curies":[{"name":"wp","href":"https:\/\/api.w.org\/{rel}","templated":true}]}}