{"id":46,"date":"2018-12-12T09:40:57","date_gmt":"2018-12-12T09:40:57","guid":{"rendered":"http:\/\/requestartikel.com\/?page_id=46"},"modified":"2024-05-08T07:13:42","modified_gmt":"2024-05-08T07:13:42","slug":"tr","status":"publish","type":"page","link":"https:\/\/requestartikel.com\/pt\/","title":{"rendered":"Casa"},"content":{"rendered":"<p><\/p>\n<h2>MEDICAMENTOS ONLINE: POUPE DINHEIRO SOBRE PRESCRI\u00c7\u00d5ES<\/h2>\n<ul>\n<li>Voc\u00ea tem problemas de sa\u00fade?<\/li>\n<li>Voc\u00ea precisa de ajuda profissional?<\/li>\n<li>Voc\u00ea quer comprar medicamentos baratos e resolver seus problemas?<\/li>\n<\/ul>\n<p>BEM-VINDO AO NOSSO SITE!<\/p>\n<p>Meds sobre o recurso on-line contador \u00e9 criado por m\u00e9dicos praticando, enfermeiros, pesquisadores, escritores m\u00e9dicos e tradutores cient\u00edficos.<\/p>\n<p>Nossa grande equipe de pessoas dedicadas e compassivas prospera para ajudar os pacientes.<\/p>\n<p>Todo aconselhamento \u00e9 fornecido gratuitamente para ajud\u00e1-lo a encontrar as informa\u00e7\u00f5es m\u00e9dicas necess\u00e1rias e obter um tratamento adequado.<\/p>\n<p>Os t\u00f3picos, cobertos pelo Meds, incluem condi\u00e7\u00f5es de sa\u00fade, procedimentos m\u00e9dicos e problemas di\u00e1rios de sa\u00fade e bem-estar.<\/p>\n<p>E MAIS IMPORTANTE!<\/p>\n<p>Voc\u00ea tem uma oportunidade \u00fanica de comprar medicamentos baratos nos quais pode confiar!<\/p>\n<p>Isso n\u00e3o \u00e9 tudo.<\/p>\n<ul>\n<li>Saiba mais sobre seus medicamentos prescritos e n\u00e3o prescritos.<\/li>\n<li>Certifique-se de sua efic\u00e1cia e seguran\u00e7a.<\/li>\n<li>Leia sobre dosagem, efeitos colaterais e precau\u00e7\u00f5es.<\/li>\n<\/ul>\n<p>Apesar do fato de que voc\u00ea tem acesso a medicamentos a pre\u00e7os acess\u00edveis, tenha em mente que todas as preocupa\u00e7\u00f5es, quest\u00f5es e decis\u00f5es sobre cuidados de sa\u00fade devem ser discutidas com seus consultores m\u00e9dicos.<\/p>\n<p>Em parceria com seu m\u00e9dico, voc\u00ea pode determinar em conjunto quais medicamentos s\u00e3o melhores para uso, considerando sua idade, condi\u00e7\u00e3o de sa\u00fade e fatores de risco.<\/p>\n<p>Fazemos o melhor para ajudar nossos visitantes a saber como e onde podem comprar os medicamentos necess\u00e1rios pelo menor pre\u00e7o.<\/p>\n<p>Temos orgulho em oferecer ofertas exclusivas e melhores. Voc\u00ea pode visualiz\u00e1-las no seu pr\u00f3prio ritmo, sem sair do conforto da sua casa ou sem sair do seu local de trabalho, e compartilh\u00e1-las facilmente com seus entes queridos e amigos em qualquer lugar do mundo.<\/p>\n<p>Use ferramentas \u00fateis para economizar dinheiro em receitas.<\/p>\n<p>Escolha apenas o melhor e testado pelo tempo:<\/p>\n<ul>\n<li>P\u00edlulas diet\u00e9ticas<\/li>\n<li>ADHD meds<\/li>\n<li>P\u00edlulas de al\u00edvio da dor<\/li>\n<li>Medicamentos anti-ansiedade<\/li>\n<li>Antidepressivos<\/li>\n<li>P\u00edlulas para dormir<\/li>\n<li>Relaxantes musculares<\/li>\n<\/ul>\n<p>Quando voc\u00ea sai do consult\u00f3rio m\u00e9dico, pode enfrentar um problema s\u00e9rio: o alto custo dos medicamentos.<\/p>\n<p>O medicamento recomendado nem sempre \u00e9 a op\u00e7\u00e3o de menor custo. Infelizmente, todos n\u00f3s estivemos l\u00e1.<\/p>\n<p>Ainda mais problemas surgem quando voc\u00ea \u00e9 recomendado um tratamento de longo prazo, meses ou anos consecutivos. Nem toda pessoa pode comprar regularmente medicamentos caros em qualquer farm\u00e1cia pr\u00f3xima.<\/p>\n<p>Pre\u00e7os altos resultam em menor acesso a medicamentos, especialmente para pessoas de baixa renda, uma vez que simplesmente n\u00e3o podem pagar o tratamento.<\/p>\n<p>MAS H\u00c1 UM CAMINHO PARA FORA!<\/p>\n<h2>Encomende medicamentos de marca online<\/h2>\n<p>Pesquisas realizadas nos EUA e em outros pa\u00edses do mundo mostraram enormes diferen\u00e7as de custo de marcas conhecidas. Se voc\u00ea mora em um pa\u00eds com altos n\u00edveis de renda, provavelmente o pre\u00e7o dos medicamentos de marca ser\u00e1 muito alto.<\/p>\n<p>H\u00e1 v\u00e1rias raz\u00f5es pelas quais isso acontece. Mas n\u00e3o vamos perder seu tempo para discuti-las neste artigo. Basta lembrar que os pre\u00e7os dos medicamentos de marca podem mudar com o tempo e variar, dependendo do pa\u00eds de distribui\u00e7\u00e3o.<\/p>\n<p>Voc\u00ea tem a oportunidade de comprar medicamentos de marca de baixo custo online. Esta \u00e9 a decis\u00e3o certa, apesar de nem sempre ajudar a alcan\u00e7ar a m\u00e1xima economia poss\u00edvel.<\/p>\n<h2>Compre medicamentos gen\u00e9ricos baratos<\/h2>\n<p>N\u00f3s temos \u00f3timas not\u00edcias para voc\u00ea!<\/p>\n<p>Voc\u00ea pode economizar dinheiro agora e reduzir o custo do seu tratamento v\u00e1rias vezes.<\/p>\n<p>Preste aten\u00e7\u00e3o aos pre\u00e7os atuais dos medicamentos gen\u00e9ricos. Eles s\u00e3o muito inferiores aos pre\u00e7os das vers\u00f5es de marca.<\/p>\n<p>Al\u00e9m disso, voc\u00ea pode observar regularmente a queda dos pre\u00e7os dos rem\u00e9dios gen\u00e9ricos. Quanto mais tempo eles estiverem dispon\u00edveis no mercado farmac\u00eautico, menor ser\u00e1 o custo. Isto \u00e9 devido ao constante crescimento da concorr\u00eancia entre os fabricantes.<\/p>\n<p>Ao contr\u00e1rio da marca, os pre\u00e7os dos gen\u00e9ricos caem muito rapidamente. Seu custo \u00e9 geralmente menor que a metade do pre\u00e7o dos medicamentos de marca.<\/p>\n<p>Muitas vers\u00f5es gen\u00e9ricas de rem\u00e9dios controlados s\u00e3o realmente acess\u00edveis, especialmente quando os gen\u00e9ricos s\u00e3o produzidos por v\u00e1rias empresas.<\/p>\n<p>Voc\u00ea n\u00e3o precisa se preocupar com a seguran\u00e7a dos gen\u00e9ricos. Cada um deles deve ser aprovado antes de ser colocado \u00e0 venda.<\/p>\n<p>A FDA dos EUA, a Ag\u00eancia M\u00e9dica Europeia e outras ag\u00eancias reguladoras do governo avaliam a seguran\u00e7a dos medicamentos gen\u00e9ricos observando:<\/p>\n<ul>\n<li>Efeitos colaterais<\/li>\n<li>Como eles s\u00e3o fabricados<\/li>\n<li>Resultados de ensaios cl\u00ednicos<\/li>\n<\/ul>\n<p>Certifique-se de que os gen\u00e9ricos n\u00e3o funcionam pior nem melhor que os medicamentos de marca, mas s\u00e3o muito mais baratos. Eles t\u00eam o mesmo perfil de efic\u00e1cia e seguran\u00e7a.<\/p>\n<p>Voc\u00ea n\u00e3o precisa esperar que gen\u00e9ricos baratos apare\u00e7am em farm\u00e1cias locais. Hoje, voc\u00ea pode encomendar gen\u00e9ricos pelo melhor pre\u00e7o e n\u00e3o vai demorar muito do seu tempo ou esfor\u00e7o.<\/p>\n<p>Todas as suas decis\u00f5es e a\u00e7\u00f5es afetam sua sa\u00fade, bem como sua situa\u00e7\u00e3o financeira atual e futura.<\/p>\n<p>Tome a decis\u00e3o certa. N\u00e3o perca a oportunidade de economizar muito dinheiro hoje!<\/p>","protected":false},"excerpt":{"rendered":"<p>MEDICAMENTOS ONLINE: POUPE DINHEIRO SOBRE PRESCRI\u00c7\u00d5ES Voc\u00ea tem problemas de sa\u00fade? Voc\u00ea precisa de ajuda profissional? Voc\u00ea quer comprar medicamentos baratos e resolver seus problemas? BEM-VINDO AO NOSSO SITE! Meds sobre o recurso on-line contador \u00e9 criado por m\u00e9dicos praticando, enfermeiros, pesquisadores, escritores m\u00e9dicos e tradutores cient\u00edficos. Nossa grande equipe de pessoas dedicadas e compassivas&#8230;<\/p>\n","protected":false},"author":1,"featured_media":0,"parent":0,"menu_order":0,"comment_status":"closed","ping_status":"closed","template":"","meta":{"footnotes":""},"class_list":["post-46","page","type-page","status-publish","hentry"],"yoast_head":"<!-- This site is optimized with the Yoast SEO plugin v27.4 - https:\/\/yoast.com\/product\/yoast-seo-wordpress\/ -->\n<title>Farm\u00e1cia on-line de Portugal<\/title>\n<meta name=\"description\" content=\"Farm\u00e1cia on-line de Portugal. Pre\u00e7os mais baixos 100% garantidos. Enorme sele\u00e7\u00e3o de p\u00edlulas populares.\" \/>\n<meta name=\"robots\" content=\"index, follow, max-snippet:-1, max-image-preview:large, max-video-preview:-1\" \/>\n<link rel=\"canonical\" href=\"https:\/\/requestartikel.com\/\" \/>\n<meta property=\"og:locale\" content=\"pt_PT\" \/>\n<meta property=\"og:type\" content=\"article\" \/>\n<meta property=\"og:title\" content=\"[:en]Save Money on Prescription Drugs | Guide for Patients [2018][:de]Deutschland Online-Apotheke[:sk]Slovenija spletna lekarna[:hr]Hrvatska online drogerija[:ro]Farmacie online din Romania[:pl]Polska drogeria internetowa[:hu]Magyarorsz\u00e1g online gy\u00f3gyszert\u00e1r[:es]Farmacia online Espa\u00f1a[:it]Farmacia online Italiana[:sv]Sverige online apotek[:fi]Suomen verkkoapteekki[:nl]Online drogisterij Nederland[:fr]Pharmacie en ligne France[:tr]T\u00fcrkiye online eczanesi[:pt]Farm\u00e1cia on-line de Portugal[:]\" \/>\n<meta property=\"og:description\" content=\"{:en}Sick and tired of spending thousands for your treatment? Who doesn\u2019t want to pay less for the same drugs? Get health information and health tips you can trust. Compare prices and find the best deals.{:de}Deutschland Online-Apotheke. 100 % garantiert niedrigste Preise. Riesige Auswahl an beliebten Pillen.{:sk}Slovenija spletna lekarna. 100 % zajam\u010deno najni\u017eje cene. Velika izbira priljubljenih tablet.{:hr}Hrvatska online drogerija. 100 % zajam\u010deno najni\u017ee cijene. Veliki izbor popularnih tableta.{:ro}Farmacie online din Romania. 100% garantate cele mai mici preturi. Selec\u021bie uria\u0219\u0103 de pastile populare.{:pl}Polska drogeria internetowa. 100% gwarancja najni\u017cszych cen. Ogromny wyb\u00f3r popularnych tabletek.{:hu}Magyarorsz\u00e1g online gy\u00f3gyszert\u00e1r. 100% garant\u00e1lt legalacsonyabb \u00e1rak. Hatalmas parge v\u00e1laszt\u00e9k n\u00e9pszer\u0171 tablett\u00e1k.{:es}Farmacia online Espa\u00f1a. Precios m\u00e1s bajos 100% garantizados. Gran selecci\u00f3n de pastillas populares.{:it}Farmacia online Italiana. Prezzi pi\u00f9 bassi garantiti al 100%. Vasta selezione di pillole popolari.{:sv}Sverige online apotek. 100 % garanterat l\u00e4gsta priser. Stort urval av popul\u00e4ra piller.{:fi}Suomen verkkoapteekki. 100 % taattu halvimmat hinnat. Valtava valikoima suosittuja pillereit\u00e4.{:nl}Online drogisterij Nederland. 100% gegarandeerd de laagste prijzen. Enorme selectie populaire pillen.{:fr}Pharmacie en ligne France. Prix les plus bas garantis \u00e0 100 %. \u00c9norme s\u00e9lection de pilules populaires.{:tr}T\u00fcrkiye online eczanesi. 100% garantili en d\u00fc\u015f\u00fck fiyatlar. \u00c7ok \u00e7e\u015fitli pop\u00fcler haplar.{:pt}Farm\u00e1cia on-line de Portugal. Pre\u00e7os mais baixos 100% garantidos. Enorme sele\u00e7\u00e3o de p\u00edlulas populares.{:}\" \/>\n<meta property=\"og:url\" content=\"https:\/\/requestartikel.com\/\" \/>\n<meta property=\"og:site_name\" content=\"Requestartikel.com\" \/>\n<meta property=\"article:modified_time\" content=\"2024-05-08T07:13:42+00:00\" \/>\n<meta name=\"twitter:card\" content=\"summary_large_image\" \/>\n<meta name=\"twitter:label1\" content=\"Tempo estimado de leitura\" \/>\n\t<meta name=\"twitter:data1\" content=\"63 minutos\" \/>\n<script type=\"application\/ld+json\" class=\"yoast-schema-graph\">{\"@context\":\"https:\\\/\\\/schema.org\",\"@graph\":[{\"@type\":\"WebPage\",\"@id\":\"https:\\\/\\\/requestartikel.com\\\/\",\"url\":\"https:\\\/\\\/requestartikel.com\\\/\",\"name\":\"[:en]Save Money on Prescription Drugs | Guide for Patients [2018][:de]Deutschland Online-Apotheke[:sk]Slovenija spletna lekarna[:hr]Hrvatska online drogerija[:ro]Farmacie online din Romania[:pl]Polska drogeria internetowa[:hu]Magyarorsz\u00e1g online gy\u00f3gyszert\u00e1r[:es]Farmacia online Espa\u00f1a[:it]Farmacia online Italiana[:sv]Sverige online apotek[:fi]Suomen verkkoapteekki[:nl]Online drogisterij Nederland[:fr]Pharmacie en ligne France[:tr]T\u00fcrkiye online eczanesi[:pt]Farm\u00e1cia on-line de Portugal[:]\",\"isPartOf\":{\"@id\":\"https:\\\/\\\/requestartikel.com\\\/#website\"},\"datePublished\":\"2018-12-12T09:40:57+00:00\",\"dateModified\":\"2024-05-08T07:13:42+00:00\",\"description\":\"{:en}Sick and tired of spending thousands for your treatment? Who doesn\u2019t want to pay less for the same drugs? Get health information and health tips you can trust. Compare prices and find the best deals.{:de}Deutschland Online-Apotheke. 100 % garantiert niedrigste Preise. Riesige Auswahl an beliebten Pillen.{:sk}Slovenija spletna lekarna. 100 % zajam\u010deno najni\u017eje cene. Velika izbira priljubljenih tablet.{:hr}Hrvatska online drogerija. 100 % zajam\u010deno najni\u017ee cijene. Veliki izbor popularnih tableta.{:ro}Farmacie online din Romania. 100% garantate cele mai mici preturi. Selec\u021bie uria\u0219\u0103 de pastile populare.{:pl}Polska drogeria internetowa. 100% gwarancja najni\u017cszych cen. Ogromny wyb\u00f3r popularnych tabletek.{:hu}Magyarorsz\u00e1g online gy\u00f3gyszert\u00e1r. 100% garant\u00e1lt legalacsonyabb \u00e1rak. Hatalmas parge v\u00e1laszt\u00e9k n\u00e9pszer\u0171 tablett\u00e1k.{:es}Farmacia online Espa\u00f1a. Precios m\u00e1s bajos 100% garantizados. Gran selecci\u00f3n de pastillas populares.{:it}Farmacia online Italiana. Prezzi pi\u00f9 bassi garantiti al 100%. Vasta selezione di pillole popolari.{:sv}Sverige online apotek. 100 % garanterat l\u00e4gsta priser. Stort urval av popul\u00e4ra piller.{:fi}Suomen verkkoapteekki. 100 % taattu halvimmat hinnat. Valtava valikoima suosittuja pillereit\u00e4.{:nl}Online drogisterij Nederland. 100% gegarandeerd de laagste prijzen. Enorme selectie populaire pillen.{:fr}Pharmacie en ligne France. Prix les plus bas garantis \u00e0 100 %. \u00c9norme s\u00e9lection de pilules populaires.{:tr}T\u00fcrkiye online eczanesi. 100% garantili en d\u00fc\u015f\u00fck fiyatlar. \u00c7ok \u00e7e\u015fitli pop\u00fcler haplar.{:pt}Farm\u00e1cia on-line de Portugal. Pre\u00e7os mais baixos 100% garantidos. Enorme sele\u00e7\u00e3o de p\u00edlulas populares.{:}\",\"breadcrumb\":{\"@id\":\"https:\\\/\\\/requestartikel.com\\\/#breadcrumb\"},\"inLanguage\":\"pt-PT\",\"potentialAction\":[{\"@type\":\"ReadAction\",\"target\":[\"https:\\\/\\\/requestartikel.com\\\/\"]}]},{\"@type\":\"BreadcrumbList\",\"@id\":\"https:\\\/\\\/requestartikel.com\\\/#breadcrumb\",\"itemListElement\":[{\"@type\":\"ListItem\",\"position\":1,\"name\":\"Home\",\"item\":\"https:\\\/\\\/requestartikel.com\\\/\"},{\"@type\":\"ListItem\",\"position\":2,\"name\":\"Home\"}]},{\"@type\":\"WebSite\",\"@id\":\"https:\\\/\\\/requestartikel.com\\\/#website\",\"url\":\"https:\\\/\\\/requestartikel.com\\\/\",\"name\":\"Requestartikel.com\",\"description\":\"\",\"potentialAction\":[{\"@type\":\"SearchAction\",\"target\":{\"@type\":\"EntryPoint\",\"urlTemplate\":\"https:\\\/\\\/requestartikel.com\\\/?s={search_term_string}\"},\"query-input\":{\"@type\":\"PropertyValueSpecification\",\"valueRequired\":true,\"valueName\":\"search_term_string\"}}],\"inLanguage\":\"pt-PT\"}]}<\/script>\n<!-- \/ Yoast SEO plugin. -->","yoast_head_json":{"title":"Farm\u00e1cia on-line de Portugal","description":"Farm\u00e1cia on-line de Portugal. Pre\u00e7os mais baixos 100% garantidos. Enorme sele\u00e7\u00e3o de p\u00edlulas populares.","robots":{"index":"index","follow":"follow","max-snippet":"max-snippet:-1","max-image-preview":"max-image-preview:large","max-video-preview":"max-video-preview:-1"},"canonical":"https:\/\/requestartikel.com\/","og_locale":"pt_PT","og_type":"article","og_title":"[:en]Save Money on Prescription Drugs | Guide for Patients [2018][:de]Deutschland Online-Apotheke[:sk]Slovenija spletna lekarna[:hr]Hrvatska online drogerija[:ro]Farmacie online din Romania[:pl]Polska drogeria internetowa[:hu]Magyarorsz\u00e1g online gy\u00f3gyszert\u00e1r[:es]Farmacia online Espa\u00f1a[:it]Farmacia online Italiana[:sv]Sverige online apotek[:fi]Suomen verkkoapteekki[:nl]Online drogisterij Nederland[:fr]Pharmacie en ligne France[:tr]T\u00fcrkiye online eczanesi[:pt]Farm\u00e1cia on-line de Portugal[:]","og_description":"{:en}Sick and tired of spending thousands for your treatment? Who doesn\u2019t want to pay less for the same drugs? Get health information and health tips you can trust. Compare prices and find the best deals.{:de}Deutschland Online-Apotheke. 100 % garantiert niedrigste Preise. Riesige Auswahl an beliebten Pillen.{:sk}Slovenija spletna lekarna. 100 % zajam\u010deno najni\u017eje cene. Velika izbira priljubljenih tablet.{:hr}Hrvatska online drogerija. 100 % zajam\u010deno najni\u017ee cijene. Veliki izbor popularnih tableta.{:ro}Farmacie online din Romania. 100% garantate cele mai mici preturi. Selec\u021bie uria\u0219\u0103 de pastile populare.{:pl}Polska drogeria internetowa. 100% gwarancja najni\u017cszych cen. Ogromny wyb\u00f3r popularnych tabletek.{:hu}Magyarorsz\u00e1g online gy\u00f3gyszert\u00e1r. 100% garant\u00e1lt legalacsonyabb \u00e1rak. Hatalmas parge v\u00e1laszt\u00e9k n\u00e9pszer\u0171 tablett\u00e1k.{:es}Farmacia online Espa\u00f1a. Precios m\u00e1s bajos 100% garantizados. Gran selecci\u00f3n de pastillas populares.{:it}Farmacia online Italiana. Prezzi pi\u00f9 bassi garantiti al 100%. Vasta selezione di pillole popolari.{:sv}Sverige online apotek. 100 % garanterat l\u00e4gsta priser. Stort urval av popul\u00e4ra piller.{:fi}Suomen verkkoapteekki. 100 % taattu halvimmat hinnat. Valtava valikoima suosittuja pillereit\u00e4.{:nl}Online drogisterij Nederland. 100% gegarandeerd de laagste prijzen. Enorme selectie populaire pillen.{:fr}Pharmacie en ligne France. Prix les plus bas garantis \u00e0 100 %. \u00c9norme s\u00e9lection de pilules populaires.{:tr}T\u00fcrkiye online eczanesi. 100% garantili en d\u00fc\u015f\u00fck fiyatlar. \u00c7ok \u00e7e\u015fitli pop\u00fcler haplar.{:pt}Farm\u00e1cia on-line de Portugal. Pre\u00e7os mais baixos 100% garantidos. Enorme sele\u00e7\u00e3o de p\u00edlulas populares.{:}","og_url":"https:\/\/requestartikel.com\/","og_site_name":"Requestartikel.com","article_modified_time":"2024-05-08T07:13:42+00:00","twitter_card":"summary_large_image","twitter_misc":{"Tempo estimado de leitura":"63 minutos"},"schema":{"@context":"https:\/\/schema.org","@graph":[{"@type":"WebPage","@id":"https:\/\/requestartikel.com\/","url":"https:\/\/requestartikel.com\/","name":"[:en]Save Money on Prescription Drugs | Guide for Patients [2018][:de]Deutschland Online-Apotheke[:sk]Slovenija spletna lekarna[:hr]Hrvatska online drogerija[:ro]Farmacie online din Romania[:pl]Polska drogeria internetowa[:hu]Magyarorsz\u00e1g online gy\u00f3gyszert\u00e1r[:es]Farmacia online Espa\u00f1a[:it]Farmacia online Italiana[:sv]Sverige online apotek[:fi]Suomen verkkoapteekki[:nl]Online drogisterij Nederland[:fr]Pharmacie en ligne France[:tr]T\u00fcrkiye online eczanesi[:pt]Farm\u00e1cia on-line de Portugal[:]","isPartOf":{"@id":"https:\/\/requestartikel.com\/#website"},"datePublished":"2018-12-12T09:40:57+00:00","dateModified":"2024-05-08T07:13:42+00:00","description":"{:en}Sick and tired of spending thousands for your treatment? Who doesn\u2019t want to pay less for the same drugs? Get health information and health tips you can trust. Compare prices and find the best deals.{:de}Deutschland Online-Apotheke. 100 % garantiert niedrigste Preise. Riesige Auswahl an beliebten Pillen.{:sk}Slovenija spletna lekarna. 100 % zajam\u010deno najni\u017eje cene. Velika izbira priljubljenih tablet.{:hr}Hrvatska online drogerija. 100 % zajam\u010deno najni\u017ee cijene. Veliki izbor popularnih tableta.{:ro}Farmacie online din Romania. 100% garantate cele mai mici preturi. Selec\u021bie uria\u0219\u0103 de pastile populare.{:pl}Polska drogeria internetowa. 100% gwarancja najni\u017cszych cen. Ogromny wyb\u00f3r popularnych tabletek.{:hu}Magyarorsz\u00e1g online gy\u00f3gyszert\u00e1r. 100% garant\u00e1lt legalacsonyabb \u00e1rak. Hatalmas parge v\u00e1laszt\u00e9k n\u00e9pszer\u0171 tablett\u00e1k.{:es}Farmacia online Espa\u00f1a. Precios m\u00e1s bajos 100% garantizados. Gran selecci\u00f3n de pastillas populares.{:it}Farmacia online Italiana. Prezzi pi\u00f9 bassi garantiti al 100%. Vasta selezione di pillole popolari.{:sv}Sverige online apotek. 100 % garanterat l\u00e4gsta priser. Stort urval av popul\u00e4ra piller.{:fi}Suomen verkkoapteekki. 100 % taattu halvimmat hinnat. Valtava valikoima suosittuja pillereit\u00e4.{:nl}Online drogisterij Nederland. 100% gegarandeerd de laagste prijzen. Enorme selectie populaire pillen.{:fr}Pharmacie en ligne France. Prix les plus bas garantis \u00e0 100 %. \u00c9norme s\u00e9lection de pilules populaires.{:tr}T\u00fcrkiye online eczanesi. 100% garantili en d\u00fc\u015f\u00fck fiyatlar. \u00c7ok \u00e7e\u015fitli pop\u00fcler haplar.{:pt}Farm\u00e1cia on-line de Portugal. Pre\u00e7os mais baixos 100% garantidos. Enorme sele\u00e7\u00e3o de p\u00edlulas populares.{:}","breadcrumb":{"@id":"https:\/\/requestartikel.com\/#breadcrumb"},"inLanguage":"pt-PT","potentialAction":[{"@type":"ReadAction","target":["https:\/\/requestartikel.com\/"]}]},{"@type":"BreadcrumbList","@id":"https:\/\/requestartikel.com\/#breadcrumb","itemListElement":[{"@type":"ListItem","position":1,"name":"Home","item":"https:\/\/requestartikel.com\/"},{"@type":"ListItem","position":2,"name":"Home"}]},{"@type":"WebSite","@id":"https:\/\/requestartikel.com\/#website","url":"https:\/\/requestartikel.com\/","name":"Requestartikel.com","description":"","potentialAction":[{"@type":"SearchAction","target":{"@type":"EntryPoint","urlTemplate":"https:\/\/requestartikel.com\/?s={search_term_string}"},"query-input":{"@type":"PropertyValueSpecification","valueRequired":true,"valueName":"search_term_string"}}],"inLanguage":"pt-PT"}]}},"_links":{"self":[{"href":"https:\/\/requestartikel.com\/pt\/wp-json\/wp\/v2\/pages\/46","targetHints":{"allow":["GET"]}}],"collection":[{"href":"https:\/\/requestartikel.com\/pt\/wp-json\/wp\/v2\/pages"}],"about":[{"href":"https:\/\/requestartikel.com\/pt\/wp-json\/wp\/v2\/types\/page"}],"author":[{"embeddable":true,"href":"https:\/\/requestartikel.com\/pt\/wp-json\/wp\/v2\/users\/1"}],"replies":[{"embeddable":true,"href":"https:\/\/requestartikel.com\/pt\/wp-json\/wp\/v2\/comments?post=46"}],"version-history":[{"count":0,"href":"https:\/\/requestartikel.com\/pt\/wp-json\/wp\/v2\/pages\/46\/revisions"}],"wp:attachment":[{"href":"https:\/\/requestartikel.com\/pt\/wp-json\/wp\/v2\/media?parent=46"}],"curies":[{"name":"wp","href":"https:\/\/api.w.org\/{rel}","templated":true}]}}