{"id":46,"date":"2018-12-12T09:40:57","date_gmt":"2018-12-12T09:40:57","guid":{"rendered":"http:\/\/requestartikel.com\/?page_id=46"},"modified":"2024-05-08T07:13:42","modified_gmt":"2024-05-08T07:13:42","slug":"tr","status":"publish","type":"page","link":"https:\/\/requestartikel.com\/ro\/","title":{"rendered":"Acas\u0103"},"content":{"rendered":"<p><\/p>\n<h2>DROGURI ONLINE: SALVA\u021aI BANI PE PRESCRIP\u021aII<\/h2>\n<ul>\n<li>Ave\u021bi probleme de s\u0103n\u0103tate?<\/li>\n<li>Ave\u021bi nevoie de asisten\u021b\u0103 profesional\u0103?<\/li>\n<li>Dori\u021bi s\u0103 cump\u0103ra\u021bi medicamente ieftine \u0219i s\u0103 v\u0103 rezolva\u021bi problemele?<\/li>\n<\/ul>\n<p>BINE ATI VENIT PE SITE-UL NOSTRU!<\/p>\n<p>Meds on the counter on-line resursa este creat de practicieni medici, asistente medicale, cercet\u0103tori, scriitori medicale \u0219i traduc\u0103tori \u0219tiin\u021bifici.<\/p>\n<p>Marea noastr\u0103 echip\u0103 de oameni devota\u021bi \u0219i plini de compasiune ajut\u0103 pacien\u021bii.<\/p>\n<p>Toate consilierea este oferit\u0103 gratuit pentru a v\u0103 ajuta s\u0103 g\u0103si\u021bi informa\u021biile medicale necesare \u0219i pentru a ob\u021bine un tratament adecvat.<\/p>\n<p>Subiectele acoperite cu Meds deasupra tejghelei includ condi\u021biile de s\u0103n\u0103tate, procedurile medicale \u0219i problemele de s\u0103n\u0103tate \u0219i de s\u0103n\u0103tate de zi cu zi.<\/p>\n<p>\u0218I CELE MAI IMPORTANTE!<\/p>\n<p>Ave\u021bi o oportunitate unic\u0103 de a cump\u0103ra medicamente ieftine, \u00een care pute\u021bi avea \u00eencredere!<\/p>\n<p>Asta nu e tot.<\/p>\n<ul>\n<li>Afla\u021bi mai multe despre medicamentele eliberate pe baz\u0103 de re\u021bet\u0103 \u0219i f\u0103r\u0103 prescrip\u021bie medical\u0103.<\/li>\n<li>Asigura\u021bi-v\u0103 de eficien\u021ba \u0219i siguran\u021ba acestora.<\/li>\n<li>Citi\u021bi despre dozare, efecte secundare \u0219i precau\u021bii.<\/li>\n<\/ul>\n<p>\u00cen ciuda faptului c\u0103 ave\u021bi acces la medicamente la pre\u021buri accesibile, re\u021bine\u021bi c\u0103 toate problemele de s\u0103n\u0103tate, \u00eentreb\u0103rile \u0219i deciziile trebuie discutate cu consultan\u021bii medicali.<\/p>\n<p>\u00cen parteneriat cu medicul, pute\u021bi stabili \u00eempreun\u0103 ce medicamente sunt cele mai bune de utilizat, av\u00e2nd \u00een vedere v\u00e2rsta, starea dumneavoastr\u0103 de s\u0103n\u0103tate \u0219i factorii de risc.<\/p>\n<p>Facem tot posibilul pentru a ajuta vizitatorii no\u0219tri s\u0103 \u00eenve\u021be cum \u0219i unde pot cump\u0103ra medicamentele necesare la cel mai mic pre\u021b.<\/p>\n<p>Oferim cu m\u00e2ndrie oferte unice \u0219i cele mai bune. Pute\u021bi s\u0103 le vizualiza\u021bi \u00een ritmul propriu, f\u0103r\u0103 a l\u0103sa confortul casei dvs. sau f\u0103r\u0103 a v\u0103 l\u0103sa la locul de munc\u0103 \u0219i a le \u00eemp\u0103r\u021bi cu u\u0219urin\u021b\u0103 cu cei dragi \u0219i prieteni oriunde \u00een lume.<\/p>\n<p>Folosi\u021bi unelte la \u00eendem\u00e2n\u0103 pentru a economisi bani pe re\u021bete.<\/p>\n<p>Alege\u021bi numai cele mai bune \u0219i testate \u00een timp:<\/p>\n<ul>\n<li>Pastile pentru diet\u0103<\/li>\n<li>ADHD meds<\/li>\n<li>Durere de relief<\/li>\n<li>Medicamente anti-anxietate<\/li>\n<li>Antidepresive<\/li>\n<li>Somnifere<\/li>\n<li>Relaxante musculare<\/li>\n<\/ul>\n<p>C\u00e2nd p\u0103r\u0103si\u021bi cabinetul medicului, v\u0103 pute\u021bi confrunta cu o problem\u0103 grav\u0103: costul ridicat al medicamentelor.<\/p>\n<p>Medicamentul recomandat poate s\u0103 nu fie \u00eentotdeauna op\u021biunea cea mai mic\u0103 de cost. Din p\u0103cate, to\u021bi am fost acolo.<\/p>\n<p>Mai multe probleme apar atunci c\u00e2nd vi se recomand\u0103 un tratament pe termen lung, luni sau ani consecutivi. Nu fiecare persoan\u0103 \u00ee\u0219i poate permite s\u0103 cumpere \u00een mod regulat medicamente scumpe la orice farmacie din apropiere.<\/p>\n<p>Pre\u021burile ridicate au ca rezultat reducerea accesului la medicamente, \u00een special pentru persoanele cu venituri mici, deoarece pur \u0219i simplu nu-\u0219i pot permite tratamentul.<\/p>\n<p>DAR NU EXISTA!<\/p>\n<h2>Comanda\u021bi medicamente cu marc\u0103 online<\/h2>\n<p>Sondajele efectuate \u00een SUA \u0219i \u00een alte \u021b\u0103ri ale lumii au ar\u0103tat diferen\u021be uria\u0219e de costuri ale unor branduri bine cunoscute. Dac\u0103 locui\u021bi \u00eentr-o \u021bar\u0103 cu niveluri ridicate de venit, cel mai probabil pre\u021bul medicamentelor de marc\u0103 va fi foarte ridicat.<\/p>\n<p>Exist\u0103 o serie de motive pentru care se \u00eent\u00e2mpl\u0103 acest lucru. Dar nu vom pierde timpul s\u0103 discut\u0103m \u00een acest articol. Nu uita\u021bi c\u0103 pre\u021burile pentru medicamentele de marc\u0103 se pot schimba \u00een timp \u0219i variaz\u0103, \u00een func\u021bie de \u021bara de distribu\u021bie.<\/p>\n<p>Ave\u021bi ocazia s\u0103 cump\u0103ra\u021bi medicamente low-cost de brand online. Aceasta este decizia corect\u0103, chiar dac\u0103 nu contribuie \u00eentotdeauna la ob\u021binerea economiilor maxime posibile.<\/p>\n<h2>Cumpara medicamente generice ieftine<\/h2>\n<p>Avem o veste bun\u0103 pentru tine!<\/p>\n<p>Pute\u021bi economisi bani chiar acum \u0219i pute\u021bi reduce costul tratamentului de mai multe ori.<\/p>\n<p>Acorda\u021bi aten\u021bie pre\u021burilor actuale ale medicamentelor generice. Acestea sunt mult mai mici dec\u00e2t pre\u021burile versiunilor de marc\u0103.<\/p>\n<p>\u00cen plus, pute\u021bi observa \u00een mod regulat sc\u0103derea pre\u021burilor pentru medicamentele generice. Cu c\u00e2t sunt mai mult disponibile pe pia\u021ba farmaceutic\u0103, cu at\u00e2t costul este mai mic. Acest lucru se datoreaz\u0103 cre\u0219terii constante a concuren\u021bei \u00eentre produc\u0103tori.<\/p>\n<p>Spre deosebire de marc\u0103, pre\u021burile pentru medicamentele generice scad foarte repede. Costul lor este, de obicei, mai mic dec\u00e2t jum\u0103tate din pre\u021bul medicamentelor de marc\u0103.<\/p>\n<p>Multe versiuni generice de medicamente cu prescrip\u021bie sunt cu adev\u0103rat accesibile, mai ales atunci c\u00e2nd medicamentele generice sunt produse de mai multe companii.<\/p>\n<p>Nu trebuie s\u0103 v\u0103 face\u021bi griji cu privire la siguran\u021ba medicamentelor generice. Fiecare dintre acestea trebuie s\u0103 fie aprobat \u00eenainte de a intra \u00een v\u00e2nzare.<\/p>\n<p>US FDA, Agen\u021bia European\u0103 de Medicin\u0103 \u0219i alte agen\u021bii guvernamentale de reglementare evalueaz\u0103 siguran\u021ba medicamentelor generice prin examinarea:<\/p>\n<ul>\n<li>Efecte secundare<\/li>\n<li>Cum sunt fabricate<\/li>\n<li>Rezultatele studiilor clinice<\/li>\n<\/ul>\n<p>Asigura\u021bi-v\u0103 c\u0103 medicamentele generice nu func\u021bioneaz\u0103 mai r\u0103u \u0219i nu sunt mai bune dec\u00e2t medicamentele de marc\u0103, dar sunt mult mai ieftine. Ace\u0219tia au acela\u0219i profil de eficacitate \u0219i siguran\u021b\u0103.<\/p>\n<p>Nu trebuie s\u0103 a\u0219tepta\u021bi ca medicamentele generice ieftine s\u0103 apar\u0103 \u00een farmaciile locale. Ast\u0103zi, pute\u021bi comanda generice la cel mai bun pre\u021b \u0219i nu va dura mult din timpul \u0219i efortul dvs.<\/p>\n<p>Toate deciziile \u0219i ac\u021biunile dvs. v\u0103 afecteaz\u0103 s\u0103n\u0103tatea, precum \u0219i situa\u021bia financiar\u0103 actual\u0103 \u0219i viitoare.<\/p>\n<p>Lua\u021bi decizia corect\u0103. Nu pierde\u021bi ocazia de a salva mul\u021bi bani ast\u0103zi!<\/p>","protected":false},"excerpt":{"rendered":"<p>DROGURI ONLINE: SALVA\u021aI BANI PE PRESCRIP\u021aII Ave\u021bi probleme de s\u0103n\u0103tate? Ave\u021bi nevoie de asisten\u021b\u0103 profesional\u0103? Dori\u021bi s\u0103 cump\u0103ra\u021bi medicamente ieftine \u0219i s\u0103 v\u0103 rezolva\u021bi problemele? BINE ATI VENIT PE SITE-UL NOSTRU! Meds on the counter on-line resursa este creat de practicieni medici, asistente medicale, cercet\u0103tori, scriitori medicale \u0219i traduc\u0103tori \u0219tiin\u021bifici. Marea noastr\u0103 echip\u0103 de oameni&#8230;<\/p>\n","protected":false},"author":1,"featured_media":0,"parent":0,"menu_order":0,"comment_status":"closed","ping_status":"closed","template":"","meta":{"footnotes":""},"class_list":["post-46","page","type-page","status-publish","hentry"],"yoast_head":"<!-- This site is optimized with the Yoast SEO plugin v27.4 - https:\/\/yoast.com\/product\/yoast-seo-wordpress\/ -->\n<title>Farmacie online din Romania<\/title>\n<meta name=\"description\" content=\"Farmacie online din Romania. 100% garantate cele mai mici preturi. Selec\u021bie uria\u0219\u0103 de pastile populare.\" \/>\n<meta name=\"robots\" content=\"index, follow, max-snippet:-1, max-image-preview:large, max-video-preview:-1\" \/>\n<link rel=\"canonical\" href=\"https:\/\/requestartikel.com\/\" \/>\n<meta property=\"og:locale\" content=\"ro_RO\" \/>\n<meta property=\"og:type\" content=\"article\" \/>\n<meta property=\"og:title\" content=\"[:en]Save Money on Prescription Drugs | Guide for Patients [2018][:de]Deutschland Online-Apotheke[:sk]Slovenija spletna lekarna[:hr]Hrvatska online drogerija[:ro]Farmacie online din Romania[:pl]Polska drogeria internetowa[:hu]Magyarorsz\u00e1g online gy\u00f3gyszert\u00e1r[:es]Farmacia online Espa\u00f1a[:it]Farmacia online Italiana[:sv]Sverige online apotek[:fi]Suomen verkkoapteekki[:nl]Online drogisterij Nederland[:fr]Pharmacie en ligne France[:tr]T\u00fcrkiye online eczanesi[:pt]Farm\u00e1cia on-line de Portugal[:]\" \/>\n<meta property=\"og:description\" content=\"{:en}Sick and tired of spending thousands for your treatment? Who doesn\u2019t want to pay less for the same drugs? Get health information and health tips you can trust. Compare prices and find the best deals.{:de}Deutschland Online-Apotheke. 100 % garantiert niedrigste Preise. Riesige Auswahl an beliebten Pillen.{:sk}Slovenija spletna lekarna. 100 % zajam\u010deno najni\u017eje cene. Velika izbira priljubljenih tablet.{:hr}Hrvatska online drogerija. 100 % zajam\u010deno najni\u017ee cijene. Veliki izbor popularnih tableta.{:ro}Farmacie online din Romania. 100% garantate cele mai mici preturi. Selec\u021bie uria\u0219\u0103 de pastile populare.{:pl}Polska drogeria internetowa. 100% gwarancja najni\u017cszych cen. Ogromny wyb\u00f3r popularnych tabletek.{:hu}Magyarorsz\u00e1g online gy\u00f3gyszert\u00e1r. 100% garant\u00e1lt legalacsonyabb \u00e1rak. Hatalmas parge v\u00e1laszt\u00e9k n\u00e9pszer\u0171 tablett\u00e1k.{:es}Farmacia online Espa\u00f1a. Precios m\u00e1s bajos 100% garantizados. Gran selecci\u00f3n de pastillas populares.{:it}Farmacia online Italiana. Prezzi pi\u00f9 bassi garantiti al 100%. Vasta selezione di pillole popolari.{:sv}Sverige online apotek. 100 % garanterat l\u00e4gsta priser. Stort urval av popul\u00e4ra piller.{:fi}Suomen verkkoapteekki. 100 % taattu halvimmat hinnat. Valtava valikoima suosittuja pillereit\u00e4.{:nl}Online drogisterij Nederland. 100% gegarandeerd de laagste prijzen. Enorme selectie populaire pillen.{:fr}Pharmacie en ligne France. Prix les plus bas garantis \u00e0 100 %. \u00c9norme s\u00e9lection de pilules populaires.{:tr}T\u00fcrkiye online eczanesi. 100% garantili en d\u00fc\u015f\u00fck fiyatlar. \u00c7ok \u00e7e\u015fitli pop\u00fcler haplar.{:pt}Farm\u00e1cia on-line de Portugal. Pre\u00e7os mais baixos 100% garantidos. Enorme sele\u00e7\u00e3o de p\u00edlulas populares.{:}\" \/>\n<meta property=\"og:url\" content=\"https:\/\/requestartikel.com\/\" \/>\n<meta property=\"og:site_name\" content=\"Requestartikel.com\" \/>\n<meta property=\"article:modified_time\" content=\"2024-05-08T07:13:42+00:00\" \/>\n<meta name=\"twitter:card\" content=\"summary_large_image\" \/>\n<meta name=\"twitter:label1\" content=\"Timp estimat pentru citire\" \/>\n\t<meta name=\"twitter:data1\" content=\"63 de minute\" \/>\n<script type=\"application\/ld+json\" class=\"yoast-schema-graph\">{\"@context\":\"https:\\\/\\\/schema.org\",\"@graph\":[{\"@type\":\"WebPage\",\"@id\":\"https:\\\/\\\/requestartikel.com\\\/\",\"url\":\"https:\\\/\\\/requestartikel.com\\\/\",\"name\":\"[:en]Save Money on Prescription Drugs | Guide for Patients [2018][:de]Deutschland Online-Apotheke[:sk]Slovenija spletna lekarna[:hr]Hrvatska online drogerija[:ro]Farmacie online din Romania[:pl]Polska drogeria internetowa[:hu]Magyarorsz\u00e1g online gy\u00f3gyszert\u00e1r[:es]Farmacia online Espa\u00f1a[:it]Farmacia online Italiana[:sv]Sverige online apotek[:fi]Suomen verkkoapteekki[:nl]Online drogisterij Nederland[:fr]Pharmacie en ligne France[:tr]T\u00fcrkiye online eczanesi[:pt]Farm\u00e1cia on-line de Portugal[:]\",\"isPartOf\":{\"@id\":\"https:\\\/\\\/requestartikel.com\\\/#website\"},\"datePublished\":\"2018-12-12T09:40:57+00:00\",\"dateModified\":\"2024-05-08T07:13:42+00:00\",\"description\":\"{:en}Sick and tired of spending thousands for your treatment? Who doesn\u2019t want to pay less for the same drugs? Get health information and health tips you can trust. Compare prices and find the best deals.{:de}Deutschland Online-Apotheke. 100 % garantiert niedrigste Preise. Riesige Auswahl an beliebten Pillen.{:sk}Slovenija spletna lekarna. 100 % zajam\u010deno najni\u017eje cene. Velika izbira priljubljenih tablet.{:hr}Hrvatska online drogerija. 100 % zajam\u010deno najni\u017ee cijene. Veliki izbor popularnih tableta.{:ro}Farmacie online din Romania. 100% garantate cele mai mici preturi. Selec\u021bie uria\u0219\u0103 de pastile populare.{:pl}Polska drogeria internetowa. 100% gwarancja najni\u017cszych cen. Ogromny wyb\u00f3r popularnych tabletek.{:hu}Magyarorsz\u00e1g online gy\u00f3gyszert\u00e1r. 100% garant\u00e1lt legalacsonyabb \u00e1rak. Hatalmas parge v\u00e1laszt\u00e9k n\u00e9pszer\u0171 tablett\u00e1k.{:es}Farmacia online Espa\u00f1a. Precios m\u00e1s bajos 100% garantizados. Gran selecci\u00f3n de pastillas populares.{:it}Farmacia online Italiana. Prezzi pi\u00f9 bassi garantiti al 100%. Vasta selezione di pillole popolari.{:sv}Sverige online apotek. 100 % garanterat l\u00e4gsta priser. Stort urval av popul\u00e4ra piller.{:fi}Suomen verkkoapteekki. 100 % taattu halvimmat hinnat. Valtava valikoima suosittuja pillereit\u00e4.{:nl}Online drogisterij Nederland. 100% gegarandeerd de laagste prijzen. Enorme selectie populaire pillen.{:fr}Pharmacie en ligne France. Prix les plus bas garantis \u00e0 100 %. \u00c9norme s\u00e9lection de pilules populaires.{:tr}T\u00fcrkiye online eczanesi. 100% garantili en d\u00fc\u015f\u00fck fiyatlar. \u00c7ok \u00e7e\u015fitli pop\u00fcler haplar.{:pt}Farm\u00e1cia on-line de Portugal. Pre\u00e7os mais baixos 100% garantidos. Enorme sele\u00e7\u00e3o de p\u00edlulas populares.{:}\",\"breadcrumb\":{\"@id\":\"https:\\\/\\\/requestartikel.com\\\/#breadcrumb\"},\"inLanguage\":\"ro-RO\",\"potentialAction\":[{\"@type\":\"ReadAction\",\"target\":[\"https:\\\/\\\/requestartikel.com\\\/\"]}]},{\"@type\":\"BreadcrumbList\",\"@id\":\"https:\\\/\\\/requestartikel.com\\\/#breadcrumb\",\"itemListElement\":[{\"@type\":\"ListItem\",\"position\":1,\"name\":\"Home\",\"item\":\"https:\\\/\\\/requestartikel.com\\\/\"},{\"@type\":\"ListItem\",\"position\":2,\"name\":\"Home\"}]},{\"@type\":\"WebSite\",\"@id\":\"https:\\\/\\\/requestartikel.com\\\/#website\",\"url\":\"https:\\\/\\\/requestartikel.com\\\/\",\"name\":\"Requestartikel.com\",\"description\":\"\",\"potentialAction\":[{\"@type\":\"SearchAction\",\"target\":{\"@type\":\"EntryPoint\",\"urlTemplate\":\"https:\\\/\\\/requestartikel.com\\\/?s={search_term_string}\"},\"query-input\":{\"@type\":\"PropertyValueSpecification\",\"valueRequired\":true,\"valueName\":\"search_term_string\"}}],\"inLanguage\":\"ro-RO\"}]}<\/script>\n<!-- \/ Yoast SEO plugin. -->","yoast_head_json":{"title":"Farmacie online din Romania","description":"Farmacie online din Romania. 100% garantate cele mai mici preturi. Selec\u021bie uria\u0219\u0103 de pastile populare.","robots":{"index":"index","follow":"follow","max-snippet":"max-snippet:-1","max-image-preview":"max-image-preview:large","max-video-preview":"max-video-preview:-1"},"canonical":"https:\/\/requestartikel.com\/","og_locale":"ro_RO","og_type":"article","og_title":"[:en]Save Money on Prescription Drugs | Guide for Patients [2018][:de]Deutschland Online-Apotheke[:sk]Slovenija spletna lekarna[:hr]Hrvatska online drogerija[:ro]Farmacie online din Romania[:pl]Polska drogeria internetowa[:hu]Magyarorsz\u00e1g online gy\u00f3gyszert\u00e1r[:es]Farmacia online Espa\u00f1a[:it]Farmacia online Italiana[:sv]Sverige online apotek[:fi]Suomen verkkoapteekki[:nl]Online drogisterij Nederland[:fr]Pharmacie en ligne France[:tr]T\u00fcrkiye online eczanesi[:pt]Farm\u00e1cia on-line de Portugal[:]","og_description":"{:en}Sick and tired of spending thousands for your treatment? Who doesn\u2019t want to pay less for the same drugs? Get health information and health tips you can trust. Compare prices and find the best deals.{:de}Deutschland Online-Apotheke. 100 % garantiert niedrigste Preise. Riesige Auswahl an beliebten Pillen.{:sk}Slovenija spletna lekarna. 100 % zajam\u010deno najni\u017eje cene. Velika izbira priljubljenih tablet.{:hr}Hrvatska online drogerija. 100 % zajam\u010deno najni\u017ee cijene. Veliki izbor popularnih tableta.{:ro}Farmacie online din Romania. 100% garantate cele mai mici preturi. Selec\u021bie uria\u0219\u0103 de pastile populare.{:pl}Polska drogeria internetowa. 100% gwarancja najni\u017cszych cen. Ogromny wyb\u00f3r popularnych tabletek.{:hu}Magyarorsz\u00e1g online gy\u00f3gyszert\u00e1r. 100% garant\u00e1lt legalacsonyabb \u00e1rak. Hatalmas parge v\u00e1laszt\u00e9k n\u00e9pszer\u0171 tablett\u00e1k.{:es}Farmacia online Espa\u00f1a. Precios m\u00e1s bajos 100% garantizados. Gran selecci\u00f3n de pastillas populares.{:it}Farmacia online Italiana. Prezzi pi\u00f9 bassi garantiti al 100%. Vasta selezione di pillole popolari.{:sv}Sverige online apotek. 100 % garanterat l\u00e4gsta priser. Stort urval av popul\u00e4ra piller.{:fi}Suomen verkkoapteekki. 100 % taattu halvimmat hinnat. Valtava valikoima suosittuja pillereit\u00e4.{:nl}Online drogisterij Nederland. 100% gegarandeerd de laagste prijzen. Enorme selectie populaire pillen.{:fr}Pharmacie en ligne France. Prix les plus bas garantis \u00e0 100 %. \u00c9norme s\u00e9lection de pilules populaires.{:tr}T\u00fcrkiye online eczanesi. 100% garantili en d\u00fc\u015f\u00fck fiyatlar. \u00c7ok \u00e7e\u015fitli pop\u00fcler haplar.{:pt}Farm\u00e1cia on-line de Portugal. Pre\u00e7os mais baixos 100% garantidos. Enorme sele\u00e7\u00e3o de p\u00edlulas populares.{:}","og_url":"https:\/\/requestartikel.com\/","og_site_name":"Requestartikel.com","article_modified_time":"2024-05-08T07:13:42+00:00","twitter_card":"summary_large_image","twitter_misc":{"Timp estimat pentru citire":"63 de minute"},"schema":{"@context":"https:\/\/schema.org","@graph":[{"@type":"WebPage","@id":"https:\/\/requestartikel.com\/","url":"https:\/\/requestartikel.com\/","name":"[:en]Save Money on Prescription Drugs | Guide for Patients [2018][:de]Deutschland Online-Apotheke[:sk]Slovenija spletna lekarna[:hr]Hrvatska online drogerija[:ro]Farmacie online din Romania[:pl]Polska drogeria internetowa[:hu]Magyarorsz\u00e1g online gy\u00f3gyszert\u00e1r[:es]Farmacia online Espa\u00f1a[:it]Farmacia online Italiana[:sv]Sverige online apotek[:fi]Suomen verkkoapteekki[:nl]Online drogisterij Nederland[:fr]Pharmacie en ligne France[:tr]T\u00fcrkiye online eczanesi[:pt]Farm\u00e1cia on-line de Portugal[:]","isPartOf":{"@id":"https:\/\/requestartikel.com\/#website"},"datePublished":"2018-12-12T09:40:57+00:00","dateModified":"2024-05-08T07:13:42+00:00","description":"{:en}Sick and tired of spending thousands for your treatment? Who doesn\u2019t want to pay less for the same drugs? Get health information and health tips you can trust. Compare prices and find the best deals.{:de}Deutschland Online-Apotheke. 100 % garantiert niedrigste Preise. Riesige Auswahl an beliebten Pillen.{:sk}Slovenija spletna lekarna. 100 % zajam\u010deno najni\u017eje cene. Velika izbira priljubljenih tablet.{:hr}Hrvatska online drogerija. 100 % zajam\u010deno najni\u017ee cijene. Veliki izbor popularnih tableta.{:ro}Farmacie online din Romania. 100% garantate cele mai mici preturi. Selec\u021bie uria\u0219\u0103 de pastile populare.{:pl}Polska drogeria internetowa. 100% gwarancja najni\u017cszych cen. Ogromny wyb\u00f3r popularnych tabletek.{:hu}Magyarorsz\u00e1g online gy\u00f3gyszert\u00e1r. 100% garant\u00e1lt legalacsonyabb \u00e1rak. Hatalmas parge v\u00e1laszt\u00e9k n\u00e9pszer\u0171 tablett\u00e1k.{:es}Farmacia online Espa\u00f1a. Precios m\u00e1s bajos 100% garantizados. Gran selecci\u00f3n de pastillas populares.{:it}Farmacia online Italiana. Prezzi pi\u00f9 bassi garantiti al 100%. Vasta selezione di pillole popolari.{:sv}Sverige online apotek. 100 % garanterat l\u00e4gsta priser. Stort urval av popul\u00e4ra piller.{:fi}Suomen verkkoapteekki. 100 % taattu halvimmat hinnat. Valtava valikoima suosittuja pillereit\u00e4.{:nl}Online drogisterij Nederland. 100% gegarandeerd de laagste prijzen. Enorme selectie populaire pillen.{:fr}Pharmacie en ligne France. Prix les plus bas garantis \u00e0 100 %. \u00c9norme s\u00e9lection de pilules populaires.{:tr}T\u00fcrkiye online eczanesi. 100% garantili en d\u00fc\u015f\u00fck fiyatlar. \u00c7ok \u00e7e\u015fitli pop\u00fcler haplar.{:pt}Farm\u00e1cia on-line de Portugal. Pre\u00e7os mais baixos 100% garantidos. Enorme sele\u00e7\u00e3o de p\u00edlulas populares.{:}","breadcrumb":{"@id":"https:\/\/requestartikel.com\/#breadcrumb"},"inLanguage":"ro-RO","potentialAction":[{"@type":"ReadAction","target":["https:\/\/requestartikel.com\/"]}]},{"@type":"BreadcrumbList","@id":"https:\/\/requestartikel.com\/#breadcrumb","itemListElement":[{"@type":"ListItem","position":1,"name":"Home","item":"https:\/\/requestartikel.com\/"},{"@type":"ListItem","position":2,"name":"Home"}]},{"@type":"WebSite","@id":"https:\/\/requestartikel.com\/#website","url":"https:\/\/requestartikel.com\/","name":"Requestartikel.com","description":"","potentialAction":[{"@type":"SearchAction","target":{"@type":"EntryPoint","urlTemplate":"https:\/\/requestartikel.com\/?s={search_term_string}"},"query-input":{"@type":"PropertyValueSpecification","valueRequired":true,"valueName":"search_term_string"}}],"inLanguage":"ro-RO"}]}},"_links":{"self":[{"href":"https:\/\/requestartikel.com\/ro\/wp-json\/wp\/v2\/pages\/46","targetHints":{"allow":["GET"]}}],"collection":[{"href":"https:\/\/requestartikel.com\/ro\/wp-json\/wp\/v2\/pages"}],"about":[{"href":"https:\/\/requestartikel.com\/ro\/wp-json\/wp\/v2\/types\/page"}],"author":[{"embeddable":true,"href":"https:\/\/requestartikel.com\/ro\/wp-json\/wp\/v2\/users\/1"}],"replies":[{"embeddable":true,"href":"https:\/\/requestartikel.com\/ro\/wp-json\/wp\/v2\/comments?post=46"}],"version-history":[{"count":0,"href":"https:\/\/requestartikel.com\/ro\/wp-json\/wp\/v2\/pages\/46\/revisions"}],"wp:attachment":[{"href":"https:\/\/requestartikel.com\/ro\/wp-json\/wp\/v2\/media?parent=46"}],"curies":[{"name":"wp","href":"https:\/\/api.w.org\/{rel}","templated":true}]}}