{"id":46,"date":"2018-12-12T09:40:57","date_gmt":"2018-12-12T09:40:57","guid":{"rendered":"http:\/\/requestartikel.com\/?page_id=46"},"modified":"2024-05-08T07:13:42","modified_gmt":"2024-05-08T07:13:42","slug":"tr","status":"publish","type":"page","link":"https:\/\/requestartikel.com\/sk\/","title":{"rendered":"Domov"},"content":{"rendered":"<p><\/p>\n<h2>DROGY ONLINE: \u0160ETRIE PENIAZE NA PREDPISY<\/h2>\n<ul>\n<li>M\u00e1te zdravotn\u00e9 probl\u00e9my?<\/li>\n<li>Potrebujete odborn\u00fa pomoc?<\/li>\n<li>Chcete si k\u00fapi\u0165 lacn\u00e9 drogy a vyrie\u0161i\u0165 svoje probl\u00e9my?<\/li>\n<\/ul>\n<p>VITAJTE NA NA\u0160E WEBOV\u00c9 STR\u00c1NKE!<\/p>\n<p>Meds over the counter online zdroj je vytvoren\u00fd praktick\u00fdmi lek\u00e1rmi, zdravotn\u00fdmi sestrami, v\u00fdskumn\u00edkmi, lek\u00e1rmi a vedeck\u00fdmi prekladate\u013emi.<\/p>\n<p>N\u00e1\u0161 ve\u013ek\u00fd t\u00edm oddan\u00fdch a s\u00facitn\u00fdch \u013eud\u00ed sa dar\u00ed pacientom pom\u00f4c\u0165.<\/p>\n<p>V\u0161etko poradenstvo je poskytovan\u00e9 bezplatne, aby v\u00e1m pomohlo n\u00e1js\u0165 potrebn\u00e9 lek\u00e1rske inform\u00e1cie a z\u00edska\u0165 spr\u00e1vnu lie\u010dbu.<\/p>\n<p>T\u00e9my, na ktor\u00e9 sa vz\u0165ahuje Meds cez pult, zah\u0155\u0148aj\u00fa zdravotn\u00e9 podmienky, lek\u00e1rske postupy a ka\u017edodenn\u00e9 ot\u00e1zky zdravia a wellness.<\/p>\n<p>A NAJD\u00d4LE\u017dITEJ\u0160IE!<\/p>\n<p>M\u00e1te jedine\u010dn\u00fa pr\u00edle\u017eitos\u0165 k\u00fapi\u0165 lacn\u00e9 lieky, ktor\u00fdm m\u00f4\u017eete d\u00f4verova\u0165!<\/p>\n<p>To nie je v\u0161etko.<\/p>\n<ul>\n<li>Z\u00edskajte inform\u00e1cie o liekoch na predpis a liekoch bez lek\u00e1rskeho predpisu.<\/li>\n<li>Uistite sa o ich \u00fa\u010dinnosti a bezpe\u010dnosti.<\/li>\n<li>Pre\u010d\u00edtajte si o d\u00e1vkovan\u00ed, ved\u013eaj\u0161\u00edch \u00fa\u010dinkoch a prevent\u00edvnych opatreniach.<\/li>\n<\/ul>\n<p>Napriek tomu, \u017ee m\u00e1te pr\u00edstup k cenovo dostupn\u00fdm liekom, nezabudnite, \u017ee v\u0161etky ot\u00e1zky, ot\u00e1zky a rozhodnutia t\u00fdkaj\u00face sa zdravotnej starostlivosti by mali by\u0165 prejednan\u00e9 s lek\u00e1rmi.<\/p>\n<p>V spolupr\u00e1ci so svoj\u00edm lek\u00e1rom m\u00f4\u017eete spolo\u010dne ur\u010di\u0165, ktor\u00e9 lieky sa najlep\u0161ie pou\u017e\u00edvaj\u00fa vzh\u013eadom na V\u00e1\u0161 vek, zdravotn\u00fd stav a rizikov\u00e9 faktory.<\/p>\n<p>Sna\u017e\u00edme sa na\u0161im n\u00e1v\u0161tevn\u00edkom dozvedie\u0165 sa, ako a kde si m\u00f4\u017eu k\u00fapi\u0165 po\u017eadovan\u00e9 lieky za najni\u017e\u0161iu cenu.<\/p>\n<p>Hrdos\u0165ou pon\u00fakame jedine\u010dn\u00e9 a najlep\u0161ie ponuky. M\u00f4\u017eete ich zobrazi\u0165 svojim vlastn\u00fdm tempom bez toho, aby ste opustili pohodlie v\u00e1\u0161ho domova alebo bez opustenia pracoviska a \u013eahko ich zdie\u013eate s bl\u00edzkymi a priate\u013emi kdeko\u013evek na svete.<\/p>\n<p>Pou\u017eite \u0161ikovn\u00e9 n\u00e1stroje na \u0161etrenie finan\u010dn\u00fdch prostriedkov na predpisy.<\/p>\n<p>Vyberte len tie najlep\u0161ie a overen\u00e9 \u010dasom:<\/p>\n<ul>\n<li>Di\u00e9ta pilulky<\/li>\n<li>ADHD lieky<\/li>\n<li>Lieky proti bolesti<\/li>\n<li>Anti-\u00fazkostn\u00e9 lieky<\/li>\n<li>antidepres\u00edva<\/li>\n<li>Tabletky na spanie<\/li>\n<li>Svalov\u00e9 relaxancie<\/li>\n<\/ul>\n<p>Ke\u010f opust\u00edte lek\u00e1rsku kancel\u00e1riu, m\u00f4\u017eete \u010deli\u0165 v\u00e1\u017enemu probl\u00e9mu: vysok\u00fdm n\u00e1kladom na lieky.<\/p>\n<p>Odpor\u00fa\u010dan\u00fd liek nemus\u00ed by\u0165 v\u017edy najlacnej\u0161ou mo\u017enos\u0165ou. Bohu\u017eia\u013e, v\u0161etci sme tam boli.<\/p>\n<p>\u010eal\u0161ie probl\u00e9my vznikaj\u00fa, ke\u010f sa odpor\u00fa\u010da dlhodob\u00e1 lie\u010dba, mesiace alebo roky po sebe. Nie ka\u017ed\u00e1 osoba si m\u00f4\u017ee dovoli\u0165 pravidelne nakupova\u0165 drah\u00e9 lieky v \u013eubovo\u013enej bl\u00edzkej lek\u00e1rni.<\/p>\n<p>Vysok\u00e9 ceny ved\u00fa k obmedzen\u00e9mu pr\u00edstupu k liekom, najm\u00e4 k \u013eu\u010fom s n\u00edzkymi pr\u00edjmami, ke\u010f\u017ee si jednoducho nem\u00f4\u017eu dovoli\u0165 lie\u010dbu.<\/p>\n<p>BUT JE VEDEN\u00c1!<\/p>\n<h2>Objednajte zna\u010dkov\u00e9 lieky online<\/h2>\n<p>Prieskumy uskuto\u010dnen\u00e9 v USA a in\u00fdch krajin\u00e1ch sveta uk\u00e1zali obrovsk\u00e9 rozdiely v n\u00e1kladoch zn\u00e1mych zna\u010diek. Ak \u017eijete v krajine s vysok\u00fdm pr\u00edjmom, s najv\u00e4\u010d\u0161ou pravdepodobnos\u0165ou bude cena zna\u010dkov\u00fdch liekov ve\u013emi vysok\u00e1.<\/p>\n<p>Existuje nieko\u013eko d\u00f4vodov, pre\u010do k tomu d\u00f4jde. Ale nebudeme str\u00e1ca\u0165 \u010das na diskusiu v tomto \u010dl\u00e1nku. Nezab\u00fadajte, \u017ee ceny zna\u010dkov\u00fdch liekov sa m\u00f4\u017eu \u010dasom meni\u0165 a l\u00ed\u0161i\u0165 v z\u00e1vislosti od krajiny distrib\u00facie.<\/p>\n<p>M\u00e1te mo\u017enos\u0165 nakupova\u0165 lacn\u00e9 lieky na zna\u010dku online. Toto je spr\u00e1vne rozhodnutie, aj ke\u010f to nie v\u017edy pom\u00f4\u017ee dosiahnu\u0165 maxim\u00e1lne mo\u017en\u00e9 \u00faspory.<\/p>\n<h2>K\u00fapi\u0165 lacn\u00e9 generick\u00e9 lieky<\/h2>\n<p>M\u00e1me pre v\u00e1s p\u00e1r skvel\u00fdch spr\u00e1v!<\/p>\n<p>Teraz m\u00f4\u017eete u\u0161etri\u0165 peniaze a zn\u00ed\u017ei\u0165 n\u00e1klady na lie\u010dbu nieko\u013ekokr\u00e1t.<\/p>\n<p>Venujte pozornos\u0165 s\u00fa\u010dasn\u00fdm cen\u00e1m generick\u00fdch liekov. S\u00fa ove\u013ea ni\u017e\u0161ie ako ceny zna\u010dkov\u00fdch verzi\u00ed.<\/p>\n<p>Okrem toho m\u00f4\u017eete pravidelne zaznamen\u00e1va\u0165 pokles cien generick\u00fdch liekov. \u010c\u00edm dlh\u0161ie s\u00fa k dispoz\u00edcii na farmaceutickom trhu, t\u00fdm ni\u017e\u0161ie n\u00e1klady. Je to sp\u00f4soben\u00e9 neust\u00e1lym rastom konkurencie medzi v\u00fdrobcami.<\/p>\n<p>Na rozdiel od zna\u010dky, ceny gener\u00edk klesaj\u00fa ve\u013emi r\u00fdchlo. Ich cena je zvy\u010dajne ni\u017e\u0161ia ako polovica ceny zna\u010dkov\u00fdch liekov.<\/p>\n<p>Mnoho generick\u00fdch verzi\u00ed liekov na predpis je skuto\u010dne cenovo dostupn\u00e9, najm\u00e4 ke\u010f generik\u00e1 vyr\u00e1baj\u00fa nieko\u013eko spolo\u010dnost\u00ed.<\/p>\n<p>Nemus\u00edte sa ob\u00e1va\u0165 bezpe\u010dnosti gener\u00edk. Ka\u017ed\u00e1 z nich mus\u00ed by\u0165 pred predajom schv\u00e1len\u00e1.<\/p>\n<p>US FDA, Eur\u00f3pska lek\u00e1rska agent\u00fara a \u010fal\u0161ie vl\u00e1dne regula\u010dn\u00e9 agent\u00fary hodnotia bezpe\u010dnos\u0165 generick\u00fdch liekov t\u00fdm, \u017ee sa zameraj\u00fa na:<\/p>\n<ul>\n<li>Ved\u013eaj\u0161ie \u00fa\u010dinky<\/li>\n<li>Ako s\u00fa vyroben\u00e9<\/li>\n<li>V\u00fdsledky klinick\u00fdch sk\u00fa\u0161ok<\/li>\n<\/ul>\n<p>Uistite sa, \u017ee generik\u00e1 nie s\u00fa hor\u0161ie a nie lep\u0161ie ako zna\u010dkov\u00e9 lieky, ale s\u00fa ove\u013ea lacnej\u0161ie. Maj\u00fa rovnak\u00fd profil \u00fa\u010dinnosti a bezpe\u010dnosti.<\/p>\n<p>Nemus\u00edte \u010daka\u0165 na to, aby sa lacn\u00e9 generik\u00e1 objavili v miestnych lek\u00e1r\u0148ach. Dnes si m\u00f4\u017eete objedna\u0165 generik\u00e1 za najlep\u0161iu cenu a nebude to trva\u0165 ve\u013ea \u010dasu alebo \u00fasilia.<\/p>\n<p>V\u0161etky va\u0161e rozhodnutia a opatrenia ovplyv\u0148uj\u00fa va\u0161e zdravie, rovnako ako va\u0161u s\u00fa\u010dasn\u00fa a bud\u00facu finan\u010dn\u00fa situ\u00e1ciu.<\/p>\n<p>Vykonajte spr\u00e1vne rozhodnutie. Nenechajte si ujs\u0165 pr\u00edle\u017eitos\u0165 u\u0161etri\u0165 ve\u013ea pe\u0148az\u00ed dnes!<\/p>","protected":false},"excerpt":{"rendered":"<p>DROGY ONLINE: \u0160ETRIE PENIAZE NA PREDPISY M\u00e1te zdravotn\u00e9 probl\u00e9my? Potrebujete odborn\u00fa pomoc? Chcete si k\u00fapi\u0165 lacn\u00e9 drogy a vyrie\u0161i\u0165 svoje probl\u00e9my? VITAJTE NA NA\u0160E WEBOV\u00c9 STR\u00c1NKE! Meds over the counter online zdroj je vytvoren\u00fd praktick\u00fdmi lek\u00e1rmi, zdravotn\u00fdmi sestrami, v\u00fdskumn\u00edkmi, lek\u00e1rmi a vedeck\u00fdmi prekladate\u013emi. N\u00e1\u0161 ve\u013ek\u00fd t\u00edm oddan\u00fdch a s\u00facitn\u00fdch \u013eud\u00ed sa dar\u00ed pacientom pom\u00f4c\u0165. V\u0161etko&#8230;<\/p>\n","protected":false},"author":1,"featured_media":0,"parent":0,"menu_order":0,"comment_status":"closed","ping_status":"closed","template":"","meta":{"footnotes":""},"class_list":["post-46","page","type-page","status-publish","hentry"],"yoast_head":"<!-- This site is optimized with the Yoast SEO plugin v27.4 - https:\/\/yoast.com\/product\/yoast-seo-wordpress\/ -->\n<title>Slovenija spletna lekarna<\/title>\n<meta name=\"description\" content=\"Slovenija spletna lekarna. 100 % zajam\u010deno najni\u017eje cene. Velika izbira priljubljenih tablet.\" \/>\n<meta name=\"robots\" content=\"index, follow, max-snippet:-1, max-image-preview:large, max-video-preview:-1\" \/>\n<link rel=\"canonical\" href=\"https:\/\/requestartikel.com\/\" \/>\n<meta property=\"og:locale\" content=\"sk_SK\" \/>\n<meta property=\"og:type\" content=\"article\" \/>\n<meta property=\"og:title\" content=\"[:en]Save Money on Prescription Drugs | Guide for Patients [2018][:de]Deutschland Online-Apotheke[:sk]Slovenija spletna lekarna[:hr]Hrvatska online drogerija[:ro]Farmacie online din Romania[:pl]Polska drogeria internetowa[:hu]Magyarorsz\u00e1g online gy\u00f3gyszert\u00e1r[:es]Farmacia online Espa\u00f1a[:it]Farmacia online Italiana[:sv]Sverige online apotek[:fi]Suomen verkkoapteekki[:nl]Online drogisterij Nederland[:fr]Pharmacie en ligne France[:tr]T\u00fcrkiye online eczanesi[:pt]Farm\u00e1cia on-line de Portugal[:]\" \/>\n<meta property=\"og:description\" content=\"{:en}Sick and tired of spending thousands for your treatment? Who doesn\u2019t want to pay less for the same drugs? Get health information and health tips you can trust. Compare prices and find the best deals.{:de}Deutschland Online-Apotheke. 100 % garantiert niedrigste Preise. Riesige Auswahl an beliebten Pillen.{:sk}Slovenija spletna lekarna. 100 % zajam\u010deno najni\u017eje cene. Velika izbira priljubljenih tablet.{:hr}Hrvatska online drogerija. 100 % zajam\u010deno najni\u017ee cijene. Veliki izbor popularnih tableta.{:ro}Farmacie online din Romania. 100% garantate cele mai mici preturi. Selec\u021bie uria\u0219\u0103 de pastile populare.{:pl}Polska drogeria internetowa. 100% gwarancja najni\u017cszych cen. Ogromny wyb\u00f3r popularnych tabletek.{:hu}Magyarorsz\u00e1g online gy\u00f3gyszert\u00e1r. 100% garant\u00e1lt legalacsonyabb \u00e1rak. Hatalmas parge v\u00e1laszt\u00e9k n\u00e9pszer\u0171 tablett\u00e1k.{:es}Farmacia online Espa\u00f1a. Precios m\u00e1s bajos 100% garantizados. Gran selecci\u00f3n de pastillas populares.{:it}Farmacia online Italiana. Prezzi pi\u00f9 bassi garantiti al 100%. Vasta selezione di pillole popolari.{:sv}Sverige online apotek. 100 % garanterat l\u00e4gsta priser. Stort urval av popul\u00e4ra piller.{:fi}Suomen verkkoapteekki. 100 % taattu halvimmat hinnat. Valtava valikoima suosittuja pillereit\u00e4.{:nl}Online drogisterij Nederland. 100% gegarandeerd de laagste prijzen. Enorme selectie populaire pillen.{:fr}Pharmacie en ligne France. Prix les plus bas garantis \u00e0 100 %. \u00c9norme s\u00e9lection de pilules populaires.{:tr}T\u00fcrkiye online eczanesi. 100% garantili en d\u00fc\u015f\u00fck fiyatlar. \u00c7ok \u00e7e\u015fitli pop\u00fcler haplar.{:pt}Farm\u00e1cia on-line de Portugal. Pre\u00e7os mais baixos 100% garantidos. Enorme sele\u00e7\u00e3o de p\u00edlulas populares.{:}\" \/>\n<meta property=\"og:url\" content=\"https:\/\/requestartikel.com\/\" \/>\n<meta property=\"og:site_name\" content=\"Requestartikel.com\" \/>\n<meta property=\"article:modified_time\" content=\"2024-05-08T07:13:42+00:00\" \/>\n<meta name=\"twitter:card\" content=\"summary_large_image\" \/>\n<meta name=\"twitter:label1\" content=\"Predpokladan\u00fd \u010das \u010d\u00edtania\" \/>\n\t<meta name=\"twitter:data1\" content=\"63 min\u00fat\" \/>\n<script type=\"application\/ld+json\" class=\"yoast-schema-graph\">{\"@context\":\"https:\\\/\\\/schema.org\",\"@graph\":[{\"@type\":\"WebPage\",\"@id\":\"https:\\\/\\\/requestartikel.com\\\/\",\"url\":\"https:\\\/\\\/requestartikel.com\\\/\",\"name\":\"[:en]Save Money on Prescription Drugs | Guide for Patients [2018][:de]Deutschland Online-Apotheke[:sk]Slovenija spletna lekarna[:hr]Hrvatska online drogerija[:ro]Farmacie online din Romania[:pl]Polska drogeria internetowa[:hu]Magyarorsz\u00e1g online gy\u00f3gyszert\u00e1r[:es]Farmacia online Espa\u00f1a[:it]Farmacia online Italiana[:sv]Sverige online apotek[:fi]Suomen verkkoapteekki[:nl]Online drogisterij Nederland[:fr]Pharmacie en ligne France[:tr]T\u00fcrkiye online eczanesi[:pt]Farm\u00e1cia on-line de Portugal[:]\",\"isPartOf\":{\"@id\":\"https:\\\/\\\/requestartikel.com\\\/#website\"},\"datePublished\":\"2018-12-12T09:40:57+00:00\",\"dateModified\":\"2024-05-08T07:13:42+00:00\",\"description\":\"{:en}Sick and tired of spending thousands for your treatment? Who doesn\u2019t want to pay less for the same drugs? Get health information and health tips you can trust. Compare prices and find the best deals.{:de}Deutschland Online-Apotheke. 100 % garantiert niedrigste Preise. Riesige Auswahl an beliebten Pillen.{:sk}Slovenija spletna lekarna. 100 % zajam\u010deno najni\u017eje cene. Velika izbira priljubljenih tablet.{:hr}Hrvatska online drogerija. 100 % zajam\u010deno najni\u017ee cijene. Veliki izbor popularnih tableta.{:ro}Farmacie online din Romania. 100% garantate cele mai mici preturi. Selec\u021bie uria\u0219\u0103 de pastile populare.{:pl}Polska drogeria internetowa. 100% gwarancja najni\u017cszych cen. Ogromny wyb\u00f3r popularnych tabletek.{:hu}Magyarorsz\u00e1g online gy\u00f3gyszert\u00e1r. 100% garant\u00e1lt legalacsonyabb \u00e1rak. Hatalmas parge v\u00e1laszt\u00e9k n\u00e9pszer\u0171 tablett\u00e1k.{:es}Farmacia online Espa\u00f1a. Precios m\u00e1s bajos 100% garantizados. Gran selecci\u00f3n de pastillas populares.{:it}Farmacia online Italiana. Prezzi pi\u00f9 bassi garantiti al 100%. Vasta selezione di pillole popolari.{:sv}Sverige online apotek. 100 % garanterat l\u00e4gsta priser. Stort urval av popul\u00e4ra piller.{:fi}Suomen verkkoapteekki. 100 % taattu halvimmat hinnat. Valtava valikoima suosittuja pillereit\u00e4.{:nl}Online drogisterij Nederland. 100% gegarandeerd de laagste prijzen. Enorme selectie populaire pillen.{:fr}Pharmacie en ligne France. Prix les plus bas garantis \u00e0 100 %. \u00c9norme s\u00e9lection de pilules populaires.{:tr}T\u00fcrkiye online eczanesi. 100% garantili en d\u00fc\u015f\u00fck fiyatlar. \u00c7ok \u00e7e\u015fitli pop\u00fcler haplar.{:pt}Farm\u00e1cia on-line de Portugal. Pre\u00e7os mais baixos 100% garantidos. Enorme sele\u00e7\u00e3o de p\u00edlulas populares.{:}\",\"breadcrumb\":{\"@id\":\"https:\\\/\\\/requestartikel.com\\\/#breadcrumb\"},\"inLanguage\":\"sk-SK\",\"potentialAction\":[{\"@type\":\"ReadAction\",\"target\":[\"https:\\\/\\\/requestartikel.com\\\/\"]}]},{\"@type\":\"BreadcrumbList\",\"@id\":\"https:\\\/\\\/requestartikel.com\\\/#breadcrumb\",\"itemListElement\":[{\"@type\":\"ListItem\",\"position\":1,\"name\":\"Home\",\"item\":\"https:\\\/\\\/requestartikel.com\\\/\"},{\"@type\":\"ListItem\",\"position\":2,\"name\":\"Home\"}]},{\"@type\":\"WebSite\",\"@id\":\"https:\\\/\\\/requestartikel.com\\\/#website\",\"url\":\"https:\\\/\\\/requestartikel.com\\\/\",\"name\":\"Requestartikel.com\",\"description\":\"\",\"potentialAction\":[{\"@type\":\"SearchAction\",\"target\":{\"@type\":\"EntryPoint\",\"urlTemplate\":\"https:\\\/\\\/requestartikel.com\\\/?s={search_term_string}\"},\"query-input\":{\"@type\":\"PropertyValueSpecification\",\"valueRequired\":true,\"valueName\":\"search_term_string\"}}],\"inLanguage\":\"sk-SK\"}]}<\/script>\n<!-- \/ Yoast SEO plugin. -->","yoast_head_json":{"title":"Slovenija spletna lekarna","description":"Slovenija spletna lekarna. 100 % zajam\u010deno najni\u017eje cene. Velika izbira priljubljenih tablet.","robots":{"index":"index","follow":"follow","max-snippet":"max-snippet:-1","max-image-preview":"max-image-preview:large","max-video-preview":"max-video-preview:-1"},"canonical":"https:\/\/requestartikel.com\/","og_locale":"sk_SK","og_type":"article","og_title":"[:en]Save Money on Prescription Drugs | Guide for Patients [2018][:de]Deutschland Online-Apotheke[:sk]Slovenija spletna lekarna[:hr]Hrvatska online drogerija[:ro]Farmacie online din Romania[:pl]Polska drogeria internetowa[:hu]Magyarorsz\u00e1g online gy\u00f3gyszert\u00e1r[:es]Farmacia online Espa\u00f1a[:it]Farmacia online Italiana[:sv]Sverige online apotek[:fi]Suomen verkkoapteekki[:nl]Online drogisterij Nederland[:fr]Pharmacie en ligne France[:tr]T\u00fcrkiye online eczanesi[:pt]Farm\u00e1cia on-line de Portugal[:]","og_description":"{:en}Sick and tired of spending thousands for your treatment? Who doesn\u2019t want to pay less for the same drugs? Get health information and health tips you can trust. Compare prices and find the best deals.{:de}Deutschland Online-Apotheke. 100 % garantiert niedrigste Preise. Riesige Auswahl an beliebten Pillen.{:sk}Slovenija spletna lekarna. 100 % zajam\u010deno najni\u017eje cene. Velika izbira priljubljenih tablet.{:hr}Hrvatska online drogerija. 100 % zajam\u010deno najni\u017ee cijene. Veliki izbor popularnih tableta.{:ro}Farmacie online din Romania. 100% garantate cele mai mici preturi. Selec\u021bie uria\u0219\u0103 de pastile populare.{:pl}Polska drogeria internetowa. 100% gwarancja najni\u017cszych cen. Ogromny wyb\u00f3r popularnych tabletek.{:hu}Magyarorsz\u00e1g online gy\u00f3gyszert\u00e1r. 100% garant\u00e1lt legalacsonyabb \u00e1rak. Hatalmas parge v\u00e1laszt\u00e9k n\u00e9pszer\u0171 tablett\u00e1k.{:es}Farmacia online Espa\u00f1a. Precios m\u00e1s bajos 100% garantizados. Gran selecci\u00f3n de pastillas populares.{:it}Farmacia online Italiana. Prezzi pi\u00f9 bassi garantiti al 100%. Vasta selezione di pillole popolari.{:sv}Sverige online apotek. 100 % garanterat l\u00e4gsta priser. Stort urval av popul\u00e4ra piller.{:fi}Suomen verkkoapteekki. 100 % taattu halvimmat hinnat. Valtava valikoima suosittuja pillereit\u00e4.{:nl}Online drogisterij Nederland. 100% gegarandeerd de laagste prijzen. Enorme selectie populaire pillen.{:fr}Pharmacie en ligne France. Prix les plus bas garantis \u00e0 100 %. \u00c9norme s\u00e9lection de pilules populaires.{:tr}T\u00fcrkiye online eczanesi. 100% garantili en d\u00fc\u015f\u00fck fiyatlar. \u00c7ok \u00e7e\u015fitli pop\u00fcler haplar.{:pt}Farm\u00e1cia on-line de Portugal. Pre\u00e7os mais baixos 100% garantidos. Enorme sele\u00e7\u00e3o de p\u00edlulas populares.{:}","og_url":"https:\/\/requestartikel.com\/","og_site_name":"Requestartikel.com","article_modified_time":"2024-05-08T07:13:42+00:00","twitter_card":"summary_large_image","twitter_misc":{"Predpokladan\u00fd \u010das \u010d\u00edtania":"63 min\u00fat"},"schema":{"@context":"https:\/\/schema.org","@graph":[{"@type":"WebPage","@id":"https:\/\/requestartikel.com\/","url":"https:\/\/requestartikel.com\/","name":"[:en]Save Money on Prescription Drugs | Guide for Patients [2018][:de]Deutschland Online-Apotheke[:sk]Slovenija spletna lekarna[:hr]Hrvatska online drogerija[:ro]Farmacie online din Romania[:pl]Polska drogeria internetowa[:hu]Magyarorsz\u00e1g online gy\u00f3gyszert\u00e1r[:es]Farmacia online Espa\u00f1a[:it]Farmacia online Italiana[:sv]Sverige online apotek[:fi]Suomen verkkoapteekki[:nl]Online drogisterij Nederland[:fr]Pharmacie en ligne France[:tr]T\u00fcrkiye online eczanesi[:pt]Farm\u00e1cia on-line de Portugal[:]","isPartOf":{"@id":"https:\/\/requestartikel.com\/#website"},"datePublished":"2018-12-12T09:40:57+00:00","dateModified":"2024-05-08T07:13:42+00:00","description":"{:en}Sick and tired of spending thousands for your treatment? Who doesn\u2019t want to pay less for the same drugs? Get health information and health tips you can trust. Compare prices and find the best deals.{:de}Deutschland Online-Apotheke. 100 % garantiert niedrigste Preise. Riesige Auswahl an beliebten Pillen.{:sk}Slovenija spletna lekarna. 100 % zajam\u010deno najni\u017eje cene. Velika izbira priljubljenih tablet.{:hr}Hrvatska online drogerija. 100 % zajam\u010deno najni\u017ee cijene. Veliki izbor popularnih tableta.{:ro}Farmacie online din Romania. 100% garantate cele mai mici preturi. Selec\u021bie uria\u0219\u0103 de pastile populare.{:pl}Polska drogeria internetowa. 100% gwarancja najni\u017cszych cen. Ogromny wyb\u00f3r popularnych tabletek.{:hu}Magyarorsz\u00e1g online gy\u00f3gyszert\u00e1r. 100% garant\u00e1lt legalacsonyabb \u00e1rak. Hatalmas parge v\u00e1laszt\u00e9k n\u00e9pszer\u0171 tablett\u00e1k.{:es}Farmacia online Espa\u00f1a. Precios m\u00e1s bajos 100% garantizados. Gran selecci\u00f3n de pastillas populares.{:it}Farmacia online Italiana. Prezzi pi\u00f9 bassi garantiti al 100%. Vasta selezione di pillole popolari.{:sv}Sverige online apotek. 100 % garanterat l\u00e4gsta priser. Stort urval av popul\u00e4ra piller.{:fi}Suomen verkkoapteekki. 100 % taattu halvimmat hinnat. Valtava valikoima suosittuja pillereit\u00e4.{:nl}Online drogisterij Nederland. 100% gegarandeerd de laagste prijzen. Enorme selectie populaire pillen.{:fr}Pharmacie en ligne France. Prix les plus bas garantis \u00e0 100 %. \u00c9norme s\u00e9lection de pilules populaires.{:tr}T\u00fcrkiye online eczanesi. 100% garantili en d\u00fc\u015f\u00fck fiyatlar. \u00c7ok \u00e7e\u015fitli pop\u00fcler haplar.{:pt}Farm\u00e1cia on-line de Portugal. Pre\u00e7os mais baixos 100% garantidos. Enorme sele\u00e7\u00e3o de p\u00edlulas populares.{:}","breadcrumb":{"@id":"https:\/\/requestartikel.com\/#breadcrumb"},"inLanguage":"sk-SK","potentialAction":[{"@type":"ReadAction","target":["https:\/\/requestartikel.com\/"]}]},{"@type":"BreadcrumbList","@id":"https:\/\/requestartikel.com\/#breadcrumb","itemListElement":[{"@type":"ListItem","position":1,"name":"Home","item":"https:\/\/requestartikel.com\/"},{"@type":"ListItem","position":2,"name":"Home"}]},{"@type":"WebSite","@id":"https:\/\/requestartikel.com\/#website","url":"https:\/\/requestartikel.com\/","name":"Requestartikel.com","description":"","potentialAction":[{"@type":"SearchAction","target":{"@type":"EntryPoint","urlTemplate":"https:\/\/requestartikel.com\/?s={search_term_string}"},"query-input":{"@type":"PropertyValueSpecification","valueRequired":true,"valueName":"search_term_string"}}],"inLanguage":"sk-SK"}]}},"_links":{"self":[{"href":"https:\/\/requestartikel.com\/sk\/wp-json\/wp\/v2\/pages\/46","targetHints":{"allow":["GET"]}}],"collection":[{"href":"https:\/\/requestartikel.com\/sk\/wp-json\/wp\/v2\/pages"}],"about":[{"href":"https:\/\/requestartikel.com\/sk\/wp-json\/wp\/v2\/types\/page"}],"author":[{"embeddable":true,"href":"https:\/\/requestartikel.com\/sk\/wp-json\/wp\/v2\/users\/1"}],"replies":[{"embeddable":true,"href":"https:\/\/requestartikel.com\/sk\/wp-json\/wp\/v2\/comments?post=46"}],"version-history":[{"count":0,"href":"https:\/\/requestartikel.com\/sk\/wp-json\/wp\/v2\/pages\/46\/revisions"}],"wp:attachment":[{"href":"https:\/\/requestartikel.com\/sk\/wp-json\/wp\/v2\/media?parent=46"}],"curies":[{"name":"wp","href":"https:\/\/api.w.org\/{rel}","templated":true}]}}