{"id":46,"date":"2018-12-12T09:40:57","date_gmt":"2018-12-12T09:40:57","guid":{"rendered":"http:\/\/requestartikel.com\/?page_id=46"},"modified":"2024-05-08T07:13:42","modified_gmt":"2024-05-08T07:13:42","slug":"tr","status":"publish","type":"page","link":"https:\/\/requestartikel.com\/sv\/","title":{"rendered":"Hem"},"content":{"rendered":"<p><\/p>\n<h2>DRUGS ONLINE: SPARA PENGAR P\u00c5 PRESKRIPTIONER<\/h2>\n<ul>\n<li>Har du h\u00e4lsoproblem?<\/li>\n<li>Beh\u00f6ver du professionell hj\u00e4lp?<\/li>\n<li>Vill du k\u00f6pa billiga droger och l\u00f6sa dina problem?<\/li>\n<\/ul>\n<p>V\u00c4LKOMMEN TILL V\u00c5R HEMSIDA!<\/p>\n<p>Meds \u00f6ver counter online resource skapas av praktiserande l\u00e4kare, sjuksk\u00f6terskor, forskare, medicinska f\u00f6rfattare och vetenskapliga \u00f6vers\u00e4ttare.<\/p>\n<p>V\u00e5rt stora team av h\u00e4ngivna och medk\u00e4nnande m\u00e4nniskor trivs f\u00f6r att hj\u00e4lpa patienter.<\/p>\n<p>All r\u00e5dgivning tillhandah\u00e5lls gratis f\u00f6r att hj\u00e4lpa dig att hitta n\u00f6dv\u00e4ndig medicinsk information och f\u00e5 en ordentlig behandling.<\/p>\n<p>\u00c4mnen som omfattas av Meds i disken inkluderar h\u00e4lsof\u00f6rh\u00e5llanden, medicinsk behandling och vardagliga h\u00e4lsoproblem.<\/p>\n<p>OCH VIKTIGT!<\/p>\n<p>Du har en unik m\u00f6jlighet att k\u00f6pa billiga droger du kan lita p\u00e5!<\/p>\n<p>Det \u00e4r inte allt.<\/p>\n<ul>\n<li>L\u00e4r dig om receptbelagda och receptbelagda l\u00e4kemedel.<\/li>\n<li>Se till att de \u00e4r effektiva och s\u00e4kra.<\/li>\n<li>L\u00e4s om dosering, biverkningar och f\u00f6rsiktighets\u00e5tg\u00e4rder.<\/li>\n<\/ul>\n<p>Trots det faktum att du har tillg\u00e5ng till prisv\u00e4rda l\u00e4kemedel, t\u00e4nk p\u00e5 att alla h\u00e4lsov\u00e5rdsrelaterade fr\u00e5gor, fr\u00e5gor och beslut b\u00f6r diskuteras med dina medicinska r\u00e5dgivare.<\/p>\n<p>I samarbete med din l\u00e4kare kan du best\u00e4mma tillsammans vilka l\u00e4kemedel som \u00e4r b\u00e4st att anv\u00e4nda, med tanke p\u00e5 din \u00e5lder, h\u00e4lsotillst\u00e5nd och riskfaktorer.<\/p>\n<p>Vi g\u00f6r v\u00e5rt b\u00e4sta f\u00f6r att hj\u00e4lpa v\u00e5ra bes\u00f6kare att l\u00e4ra sig hur och var de kan k\u00f6pa de n\u00f6dv\u00e4ndiga drogerna till l\u00e4gsta pris.<\/p>\n<p>Vi erbjuder stolt unika och b\u00e4sta erbjudanden. Du kan se dem i din egen takt utan att l\u00e4mna ditt hem hemma eller utan att l\u00e4mna din arbetsplats och enkelt dela dem med dina n\u00e4ra och k\u00e4ra v\u00e4nner \u00f6verallt i v\u00e4rlden.<\/p>\n<p>Anv\u00e4nd praktiska verktyg f\u00f6r att spara pengar p\u00e5 recept.<\/p>\n<p>V\u00e4lj bara det b\u00e4sta och den testade:<\/p>\n<ul>\n<li>Bantningspiller<\/li>\n<li>ADHD meds<\/li>\n<li>Sm\u00e4rtstillande piller<\/li>\n<li>Anti-\u00e5ngestdroger<\/li>\n<li>Antidepressiva depressiva<\/li>\n<li>S\u00f6mntabletter<\/li>\n<li>Muskelavslappnande medel<\/li>\n<\/ul>\n<p>N\u00e4r du l\u00e4mnar l\u00e4karens kontor kan du f\u00e5 ett allvarligt problem: de h\u00f6ga kostnaderna f\u00f6r drogerna.<\/p>\n<p>Rekommenderad medicin kan inte alltid vara det l\u00e4gsta alternativet. Tyv\u00e4rr har vi alla varit d\u00e4r.<\/p>\n<p>Ytterligare problem uppst\u00e5r n\u00e4r du rekommenderas en l\u00e5ngsiktig behandling, m\u00e5nader eller \u00e5r i rad. Inte varje person har r\u00e5d att regelbundet k\u00f6pa dyra mediciner p\u00e5 n\u00e5gon n\u00e4rliggande apotek.<\/p>\n<p>H\u00f6ga priser leder till minskad tillg\u00e5ng till l\u00e4kemedel, s\u00e4rskilt f\u00f6r personer med l\u00e5ga inkomster, eftersom de helt enkelt inte har r\u00e5d med behandling.<\/p>\n<p>MEN det finns en v\u00e4g ut!<\/p>\n<h2>Best\u00e4ll m\u00e4rkesvaror online<\/h2>\n<p>Unders\u00f6kningar som utf\u00f6rts i USA och andra l\u00e4nder i v\u00e4rlden har visat stora kostnadsskillnader av v\u00e4lk\u00e4nda varum\u00e4rken. Om du bor i ett land med h\u00f6ga inkomstniv\u00e5er, \u00e4r det troligt att priset p\u00e5 m\u00e4rkesvaror kommer att vara mycket h\u00f6gt.<\/p>\n<p>Det finns ett antal anledningar till varf\u00f6r detta h\u00e4nder. Men vi kommer inte sl\u00f6sa bort din tid f\u00f6r att diskutera dem i den h\u00e4r artikeln. Kom bara ih\u00e5g att priserna p\u00e5 varum\u00e4rkesdroger kan f\u00f6r\u00e4ndras \u00f6ver tiden och variera beroende p\u00e5 distributionsland.<\/p>\n<p>Du har m\u00f6jlighet att k\u00f6pa l\u00e5gpris varum\u00e4rkesnamn mediciner online. Detta \u00e4r r\u00e4tt beslut, \u00e4ven om det inte alltid hj\u00e4lper till att uppn\u00e5 maximala m\u00f6jliga besparingar.<\/p>\n<h2>K\u00f6p billiga generiska droger<\/h2>\n<p>Vi har n\u00e5gra bra nyheter f\u00f6r dig!<\/p>\n<p>Du kan spara pengar just nu och minska kostnaden f\u00f6r din behandling flera g\u00e5nger.<\/p>\n<p>Var uppm\u00e4rksam p\u00e5 de nuvarande priserna p\u00e5 generiska l\u00e4kemedel. De \u00e4r mycket l\u00e4gre \u00e4n priserna p\u00e5 m\u00e4rkesvaror.<\/p>\n<p>Dessutom kan du regelbundet m\u00e4rka prisfallet f\u00f6r generiska meds. Ju l\u00e4ngre de finns p\u00e5 l\u00e4kemedelsmarknaden desto l\u00e4gre kostar. Detta beror p\u00e5 den st\u00e4ndiga \u00f6kningen av konkurrensen mellan tillverkarna.<\/p>\n<p>Till skillnad fr\u00e5n varum\u00e4rket faller priserna f\u00f6r generics mycket snabbt. Deras kostnad \u00e4r vanligtvis mindre \u00e4n h\u00e4lften av priset p\u00e5 varum\u00e4rkesdroger.<\/p>\n<p>M\u00e5nga generiska versioner av receptbelagda l\u00e4kemedel \u00e4r verkligen \u00f6verkomliga, s\u00e4rskilt n\u00e4r generika produceras av flera f\u00f6retag.<\/p>\n<p>Du beh\u00f6ver inte oroa dig f\u00f6r generics s\u00e4kerhet. Var och en av dem m\u00e5ste godk\u00e4nnas innan de s\u00e4ljas.<\/p>\n<p>Den amerikanska FDA, Europeiska l\u00e4kemedelsmyndigheten och andra myndighetsmyndigheter utv\u00e4rderar s\u00e4kerheten f\u00f6r generiska l\u00e4kemedel genom att titta p\u00e5:<\/p>\n<ul>\n<li>Bieffekter<\/li>\n<li>Hur de tillverkas<\/li>\n<li>Resultat av kliniska pr\u00f6vningar<\/li>\n<\/ul>\n<p>Var s\u00e4ker p\u00e5 att generiker inte fungerar v\u00e4rre och inte b\u00e4ttre \u00e4n m\u00e4rkesvaror, men de \u00e4r mycket billigare. De har samma effektivitets- och s\u00e4kerhetsprofil.<\/p>\n<p>Du beh\u00f6ver inte v\u00e4nta p\u00e5 att billig generik ska visas i lokala apotek. Idag kan du best\u00e4lla generics till b\u00e4sta pris, och det tar inte mycket av din tid eller anstr\u00e4ngning.<\/p>\n<p>Alla dina beslut och handlingar p\u00e5verkar din h\u00e4lsa, s\u00e5v\u00e4l som din nuvarande och framtida ekonomiska situation.<\/p>\n<p>G\u00f6r r\u00e4tt beslut. Missa inte chansen att spara mycket pengar idag!<\/p>","protected":false},"excerpt":{"rendered":"<p>DRUGS ONLINE: SPARA PENGAR P\u00c5 PRESKRIPTIONER Har du h\u00e4lsoproblem? Beh\u00f6ver du professionell hj\u00e4lp? Vill du k\u00f6pa billiga droger och l\u00f6sa dina problem? V\u00c4LKOMMEN TILL V\u00c5R HEMSIDA! Meds \u00f6ver counter online resource skapas av praktiserande l\u00e4kare, sjuksk\u00f6terskor, forskare, medicinska f\u00f6rfattare och vetenskapliga \u00f6vers\u00e4ttare. V\u00e5rt stora team av h\u00e4ngivna och medk\u00e4nnande m\u00e4nniskor trivs f\u00f6r att hj\u00e4lpa patienter&#8230;.<\/p>\n","protected":false},"author":1,"featured_media":0,"parent":0,"menu_order":0,"comment_status":"closed","ping_status":"closed","template":"","meta":{"footnotes":""},"class_list":["post-46","page","type-page","status-publish","hentry"],"yoast_head":"<!-- This site is optimized with the Yoast SEO plugin v27.3 - https:\/\/yoast.com\/product\/yoast-seo-wordpress\/ -->\n<title>Sverige online apotek<\/title>\n<meta name=\"description\" content=\"Sverige online apotek. 100 % garanterat l\u00e4gsta priser. Stort urval av popul\u00e4ra piller.\" \/>\n<meta name=\"robots\" content=\"index, follow, max-snippet:-1, max-image-preview:large, max-video-preview:-1\" \/>\n<link rel=\"canonical\" href=\"https:\/\/requestartikel.com\/\" \/>\n<meta property=\"og:locale\" content=\"sv_SE\" \/>\n<meta property=\"og:type\" content=\"article\" \/>\n<meta property=\"og:title\" content=\"[:en]Save Money on Prescription Drugs | Guide for Patients [2018][:de]Deutschland Online-Apotheke[:sk]Slovenija spletna lekarna[:hr]Hrvatska online drogerija[:ro]Farmacie online din Romania[:pl]Polska drogeria internetowa[:hu]Magyarorsz\u00e1g online gy\u00f3gyszert\u00e1r[:es]Farmacia online Espa\u00f1a[:it]Farmacia online Italiana[:sv]Sverige online apotek[:fi]Suomen verkkoapteekki[:nl]Online drogisterij Nederland[:fr]Pharmacie en ligne France[:tr]T\u00fcrkiye online eczanesi[:pt]Farm\u00e1cia on-line de Portugal[:]\" \/>\n<meta property=\"og:description\" content=\"{:en}Sick and tired of spending thousands for your treatment? Who doesn\u2019t want to pay less for the same drugs? Get health information and health tips you can trust. Compare prices and find the best deals.{:de}Deutschland Online-Apotheke. 100 % garantiert niedrigste Preise. Riesige Auswahl an beliebten Pillen.{:sk}Slovenija spletna lekarna. 100 % zajam\u010deno najni\u017eje cene. Velika izbira priljubljenih tablet.{:hr}Hrvatska online drogerija. 100 % zajam\u010deno najni\u017ee cijene. Veliki izbor popularnih tableta.{:ro}Farmacie online din Romania. 100% garantate cele mai mici preturi. Selec\u021bie uria\u0219\u0103 de pastile populare.{:pl}Polska drogeria internetowa. 100% gwarancja najni\u017cszych cen. Ogromny wyb\u00f3r popularnych tabletek.{:hu}Magyarorsz\u00e1g online gy\u00f3gyszert\u00e1r. 100% garant\u00e1lt legalacsonyabb \u00e1rak. Hatalmas parge v\u00e1laszt\u00e9k n\u00e9pszer\u0171 tablett\u00e1k.{:es}Farmacia online Espa\u00f1a. Precios m\u00e1s bajos 100% garantizados. Gran selecci\u00f3n de pastillas populares.{:it}Farmacia online Italiana. Prezzi pi\u00f9 bassi garantiti al 100%. Vasta selezione di pillole popolari.{:sv}Sverige online apotek. 100 % garanterat l\u00e4gsta priser. Stort urval av popul\u00e4ra piller.{:fi}Suomen verkkoapteekki. 100 % taattu halvimmat hinnat. Valtava valikoima suosittuja pillereit\u00e4.{:nl}Online drogisterij Nederland. 100% gegarandeerd de laagste prijzen. Enorme selectie populaire pillen.{:fr}Pharmacie en ligne France. Prix les plus bas garantis \u00e0 100 %. \u00c9norme s\u00e9lection de pilules populaires.{:tr}T\u00fcrkiye online eczanesi. 100% garantili en d\u00fc\u015f\u00fck fiyatlar. \u00c7ok \u00e7e\u015fitli pop\u00fcler haplar.{:pt}Farm\u00e1cia on-line de Portugal. Pre\u00e7os mais baixos 100% garantidos. Enorme sele\u00e7\u00e3o de p\u00edlulas populares.{:}\" \/>\n<meta property=\"og:url\" content=\"https:\/\/requestartikel.com\/\" \/>\n<meta property=\"og:site_name\" content=\"Requestartikel.com\" \/>\n<meta property=\"article:modified_time\" content=\"2024-05-08T07:13:42+00:00\" \/>\n<meta name=\"twitter:card\" content=\"summary_large_image\" \/>\n<meta name=\"twitter:label1\" content=\"Ber\u00e4knad l\u00e4stid\" \/>\n\t<meta name=\"twitter:data1\" content=\"63 minuter\" \/>\n<script type=\"application\/ld+json\" class=\"yoast-schema-graph\">{\"@context\":\"https:\\\/\\\/schema.org\",\"@graph\":[{\"@type\":\"WebPage\",\"@id\":\"https:\\\/\\\/requestartikel.com\\\/\",\"url\":\"https:\\\/\\\/requestartikel.com\\\/\",\"name\":\"[:en]Save Money on Prescription Drugs | Guide for Patients [2018][:de]Deutschland Online-Apotheke[:sk]Slovenija spletna lekarna[:hr]Hrvatska online drogerija[:ro]Farmacie online din Romania[:pl]Polska drogeria internetowa[:hu]Magyarorsz\u00e1g online gy\u00f3gyszert\u00e1r[:es]Farmacia online Espa\u00f1a[:it]Farmacia online Italiana[:sv]Sverige online apotek[:fi]Suomen verkkoapteekki[:nl]Online drogisterij Nederland[:fr]Pharmacie en ligne France[:tr]T\u00fcrkiye online eczanesi[:pt]Farm\u00e1cia on-line de Portugal[:]\",\"isPartOf\":{\"@id\":\"https:\\\/\\\/requestartikel.com\\\/#website\"},\"datePublished\":\"2018-12-12T09:40:57+00:00\",\"dateModified\":\"2024-05-08T07:13:42+00:00\",\"description\":\"{:en}Sick and tired of spending thousands for your treatment? Who doesn\u2019t want to pay less for the same drugs? Get health information and health tips you can trust. Compare prices and find the best deals.{:de}Deutschland Online-Apotheke. 100 % garantiert niedrigste Preise. Riesige Auswahl an beliebten Pillen.{:sk}Slovenija spletna lekarna. 100 % zajam\u010deno najni\u017eje cene. Velika izbira priljubljenih tablet.{:hr}Hrvatska online drogerija. 100 % zajam\u010deno najni\u017ee cijene. Veliki izbor popularnih tableta.{:ro}Farmacie online din Romania. 100% garantate cele mai mici preturi. Selec\u021bie uria\u0219\u0103 de pastile populare.{:pl}Polska drogeria internetowa. 100% gwarancja najni\u017cszych cen. Ogromny wyb\u00f3r popularnych tabletek.{:hu}Magyarorsz\u00e1g online gy\u00f3gyszert\u00e1r. 100% garant\u00e1lt legalacsonyabb \u00e1rak. Hatalmas parge v\u00e1laszt\u00e9k n\u00e9pszer\u0171 tablett\u00e1k.{:es}Farmacia online Espa\u00f1a. Precios m\u00e1s bajos 100% garantizados. Gran selecci\u00f3n de pastillas populares.{:it}Farmacia online Italiana. Prezzi pi\u00f9 bassi garantiti al 100%. Vasta selezione di pillole popolari.{:sv}Sverige online apotek. 100 % garanterat l\u00e4gsta priser. Stort urval av popul\u00e4ra piller.{:fi}Suomen verkkoapteekki. 100 % taattu halvimmat hinnat. Valtava valikoima suosittuja pillereit\u00e4.{:nl}Online drogisterij Nederland. 100% gegarandeerd de laagste prijzen. Enorme selectie populaire pillen.{:fr}Pharmacie en ligne France. Prix les plus bas garantis \u00e0 100 %. \u00c9norme s\u00e9lection de pilules populaires.{:tr}T\u00fcrkiye online eczanesi. 100% garantili en d\u00fc\u015f\u00fck fiyatlar. \u00c7ok \u00e7e\u015fitli pop\u00fcler haplar.{:pt}Farm\u00e1cia on-line de Portugal. Pre\u00e7os mais baixos 100% garantidos. Enorme sele\u00e7\u00e3o de p\u00edlulas populares.{:}\",\"breadcrumb\":{\"@id\":\"https:\\\/\\\/requestartikel.com\\\/#breadcrumb\"},\"inLanguage\":\"sv-SE\",\"potentialAction\":[{\"@type\":\"ReadAction\",\"target\":[\"https:\\\/\\\/requestartikel.com\\\/\"]}]},{\"@type\":\"BreadcrumbList\",\"@id\":\"https:\\\/\\\/requestartikel.com\\\/#breadcrumb\",\"itemListElement\":[{\"@type\":\"ListItem\",\"position\":1,\"name\":\"Home\",\"item\":\"https:\\\/\\\/requestartikel.com\\\/\"},{\"@type\":\"ListItem\",\"position\":2,\"name\":\"Home\"}]},{\"@type\":\"WebSite\",\"@id\":\"https:\\\/\\\/requestartikel.com\\\/#website\",\"url\":\"https:\\\/\\\/requestartikel.com\\\/\",\"name\":\"Requestartikel.com\",\"description\":\"\",\"potentialAction\":[{\"@type\":\"SearchAction\",\"target\":{\"@type\":\"EntryPoint\",\"urlTemplate\":\"https:\\\/\\\/requestartikel.com\\\/?s={search_term_string}\"},\"query-input\":{\"@type\":\"PropertyValueSpecification\",\"valueRequired\":true,\"valueName\":\"search_term_string\"}}],\"inLanguage\":\"sv-SE\"}]}<\/script>\n<!-- \/ Yoast SEO plugin. -->","yoast_head_json":{"title":"Sverige online apotek","description":"Sverige online apotek. 100 % garanterat l\u00e4gsta priser. Stort urval av popul\u00e4ra piller.","robots":{"index":"index","follow":"follow","max-snippet":"max-snippet:-1","max-image-preview":"max-image-preview:large","max-video-preview":"max-video-preview:-1"},"canonical":"https:\/\/requestartikel.com\/","og_locale":"sv_SE","og_type":"article","og_title":"[:en]Save Money on Prescription Drugs | Guide for Patients [2018][:de]Deutschland Online-Apotheke[:sk]Slovenija spletna lekarna[:hr]Hrvatska online drogerija[:ro]Farmacie online din Romania[:pl]Polska drogeria internetowa[:hu]Magyarorsz\u00e1g online gy\u00f3gyszert\u00e1r[:es]Farmacia online Espa\u00f1a[:it]Farmacia online Italiana[:sv]Sverige online apotek[:fi]Suomen verkkoapteekki[:nl]Online drogisterij Nederland[:fr]Pharmacie en ligne France[:tr]T\u00fcrkiye online eczanesi[:pt]Farm\u00e1cia on-line de Portugal[:]","og_description":"{:en}Sick and tired of spending thousands for your treatment? Who doesn\u2019t want to pay less for the same drugs? Get health information and health tips you can trust. Compare prices and find the best deals.{:de}Deutschland Online-Apotheke. 100 % garantiert niedrigste Preise. Riesige Auswahl an beliebten Pillen.{:sk}Slovenija spletna lekarna. 100 % zajam\u010deno najni\u017eje cene. Velika izbira priljubljenih tablet.{:hr}Hrvatska online drogerija. 100 % zajam\u010deno najni\u017ee cijene. Veliki izbor popularnih tableta.{:ro}Farmacie online din Romania. 100% garantate cele mai mici preturi. Selec\u021bie uria\u0219\u0103 de pastile populare.{:pl}Polska drogeria internetowa. 100% gwarancja najni\u017cszych cen. Ogromny wyb\u00f3r popularnych tabletek.{:hu}Magyarorsz\u00e1g online gy\u00f3gyszert\u00e1r. 100% garant\u00e1lt legalacsonyabb \u00e1rak. Hatalmas parge v\u00e1laszt\u00e9k n\u00e9pszer\u0171 tablett\u00e1k.{:es}Farmacia online Espa\u00f1a. Precios m\u00e1s bajos 100% garantizados. Gran selecci\u00f3n de pastillas populares.{:it}Farmacia online Italiana. Prezzi pi\u00f9 bassi garantiti al 100%. Vasta selezione di pillole popolari.{:sv}Sverige online apotek. 100 % garanterat l\u00e4gsta priser. Stort urval av popul\u00e4ra piller.{:fi}Suomen verkkoapteekki. 100 % taattu halvimmat hinnat. Valtava valikoima suosittuja pillereit\u00e4.{:nl}Online drogisterij Nederland. 100% gegarandeerd de laagste prijzen. Enorme selectie populaire pillen.{:fr}Pharmacie en ligne France. Prix les plus bas garantis \u00e0 100 %. \u00c9norme s\u00e9lection de pilules populaires.{:tr}T\u00fcrkiye online eczanesi. 100% garantili en d\u00fc\u015f\u00fck fiyatlar. \u00c7ok \u00e7e\u015fitli pop\u00fcler haplar.{:pt}Farm\u00e1cia on-line de Portugal. Pre\u00e7os mais baixos 100% garantidos. Enorme sele\u00e7\u00e3o de p\u00edlulas populares.{:}","og_url":"https:\/\/requestartikel.com\/","og_site_name":"Requestartikel.com","article_modified_time":"2024-05-08T07:13:42+00:00","twitter_card":"summary_large_image","twitter_misc":{"Ber\u00e4knad l\u00e4stid":"63 minuter"},"schema":{"@context":"https:\/\/schema.org","@graph":[{"@type":"WebPage","@id":"https:\/\/requestartikel.com\/","url":"https:\/\/requestartikel.com\/","name":"[:en]Save Money on Prescription Drugs | Guide for Patients [2018][:de]Deutschland Online-Apotheke[:sk]Slovenija spletna lekarna[:hr]Hrvatska online drogerija[:ro]Farmacie online din Romania[:pl]Polska drogeria internetowa[:hu]Magyarorsz\u00e1g online gy\u00f3gyszert\u00e1r[:es]Farmacia online Espa\u00f1a[:it]Farmacia online Italiana[:sv]Sverige online apotek[:fi]Suomen verkkoapteekki[:nl]Online drogisterij Nederland[:fr]Pharmacie en ligne France[:tr]T\u00fcrkiye online eczanesi[:pt]Farm\u00e1cia on-line de Portugal[:]","isPartOf":{"@id":"https:\/\/requestartikel.com\/#website"},"datePublished":"2018-12-12T09:40:57+00:00","dateModified":"2024-05-08T07:13:42+00:00","description":"{:en}Sick and tired of spending thousands for your treatment? Who doesn\u2019t want to pay less for the same drugs? Get health information and health tips you can trust. Compare prices and find the best deals.{:de}Deutschland Online-Apotheke. 100 % garantiert niedrigste Preise. Riesige Auswahl an beliebten Pillen.{:sk}Slovenija spletna lekarna. 100 % zajam\u010deno najni\u017eje cene. Velika izbira priljubljenih tablet.{:hr}Hrvatska online drogerija. 100 % zajam\u010deno najni\u017ee cijene. Veliki izbor popularnih tableta.{:ro}Farmacie online din Romania. 100% garantate cele mai mici preturi. Selec\u021bie uria\u0219\u0103 de pastile populare.{:pl}Polska drogeria internetowa. 100% gwarancja najni\u017cszych cen. Ogromny wyb\u00f3r popularnych tabletek.{:hu}Magyarorsz\u00e1g online gy\u00f3gyszert\u00e1r. 100% garant\u00e1lt legalacsonyabb \u00e1rak. Hatalmas parge v\u00e1laszt\u00e9k n\u00e9pszer\u0171 tablett\u00e1k.{:es}Farmacia online Espa\u00f1a. Precios m\u00e1s bajos 100% garantizados. Gran selecci\u00f3n de pastillas populares.{:it}Farmacia online Italiana. Prezzi pi\u00f9 bassi garantiti al 100%. Vasta selezione di pillole popolari.{:sv}Sverige online apotek. 100 % garanterat l\u00e4gsta priser. Stort urval av popul\u00e4ra piller.{:fi}Suomen verkkoapteekki. 100 % taattu halvimmat hinnat. Valtava valikoima suosittuja pillereit\u00e4.{:nl}Online drogisterij Nederland. 100% gegarandeerd de laagste prijzen. Enorme selectie populaire pillen.{:fr}Pharmacie en ligne France. Prix les plus bas garantis \u00e0 100 %. \u00c9norme s\u00e9lection de pilules populaires.{:tr}T\u00fcrkiye online eczanesi. 100% garantili en d\u00fc\u015f\u00fck fiyatlar. \u00c7ok \u00e7e\u015fitli pop\u00fcler haplar.{:pt}Farm\u00e1cia on-line de Portugal. Pre\u00e7os mais baixos 100% garantidos. Enorme sele\u00e7\u00e3o de p\u00edlulas populares.{:}","breadcrumb":{"@id":"https:\/\/requestartikel.com\/#breadcrumb"},"inLanguage":"sv-SE","potentialAction":[{"@type":"ReadAction","target":["https:\/\/requestartikel.com\/"]}]},{"@type":"BreadcrumbList","@id":"https:\/\/requestartikel.com\/#breadcrumb","itemListElement":[{"@type":"ListItem","position":1,"name":"Home","item":"https:\/\/requestartikel.com\/"},{"@type":"ListItem","position":2,"name":"Home"}]},{"@type":"WebSite","@id":"https:\/\/requestartikel.com\/#website","url":"https:\/\/requestartikel.com\/","name":"Requestartikel.com","description":"","potentialAction":[{"@type":"SearchAction","target":{"@type":"EntryPoint","urlTemplate":"https:\/\/requestartikel.com\/?s={search_term_string}"},"query-input":{"@type":"PropertyValueSpecification","valueRequired":true,"valueName":"search_term_string"}}],"inLanguage":"sv-SE"}]}},"_links":{"self":[{"href":"https:\/\/requestartikel.com\/sv\/wp-json\/wp\/v2\/pages\/46","targetHints":{"allow":["GET"]}}],"collection":[{"href":"https:\/\/requestartikel.com\/sv\/wp-json\/wp\/v2\/pages"}],"about":[{"href":"https:\/\/requestartikel.com\/sv\/wp-json\/wp\/v2\/types\/page"}],"author":[{"embeddable":true,"href":"https:\/\/requestartikel.com\/sv\/wp-json\/wp\/v2\/users\/1"}],"replies":[{"embeddable":true,"href":"https:\/\/requestartikel.com\/sv\/wp-json\/wp\/v2\/comments?post=46"}],"version-history":[{"count":0,"href":"https:\/\/requestartikel.com\/sv\/wp-json\/wp\/v2\/pages\/46\/revisions"}],"wp:attachment":[{"href":"https:\/\/requestartikel.com\/sv\/wp-json\/wp\/v2\/media?parent=46"}],"curies":[{"name":"wp","href":"https:\/\/api.w.org\/{rel}","templated":true}]}}