{"id":46,"date":"2018-12-12T09:40:57","date_gmt":"2018-12-12T09:40:57","guid":{"rendered":"http:\/\/requestartikel.com\/?page_id=46"},"modified":"2024-05-08T07:13:42","modified_gmt":"2024-05-08T07:13:42","slug":"tr","status":"publish","type":"page","link":"https:\/\/requestartikel.com\/tr\/","title":{"rendered":"Ev"},"content":{"rendered":"<p><\/p>\n<h2>\u0130LET\u0130\u015e\u0130M ONLINE: A\u00c7IKLAMALAR PARA KAYDET<\/h2>\n<ul>\n<li>Sa\u011fl\u0131k sorununuz var m\u0131?<\/li>\n<li>Profesyonel yard\u0131ma m\u0131 ihtiyac\u0131n\u0131z var?<\/li>\n<li>Ucuz ila\u00e7lar almak ve sorunlar\u0131n\u0131z\u0131 \u00e7\u00f6zmek ister misiniz?<\/li>\n<\/ul>\n<p>WEB S\u0130TEM\u0130ZE HO\u015eGELD\u0130N\u0130Z!<\/p>\n<p>Saya\u00e7 online kayna\u011f\u0131 \u00fczerinden Meds, doktorlar, hem\u015fireler, ara\u015ft\u0131rmac\u0131lar, t\u0131p yazarlar\u0131 ve bilimsel \u00e7evirmenler uygulayarak olu\u015fturulur.<\/p>\n<p>\u00d6zverili ve merhametli insanlardan olu\u015fan b\u00fcy\u00fck ekibimiz hastalara yard\u0131m etmek i\u00e7in b\u00fcy\u00fck \u00e7aba g\u00f6sterir.<\/p>\n<p>Gerekli t\u0131bbi bilgileri bulman\u0131za ve uygun bir tedavi alman\u0131za yard\u0131mc\u0131 olmak i\u00e7in t\u00fcm dan\u0131\u015fmanl\u0131k hizmetleri \u00fccretsizdir.<\/p>\n<p>Sa\u011fl\u0131k g\u00f6revlilerinin sa\u011fl\u0131k sigortas\u0131, t\u0131bbi prosed\u00fcrler ve g\u00fcnl\u00fck sa\u011fl\u0131k ve sa\u011fl\u0131k konular\u0131n\u0131 kapsayacak \u015fekilde kontenjan \u00fczerinden Meds kapsam\u0131ndaki konular.<\/p>\n<p>VE EN \u00d6NEML\u0130!<\/p>\n<p>G\u00fcvenebilece\u011finiz ucuz ila\u00e7lar sat\u0131n almak i\u00e7in e\u015fsiz bir f\u0131rsat\u0131n\u0131z var!<\/p>\n<p>Hepsi bu de\u011fil.<\/p>\n<ul>\n<li>Re\u00e7eteniz ve re\u00e7etesiz ila\u00e7lar\u0131n\u0131z hakk\u0131nda bilgi edinin.<\/li>\n<li>Etkililik ve g\u00fcvenliklerinden emin olun.<\/li>\n<li>Doz, yan etkiler ve \u00f6nlemler hakk\u0131nda bilgi edinin.<\/li>\n<\/ul>\n<p>Uygun fiyatl\u0131 ila\u00e7lara eri\u015fiminiz olmas\u0131na ra\u011fmen, t\u00fcm sa\u011fl\u0131k bak\u0131m\u0131 sorunlar\u0131n\u0131n, sorular\u0131n\u0131n ve kararlar\u0131n\u0131n t\u0131bbi dan\u0131\u015fmanlar\u0131n\u0131zla g\u00f6r\u00fc\u015f\u00fclece\u011fini unutmay\u0131n.<\/p>\n<p>Doktorunuzla ortakla\u015fa, ya\u015f\u0131n\u0131z\u0131, sa\u011fl\u0131k durumunuzu ve risk fakt\u00f6rlerini g\u00f6z \u00f6n\u00fcnde bulundurarak hangi ila\u00e7lar\u0131n en iyi \u015fekilde kullan\u0131laca\u011f\u0131n\u0131 bir arada belirleyebilirsiniz.<\/p>\n<p>Ziyaret\u00e7ilerimize, gerekli ila\u00e7lar\u0131 en d\u00fc\u015f\u00fck fiyata nas\u0131l ve nerede alabileceklerini \u00f6\u011frenmelerine yard\u0131mc\u0131 olmak i\u00e7in elimizden geleni yap\u0131yoruz.<\/p>\n<p>Gururla e\u015fsiz ve en iyi f\u0131rsatlar sunuyoruz. Evinizin konforunu terk etmeden veya i\u015fyerinizden ayr\u0131lmadan onlar\u0131 kendi h\u0131z\u0131n\u0131zda g\u00f6r\u00fcnt\u00fcleyebilir ve onlar\u0131 d\u00fcnyan\u0131n herhangi bir yerinde sevdiklerinizle ve arkada\u015flar\u0131n\u0131zla kolayca payla\u015fabilirsiniz.<\/p>\n<p>Re\u00e7ete para kazanmak i\u00e7in kullan\u0131\u015fl\u0131 ara\u00e7lar kullan\u0131n.<\/p>\n<p>Sadece en iyi ve test edilmi\u015f zaman\u0131 se\u00e7in:<\/p>\n<ul>\n<li>Diyet haplar\u0131<\/li>\n<li>DEHB ila\u00e7lar\u0131<\/li>\n<li>A\u011fr\u0131 kesici haplar\u0131<\/li>\n<li>Anti-anksiyete ila\u00e7lar\u0131<\/li>\n<li>antidepresanlar<\/li>\n<li>Uyku haplar\u0131<\/li>\n<li>Kas gev\u015feticiler<\/li>\n<\/ul>\n<p>Doktora gitti\u011finizde ciddi bir sorunla kar\u015f\u0131la\u015fabilirsiniz: ila\u00e7lar\u0131n y\u00fcksek maliyeti.<\/p>\n<p>\u00d6nerilen ila\u00e7 her zaman en d\u00fc\u015f\u00fck maliyet se\u00e7ene\u011fi olmayabilir. Maalesef hepimiz oradayd\u0131k.<\/p>\n<p>Uzun s\u00fcreli tedavi, aylar veya y\u0131llar boyunca tavsiye edilirken daha da fazla sorun ortaya \u00e7\u0131kar. Her insan yak\u0131ndaki eczanelerde d\u00fczenli olarak pahal\u0131 ila\u00e7 sat\u0131n almaya g\u00fcc\u00fc yetmez.<\/p>\n<p>Y\u00fcksek fiyatlar, \u00f6zellikle d\u00fc\u015f\u00fck gelirli ki\u015filer i\u00e7in ila\u00e7 tedavisine eri\u015fim sa\u011flayamad\u0131\u011f\u0131 i\u00e7in ila\u00e7lara eri\u015fimin azalmas\u0131yla sonu\u00e7lanmaktad\u0131r.<\/p>\n<p>AMA DI\u015eINDA OLDU\u011eU!<\/p>\n<h2>\u00c7evrimi\u00e7i markal\u0131 ila\u00e7lar\u0131 sipari\u015f edin<\/h2>\n<p>ABD ve d\u00fcnyan\u0131n di\u011fer \u00fclkelerinde yap\u0131lan anketler, tan\u0131nm\u0131\u015f markalar\u0131n b\u00fcy\u00fck maliyet farkl\u0131l\u0131klar\u0131n\u0131 g\u00f6stermi\u015ftir. Y\u00fcksek gelir d\u00fczeyine sahip bir \u00fclkede ya\u015f\u0131yorsan\u0131z, b\u00fcy\u00fck olas\u0131l\u0131kla markal\u0131 ila\u00e7lar\u0131n fiyat\u0131 \u00e7ok y\u00fcksek olacakt\u0131r.<\/p>\n<p>Bunun olmas\u0131n\u0131n birka\u00e7 nedeni var. Ama bu makalede tart\u0131\u015fmak i\u00e7in zaman\u0131n\u0131z\u0131 bo\u015fa harcamay\u0131z. Sadece marka ila\u00e7 fiyatlar\u0131n\u0131n zaman i\u00e7inde de\u011fi\u015febilece\u011fini ve da\u011f\u0131t\u0131m \u00fclkesine ba\u011fl\u0131 olarak de\u011fi\u015febilece\u011fini unutmay\u0131n.<\/p>\n<p>\u0130nternette d\u00fc\u015f\u00fck maliyetli marka ad\u0131 ila\u00e7lar\u0131 sat\u0131n alma f\u0131rsat\u0131n\u0131z var. Bu, m\u00fcmk\u00fcn olan azami tasarrufun elde edilmesine her zaman yard\u0131mc\u0131 olmamas\u0131na ra\u011fmen, do\u011fru karard\u0131r.<\/p>\n<h2>Ucuz jenerik ila\u00e7lar sat\u0131n<\/h2>\n<p>Sizin i\u00e7in harika haberlerimiz var!<\/p>\n<p>Hemen para biriktirebilir ve tedavinizin maliyetini birka\u00e7 kat azaltabilirsiniz.<\/p>\n<p>Ge\u00e7erli jenerik ila\u00e7 fiyatlar\u0131na dikkat edin. Markal\u0131 versiyonlar\u0131n fiyatlar\u0131ndan \u00e7ok daha d\u00fc\u015f\u00fck.<\/p>\n<p>Ayr\u0131ca, jenerik ila\u00e7lar\u0131n fiyatlar\u0131ndaki d\u00fc\u015f\u00fc\u015f\u00fc d\u00fczenli olarak fark edebilirsiniz. \u0130la\u00e7 piyasas\u0131nda ne kadar uzun s\u00fcre kullan\u0131labilirlerse, maliyet o kadar d\u00fc\u015f\u00fck olur. Bu, \u00fcreticiler aras\u0131ndaki rekabetin s\u00fcrekli b\u00fcy\u00fcmesinden kaynaklanmaktad\u0131r.<\/p>\n<p>Markan\u0131n aksine, jeneriklerin fiyatlar\u0131 \u00e7ok h\u0131zl\u0131 bir \u015fekilde d\u00fc\u015f\u00fcyor. Maliyetleri genellikle markal\u0131 ila\u00e7lar\u0131n fiyat\u0131n\u0131n yar\u0131s\u0131ndan azd\u0131r.<\/p>\n<p>Re\u00e7eteli ila\u00e7lar\u0131n bir\u00e7ok jenerik versiyonu, \u00f6zellikle jenerikler birka\u00e7 \u015firket taraf\u0131ndan \u00fcretildi\u011finde ger\u00e7ekten uygun maliyetlidir.<\/p>\n<p>Jeneriklerin g\u00fcvenli\u011fi konusunda endi\u015felenmenize gerek yok. Her sat\u0131\u015fa \u00e7\u0131kmadan \u00f6nce onaylanmal\u0131d\u0131r.<\/p>\n<p>ABD FDA, Avrupa T\u0131bbi Ajans\u0131 ve di\u011fer h\u00fck\u00fcmet d\u00fczenleyici kurumlar\u0131, a\u015fa\u011f\u0131dakilere bakarak jenerik ila\u00e7lar\u0131n g\u00fcvenli\u011fini de\u011ferlendirir:<\/p>\n<ul>\n<li>Yan etkiler<\/li>\n<li>Nas\u0131l \u00fcretiliyor?<\/li>\n<li>Klinik \u00e7al\u0131\u015fmalar\u0131n sonu\u00e7lar\u0131<\/li>\n<\/ul>\n<p>Jeneriklerin markal\u0131 ila\u00e7lardan daha k\u00f6t\u00fc ve daha iyi \u00e7al\u0131\u015fmad\u0131\u011f\u0131ndan emin olun, ancak \u00e7ok daha ucuzdurlar. Ayn\u0131 etkinlik ve g\u00fcvenlik profiline sahiptirler.<\/p>\n<p>Ucuz eczanelerin yerel eczanelerde g\u00f6r\u00fcnmesini beklemek zorunda de\u011filsiniz. Bug\u00fcn, jenerik \u00fcr\u00fcnleri en iyi fiyattan sipari\u015f edebilirsiniz ve zaman\u0131n\u0131zdan veya eme\u011finizden fazlas\u0131na yetmeyecektir.<\/p>\n<p>T\u00fcm kararlar\u0131n\u0131z ve eylemleriniz sa\u011fl\u0131\u011f\u0131n\u0131z\u0131, \u015fimdiki ve gelecekteki mali durumunuzu etkiler.<\/p>\n<p>Do\u011fru karar\u0131 ver. Bug\u00fcn \u00e7ok para biriktirme f\u0131rsat\u0131n\u0131 ka\u00e7\u0131rmay\u0131n!<\/p>","protected":false},"excerpt":{"rendered":"<p>\u0130LET\u0130\u015e\u0130M ONLINE: A\u00c7IKLAMALAR PARA KAYDET Sa\u011fl\u0131k sorununuz var m\u0131? Profesyonel yard\u0131ma m\u0131 ihtiyac\u0131n\u0131z var? Ucuz ila\u00e7lar almak ve sorunlar\u0131n\u0131z\u0131 \u00e7\u00f6zmek ister misiniz? WEB S\u0130TEM\u0130ZE HO\u015eGELD\u0130N\u0130Z! Saya\u00e7 online kayna\u011f\u0131 \u00fczerinden Meds, doktorlar, hem\u015fireler, ara\u015ft\u0131rmac\u0131lar, t\u0131p yazarlar\u0131 ve bilimsel \u00e7evirmenler uygulayarak olu\u015fturulur. \u00d6zverili ve merhametli insanlardan olu\u015fan b\u00fcy\u00fck ekibimiz hastalara yard\u0131m etmek i\u00e7in b\u00fcy\u00fck \u00e7aba g\u00f6sterir. Gerekli&#8230;<\/p>\n","protected":false},"author":1,"featured_media":0,"parent":0,"menu_order":0,"comment_status":"closed","ping_status":"closed","template":"","meta":{"footnotes":""},"class_list":["post-46","page","type-page","status-publish","hentry"],"yoast_head":"<!-- This site is optimized with the Yoast SEO plugin v27.4 - https:\/\/yoast.com\/product\/yoast-seo-wordpress\/ -->\n<title>T\u00fcrkiye online eczanesi<\/title>\n<meta name=\"description\" content=\"T\u00fcrkiye online eczanesi. 100% garantili en d\u00fc\u015f\u00fck fiyatlar. \u00c7ok \u00e7e\u015fitli pop\u00fcler haplar.\" \/>\n<meta name=\"robots\" content=\"index, follow, max-snippet:-1, max-image-preview:large, max-video-preview:-1\" \/>\n<link rel=\"canonical\" href=\"https:\/\/requestartikel.com\/\" \/>\n<meta property=\"og:locale\" content=\"tr_TR\" \/>\n<meta property=\"og:type\" content=\"article\" \/>\n<meta property=\"og:title\" content=\"[:en]Save Money on Prescription Drugs | Guide for Patients [2018][:de]Deutschland Online-Apotheke[:sk]Slovenija spletna lekarna[:hr]Hrvatska online drogerija[:ro]Farmacie online din Romania[:pl]Polska drogeria internetowa[:hu]Magyarorsz\u00e1g online gy\u00f3gyszert\u00e1r[:es]Farmacia online Espa\u00f1a[:it]Farmacia online Italiana[:sv]Sverige online apotek[:fi]Suomen verkkoapteekki[:nl]Online drogisterij Nederland[:fr]Pharmacie en ligne France[:tr]T\u00fcrkiye online eczanesi[:pt]Farm\u00e1cia on-line de Portugal[:]\" \/>\n<meta property=\"og:description\" content=\"{:en}Sick and tired of spending thousands for your treatment? Who doesn\u2019t want to pay less for the same drugs? Get health information and health tips you can trust. Compare prices and find the best deals.{:de}Deutschland Online-Apotheke. 100 % garantiert niedrigste Preise. Riesige Auswahl an beliebten Pillen.{:sk}Slovenija spletna lekarna. 100 % zajam\u010deno najni\u017eje cene. Velika izbira priljubljenih tablet.{:hr}Hrvatska online drogerija. 100 % zajam\u010deno najni\u017ee cijene. Veliki izbor popularnih tableta.{:ro}Farmacie online din Romania. 100% garantate cele mai mici preturi. Selec\u021bie uria\u0219\u0103 de pastile populare.{:pl}Polska drogeria internetowa. 100% gwarancja najni\u017cszych cen. Ogromny wyb\u00f3r popularnych tabletek.{:hu}Magyarorsz\u00e1g online gy\u00f3gyszert\u00e1r. 100% garant\u00e1lt legalacsonyabb \u00e1rak. Hatalmas parge v\u00e1laszt\u00e9k n\u00e9pszer\u0171 tablett\u00e1k.{:es}Farmacia online Espa\u00f1a. Precios m\u00e1s bajos 100% garantizados. Gran selecci\u00f3n de pastillas populares.{:it}Farmacia online Italiana. Prezzi pi\u00f9 bassi garantiti al 100%. Vasta selezione di pillole popolari.{:sv}Sverige online apotek. 100 % garanterat l\u00e4gsta priser. Stort urval av popul\u00e4ra piller.{:fi}Suomen verkkoapteekki. 100 % taattu halvimmat hinnat. Valtava valikoima suosittuja pillereit\u00e4.{:nl}Online drogisterij Nederland. 100% gegarandeerd de laagste prijzen. Enorme selectie populaire pillen.{:fr}Pharmacie en ligne France. Prix les plus bas garantis \u00e0 100 %. \u00c9norme s\u00e9lection de pilules populaires.{:tr}T\u00fcrkiye online eczanesi. 100% garantili en d\u00fc\u015f\u00fck fiyatlar. \u00c7ok \u00e7e\u015fitli pop\u00fcler haplar.{:pt}Farm\u00e1cia on-line de Portugal. Pre\u00e7os mais baixos 100% garantidos. Enorme sele\u00e7\u00e3o de p\u00edlulas populares.{:}\" \/>\n<meta property=\"og:url\" content=\"https:\/\/requestartikel.com\/\" \/>\n<meta property=\"og:site_name\" content=\"Requestartikel.com\" \/>\n<meta property=\"article:modified_time\" content=\"2024-05-08T07:13:42+00:00\" \/>\n<meta name=\"twitter:card\" content=\"summary_large_image\" \/>\n<meta name=\"twitter:label1\" content=\"Tahmini okuma s\u00fcresi\" \/>\n\t<meta name=\"twitter:data1\" content=\"63 dakika\" \/>\n<script type=\"application\/ld+json\" class=\"yoast-schema-graph\">{\"@context\":\"https:\\\/\\\/schema.org\",\"@graph\":[{\"@type\":\"WebPage\",\"@id\":\"https:\\\/\\\/requestartikel.com\\\/\",\"url\":\"https:\\\/\\\/requestartikel.com\\\/\",\"name\":\"[:en]Save Money on Prescription Drugs | Guide for Patients [2018][:de]Deutschland Online-Apotheke[:sk]Slovenija spletna lekarna[:hr]Hrvatska online drogerija[:ro]Farmacie online din Romania[:pl]Polska drogeria internetowa[:hu]Magyarorsz\u00e1g online gy\u00f3gyszert\u00e1r[:es]Farmacia online Espa\u00f1a[:it]Farmacia online Italiana[:sv]Sverige online apotek[:fi]Suomen verkkoapteekki[:nl]Online drogisterij Nederland[:fr]Pharmacie en ligne France[:tr]T\u00fcrkiye online eczanesi[:pt]Farm\u00e1cia on-line de Portugal[:]\",\"isPartOf\":{\"@id\":\"https:\\\/\\\/requestartikel.com\\\/#website\"},\"datePublished\":\"2018-12-12T09:40:57+00:00\",\"dateModified\":\"2024-05-08T07:13:42+00:00\",\"description\":\"{:en}Sick and tired of spending thousands for your treatment? Who doesn\u2019t want to pay less for the same drugs? Get health information and health tips you can trust. Compare prices and find the best deals.{:de}Deutschland Online-Apotheke. 100 % garantiert niedrigste Preise. Riesige Auswahl an beliebten Pillen.{:sk}Slovenija spletna lekarna. 100 % zajam\u010deno najni\u017eje cene. Velika izbira priljubljenih tablet.{:hr}Hrvatska online drogerija. 100 % zajam\u010deno najni\u017ee cijene. Veliki izbor popularnih tableta.{:ro}Farmacie online din Romania. 100% garantate cele mai mici preturi. Selec\u021bie uria\u0219\u0103 de pastile populare.{:pl}Polska drogeria internetowa. 100% gwarancja najni\u017cszych cen. Ogromny wyb\u00f3r popularnych tabletek.{:hu}Magyarorsz\u00e1g online gy\u00f3gyszert\u00e1r. 100% garant\u00e1lt legalacsonyabb \u00e1rak. Hatalmas parge v\u00e1laszt\u00e9k n\u00e9pszer\u0171 tablett\u00e1k.{:es}Farmacia online Espa\u00f1a. Precios m\u00e1s bajos 100% garantizados. Gran selecci\u00f3n de pastillas populares.{:it}Farmacia online Italiana. Prezzi pi\u00f9 bassi garantiti al 100%. Vasta selezione di pillole popolari.{:sv}Sverige online apotek. 100 % garanterat l\u00e4gsta priser. Stort urval av popul\u00e4ra piller.{:fi}Suomen verkkoapteekki. 100 % taattu halvimmat hinnat. Valtava valikoima suosittuja pillereit\u00e4.{:nl}Online drogisterij Nederland. 100% gegarandeerd de laagste prijzen. Enorme selectie populaire pillen.{:fr}Pharmacie en ligne France. Prix les plus bas garantis \u00e0 100 %. \u00c9norme s\u00e9lection de pilules populaires.{:tr}T\u00fcrkiye online eczanesi. 100% garantili en d\u00fc\u015f\u00fck fiyatlar. \u00c7ok \u00e7e\u015fitli pop\u00fcler haplar.{:pt}Farm\u00e1cia on-line de Portugal. Pre\u00e7os mais baixos 100% garantidos. Enorme sele\u00e7\u00e3o de p\u00edlulas populares.{:}\",\"breadcrumb\":{\"@id\":\"https:\\\/\\\/requestartikel.com\\\/#breadcrumb\"},\"inLanguage\":\"tr\",\"potentialAction\":[{\"@type\":\"ReadAction\",\"target\":[\"https:\\\/\\\/requestartikel.com\\\/\"]}]},{\"@type\":\"BreadcrumbList\",\"@id\":\"https:\\\/\\\/requestartikel.com\\\/#breadcrumb\",\"itemListElement\":[{\"@type\":\"ListItem\",\"position\":1,\"name\":\"Home\",\"item\":\"https:\\\/\\\/requestartikel.com\\\/\"},{\"@type\":\"ListItem\",\"position\":2,\"name\":\"Home\"}]},{\"@type\":\"WebSite\",\"@id\":\"https:\\\/\\\/requestartikel.com\\\/#website\",\"url\":\"https:\\\/\\\/requestartikel.com\\\/\",\"name\":\"Requestartikel.com\",\"description\":\"\",\"potentialAction\":[{\"@type\":\"SearchAction\",\"target\":{\"@type\":\"EntryPoint\",\"urlTemplate\":\"https:\\\/\\\/requestartikel.com\\\/?s={search_term_string}\"},\"query-input\":{\"@type\":\"PropertyValueSpecification\",\"valueRequired\":true,\"valueName\":\"search_term_string\"}}],\"inLanguage\":\"tr\"}]}<\/script>\n<!-- \/ Yoast SEO plugin. -->","yoast_head_json":{"title":"T\u00fcrkiye online eczanesi","description":"T\u00fcrkiye online eczanesi. 100% garantili en d\u00fc\u015f\u00fck fiyatlar. \u00c7ok \u00e7e\u015fitli pop\u00fcler haplar.","robots":{"index":"index","follow":"follow","max-snippet":"max-snippet:-1","max-image-preview":"max-image-preview:large","max-video-preview":"max-video-preview:-1"},"canonical":"https:\/\/requestartikel.com\/","og_locale":"tr_TR","og_type":"article","og_title":"[:en]Save Money on Prescription Drugs | Guide for Patients [2018][:de]Deutschland Online-Apotheke[:sk]Slovenija spletna lekarna[:hr]Hrvatska online drogerija[:ro]Farmacie online din Romania[:pl]Polska drogeria internetowa[:hu]Magyarorsz\u00e1g online gy\u00f3gyszert\u00e1r[:es]Farmacia online Espa\u00f1a[:it]Farmacia online Italiana[:sv]Sverige online apotek[:fi]Suomen verkkoapteekki[:nl]Online drogisterij Nederland[:fr]Pharmacie en ligne France[:tr]T\u00fcrkiye online eczanesi[:pt]Farm\u00e1cia on-line de Portugal[:]","og_description":"{:en}Sick and tired of spending thousands for your treatment? Who doesn\u2019t want to pay less for the same drugs? Get health information and health tips you can trust. Compare prices and find the best deals.{:de}Deutschland Online-Apotheke. 100 % garantiert niedrigste Preise. Riesige Auswahl an beliebten Pillen.{:sk}Slovenija spletna lekarna. 100 % zajam\u010deno najni\u017eje cene. Velika izbira priljubljenih tablet.{:hr}Hrvatska online drogerija. 100 % zajam\u010deno najni\u017ee cijene. Veliki izbor popularnih tableta.{:ro}Farmacie online din Romania. 100% garantate cele mai mici preturi. Selec\u021bie uria\u0219\u0103 de pastile populare.{:pl}Polska drogeria internetowa. 100% gwarancja najni\u017cszych cen. Ogromny wyb\u00f3r popularnych tabletek.{:hu}Magyarorsz\u00e1g online gy\u00f3gyszert\u00e1r. 100% garant\u00e1lt legalacsonyabb \u00e1rak. Hatalmas parge v\u00e1laszt\u00e9k n\u00e9pszer\u0171 tablett\u00e1k.{:es}Farmacia online Espa\u00f1a. Precios m\u00e1s bajos 100% garantizados. Gran selecci\u00f3n de pastillas populares.{:it}Farmacia online Italiana. Prezzi pi\u00f9 bassi garantiti al 100%. Vasta selezione di pillole popolari.{:sv}Sverige online apotek. 100 % garanterat l\u00e4gsta priser. Stort urval av popul\u00e4ra piller.{:fi}Suomen verkkoapteekki. 100 % taattu halvimmat hinnat. Valtava valikoima suosittuja pillereit\u00e4.{:nl}Online drogisterij Nederland. 100% gegarandeerd de laagste prijzen. Enorme selectie populaire pillen.{:fr}Pharmacie en ligne France. Prix les plus bas garantis \u00e0 100 %. \u00c9norme s\u00e9lection de pilules populaires.{:tr}T\u00fcrkiye online eczanesi. 100% garantili en d\u00fc\u015f\u00fck fiyatlar. \u00c7ok \u00e7e\u015fitli pop\u00fcler haplar.{:pt}Farm\u00e1cia on-line de Portugal. Pre\u00e7os mais baixos 100% garantidos. Enorme sele\u00e7\u00e3o de p\u00edlulas populares.{:}","og_url":"https:\/\/requestartikel.com\/","og_site_name":"Requestartikel.com","article_modified_time":"2024-05-08T07:13:42+00:00","twitter_card":"summary_large_image","twitter_misc":{"Tahmini okuma s\u00fcresi":"63 dakika"},"schema":{"@context":"https:\/\/schema.org","@graph":[{"@type":"WebPage","@id":"https:\/\/requestartikel.com\/","url":"https:\/\/requestartikel.com\/","name":"[:en]Save Money on Prescription Drugs | Guide for Patients [2018][:de]Deutschland Online-Apotheke[:sk]Slovenija spletna lekarna[:hr]Hrvatska online drogerija[:ro]Farmacie online din Romania[:pl]Polska drogeria internetowa[:hu]Magyarorsz\u00e1g online gy\u00f3gyszert\u00e1r[:es]Farmacia online Espa\u00f1a[:it]Farmacia online Italiana[:sv]Sverige online apotek[:fi]Suomen verkkoapteekki[:nl]Online drogisterij Nederland[:fr]Pharmacie en ligne France[:tr]T\u00fcrkiye online eczanesi[:pt]Farm\u00e1cia on-line de Portugal[:]","isPartOf":{"@id":"https:\/\/requestartikel.com\/#website"},"datePublished":"2018-12-12T09:40:57+00:00","dateModified":"2024-05-08T07:13:42+00:00","description":"{:en}Sick and tired of spending thousands for your treatment? Who doesn\u2019t want to pay less for the same drugs? Get health information and health tips you can trust. Compare prices and find the best deals.{:de}Deutschland Online-Apotheke. 100 % garantiert niedrigste Preise. Riesige Auswahl an beliebten Pillen.{:sk}Slovenija spletna lekarna. 100 % zajam\u010deno najni\u017eje cene. Velika izbira priljubljenih tablet.{:hr}Hrvatska online drogerija. 100 % zajam\u010deno najni\u017ee cijene. Veliki izbor popularnih tableta.{:ro}Farmacie online din Romania. 100% garantate cele mai mici preturi. Selec\u021bie uria\u0219\u0103 de pastile populare.{:pl}Polska drogeria internetowa. 100% gwarancja najni\u017cszych cen. Ogromny wyb\u00f3r popularnych tabletek.{:hu}Magyarorsz\u00e1g online gy\u00f3gyszert\u00e1r. 100% garant\u00e1lt legalacsonyabb \u00e1rak. Hatalmas parge v\u00e1laszt\u00e9k n\u00e9pszer\u0171 tablett\u00e1k.{:es}Farmacia online Espa\u00f1a. Precios m\u00e1s bajos 100% garantizados. Gran selecci\u00f3n de pastillas populares.{:it}Farmacia online Italiana. Prezzi pi\u00f9 bassi garantiti al 100%. Vasta selezione di pillole popolari.{:sv}Sverige online apotek. 100 % garanterat l\u00e4gsta priser. Stort urval av popul\u00e4ra piller.{:fi}Suomen verkkoapteekki. 100 % taattu halvimmat hinnat. Valtava valikoima suosittuja pillereit\u00e4.{:nl}Online drogisterij Nederland. 100% gegarandeerd de laagste prijzen. Enorme selectie populaire pillen.{:fr}Pharmacie en ligne France. Prix les plus bas garantis \u00e0 100 %. \u00c9norme s\u00e9lection de pilules populaires.{:tr}T\u00fcrkiye online eczanesi. 100% garantili en d\u00fc\u015f\u00fck fiyatlar. \u00c7ok \u00e7e\u015fitli pop\u00fcler haplar.{:pt}Farm\u00e1cia on-line de Portugal. Pre\u00e7os mais baixos 100% garantidos. Enorme sele\u00e7\u00e3o de p\u00edlulas populares.{:}","breadcrumb":{"@id":"https:\/\/requestartikel.com\/#breadcrumb"},"inLanguage":"tr","potentialAction":[{"@type":"ReadAction","target":["https:\/\/requestartikel.com\/"]}]},{"@type":"BreadcrumbList","@id":"https:\/\/requestartikel.com\/#breadcrumb","itemListElement":[{"@type":"ListItem","position":1,"name":"Home","item":"https:\/\/requestartikel.com\/"},{"@type":"ListItem","position":2,"name":"Home"}]},{"@type":"WebSite","@id":"https:\/\/requestartikel.com\/#website","url":"https:\/\/requestartikel.com\/","name":"Requestartikel.com","description":"","potentialAction":[{"@type":"SearchAction","target":{"@type":"EntryPoint","urlTemplate":"https:\/\/requestartikel.com\/?s={search_term_string}"},"query-input":{"@type":"PropertyValueSpecification","valueRequired":true,"valueName":"search_term_string"}}],"inLanguage":"tr"}]}},"_links":{"self":[{"href":"https:\/\/requestartikel.com\/tr\/wp-json\/wp\/v2\/pages\/46","targetHints":{"allow":["GET"]}}],"collection":[{"href":"https:\/\/requestartikel.com\/tr\/wp-json\/wp\/v2\/pages"}],"about":[{"href":"https:\/\/requestartikel.com\/tr\/wp-json\/wp\/v2\/types\/page"}],"author":[{"embeddable":true,"href":"https:\/\/requestartikel.com\/tr\/wp-json\/wp\/v2\/users\/1"}],"replies":[{"embeddable":true,"href":"https:\/\/requestartikel.com\/tr\/wp-json\/wp\/v2\/comments?post=46"}],"version-history":[{"count":0,"href":"https:\/\/requestartikel.com\/tr\/wp-json\/wp\/v2\/pages\/46\/revisions"}],"wp:attachment":[{"href":"https:\/\/requestartikel.com\/tr\/wp-json\/wp\/v2\/media?parent=46"}],"curies":[{"name":"wp","href":"https:\/\/api.w.org\/{rel}","templated":true}]}}